{"id":210,"date":"2015-10-13T19:32:13","date_gmt":"2015-10-13T19:32:13","guid":{"rendered":"http:\/\/localhost\/agronomia\/?page_id=210"},"modified":"2015-10-13T19:32:13","modified_gmt":"2015-10-13T19:32:13","slug":"centros-experimentais","status":"publish","type":"page","link":"https:\/\/agrarias.ufpr.br\/fitotecnia\/centros-experimentais\/","title":{"rendered":"Centros Experimentais da UFPR"},"content":{"rendered":"<p>Centro de Esta\u00e7\u00f5es Experimentais \u00e9 constitu\u00eddo de seis fazendas: Cang\u00fciri, Rio Negro, S\u00e3o Jo\u00e3o do Triunfo, Paranava\u00ed, Bandeirantes e Castro.<\/p>\n<p>Atualmente, essas unidades s\u00e3o utilizadas em as atividades did\u00e1tico-pedag\u00f3gicas dos cursos de Agronomia, Engenharia Florestal, Engenharia Industrial Madeireira, Medicina Veterin\u00e1ria e Zootecnia. O Centro \u00e9 o principal local onde se desenvolvem trabalhos de pesquisa entre os estudantes e professores desses cursos.<\/p>\n<p>S\u00e3o tamb\u00e9m espa\u00e7os utilizados para a realiza\u00e7\u00e3o de extens\u00e3o universit\u00e1ria e rural.<\/p>\n<p>http:\/\/www.ufpr.brufpr\/pesquisa-e-inovacao\/estacoes-experimentais\/<\/p>\n<div class=\"art-article\"><\/div>\n","protected":false},"excerpt":{"rendered":"<p>Centro de Esta\u00e7\u00f5es Experimentais \u00e9 constitu\u00eddo de seis fazendas: Cang\u00fciri, Rio Negro, S\u00e3o Jo\u00e3o do Triunfo, Paranava\u00ed, Bandeirantes e Castro. Atualmente, essas unidades s\u00e3o utilizadas em as atividades did\u00e1tico-pedag\u00f3gicas dos cursos de Agronomia, Engenharia Florestal, Engenharia Industrial Madeireira, Medicina Veterin\u00e1ria e Zootecnia. O Centro \u00e9 o principal local onde se desenvolvem trabalhos de pesquisa entre [&hellip;]<\/p>\n","protected":false},"author":3,"featured_media":0,"parent":0,"menu_order":0,"comment_status":"open","ping_status":"open","template":"","meta":{"footnotes":""},"class_list":["post-210","page","type-page","status-publish","hentry"],"_links":{"self":[{"href":"https:\/\/agrarias.ufpr.br\/fitotecnia\/wp-json\/wp\/v2\/pages\/210","targetHints":{"allow":["GET"]}}],"collection":[{"href":"https:\/\/agrarias.ufpr.br\/fitotecnia\/wp-json\/wp\/v2\/pages"}],"about":[{"href":"https:\/\/agrarias.ufpr.br\/fitotecnia\/wp-json\/wp\/v2\/types\/page"}],"author":[{"embeddable":true,"href":"https:\/\/agrarias.ufpr.br\/fitotecnia\/wp-json\/wp\/v2\/users\/3"}],"replies":[{"embeddable":true,"href":"https:\/\/agrarias.ufpr.br\/fitotecnia\/wp-json\/wp\/v2\/comments?post=210"}],"version-history":[{"count":0,"href":"https:\/\/agrarias.ufpr.br\/fitotecnia\/wp-json\/wp\/v2\/pages\/210\/revisions"}],"wp:attachment":[{"href":"https:\/\/agrarias.ufpr.br\/fitotecnia\/wp-json\/wp\/v2\/media?parent=210"}],"curies":[{"name":"wp","href":"https:\/\/api.w.org\/{rel}","templated":true}]}}