{"id":207,"date":"2015-10-13T19:31:42","date_gmt":"2015-10-13T19:31:42","guid":{"rendered":"http:\/\/localhost\/agronomia\/?page_id=207"},"modified":"2015-10-13T19:31:42","modified_gmt":"2015-10-13T19:31:42","slug":"laboratarios","status":"publish","type":"page","link":"https:\/\/agrarias.ufpr.br\/fitotecnia\/laboratarios\/","title":{"rendered":"Laborat\u00f3rios"},"content":{"rendered":"<p class=\"western\" align=\"JUSTIFY\"><strong>DFF &#8211; DEPARTAMENTO DE FITOTECNIA E FITOSSANITARISMO<br \/>\n<\/strong><\/p>\n<p class=\"western\" align=\"JUSTIFY\"><strong>Laborat\u00f3rio de Fitopatologia<\/strong><\/p>\n<p class=\"western\" align=\"JUSTIFY\">(041) 3350-5755<\/p>\n<p><strong>Laborat\u00f3rio de Micropropaga\u00e7\u00e3o de Plantas<\/strong><\/p>\n<p>Prof. Dr. Luiz Antonio Biasi<\/p>\n<p>(41) 3350-5728<\/p>\n<p class=\"western\" align=\"JUSTIFY\"><strong>Laborat\u00f3rio de Ecofisiologia<\/strong><\/p>\n<p class=\"western\" align=\"JUSTIFY\">Prof. Dr. C\u00edcero Deschamps<\/p>\n<p>(41) 3350-5752<\/p>\n<p><strong>Laborat\u00f3rio de Fitotecnia<\/strong><\/p>\n<p>Prof. Dr. Edelclaiton Daros<\/p>\n<p>(41) 3350-5636<\/p>\n<p class=\"western\" align=\"JUSTIFY\"><strong>Laborat\u00f3rio de Manejo Integrado de Pragas<\/strong><\/p>\n<p>Prof Dr. Lino Bittencourt Monteiro.<\/p>\n<p>(41) 3350-5690<\/p>\n<p class=\"western\" align=\"JUSTIFY\"><strong>Laborat\u00f3rio de Defesa Sanit\u00e1ria Vegetal<\/strong><\/p>\n<p class=\"western\" align=\"JUSTIFY\">Prof. Dr. M\u00e1rio Nieweglowski Filho<\/p>\n<p class=\"western\" align=\"JUSTIFY\">(41) 3350-5686<\/p>\n<p class=\"western\" align=\"JUSTIFY\"><strong>Laborat\u00f3rio de Patologia de Sementes<\/strong><\/p>\n<p>Prof. Dr. Jos\u00e9 Cavassin Tosin<\/p>\n<p>(41) 3350-5744<\/p>\n<p class=\"western\" align=\"JUSTIFY\"><strong>Cl\u00ednica Fitopatol\u00f3gica<\/strong><\/p>\n<p class=\"western\" align=\"JUSTIFY\"><strong>Laborat\u00f3rio de An\u00e1lise e Tecnologia de Sementes<\/strong><\/p>\n<p>Prof. Dra. Maristela Panobianco.<\/p>\n<p>(41) 3350-5752.<\/p>\n<p class=\"western\" align=\"JUSTIFY\"><strong>Laborat\u00f3rio de Epidemiologia e Patologia de Sementes<\/strong><\/p>\n<p class=\"western\" align=\"JUSTIFY\">Prof. Dra. Louise Larissa May de Mio<\/p>\n<p class=\"western\" align=\"JUSTIFY\">(41) 3350-5736<\/p>\n<p class=\"western\" align=\"JUSTIFY\"><strong>DSEA &#8211; DEPARTAMENTO DE SOLOS E ENGENHARIA AGRICOLA<\/strong><\/p>\n<p class=\"western\" align=\"JUSTIFY\"><strong>Laborat\u00f3rio de Did\u00e1tico de Solo<\/strong><\/p>\n<p class=\"western\" align=\"JUSTIFY\"><span style=\"font-family: Arial\">Prof. Dr. Marcelo Ricardo de Lima<\/span><\/p>\n<p class=\"western\" align=\"JUSTIFY\">(41) 3350-5603<\/p>\n<p class=\"western\" align=\"JUSTIFY\"><strong>Laborat\u00f3rio de Exposi\u00e7\u00e3o Did\u00e1tica de Solos<\/strong><\/p>\n<p class=\"western\" align=\"JUSTIFY\"><span style=\"font-family: Arial\">Prof. Dra. Fabiane Machado Vezzani<\/span><\/p>\n<p class=\"western\" align=\"JUSTIFY\">(41) 3350 &#8211; 5609<\/p>\n<p class=\"western\" align=\"JUSTIFY\"><strong>Laborat\u00f3rio de Qu\u00edmica e Fertilidade do Solo<\/strong><\/p>\n<p class=\"western\" align=\"JUSTIFY\"><span style=\"font-family: Arial\">Prof. Dra. Eloana Janice Bonfleur<\/span><\/p>\n<p class=\"western\" align=\"JUSTIFY\">(41) 3350-5602<\/p>\n<p class=\"western\" align=\"JUSTIFY\"><strong>Laborat\u00f3rio de Biologia do Solo<\/strong><\/p>\n<p class=\"western\" align=\"JUSTIFY\"><span style=\"font-family: Arial\">Prof. Dra. Glaciela Kaschuk<\/span><\/p>\n<p class=\"western\" align=\"JUSTIFY\">(41) 3350-5649<\/p>\n<p class=\"western\" align=\"JUSTIFY\"><strong>Laborat\u00f3rio de Mineralogia do Solo<\/strong><\/p>\n<p class=\"western\" align=\"JUSTIFY\"><b><\/b>Prof. Vander de Freitas Melo<\/p>\n<p class=\"western\" align=\"JUSTIFY\">(41) 3350-5630<\/p>\n<p class=\"western\" align=\"JUSTIFY\"><strong>Laborat\u00f3rio de F\u00edsica do Solo<\/strong><\/p>\n<p class=\"western\" align=\"JUSTIFY\"><b> <\/b>Prof. Karina Maria Vieira Cavalieri Polizeli<\/p>\n<p class=\"western\" align=\"JUSTIFY\">(41) 3350-5655<\/p>\n<p class=\"western\" align=\"JUSTIFY\"><strong>Laborat\u00f3rio de Nutri\u00e7\u00e3o de Plantas<\/strong><\/p>\n<p class=\"western\" align=\"JUSTIFY\"><span style=\"font-family: Arial\">Prof. Volnei Pauletti<\/span><\/p>\n<p class=\"western\" align=\"JUSTIFY\">(41) 3350-5609<\/p>\n<p class=\"western\" align=\"JUSTIFY\"><strong>Laborat\u00f3rio de Adequa\u00e7\u00e3o de Tratores Agr\u00edcolas<\/strong><\/p>\n<p class=\"western\" align=\"JUSTIFY\"><span style=\"font-family: Arial\">Prof. Samir Paulo Jasper<\/span><\/p>\n<p class=\"western\" align=\"JUSTIFY\">(410 3350-5624<\/p>\n<p class=\"western\" align=\"JUSTIFY\"><strong>Laborat\u00f3rio de Tecnologia de Produtos Agr\u00edcolas<\/strong><\/p>\n<p class=\"western\" align=\"JUSTIFY\">Prof. Agenor Maccari J\u00fanior<\/p>\n<p class=\"western\" align=\"JUSTIFY\">(41) 3350-5676<\/p>\n<p class=\"western\" align=\"JUSTIFY\"><strong>Laborat\u00f3rio de Modelagem de Sistemas Agr\u00edcolas<\/strong><\/p>\n<p class=\"western\" align=\"JUSTIFY\">Prof. Jorge Luiz Moretti de Souza<\/p>\n<p class=\"western\" align=\"JUSTIFY\">(41) 3350-5689<\/p>\n<p class=\"western\" align=\"JUSTIFY\"><strong>Laborat\u00f3rio de Hidr\u00e1ulica para Irriga\u00e7\u00e3o<\/strong><\/p>\n<p class=\"western\" align=\"JUSTIFY\">Prof. Matheus Fonseca Dur\u00e3es<\/p>\n<p class=\"western\" align=\"JUSTIFY\">(41)3350-5649<\/p>\n<p class=\"western\" align=\"JUSTIFY\"><strong>Laborat\u00f3rio de Eletrifica\u00e7\u00e3o Rural<\/strong><\/p>\n<p class=\"western\" align=\"JUSTIFY\"><span style=\"font-family: Arial\">Prof. Jorge Luiz Moretti de Souza <\/span><\/p>\n<p class=\"western\" align=\"JUSTIFY\">(41) 3350-5689<\/p>\n<p class=\"western\" align=\"JUSTIFY\"><strong>Laborat\u00f3rio de Biogeoqu\u00edmica<\/strong><\/p>\n<p class=\"western\" align=\"JUSTIFY\"><span style=\"font-family: Arial\">Prof. Dr. Volnei Pauletti<\/span><\/p>\n<p class=\"western\" align=\"JUSTIFY\">(41) 3350-5609)<\/p>\n<p class=\"western\" align=\"JUSTIFY\"><strong>Laborat\u00f3rio de Geoprocessamento<\/strong><\/p>\n<p class=\"western\" align=\"JUSTIFY\">Prof. \u00c2ngelo Evaristo Sirtoli<\/p>\n<p>(41) 3350-5603<\/p>\n<p>&nbsp;<\/p>\n<p>&nbsp;<\/p>\n<p><strong>DZO &#8211; DEPARTAMENTO DE ZOOTECNIA <\/strong><\/p>\n<p>Grupo Integrado de Aquicultura e Estudos\u00a0Ambientais.<br \/>\nProf. \u00a0Dr. Antonio Ostrenski Neto<br \/>\n(41) 3350-5634 \/ 3353-3861<\/p>\n<p>&nbsp;<\/p>\n<p>Laborat\u00f3rio de Bem Estar Animal (LABEA)<br \/>\n3350-5788 \/ 3350-5629 (fax)<\/p>\n<p>&nbsp;<\/p>\n<p>Laborat\u00f3rio de Pesquisa e Ensino em Equicultultura (LAPEEQUI)<br \/>\n(41) 3350-5625<\/p>\n<p>&nbsp;<\/p>\n<p>Grupode Estudos Avan\u00e7ados em Melhoramento Animal (Gama)<br \/>\n(41) 3350-5704 \/ 3350-5629 (fax)<\/p>\n<p>&nbsp;<\/p>\n<p>Grupo de Estudos em Produ\u00e7\u00e3o de Ruminantes (Gepru)<br \/>\n(41) 3350-5704<\/p>\n<p>&nbsp;<\/p>\n<p>Laborat\u00f3rio de Estudos e Pesquisa em Produ\u00e7\u00e3o e Nutri\u00e7\u00e3o de N\u00e3o-Ruminantes (Lepnan)<br \/>\n(41) 3350-5627<\/p>\n<p>&nbsp;<\/p>\n<p>Laborat\u00f3rio de Estudos em Nutri\u00e7\u00e3o Canina (Lenucan)<br \/>\n(41) 3350-5627 \/ 3252-4149 (fax)<\/p>\n<p>&nbsp;<\/p>\n<p>Laborat\u00f3rio de Nutri\u00e7\u00e3o Animal<br \/>\n(41) 3350-5627 \/ 3252-4149 (fax)<\/p>\n<p>&nbsp;<\/p>\n<p>&nbsp;<\/p>\n<p class=\"western\" align=\"JUSTIFY\"><strong>DERE &#8211; DEPARTAMENTO DE ECONOMIA RURAL E EXTENS\u00c3O<br \/>\n<\/strong><\/p>\n<p>Laborat\u00f3rio de Economia dos Produtos Florestais n\u00e3o Madeir\u00e1veis \u2013 LENM<br \/>\nProf. Anadalvo Juazeiro dos Santos<br \/>\n3360-4321 4317<\/p>\n<p>&nbsp;<\/p>\n<p>Centro de Estudos em Estrat\u00e9gias, Marketing e Competitividade.<br \/>\nProf. Jo\u00e3o Carlos Garzel L. da Silva<br \/>\n(41) 3360- 4289\/4288<\/p>\n<p>&nbsp;<\/p>\n<p>Laborat\u00f3rio de Economia Florestal \u2013 LEFA.<br \/>\nProf. Ricardo Berger<br \/>\n(41) 3360-4284<\/p>\n<p>&nbsp;<\/p>\n<p>Laborat\u00f3rio de Economia Florestal Aplicada \u2013 LEF.<br \/>\nProf. Romano Tomofeiczyk Junior e Ricardo Berger<br \/>\n(41)3360- 4289 4249\/4284<\/p>\n<p>&nbsp;<\/p>\n<p>N\u00facleo de Estudos e Media\u00e7\u00f5es de Conflitos Ambientais \u2013 NEMCA.<br \/>\nProf Paulo de Tarso de Lara Pires<br \/>\n(41) 3350-5738<\/p>\n<p>&nbsp;<\/p>\n<p>Laborat\u00f3rio de Pesquisa em Bovinocultura \u2013 LAPBOV.<br \/>\nProf. Jo\u00e3o Batista Padilha Junior\/Prof. Paulo Rossi Junior<br \/>\n(41) 3350 \u2013 5765 3350-5761<\/p>\n<p>&nbsp;<\/p>\n<p>Laborat\u00f3rio sobre Benef\u00edcios das Florestas e Desenvolvimento Sustent\u00e1vel.<br \/>\nProf. Vitor Afonso Hoeflich<br \/>\n(41) 3360-4320<\/p>\n<p>&nbsp;<\/p>\n<p>&nbsp;<\/p>\n<p>&nbsp;<\/p>\n<p><strong>DETF &#8211; DEPARTAMENTO DE ENGENHARIA E TECNOLOGIA FLORESTAL <\/strong><\/p>\n<p>Laborat\u00f3rio de Manejo de Bacias Hidrogr\u00e1ficas e Qualidade de \u00c1gua.<br \/>\nProf. Dr. Nivaldo Eduardo Rizzi<br \/>\n(41) 3360-4257 \/ 3360-4246<\/p>\n<p>&nbsp;<\/p>\n<p>Laborat\u00f3rio de Anatomia e identifica\u00e7\u00e3o da Madeira.<br \/>\nCoordenador:\u00a0Professor Dr. Carlos Eduardo Camargo Albuquerque<br \/>\nDr\u00aa. Graciela In\u00eas Bolzon Muniz\u00a0 e Dr\u00aa. Silvana Nisgoski<br \/>\n(41) 3360-4272 \/3360-4275<\/p>\n<p>&nbsp;<\/p>\n<p>Laborat\u00f3rio de Beneficiamento da Madeira.<br \/>\nProfa. Dr\u00aa. Ghislaine Miranda Bonduelle<br \/>\n(41) 3360-4271 \/ 3360-4295<\/p>\n<p>&nbsp;<\/p>\n<p>Laborat\u00f3rio de Biodegrada\u00e7\u00e3o e Preserva\u00e7\u00e3o da Madeira<br \/>\nDr. Rui Andr\u00e9 Maggi dos Anjos\u00a0 e Dr. Jo\u00e3o Carlos Moreschi<br \/>\n(41) 3360-4294 \/ 3360-4276<\/p>\n<p>&nbsp;<\/p>\n<p>Laborat\u00f3rio de Energia de Biomassa Florestal e Bioenergia<br \/>\nDr. Dimas Agostinho da Silva<br \/>\n(41) 3360-4292 \/ 3360-4245<\/p>\n<p>&nbsp;<\/p>\n<p>Laborat\u00f3rio de Log\u00edstica Industrial<br \/>\nDra. Mayara Elita Carneiro<br \/>\n(41) 3360-4223<\/p>\n<p>&nbsp;<\/p>\n<p>Laborat\u00f3rio de Mecaniza\u00e7\u00e3o Florestal<br \/>\nDr. Renato Cesar Gon\u00e7alves Robert (Coordenador)<br \/>\n(41) 3360-4273<\/p>\n<p>&nbsp;<\/p>\n<p>Laborat\u00f3rio de Pain\u00e9is de Madeira<br \/>\nDr. Setsuo Iwakiri (Coordenador) e Dr\u00aa. Rosilani Trianoski<br \/>\n(41) 3360-4305 \/ 3360-4270<\/p>\n<p>&nbsp;<\/p>\n<p>Laborat\u00f3rio de Polpa e Papel<br \/>\nDr. Alan Sulato de Andrade e Dr. Umberto Klock<br \/>\n(41) 3360 \u2013 4291 \/ 4251<\/p>\n<p>&nbsp;<\/p>\n<p>Laborat\u00f3rio de Secagem de Madeiras<br \/>\nDr. Ricardo Jorge Klitzke<br \/>\n(41) 3360-4324 \/ 3360-4267<\/p>\n<p>&nbsp;<\/p>\n<p>Laborat\u00f3rio de Seguran\u00e7a do Trabalho<br \/>\nDr. Renato Cesar Gon\u00e7alves Robert<br \/>\nDr. Sandro Jos\u00e9 Andrioli Bittencourt<br \/>\n(41) 3360-4223<\/p>\n<p>&nbsp;<\/p>\n<p>Laborat\u00f3rio de Qu\u00edmica da Madeira<br \/>\nDr. Alan Sulato de Andrade e Dr. Umberto Klock (Coordenador)<br \/>\n(41) 3360-4291 \/ 3360-4251<\/p>\n<p>&nbsp;<\/p>\n<p>Laborat\u00f3rio de Tecnologia da Madeira \u2013 Propriedades F\u00edsicas e Mec\u00e2nicas<br \/>\nDr. Jorge Luis Monteiro de Matos e Dr. Jos\u00e9 Guilherme Prata<br \/>\n(41) 3360-4313 \/ 3360-4312<\/p>\n<p>&nbsp;<\/p>\n<p>Laborat\u00f3rio de Tecnologia Industrial<br \/>\nDr. Alan Sulato de Andrade \u2013 Dr. Ivan Venson \u2013 Dr\u00aa. Simone Ribeiro Morrone<br \/>\n(41) 3360-4314<\/p>\n<p>&nbsp;<\/p>\n<p>Laborat\u00f3rio de Usinagem de Madeiras<br \/>\nDr. Ricardo Jorge Klitzke<br \/>\n(41) 3360-4292 \/ 3360-4245<\/p>\n<p>&nbsp;<\/p>\n<p>&nbsp;<\/p>\n<p>&nbsp;<\/p>\n<p><strong>DECIF &#8211; DEPARTAMENTO DE CI\u00caNCIAS FLORESTAIS <\/strong><\/p>\n<p>Laborat\u00f3rio de Arboricultura e Melhoramento Florestal<br \/>\nProfessor Dr. Antonio R. Higa<br \/>\nTelefone: 3360-4268<\/p>\n<p>&nbsp;<\/p>\n<p>Laborat\u00f3rio de Ecofisiologia Florestal<br \/>\nProfessor Dr. Alessandro Camargo Angelo<br \/>\nTelefone: 3360-4281<\/p>\n<p>&nbsp;<\/p>\n<p>Laborat\u00f3rio de Prote\u00e7\u00e3o Florestal<br \/>\nProfessor Dr. Nilton Jos\u00e9 Sousa<br \/>\nTelefone: 3360-4237<\/p>\n<p>&nbsp;<\/p>\n<p>Laborat\u00f3rio de Manejo de Fauna<br \/>\nProfessor Dr. Carlos Firkowski<br \/>\nTelefone: 3360-4234<\/p>\n<p>&nbsp;<\/p>\n<p>Laborat\u00f3rio de Dendrometria<br \/>\nProfessor Dr. D\u00e9cio Jos\u00e9 de Figueiredo<br \/>\nTelefone: 3360-4241<\/p>\n<p>&nbsp;<\/p>\n<p>Laborat\u00f3rio de Sensoriamento Remoto<br \/>\nProfessora Dra. Christel Lingnau<br \/>\nTelefone: 3360-4296<\/p>\n<p>&nbsp;<\/p>\n<p>Laborat\u00f3rio de Sementes Florestais<br \/>\nProfessor Dr. Antonio Carlos Nogueira<br \/>\nTelefone: 3360-4252<\/p>\n<p>&nbsp;<\/p>\n<p>Laborat\u00f3rio de Dendrologia\/Herb\u00e1rio Florestal<br \/>\nProfessor Dr. Carlos Vellozo Roderjan<br \/>\nTelefone: 3360-4279<\/p>\n<p>&nbsp;<\/p>\n<p>Laborat\u00f3rio de Inc\u00eandios Florestais<br \/>\nProfessor Dr. Antonio Carlos Batista<br \/>\nProfessor Dr. Alexandre Fran\u00e7a Tetto<br \/>\nTelefone: 3360-4235<\/p>\n<p>&nbsp;<\/p>\n<p>Laborat\u00f3rio de Processamento de Dados<br \/>\nProfessor Dr. William Thomaz Wendling<br \/>\nTelefone: 3360-4262<\/p>\n<p>&nbsp;<\/p>\n<p>Laborat\u00f3rio de Colheita da Madeira e Colheita Florestal<br \/>\nProfessor Dr. Jorge Roberto Malinovski<br \/>\nTelefone: 3360-4228<\/p>\n<p>&nbsp;<\/p>\n<p>Laborat\u00f3rio de Manejo Florestal<br \/>\nProfessor Dr. Nelson Carlos Rosot<br \/>\nTelefone: 3360-4283<\/p>\n<p>&nbsp;<\/p>\n<p>Laborat\u00f3rio de Silvicultura<br \/>\nProfessor Dr. Ant\u00f4nio Carlos Nogueira<br \/>\nTelefone: 3360-4226<\/p>\n<p>&nbsp;<\/p>\n<p>Laborat\u00f3rio de Conserva\u00e7\u00e3o da Natureza e Estudo da Paisagem<br \/>\nProfessora Dra. Daniela Biondi Batista<br \/>\nTelefone: 3360-4310<\/p>\n<p>&nbsp;<\/p>\n<p>&nbsp;<\/p>\n<p class=\"western\" align=\"JUSTIFY\">Os laborat\u00f3rios das disciplinas b\u00e1sicas seguem um planejamento definido pelos respectivos cursos. Os das disciplinas profissionalizantes, localizados no Campus do Juvev\u00ea, tamb\u00e9m seguem um planejamento de uso. Desta forma, cada laborat\u00f3rio \u00e9 utilizado por diferentes disciplinas bem como os laborat\u00f3rios a c\u00e9u aberto (Esta\u00e7\u00f5es Experimentais e visitas t\u00e9cnicas \u00e0s propriedades e empresas).<\/p>\n","protected":false},"excerpt":{"rendered":"<p>DFF &#8211; DEPARTAMENTO DE FITOTECNIA E FITOSSANITARISMO Laborat\u00f3rio de Fitopatologia (041) 3350-5755 Laborat\u00f3rio de Micropropaga\u00e7\u00e3o de Plantas Prof. Dr. Luiz Antonio Biasi (41) 3350-5728 Laborat\u00f3rio de Ecofisiologia Prof. Dr. C\u00edcero Deschamps (41) 3350-5752 Laborat\u00f3rio de Fitotecnia Prof. Dr. Edelclaiton Daros (41) 3350-5636 Laborat\u00f3rio de Manejo Integrado de Pragas Prof Dr. Lino Bittencourt Monteiro. (41) 3350-5690 [&hellip;]<\/p>\n","protected":false},"author":3,"featured_media":0,"parent":0,"menu_order":0,"comment_status":"open","ping_status":"open","template":"","meta":{"footnotes":""},"class_list":["post-207","page","type-page","status-publish","hentry"],"_links":{"self":[{"href":"https:\/\/agrarias.ufpr.br\/fitotecnia\/wp-json\/wp\/v2\/pages\/207","targetHints":{"allow":["GET"]}}],"collection":[{"href":"https:\/\/agrarias.ufpr.br\/fitotecnia\/wp-json\/wp\/v2\/pages"}],"about":[{"href":"https:\/\/agrarias.ufpr.br\/fitotecnia\/wp-json\/wp\/v2\/types\/page"}],"author":[{"embeddable":true,"href":"https:\/\/agrarias.ufpr.br\/fitotecnia\/wp-json\/wp\/v2\/users\/3"}],"replies":[{"embeddable":true,"href":"https:\/\/agrarias.ufpr.br\/fitotecnia\/wp-json\/wp\/v2\/comments?post=207"}],"version-history":[{"count":0,"href":"https:\/\/agrarias.ufpr.br\/fitotecnia\/wp-json\/wp\/v2\/pages\/207\/revisions"}],"wp:attachment":[{"href":"https:\/\/agrarias.ufpr.br\/fitotecnia\/wp-json\/wp\/v2\/media?parent=207"}],"curies":[{"name":"wp","href":"https:\/\/api.w.org\/{rel}","templated":true}]}}