{"id":1975,"date":"2016-04-25T14:11:23","date_gmt":"2016-04-25T14:11:23","guid":{"rendered":"https:\/\/agrarias.ufpr.br\/fitotecnia\/?page_id=1975"},"modified":"2026-04-07T16:11:59","modified_gmt":"2026-04-07T19:11:59","slug":"laboratorio-de-pos-colheita-de-produtos-horticolas","status":"publish","type":"page","link":"https:\/\/agrarias.ufpr.br\/fitotecnia\/laboratorio-de-pos-colheita-de-produtos-horticolas\/","title":{"rendered":"Laborat\u00f3rio de p\u00f3s-colheita de produtos hort\u00edcolas"},"content":{"rendered":"\n<p><strong>Interesses de pesquisa<\/strong><\/p>\n\n\n\n<p><span data-olk-copy-source=\"MessageBody\">No Laborat\u00f3rio de P\u00f3s-colheita&nbsp;de Plantas Hort\u00edcolas&nbsp;s\u00e3o realizadas pesquisas de avalia\u00e7\u00e3o e&nbsp;manuten\u00e7\u00e3o de qualidade e aumento da vida de prateleira de frutas, hortali\u00e7as e flores. Adicionalmente nele s\u00e3o desenvolvidas pesquisas com manejo e p\u00f3s-colheita de cogumelos comest\u00edveis.<\/span><\/p>\n\n\n\n<p><strong>Coordenadora<\/strong><\/p>\n\n\n\n<p>Francine Lorena Cuquel<\/p>\n\n\n\n<p><strong>Contatos<\/strong><\/p>\n\n\n\n<p><strong><img loading=\"lazy\" decoding=\"async\" class=\"wp-image-758 alignnone\" src=\"https:\/\/agrarias.ufpr.br\/fitotecnia\/wp-content\/uploads\/sites\/26\/2016\/03\/telefone.png\" alt=\"telefone\" width=\"22\" height=\"22\" srcset=\"https:\/\/agrarias.ufpr.br\/fitotecnia\/wp-content\/uploads\/sites\/26\/2016\/03\/telefone.png 200w, https:\/\/agrarias.ufpr.br\/fitotecnia\/wp-content\/uploads\/sites\/26\/2016\/03\/telefone-150x150.png 150w\" sizes=\"auto, (max-width: 22px) 100vw, 22px\" \/>&nbsp;<\/strong>+55 (41) 3350-5751<\/p>\n\n\n\n<p class=\"has-text-align-center\"><strong>Fotos<\/strong><\/p>\n\n\n\n<figure class=\"wp-block-gallery has-nested-images columns-4 is-cropped wp-block-gallery-1 is-layout-flex wp-block-gallery-is-layout-flex\">\n<figure class=\"wp-block-image size-large\"><img loading=\"lazy\" decoding=\"async\" width=\"1024\" height=\"576\" data-id=\"6731\" src=\"https:\/\/agrarias.ufpr.br\/fitotecnia\/wp-content\/uploads\/sites\/26\/2026\/04\/IMG-20250624-WA0132-1024x576.jpg\" alt=\"\" class=\"wp-image-6731\" srcset=\"https:\/\/agrarias.ufpr.br\/fitotecnia\/wp-content\/uploads\/sites\/26\/2026\/04\/IMG-20250624-WA0132-1024x576.jpg 1024w, https:\/\/agrarias.ufpr.br\/fitotecnia\/wp-content\/uploads\/sites\/26\/2026\/04\/IMG-20250624-WA0132-300x169.jpg 300w, https:\/\/agrarias.ufpr.br\/fitotecnia\/wp-content\/uploads\/sites\/26\/2026\/04\/IMG-20250624-WA0132-768x432.jpg 768w, https:\/\/agrarias.ufpr.br\/fitotecnia\/wp-content\/uploads\/sites\/26\/2026\/04\/IMG-20250624-WA0132-175x98.jpg 175w, https:\/\/agrarias.ufpr.br\/fitotecnia\/wp-content\/uploads\/sites\/26\/2026\/04\/IMG-20250624-WA0132-75x42.jpg 75w, https:\/\/agrarias.ufpr.br\/fitotecnia\/wp-content\/uploads\/sites\/26\/2026\/04\/IMG-20250624-WA0132.jpg 1200w\" sizes=\"auto, (max-width: 1024px) 100vw, 1024px\" \/><\/figure>\n\n\n\n<figure class=\"wp-block-image size-large\"><img loading=\"lazy\" decoding=\"async\" width=\"1024\" height=\"576\" data-id=\"6732\" src=\"https:\/\/agrarias.ufpr.br\/fitotecnia\/wp-content\/uploads\/sites\/26\/2026\/04\/IMG-20250624-WA0131-1024x576.jpg\" alt=\"\" class=\"wp-image-6732\" srcset=\"https:\/\/agrarias.ufpr.br\/fitotecnia\/wp-content\/uploads\/sites\/26\/2026\/04\/IMG-20250624-WA0131-1024x576.jpg 1024w, https:\/\/agrarias.ufpr.br\/fitotecnia\/wp-content\/uploads\/sites\/26\/2026\/04\/IMG-20250624-WA0131-300x169.jpg 300w, https:\/\/agrarias.ufpr.br\/fitotecnia\/wp-content\/uploads\/sites\/26\/2026\/04\/IMG-20250624-WA0131-768x432.jpg 768w, https:\/\/agrarias.ufpr.br\/fitotecnia\/wp-content\/uploads\/sites\/26\/2026\/04\/IMG-20250624-WA0131-175x98.jpg 175w, https:\/\/agrarias.ufpr.br\/fitotecnia\/wp-content\/uploads\/sites\/26\/2026\/04\/IMG-20250624-WA0131-75x42.jpg 75w, https:\/\/agrarias.ufpr.br\/fitotecnia\/wp-content\/uploads\/sites\/26\/2026\/04\/IMG-20250624-WA0131.jpg 1200w\" sizes=\"auto, (max-width: 1024px) 100vw, 1024px\" \/><\/figure>\n\n\n\n<figure class=\"wp-block-image size-large\"><img loading=\"lazy\" decoding=\"async\" width=\"1024\" height=\"576\" data-id=\"6733\" src=\"https:\/\/agrarias.ufpr.br\/fitotecnia\/wp-content\/uploads\/sites\/26\/2026\/04\/IMG-20250624-WA0130-1024x576.jpg\" alt=\"\" class=\"wp-image-6733\" srcset=\"https:\/\/agrarias.ufpr.br\/fitotecnia\/wp-content\/uploads\/sites\/26\/2026\/04\/IMG-20250624-WA0130-1024x576.jpg 1024w, https:\/\/agrarias.ufpr.br\/fitotecnia\/wp-content\/uploads\/sites\/26\/2026\/04\/IMG-20250624-WA0130-300x169.jpg 300w, https:\/\/agrarias.ufpr.br\/fitotecnia\/wp-content\/uploads\/sites\/26\/2026\/04\/IMG-20250624-WA0130-768x432.jpg 768w, https:\/\/agrarias.ufpr.br\/fitotecnia\/wp-content\/uploads\/sites\/26\/2026\/04\/IMG-20250624-WA0130-175x98.jpg 175w, https:\/\/agrarias.ufpr.br\/fitotecnia\/wp-content\/uploads\/sites\/26\/2026\/04\/IMG-20250624-WA0130-75x42.jpg 75w, https:\/\/agrarias.ufpr.br\/fitotecnia\/wp-content\/uploads\/sites\/26\/2026\/04\/IMG-20250624-WA0130.jpg 1200w\" sizes=\"auto, (max-width: 1024px) 100vw, 1024px\" \/><\/figure>\n\n\n\n<figure class=\"wp-block-image size-large\"><img loading=\"lazy\" decoding=\"async\" width=\"1024\" height=\"576\" data-id=\"6734\" src=\"https:\/\/agrarias.ufpr.br\/fitotecnia\/wp-content\/uploads\/sites\/26\/2026\/04\/IMG-20250624-WA0127-1024x576.jpg\" alt=\"\" class=\"wp-image-6734\" srcset=\"https:\/\/agrarias.ufpr.br\/fitotecnia\/wp-content\/uploads\/sites\/26\/2026\/04\/IMG-20250624-WA0127-1024x576.jpg 1024w, https:\/\/agrarias.ufpr.br\/fitotecnia\/wp-content\/uploads\/sites\/26\/2026\/04\/IMG-20250624-WA0127-300x169.jpg 300w, https:\/\/agrarias.ufpr.br\/fitotecnia\/wp-content\/uploads\/sites\/26\/2026\/04\/IMG-20250624-WA0127-768x432.jpg 768w, https:\/\/agrarias.ufpr.br\/fitotecnia\/wp-content\/uploads\/sites\/26\/2026\/04\/IMG-20250624-WA0127-175x98.jpg 175w, https:\/\/agrarias.ufpr.br\/fitotecnia\/wp-content\/uploads\/sites\/26\/2026\/04\/IMG-20250624-WA0127-75x42.jpg 75w, https:\/\/agrarias.ufpr.br\/fitotecnia\/wp-content\/uploads\/sites\/26\/2026\/04\/IMG-20250624-WA0127.jpg 1200w\" sizes=\"auto, (max-width: 1024px) 100vw, 1024px\" \/><\/figure>\n<\/figure>\n","protected":false},"excerpt":{"rendered":"<p>Interesses de pesquisa No Laborat\u00f3rio de P\u00f3s-colheita&nbsp;de Plantas Hort\u00edcolas&nbsp;s\u00e3o realizadas pesquisas de avalia\u00e7\u00e3o e&nbsp;manuten\u00e7\u00e3o de qualidade e aumento da vida de prateleira de frutas, hortali\u00e7as e flores. Adicionalmente nele s\u00e3o desenvolvidas pesquisas com manejo e p\u00f3s-colheita de cogumelos comest\u00edveis. Coordenadora Francine Lorena Cuquel Contatos &nbsp;+55 (41) 3350-5751 Fotos<\/p>\n","protected":false},"author":10255,"featured_media":0,"parent":0,"menu_order":0,"comment_status":"closed","ping_status":"closed","template":"","meta":{"footnotes":""},"class_list":["post-1975","page","type-page","status-publish","hentry"],"_links":{"self":[{"href":"https:\/\/agrarias.ufpr.br\/fitotecnia\/wp-json\/wp\/v2\/pages\/1975","targetHints":{"allow":["GET"]}}],"collection":[{"href":"https:\/\/agrarias.ufpr.br\/fitotecnia\/wp-json\/wp\/v2\/pages"}],"about":[{"href":"https:\/\/agrarias.ufpr.br\/fitotecnia\/wp-json\/wp\/v2\/types\/page"}],"author":[{"embeddable":true,"href":"https:\/\/agrarias.ufpr.br\/fitotecnia\/wp-json\/wp\/v2\/users\/10255"}],"replies":[{"embeddable":true,"href":"https:\/\/agrarias.ufpr.br\/fitotecnia\/wp-json\/wp\/v2\/comments?post=1975"}],"version-history":[{"count":7,"href":"https:\/\/agrarias.ufpr.br\/fitotecnia\/wp-json\/wp\/v2\/pages\/1975\/revisions"}],"predecessor-version":[{"id":6735,"href":"https:\/\/agrarias.ufpr.br\/fitotecnia\/wp-json\/wp\/v2\/pages\/1975\/revisions\/6735"}],"wp:attachment":[{"href":"https:\/\/agrarias.ufpr.br\/fitotecnia\/wp-json\/wp\/v2\/media?parent=1975"}],"curies":[{"name":"wp","href":"https:\/\/api.w.org\/{rel}","templated":true}]}}