{"id":1937,"date":"2016-04-20T14:52:20","date_gmt":"2016-04-20T14:52:20","guid":{"rendered":"https:\/\/agrarias.ufpr.br\/fitotecnia\/?page_id=1937"},"modified":"2021-02-26T15:07:34","modified_gmt":"2021-02-26T15:07:34","slug":"flavio-zanetti","status":"publish","type":"page","link":"https:\/\/agrarias.ufpr.br\/fitotecnia\/flavio-zanetti\/","title":{"rendered":"Fl\u00e1vio Zanetti"},"content":{"rendered":"<p>Prof.&nbsp;Titular<\/p>\n<p><strong>Forma\u00e7\u00e3o acad\u00eamica<\/strong><\/p>\n<p>P\u00f3s-Doutorad0,&nbsp;Ecole Nationale Sup\u00e9rieure Agronomique de Rennes, ENSAR, Fran\u00e7a (1988-1992)<\/p>\n<p>Dr. em Fitotecnia, Universite de Clermont II, UCII, Fran\u00e7a (1981)<\/p>\n<p>M.Sc. em Fitotecnia, UFRGS (1978)<\/p>\n<p>Eng. Agr\u00f4nomo, UFPR (1970)<\/p>\n<p><strong>\u00c1rea\/Sub-\u00e1rea\/Linha de pesquisa<\/strong><\/p>\n<p>Horticultura\/Fruticultura\/Arauc\u00e1ria<\/p>\n<p><strong>Disciplinas Ministradas na P\u00f3s-Gradua\u00e7\u00e3o<\/strong><\/p>\n<p><a href=\"https:\/\/agrarias.ufpr.br\/pgapv\/agro-7022-morfogenese-morfologia-e-poda-de-plantas-perenes-2\/\">AGRO 7022 \u2013 Morfog\u00eanese, Morfologia e Poda de Plantas Perenes<\/a><\/p>\n<p><a href=\"https:\/\/agrarias.ufpr.br\/pgapv\/agro-7030-propagacao-vegetativa-de-plantas\/\">AGRO 7030 \u2013 Propaga\u00e7\u00e3o Vegetativa de Plantas<\/a><\/p>\n<p><strong>Publica\u00e7\u00f5es<\/strong><\/p>\n<p><strong><img loading=\"lazy\" decoding=\"async\" class=\"alignnone wp-image-742\" src=\"https:\/\/agrarias.ufpr.br\/fitotecnia\/wp-content\/uploads\/sites\/26\/2016\/03\/icon_lattes.png\" alt=\"icon_lattes\" width=\"30\" height=\"29\"><a href=\"http:\/\/buscatextual.cnpq.br\/buscatextual\/visualizacv.do?id=K4787182T3\">&nbsp;Lattes<\/a>&nbsp;&nbsp;<a href=\"https:\/\/orcid.org\/0000-0001-5917-6711\"><img loading=\"lazy\" decoding=\"async\" class=\"alignnone wp-image-3185\" src=\"https:\/\/agrarias.ufpr.br\/pgapv\/wp-content\/uploads\/sites\/39\/2021\/02\/unnamed.jpg\" alt=\"\" width=\"93\" height=\"37\"><\/a><\/strong><\/p>\n<p><strong>Contatos<\/strong><\/p>\n<p><img loading=\"lazy\" decoding=\"async\" class=\"wp-image-758 alignnone\" src=\"https:\/\/agrarias.ufpr.br\/fitotecnia\/wp-content\/uploads\/sites\/26\/2016\/03\/telefone.png\" alt=\"telefone\" width=\"22\" height=\"22\" srcset=\"https:\/\/agrarias.ufpr.br\/fitotecnia\/wp-content\/uploads\/sites\/26\/2016\/03\/telefone.png 200w, https:\/\/agrarias.ufpr.br\/fitotecnia\/wp-content\/uploads\/sites\/26\/2016\/03\/telefone-150x150.png 150w\" sizes=\"auto, (max-width: 22px) 100vw, 22px\" \/>+55 (41) 3350-5601<\/p>\n<p><img loading=\"lazy\" decoding=\"async\" class=\"alignnone wp-image-757\" src=\"https:\/\/agrarias.ufpr.br\/fitotecnia\/wp-content\/uploads\/sites\/26\/2016\/03\/email-small-.jpg\" alt=\"email small\" width=\"22\" height=\"22\"> flazan@ufpr.br<\/p>\n<div class=\"t4p-reading-box-container reading-box-container-1\">&nbsp;<\/div>\n","protected":false},"excerpt":{"rendered":"<p>Prof.&nbsp;Titular Forma\u00e7\u00e3o acad\u00eamica P\u00f3s-Doutorad0,&nbsp;Ecole Nationale Sup\u00e9rieure Agronomique de Rennes, ENSAR, Fran\u00e7a (1988-1992) Dr. em Fitotecnia, Universite de Clermont II, UCII, Fran\u00e7a (1981) M.Sc. em Fitotecnia, UFRGS (1978) Eng. Agr\u00f4nomo, UFPR (1970) \u00c1rea\/Sub-\u00e1rea\/Linha de pesquisa Horticultura\/Fruticultura\/Arauc\u00e1ria Disciplinas Ministradas na P\u00f3s-Gradua\u00e7\u00e3o AGRO 7022 \u2013 Morfog\u00eanese, Morfologia e Poda de Plantas Perenes AGRO 7030 \u2013 Propaga\u00e7\u00e3o Vegetativa de [&hellip;]<\/p>\n","protected":false},"author":10255,"featured_media":0,"parent":0,"menu_order":0,"comment_status":"closed","ping_status":"closed","template":"","meta":{"footnotes":""},"class_list":["post-1937","page","type-page","status-publish","hentry"],"_links":{"self":[{"href":"https:\/\/agrarias.ufpr.br\/fitotecnia\/wp-json\/wp\/v2\/pages\/1937","targetHints":{"allow":["GET"]}}],"collection":[{"href":"https:\/\/agrarias.ufpr.br\/fitotecnia\/wp-json\/wp\/v2\/pages"}],"about":[{"href":"https:\/\/agrarias.ufpr.br\/fitotecnia\/wp-json\/wp\/v2\/types\/page"}],"author":[{"embeddable":true,"href":"https:\/\/agrarias.ufpr.br\/fitotecnia\/wp-json\/wp\/v2\/users\/10255"}],"replies":[{"embeddable":true,"href":"https:\/\/agrarias.ufpr.br\/fitotecnia\/wp-json\/wp\/v2\/comments?post=1937"}],"version-history":[{"count":15,"href":"https:\/\/agrarias.ufpr.br\/fitotecnia\/wp-json\/wp\/v2\/pages\/1937\/revisions"}],"predecessor-version":[{"id":4842,"href":"https:\/\/agrarias.ufpr.br\/fitotecnia\/wp-json\/wp\/v2\/pages\/1937\/revisions\/4842"}],"wp:attachment":[{"href":"https:\/\/agrarias.ufpr.br\/fitotecnia\/wp-json\/wp\/v2\/media?parent=1937"}],"curies":[{"name":"wp","href":"https:\/\/api.w.org\/{rel}","templated":true}]}}