{"id":1927,"date":"2016-04-20T14:51:03","date_gmt":"2016-04-20T14:51:03","guid":{"rendered":"https:\/\/agrarias.ufpr.br\/fitotecnia\/?page_id=1927"},"modified":"2021-03-16T16:34:18","modified_gmt":"2021-03-16T16:34:18","slug":"henrique-soares-koehler","status":"publish","type":"page","link":"https:\/\/agrarias.ufpr.br\/fitotecnia\/henrique-soares-koehler\/","title":{"rendered":"Henrique Soares Koehler"},"content":{"rendered":"<p>Prof.&nbsp;Titular<\/p>\n<p><strong>Forma\u00e7\u00e3o acad\u00eamica<\/strong><\/p>\n<p>Dr. em Engenharia Florestal, UFPR (2002)<\/p>\n<p>M.Sc. em Forestry, Michigan State University, MSU, USA&nbsp;(1979)<\/p>\n<p>Eng. Florestal, UFPR (1975)<\/p>\n<p><strong>\u00c1rea\/Sub-\u00e1rea\/Linha de pesquisa<\/strong><\/p>\n<p>Agricultura\/Estat\u00edstica experimental\/Manejo Florestal<\/p>\n<p><strong>Disciplinas Ministradas na Gradua\u00e7\u00e3o&nbsp;<\/strong><\/p>\n<p><a href=\"https:\/\/agrarias.ufpr.br\/fitotecnia\/experimentacao-florestal-i-af-056\/\">AF 056 &#8211; Experimenta\u00e7\u00e3o florestal I<\/a><\/p>\n<p><a href=\"https:\/\/agrarias.ufpr.br\/fitotecnia\/experimentacao-florestal-ii-af-057\/\">AF 057 &#8211; Experimenta\u00e7\u00e3o florestal II<\/a><\/p>\n<p><a href=\"https:\/\/agrarias.ufpr.br\/fitotecnia\/estagio-obrigatorio-supervisionado-em-agronomia-agro-001\/\">AGRO 001 \u2013 Est\u00e1gio Obrigat\u00f3rio Supervisionado em Agronomia<\/a><\/p>\n<p><a href=\"https:\/\/agrarias.ufpr.br\/fitotecnia\/introducao-a-pesquisa-em-fitotecnia-af048\/\">AF 048 \u2013 Introdu\u00e7\u00e3o \u00e0 Pesquisa em Fitotecnia&nbsp;(orienta\u00e7\u00e3o)<\/a><\/p>\n<p><strong>Disciplina Ministrada na P\u00f3s-Gradua\u00e7\u00e3o<\/strong><\/p>\n<p><a href=\"http:\/\/www.pgapv.agrarias.ufpr.br\/disciplinas.html\">AF 701 &#8211; Estat\u00edstica Experimental<\/a><\/p>\n<p><a href=\"http:\/\/www.pgapv.agrarias.ufpr.br\/disciplinas.html\">AF 720 &#8211; An\u00e1lise de Regress\u00e3o I<\/a><\/p>\n<p><strong>Coordena\u00e7\u00e3o de Projeto<\/strong><\/p>\n<p><a href=\"https:\/\/agrarias.ufpr.br\/fitotecnia\/analise-dos-componentes-principais-e-de-agrupamento-para-estimativa-de-biomassa-acima-do-solo-em-fragmento-de-floresta-ombrofila-densa\/\">An\u00e1lise dos Componentes Principais e de Agrupamento para Estimativa de Biomassa Acima do Solo em Fragmento de Floresta Ombr\u00f3fila Densa<\/a><\/p>\n<p><strong>Publica\u00e7\u00f5es<\/strong><\/p>\n<p><strong><a href=\"http:\/\/buscatextual.cnpq.br\/buscatextual\/visualizacv.do?metodo=apresentar&amp;id=K4167407P3\"><img loading=\"lazy\" decoding=\"async\" class=\"alignnone wp-image-742\" src=\"https:\/\/agrarias.ufpr.br\/fitotecnia\/wp-content\/uploads\/sites\/26\/2016\/03\/icon_lattes.png\" alt=\"icon_lattes\" width=\"30\" height=\"29\"><\/a><a href=\"http:\/\/buscatextual.cnpq.br\/buscatextual\/visualizacv.do?id=K4778221A0\">&nbsp;Lattes<\/a>&nbsp;&nbsp;<span style=\"color: #000080\"><a href=\"https:\/\/orcid.org\/0000-0001-7727-7049\"><img loading=\"lazy\" decoding=\"async\" class=\"alignnone wp-image-4146\" src=\"https:\/\/agrarias.ufpr.br\/pgapven\/wp-content\/uploads\/sites\/45\/2021\/02\/unnamed.jpg\" alt=\"\" width=\"93\" height=\"37\"><\/a><\/span><\/strong><\/p>\n<p><strong>Contatos<\/strong><\/p>\n<p><img loading=\"lazy\" decoding=\"async\" class=\"wp-image-758 alignnone\" src=\"https:\/\/agrarias.ufpr.br\/fitotecnia\/wp-content\/uploads\/sites\/26\/2016\/03\/telefone.png\" alt=\"telefone\" width=\"22\" height=\"22\" srcset=\"https:\/\/agrarias.ufpr.br\/fitotecnia\/wp-content\/uploads\/sites\/26\/2016\/03\/telefone.png 200w, https:\/\/agrarias.ufpr.br\/fitotecnia\/wp-content\/uploads\/sites\/26\/2016\/03\/telefone-150x150.png 150w\" sizes=\"auto, (max-width: 22px) 100vw, 22px\" \/>+55 (41) 3350-5635<\/p>\n<p><img loading=\"lazy\" decoding=\"async\" class=\"alignnone wp-image-757\" src=\"https:\/\/agrarias.ufpr.br\/fitotecnia\/wp-content\/uploads\/sites\/26\/2016\/03\/email-small-.jpg\" alt=\"email small\" width=\"22\" height=\"22\"> koehler@ufpr.br<\/p>\n<div class=\"t4p-reading-box-container reading-box-container-1\">&nbsp;<\/div>\n","protected":false},"excerpt":{"rendered":"<p>Prof.&nbsp;Titular Forma\u00e7\u00e3o acad\u00eamica Dr. em Engenharia Florestal, UFPR (2002) M.Sc. em Forestry, Michigan State University, MSU, USA&nbsp;(1979) Eng. Florestal, UFPR (1975) \u00c1rea\/Sub-\u00e1rea\/Linha de pesquisa Agricultura\/Estat\u00edstica experimental\/Manejo Florestal Disciplinas Ministradas na Gradua\u00e7\u00e3o&nbsp; AF 056 &#8211; Experimenta\u00e7\u00e3o florestal I AF 057 &#8211; Experimenta\u00e7\u00e3o florestal II AGRO 001 \u2013 Est\u00e1gio Obrigat\u00f3rio Supervisionado em Agronomia AF 048 \u2013 Introdu\u00e7\u00e3o [&hellip;]<\/p>\n","protected":false},"author":10255,"featured_media":0,"parent":0,"menu_order":0,"comment_status":"closed","ping_status":"closed","template":"","meta":{"footnotes":""},"class_list":["post-1927","page","type-page","status-publish","hentry"],"_links":{"self":[{"href":"https:\/\/agrarias.ufpr.br\/fitotecnia\/wp-json\/wp\/v2\/pages\/1927","targetHints":{"allow":["GET"]}}],"collection":[{"href":"https:\/\/agrarias.ufpr.br\/fitotecnia\/wp-json\/wp\/v2\/pages"}],"about":[{"href":"https:\/\/agrarias.ufpr.br\/fitotecnia\/wp-json\/wp\/v2\/types\/page"}],"author":[{"embeddable":true,"href":"https:\/\/agrarias.ufpr.br\/fitotecnia\/wp-json\/wp\/v2\/users\/10255"}],"replies":[{"embeddable":true,"href":"https:\/\/agrarias.ufpr.br\/fitotecnia\/wp-json\/wp\/v2\/comments?post=1927"}],"version-history":[{"count":17,"href":"https:\/\/agrarias.ufpr.br\/fitotecnia\/wp-json\/wp\/v2\/pages\/1927\/revisions"}],"predecessor-version":[{"id":5040,"href":"https:\/\/agrarias.ufpr.br\/fitotecnia\/wp-json\/wp\/v2\/pages\/1927\/revisions\/5040"}],"wp:attachment":[{"href":"https:\/\/agrarias.ufpr.br\/fitotecnia\/wp-json\/wp\/v2\/media?parent=1927"}],"curies":[{"name":"wp","href":"https:\/\/api.w.org\/{rel}","templated":true}]}}