{"id":1925,"date":"2016-04-20T14:50:47","date_gmt":"2016-04-20T14:50:47","guid":{"rendered":"https:\/\/agrarias.ufpr.br\/fitotecnia\/?page_id=1925"},"modified":"2016-05-04T17:48:17","modified_gmt":"2016-05-04T17:48:17","slug":"edelclaiton-daros","status":"publish","type":"page","link":"https:\/\/agrarias.ufpr.br\/fitotecnia\/edelclaiton-daros\/","title":{"rendered":"Edelclaiton Daros"},"content":{"rendered":"<p>Prof. Titular<\/p>\n<p><strong>Forma\u00e7\u00e3o Acad\u00eamica<\/strong><\/p>\n<p>Dr. em Agronomia (Produ\u00e7\u00e3o Vegetal), UFPR (1997)<\/p>\n<p>M.Sc. em Ci\u00eancias do Solo, UFPR (1981)<\/p>\n<p>Eng. Agr\u00f4nomo, UFPR (1974)<\/p>\n<p><strong>\u00c1rea\/Sub-\u00e1rea\/Linha de pesquisa<\/strong><\/p>\n<p>Agricultura<b>\/<\/b>Grandes culturas\/Melhoramento gen\u00e9tico e Manejo de lavouras<\/p>\n<p><strong>Disciplinas Ministradas na Gradua\u00e7\u00e3o\u00a0<\/strong><\/p>\n<p><a href=\"https:\/\/agrarias.ufpr.br\/fitotecnia\/agricultura-especial-i-af-025\/\">AF 025 &#8211; Agricultura Especial I\u00a0<\/a><\/p>\n<p><a href=\"https:\/\/agrarias.ufpr.br\/fitotecnia\/estagio-obrigatorio-supervisionado-em-agronomia-agro-001\/\">AGRO 001 \u2013 Est\u00e1gio Obrigat\u00f3rio Supervisionado em Agronomia<\/a><\/p>\n<p><a href=\"https:\/\/agrarias.ufpr.br\/fitotecnia\/introducao-a-pesquisa-em-fitotecnia-af048\/\">AF 048 \u2013 Introdu\u00e7\u00e3o \u00e0 Pesquisa em Fitotecnia\u00a0(orienta\u00e7\u00e3o)<\/a><\/p>\n<p><strong>Disciplinas Ministradas na P\u00f3s-Gradua\u00e7\u00e3o<\/strong><\/p>\n<p><a href=\"http:\/\/www.pgapv.agrarias.ufpr.br\/disciplinas.html\">AF 722 \u2013 T.E.:\u00a0Controle estat\u00edstico da qualidade aplicado \u00e0 agroind\u00fastria da cana-de-a\u00e7\u00facar<\/a><\/p>\n<p><a href=\"http:\/\/www.pgapv.agrarias.ufpr.br\/disciplinas.html\">AF 722 \u2013 T.E.: Manejo da lavoura da cana-de-a\u00e7\u00facar<\/a><\/p>\n<p><strong>Publica\u00e7\u00f5es<\/strong><\/p>\n<p><strong><a href=\"http:\/\/buscatextual.cnpq.br\/buscatextual\/visualizacv.do?id=K4759559P2\"><img loading=\"lazy\" decoding=\"async\" class=\"alignnone wp-image-742\" src=\"https:\/\/agrarias.ufpr.br\/fitotecnia\/wp-content\/uploads\/sites\/26\/2016\/03\/icon_lattes.png\" alt=\"icon_lattes\" width=\"30\" height=\"29\" \/><\/a>\u00a0<a href=\"http:\/\/buscatextual.cnpq.br\/buscatextual\/visualizacv.do?id=K4783770T8\">Lattes<\/a>\u00a0 \u00a0 \u00a0<a href=\"https:\/\/www.researchgate.net\/profile\/Henrique_Duarte3\"><img loading=\"lazy\" decoding=\"async\" class=\"alignnone wp-image-1136 size-full\" src=\"https:\/\/agrarias.ufpr.br\/fitotecnia\/wp-content\/uploads\/sites\/26\/2016\/03\/apple-touch-icon-180x180-e1459453504744.png\" alt=\"apple-touch-icon-180x180\" width=\"29\" height=\"29\" \/><\/a>\u00a0<a href=\"https:\/\/www.researchgate.net\/profile\/Edelclaiton_Daros\">Research Gate<\/a><\/strong><\/p>\n<p><strong>Contatos<\/strong><\/p>\n<p><img loading=\"lazy\" decoding=\"async\" class=\"wp-image-758 alignnone\" src=\"https:\/\/agrarias.ufpr.br\/fitotecnia\/wp-content\/uploads\/sites\/26\/2016\/03\/telefone.png\" alt=\"telefone\" width=\"22\" height=\"22\" srcset=\"https:\/\/agrarias.ufpr.br\/fitotecnia\/wp-content\/uploads\/sites\/26\/2016\/03\/telefone.png 200w, https:\/\/agrarias.ufpr.br\/fitotecnia\/wp-content\/uploads\/sites\/26\/2016\/03\/telefone-150x150.png 150w\" sizes=\"auto, (max-width: 22px) 100vw, 22px\" \/>+55 (41) 3350-5606<\/p>\n<p><img loading=\"lazy\" decoding=\"async\" class=\"alignnone wp-image-757\" src=\"https:\/\/agrarias.ufpr.br\/fitotecnia\/wp-content\/uploads\/sites\/26\/2016\/03\/email-small-.jpg\" alt=\"email small\" width=\"22\" height=\"22\" \/> ededaros@ufpr.br<\/p>\n<div class=\"t4p-reading-box-container reading-box-container-1\"><\/div>\n","protected":false},"excerpt":{"rendered":"<p>Prof. Titular Forma\u00e7\u00e3o Acad\u00eamica Dr. em Agronomia (Produ\u00e7\u00e3o Vegetal), UFPR (1997) M.Sc. em Ci\u00eancias do Solo, UFPR (1981) Eng. Agr\u00f4nomo, UFPR (1974) \u00c1rea\/Sub-\u00e1rea\/Linha de pesquisa Agricultura\/Grandes culturas\/Melhoramento gen\u00e9tico e Manejo de lavouras Disciplinas Ministradas na Gradua\u00e7\u00e3o\u00a0 AF 025 &#8211; Agricultura Especial I\u00a0 AGRO 001 \u2013 Est\u00e1gio Obrigat\u00f3rio Supervisionado em Agronomia AF 048 \u2013 Introdu\u00e7\u00e3o \u00e0 [&hellip;]<\/p>\n","protected":false},"author":10255,"featured_media":0,"parent":0,"menu_order":0,"comment_status":"closed","ping_status":"closed","template":"","meta":{"footnotes":""},"class_list":["post-1925","page","type-page","status-publish","hentry"],"_links":{"self":[{"href":"https:\/\/agrarias.ufpr.br\/fitotecnia\/wp-json\/wp\/v2\/pages\/1925","targetHints":{"allow":["GET"]}}],"collection":[{"href":"https:\/\/agrarias.ufpr.br\/fitotecnia\/wp-json\/wp\/v2\/pages"}],"about":[{"href":"https:\/\/agrarias.ufpr.br\/fitotecnia\/wp-json\/wp\/v2\/types\/page"}],"author":[{"embeddable":true,"href":"https:\/\/agrarias.ufpr.br\/fitotecnia\/wp-json\/wp\/v2\/users\/10255"}],"replies":[{"embeddable":true,"href":"https:\/\/agrarias.ufpr.br\/fitotecnia\/wp-json\/wp\/v2\/comments?post=1925"}],"version-history":[{"count":13,"href":"https:\/\/agrarias.ufpr.br\/fitotecnia\/wp-json\/wp\/v2\/pages\/1925\/revisions"}],"predecessor-version":[{"id":2869,"href":"https:\/\/agrarias.ufpr.br\/fitotecnia\/wp-json\/wp\/v2\/pages\/1925\/revisions\/2869"}],"wp:attachment":[{"href":"https:\/\/agrarias.ufpr.br\/fitotecnia\/wp-json\/wp\/v2\/media?parent=1925"}],"curies":[{"name":"wp","href":"https:\/\/api.w.org\/{rel}","templated":true}]}}