{"id":1920,"date":"2016-04-20T14:46:10","date_gmt":"2016-04-20T14:46:10","guid":{"rendered":"https:\/\/agrarias.ufpr.br\/fitotecnia\/?page_id=1920"},"modified":"2026-02-06T13:23:27","modified_gmt":"2026-02-06T13:23:27","slug":"laboratorio-de-ecofisiologia","status":"publish","type":"page","link":"https:\/\/agrarias.ufpr.br\/fitotecnia\/laboratorio-de-ecofisiologia\/","title":{"rendered":"Laborat\u00f3rio de Ecofisiologia"},"content":{"rendered":"\n<p><strong>Interesses de pesquisa<\/strong><\/p>\n\n\n\n<p>An\u00e1lise bioqu\u00edmica de tecidos vegetais e extra\u00e7\u00e3o e an\u00e1lise de metab\u00f3litos secund\u00e1rios.<\/p>\n\n\n\n<p><strong>Coordenador<\/strong><\/p>\n\n\n\n<p><a href=\"https:\/\/agrarias.ufpr.br\/fitotecnia\/cicero-deschamps\/\">Cicero Deschamps&nbsp;<\/a><\/p>\n\n\n\n<p><strong>T\u00e9cnico<\/strong><\/p>\n\n\n\n<p><a href=\"https:\/\/agrarias.ufpr.br\/fitotecnia\/servidores\/\">Roger Raupp Cipriano&nbsp;<\/a><\/p>\n\n\n\n<p><strong>Contato<\/strong><\/p>\n\n\n\n<p><b><img loading=\"lazy\" decoding=\"async\" class=\"wp-image-758 alignnone\" src=\"https:\/\/agrarias.ufpr.br\/fitotecnia\/wp-content\/uploads\/sites\/26\/2016\/03\/telefone.png\" alt=\"telefone\" width=\"22\" height=\"22\" srcset=\"https:\/\/agrarias.ufpr.br\/fitotecnia\/wp-content\/uploads\/sites\/26\/2016\/03\/telefone.png 200w, https:\/\/agrarias.ufpr.br\/fitotecnia\/wp-content\/uploads\/sites\/26\/2016\/03\/telefone-150x150.png 150w\" sizes=\"auto, (max-width: 22px) 100vw, 22px\" \/>&nbsp;<\/b>+55 (41) 3350-5687<\/p>\n\n\n\n<p><\/p>\n","protected":false},"excerpt":{"rendered":"<p>Interesses de pesquisa An\u00e1lise bioqu\u00edmica de tecidos vegetais e extra\u00e7\u00e3o e an\u00e1lise de metab\u00f3litos secund\u00e1rios. Coordenador Cicero Deschamps&nbsp; T\u00e9cnico Roger Raupp Cipriano&nbsp; Contato &nbsp;+55 (41) 3350-5687<\/p>\n","protected":false},"author":10255,"featured_media":0,"parent":0,"menu_order":0,"comment_status":"closed","ping_status":"closed","template":"","meta":{"footnotes":""},"class_list":["post-1920","page","type-page","status-publish","hentry"],"_links":{"self":[{"href":"https:\/\/agrarias.ufpr.br\/fitotecnia\/wp-json\/wp\/v2\/pages\/1920","targetHints":{"allow":["GET"]}}],"collection":[{"href":"https:\/\/agrarias.ufpr.br\/fitotecnia\/wp-json\/wp\/v2\/pages"}],"about":[{"href":"https:\/\/agrarias.ufpr.br\/fitotecnia\/wp-json\/wp\/v2\/types\/page"}],"author":[{"embeddable":true,"href":"https:\/\/agrarias.ufpr.br\/fitotecnia\/wp-json\/wp\/v2\/users\/10255"}],"replies":[{"embeddable":true,"href":"https:\/\/agrarias.ufpr.br\/fitotecnia\/wp-json\/wp\/v2\/comments?post=1920"}],"version-history":[{"count":4,"href":"https:\/\/agrarias.ufpr.br\/fitotecnia\/wp-json\/wp\/v2\/pages\/1920\/revisions"}],"predecessor-version":[{"id":6451,"href":"https:\/\/agrarias.ufpr.br\/fitotecnia\/wp-json\/wp\/v2\/pages\/1920\/revisions\/6451"}],"wp:attachment":[{"href":"https:\/\/agrarias.ufpr.br\/fitotecnia\/wp-json\/wp\/v2\/media?parent=1920"}],"curies":[{"name":"wp","href":"https:\/\/api.w.org\/{rel}","templated":true}]}}