{"id":1706,"date":"2016-04-19T17:58:26","date_gmt":"2016-04-19T17:58:26","guid":{"rendered":"https:\/\/agrarias.ufpr.br\/fitotecnia\/?page_id=1706"},"modified":"2016-05-11T12:29:10","modified_gmt":"2016-05-11T12:29:10","slug":"estagio-obrigatorio-supervisionado-em-agronomia-agro-001","status":"publish","type":"page","link":"https:\/\/agrarias.ufpr.br\/fitotecnia\/estagio-obrigatorio-supervisionado-em-agronomia-agro-001\/","title":{"rendered":"Est\u00e1gio Obrigat\u00f3rio Supervisionado em Agronomia &#8211; AGRO 001"},"content":{"rendered":"<p><strong>Curso<\/strong><\/p>\n<p>Agronomia<\/p>\n<p><strong>Ementa<\/strong><\/p>\n<p style=\"text-align: justify\">Proporcionar a aplica\u00e7\u00e3o dos conhecimentos te\u00f3ricos e o desenvolvimento de habilidades e atividades indispens\u00e1veis ao desempenho profissional, Elaborar Plano de Est\u00e1gio, Elaborar Relat\u00f3rio de Atividades, Redigir Relat\u00f3rio e Apresentar e defender trabalho de conclus\u00e3o de curso.<\/p>\n<p><strong>Natureza<\/strong><\/p>\n<p>Obrigat\u00f3ria<\/p>\n<p><strong>Carga hor\u00e1ria<\/strong><\/p>\n<p>60 horas<\/p>\n<p><strong>Semestre<\/strong><\/p>\n<p>1\u00ba e 2\u00ba<\/p>\n<p><strong>Requisito<\/strong><\/p>\n<p>Estar cursando o \u00faltimo ano do curso e ter integralizado no m\u00ednimo 3600 horas.<\/p>\n<p><strong>\u00c1reas de concentra\u00e7\u00e3o\/Docentes orientadores<\/strong><\/p>\n<p><strong>Armazenamento<\/strong> (<a href=\"https:\/\/agrarias.ufpr.br\/fitotecnia\/adriana-martinelli-seneme\/\">Adriana Martinelli Seneme<\/a>)<\/p>\n<p><strong>Controle de plantas daninhas<\/strong> (<a href=\"https:\/\/agrarias.ufpr.br\/fitotecnia\/adelino-pelissaria\/\">Adelino Pelissari<\/a>, <a href=\"https:\/\/agrarias.ufpr.br\/fitotecnia\/cristina-goncalves-de-mendonca\/\">Cristina Gon\u00e7alves de Mendon\u00e7a<\/a> e <a href=\"https:\/\/agrarias.ufpr.br\/fitotecnia\/mario-nieweglowski-filho\/\">Mario Nieweglowski Filho<\/a>)<\/p>\n<p><strong>Ecofisiologia e Metabolismo secund\u00e1rio<\/strong> (<a href=\"https:\/\/agrarias.ufpr.br\/fitotecnia\/cicero-deschamps\/\">C\u00edcero Deschamps<\/a>)<\/p>\n<p><strong>Entomologia<\/strong> (<a href=\"https:\/\/agrarias.ufpr.br\/fitotecnia\/afonso-takao-murata\/\">Afonso Takao Murata<\/a> e <a href=\"https:\/\/agrarias.ufpr.br\/fitotecnia\/lino-bittencourt-monteiro\/\">Lino Bittencourt Monteiro<\/a>)<\/p>\n<p><strong>Estat\u00edstica<\/strong> (<a href=\"https:\/\/agrarias.ufpr.br\/fitotecnia\/bruno-portela-brasileiro\/\">Bruno Portela Brasileiro<\/a> e\u00a0<a href=\"https:\/\/agrarias.ufpr.br\/fitotecnia\/henrique-soares-koehler\/\">Henrique Soares Koehler<\/a>\u00a0)<\/p>\n<p><strong>Fitopatologia<\/strong> (<a href=\"https:\/\/agrarias.ufpr.br\/fitotecnia\/henrique-da-silva-silveira-duarte\/\">Henrique da Silva Silveira Duarte<\/a>, <a href=\"https:\/\/agrarias.ufpr.br\/fitotecnia\/louise-larissa-may-de-mio\/\">Louise Larissa May De Mio<\/a>, <a href=\"https:\/\/agrarias.ufpr.br\/fitotecnia\/lucimeris-ruaro\/\">Lucimeris Ruaro<\/a> e <a href=\"https:\/\/agrarias.ufpr.br\/fitotecnia\/renata-faier-calegario-2\/\">Renata Faier Calegario<\/a>)<\/p>\n<p><strong>Floricultura<\/strong> (<a href=\"https:\/\/agrarias.ufpr.br\/fitotecnia\/francine-lorena-cuquel\/\">Francine Lorena Cuquel<\/a> e <a href=\"https:\/\/agrarias.ufpr.br\/fitotecnia\/daniela\/\">Daniela<\/a>)<\/p>\n<p><strong>Fruticultura<\/strong> (<a href=\"https:\/\/agrarias.ufpr.br\/fitotecnia\/luiz-antonio-biasi\/\">Luiz Antonio Biasi <\/a>e <a href=\"https:\/\/agrarias.ufpr.br\/fitotecnia\/mario-nieweglowski-filho\/\">Mauro Brasil Dias Tofanelli<\/a>)<\/p>\n<p><strong>Gerenciamento de quest\u00f5es agr\u00e1rias baseado em indicadores sociais e fitossanit\u00e1rios<\/strong> (<a href=\"https:\/\/agrarias.ufpr.br\/fitotecnia\/adelino-pelissaria\/\">Adelino Pelissari<\/a>, <a href=\"https:\/\/agrarias.ufpr.br\/fitotecnia\/cristina-goncalves-de-mendonca\/\">Cristina Gon\u00e7alves de Mendon\u00e7<\/a>a e <a href=\"https:\/\/agrarias.ufpr.br\/fitotecnia\/mario-nieweglowski-filho\/\">Mario Nieweglowski Filho<\/a>)<\/p>\n<p><strong>Grandes Culturas<\/strong> (<a href=\"https:\/\/agrarias.ufpr.br\/fitotecnia\/edelclaiton-daros\/\">Edelclaiton Daros<\/a>, <a href=\"https:\/\/agrarias.ufpr.br\/fitotecnia\/jose-luis-camargo-zambon\/\">Jos\u00e9 Luis Camargo Zambon<\/a>, <a href=\"https:\/\/agrarias.ufpr.br\/fitotecnia\/oswaldo-teruyo-ido\/\">Oswaldo Teruyo Ido<\/a> e <a href=\"https:\/\/agrarias.ufpr.br\/fitotecnia\/ricardo-augusto-de-oliveira\/\">Ricardo Augusto de Oliveira<\/a>)<\/p>\n<p><strong>Meio ambiente; desenvolvimento sustent\u00e1vel; servi\u00e7os ambientais e gest\u00e3o ambiental<\/strong> (<a href=\"https:\/\/agrarias.ufpr.br\/fitotecnia\/wilson-loureiro\/\">Wilson Loureiro<\/a>)<\/p>\n<p><strong>Melhoramento de plantas<\/strong> (<a href=\"https:\/\/agrarias.ufpr.br\/fitotecnia\/joao-carlos-bespalhok-filho\/\">Jo\u00e3o Carlos Bespalhok Filho<\/a>)<\/p>\n<p><strong>Olericultura<\/strong> (<a href=\"https:\/\/agrarias.ufpr.br\/fitotecnia\/926-2\/\">\u00c1tila Francisco M\u00f3gor<\/a>)<\/p>\n<p><strong>Paisagismo<\/strong> (<a href=\"https:\/\/agrarias.ufpr.br\/fitotecnia\/francine-lorena-cuquel\/\">Francine Lorena Cuquel<\/a>)<\/p>\n<p><strong>P\u00f3s-colheita<\/strong> (<a href=\"https:\/\/agrarias.ufpr.br\/fitotecnia\/francine-lorena-cuquel\/\">Francine Lorena Cuquel<\/a>)<\/p>\n<p><strong>Tecnologia de aplica\u00e7\u00e3o<\/strong> (<a href=\"https:\/\/agrarias.ufpr.br\/fitotecnia\/adelino-pelissaria\/\">Adelino Pelissari<\/a>, <a href=\"https:\/\/agrarias.ufpr.br\/fitotecnia\/cristina-goncalves-de-mendonca\/\">Cristina Gon\u00e7alves de Mendon\u00e7a<\/a> e <a href=\"https:\/\/agrarias.ufpr.br\/fitotecnia\/mario-nieweglowski-filho\/\">Mario Nieweglowski Filho<\/a>)<\/p>\n<p><strong>Tecnologia de Sementes<\/strong> (<a href=\"https:\/\/agrarias.ufpr.br\/fitotecnia\/maristela-panobianco\/\">Maristela Panobiano<\/a>)<\/p>\n<p><strong>Sistemas Integrados<\/strong> (<a href=\"https:\/\/agrarias.ufpr.br\/fitotecnia\/anibal-de-moraes\/\">Anibal de Moares<\/a> e <a href=\"https:\/\/agrarias.ufpr.br\/fitotecnia\/claudete-reisdorfer-lang\/\">Claudete Reisdorfer Lang<\/a>)<\/p>\n","protected":false},"excerpt":{"rendered":"<p>Curso Agronomia Ementa Proporcionar a aplica\u00e7\u00e3o dos conhecimentos te\u00f3ricos e o desenvolvimento de habilidades e atividades indispens\u00e1veis ao desempenho profissional, Elaborar Plano de Est\u00e1gio, Elaborar Relat\u00f3rio de Atividades, Redigir Relat\u00f3rio e Apresentar e defender trabalho de conclus\u00e3o de curso. Natureza Obrigat\u00f3ria Carga hor\u00e1ria 60 horas Semestre 1\u00ba e 2\u00ba Requisito Estar cursando o \u00faltimo ano [&hellip;]<\/p>\n","protected":false},"author":10255,"featured_media":0,"parent":0,"menu_order":0,"comment_status":"closed","ping_status":"closed","template":"","meta":{"footnotes":""},"class_list":["post-1706","page","type-page","status-publish","hentry"],"_links":{"self":[{"href":"https:\/\/agrarias.ufpr.br\/fitotecnia\/wp-json\/wp\/v2\/pages\/1706","targetHints":{"allow":["GET"]}}],"collection":[{"href":"https:\/\/agrarias.ufpr.br\/fitotecnia\/wp-json\/wp\/v2\/pages"}],"about":[{"href":"https:\/\/agrarias.ufpr.br\/fitotecnia\/wp-json\/wp\/v2\/types\/page"}],"author":[{"embeddable":true,"href":"https:\/\/agrarias.ufpr.br\/fitotecnia\/wp-json\/wp\/v2\/users\/10255"}],"replies":[{"embeddable":true,"href":"https:\/\/agrarias.ufpr.br\/fitotecnia\/wp-json\/wp\/v2\/comments?post=1706"}],"version-history":[{"count":9,"href":"https:\/\/agrarias.ufpr.br\/fitotecnia\/wp-json\/wp\/v2\/pages\/1706\/revisions"}],"predecessor-version":[{"id":3100,"href":"https:\/\/agrarias.ufpr.br\/fitotecnia\/wp-json\/wp\/v2\/pages\/1706\/revisions\/3100"}],"wp:attachment":[{"href":"https:\/\/agrarias.ufpr.br\/fitotecnia\/wp-json\/wp\/v2\/media?parent=1706"}],"curies":[{"name":"wp","href":"https:\/\/api.w.org\/{rel}","templated":true}]}}