{"id":1616,"date":"2016-04-13T13:04:49","date_gmt":"2016-04-13T13:04:49","guid":{"rendered":"https:\/\/agrarias.ufpr.br\/fitotecnia\/?page_id=1616"},"modified":"2018-08-20T13:49:04","modified_gmt":"2018-08-20T13:49:04","slug":"1616-2","status":"publish","type":"page","link":"https:\/\/agrarias.ufpr.br\/fitotecnia\/1616-2\/","title":{"rendered":"\u00c1rea Experimental de Fruticultura (Pomar)"},"content":{"rendered":"<p class=\"Normal tm5\"><strong><span class=\"tm7\">Interesses&nbsp;<\/span><\/strong><\/p>\n<p class=\"Normal tm8\"><span class=\"tm6\">A \u00c1rea Experimental de Fruticultura est\u00e1 localizada no Centro de Esta\u00e7\u00f5es Experimentais do Canguiri e possui diversos pomares de esp\u00e9cies frut\u00edferas de clima temperado, subtropical e tropical para o desenvolvimento de atividades de pesquisa em sistema org\u00e2nico. Os estudos envolvem a adapta\u00e7\u00e3o de cultivares e o desenvolvimento de pr\u00e1ticas de manejo para a produ\u00e7\u00e3o de frutas e produ\u00e7\u00e3o de mudas frut\u00edferas.<\/span><\/p>\n<p><strong>Coordenadores<\/strong><\/p>\n<p><a href=\"https:\/\/agrarias.ufpr.br\/fitotecnia\/luiz-antonio-biasi\/\">Luiz Antonio Biasi<\/a><\/p>\n<p><a href=\"https:\/\/agrarias.ufpr.br\/fitotecnia\/mauro-brasil-dias-tofanelli\/\">Mauro Brasil Dias Tofanelli<\/a><\/p>\n<p class=\"Normal_Web_ tm7\"><strong><span class=\"Forte\">T\u00e9cnico<\/span><\/strong><\/p>\n<p class=\"Normal_Web_ tm7\"><span class=\"tm8\">01 Funcion\u00e1rio terceirizado para servi\u00e7os gerais.<\/span><\/p>\n<p class=\"Normal tm9\"><strong><span class=\"tm11\">Local<\/span><\/strong><\/p>\n<p class=\"Normal tm9\"><span class=\"tm10\">Esta\u00e7\u00e3o Experimental do Canguiri (UFPR).&nbsp;Rua Ivone Pimentel, n\u00ba 19 83327-000 Pinhais-PR<\/span><\/p>\n<p style=\"text-align: justify;\"><strong>Contatos<\/strong><\/p>\n<p style=\"text-align: justify;\"><img loading=\"lazy\" decoding=\"async\" class=\"wp-image-758 alignnone\" src=\"https:\/\/agrarias.ufpr.br\/fitotecnia\/wp-content\/uploads\/sites\/26\/2016\/03\/telefone.png\" alt=\"telefone\" width=\"22\" height=\"22\" srcset=\"https:\/\/agrarias.ufpr.br\/fitotecnia\/wp-content\/uploads\/sites\/26\/2016\/03\/telefone.png 200w, https:\/\/agrarias.ufpr.br\/fitotecnia\/wp-content\/uploads\/sites\/26\/2016\/03\/telefone-150x150.png 150w\" sizes=\"auto, (max-width: 22px) 100vw, 22px\" \/>+55 (41)&nbsp;3350-5682 e 5745<\/p>\n<p style=\"text-align: center;\"><strong>Fotos<\/strong><\/p>\n<p>[Best_Wordpress_Gallery id=&#8221;9&#8243; gal_title=&#8221;fruticultura&#8221;]<\/p>\n","protected":false},"excerpt":{"rendered":"<p>Interesses&nbsp; A \u00c1rea Experimental de Fruticultura est\u00e1 localizada no Centro de Esta\u00e7\u00f5es Experimentais do Canguiri e possui diversos pomares de esp\u00e9cies frut\u00edferas de clima temperado, subtropical e tropical para o desenvolvimento de atividades de pesquisa em sistema org\u00e2nico. Os estudos envolvem a adapta\u00e7\u00e3o de cultivares e o desenvolvimento de pr\u00e1ticas de manejo para a produ\u00e7\u00e3o [&hellip;]<\/p>\n","protected":false},"author":3,"featured_media":0,"parent":0,"menu_order":0,"comment_status":"closed","ping_status":"closed","template":"","meta":{"footnotes":""},"class_list":["post-1616","page","type-page","status-publish","hentry"],"_links":{"self":[{"href":"https:\/\/agrarias.ufpr.br\/fitotecnia\/wp-json\/wp\/v2\/pages\/1616","targetHints":{"allow":["GET"]}}],"collection":[{"href":"https:\/\/agrarias.ufpr.br\/fitotecnia\/wp-json\/wp\/v2\/pages"}],"about":[{"href":"https:\/\/agrarias.ufpr.br\/fitotecnia\/wp-json\/wp\/v2\/types\/page"}],"author":[{"embeddable":true,"href":"https:\/\/agrarias.ufpr.br\/fitotecnia\/wp-json\/wp\/v2\/users\/3"}],"replies":[{"embeddable":true,"href":"https:\/\/agrarias.ufpr.br\/fitotecnia\/wp-json\/wp\/v2\/comments?post=1616"}],"version-history":[{"count":17,"href":"https:\/\/agrarias.ufpr.br\/fitotecnia\/wp-json\/wp\/v2\/pages\/1616\/revisions"}],"predecessor-version":[{"id":3882,"href":"https:\/\/agrarias.ufpr.br\/fitotecnia\/wp-json\/wp\/v2\/pages\/1616\/revisions\/3882"}],"wp:attachment":[{"href":"https:\/\/agrarias.ufpr.br\/fitotecnia\/wp-json\/wp\/v2\/media?parent=1616"}],"curies":[{"name":"wp","href":"https:\/\/api.w.org\/{rel}","templated":true}]}}