{"id":1599,"date":"2016-04-13T12:32:25","date_gmt":"2016-04-13T12:32:25","guid":{"rendered":"https:\/\/agrarias.ufpr.br\/fitotecnia\/?page_id=1599"},"modified":"2021-02-19T17:34:14","modified_gmt":"2021-02-19T17:34:14","slug":"renata-faier-calegario-2","status":"publish","type":"page","link":"https:\/\/agrarias.ufpr.br\/fitotecnia\/renata-faier-calegario-2\/","title":{"rendered":"Renata Faier Calegario"},"content":{"rendered":"<p>Professor Adjunto<\/p>\n<p><strong>Forma\u00e7\u00e3o acad\u00eamica<\/strong><\/p>\n<p>P\u00f3s-Doutorado, ESALQ\/USP (2013 &#8211; 2014)<\/p>\n<p>P\u00f3s-Doutorado, ESALQ\/USP (2009-2011)<\/p>\n<p>Dra. em Fitopatologia, ESALQ\/USP (2009)<\/p>\n<p>M.Sc. em Fitopatologia, UFV (2004)<\/p>\n<p>Eng. Agr\u00f4noma, UFV (2002)<\/p>\n<p><strong>\u00c1rea\/Sub-\u00e1rea\/Linha de pesquisa<\/strong><\/p>\n<p>Fitossanidade\/Fitopatologia\/Virologia Vegetal<\/p>\n<p><strong>Disciplinas Ministradas na Gradua\u00e7\u00e3o&nbsp;<\/strong><\/p>\n<p><a href=\"https:\/\/agrarias.ufpr.br\/fitotecnia\/fitopatologia-geral-af-029\/\">AF 029 \u2013 Fitopatologia Geral<\/a><\/p>\n<p><a href=\"https:\/\/agrarias.ufpr.br\/fitotecnia\/introducao-a-pesquisa-em-fitopatologia-af050\/\">AF 050 \u2013 Introdu\u00e7\u00e3o \u00e0 Pesquisa em Fitopatologia<\/a><\/p>\n<p><a href=\"https:\/\/agrarias.ufpr.br\/fitotecnia\/biotecnologia-vegetal\/\">AF 060 \u2013 Biotecnologia Vegetal<\/a><\/p>\n<p><a href=\"https:\/\/agrarias.ufpr.br\/fitotecnia\/estagio-obrigatorio-supervisionado-em-agronomia-agro-001\/\">AGRO 001 \u2013 Est\u00e1gio Obrigat\u00f3rio Supervisionado em Agronomia<\/a><\/p>\n<p class=\"Normal tm5\"><strong><span class=\"tm7\">Disciplinas Ministradas na P\u00f3s-Gradua\u00e7\u00e3o<\/span><\/strong><\/p>\n<p class=\"Normal tm5\"><a href=\"https:\/\/agrarias.ufpr.br\/pgapv\/agro-7027-pratica-docente-i\/\">AGRO 7027 \u2013 Pr\u00e1tica Docente I<\/a><\/p>\n<p class=\"Normal tm5\"><a href=\"https:\/\/agrarias.ufpr.br\/pgapv\/agro7028-pratica-docente-ii\/\">AGRO 7028 \u2013 Pr\u00e1tica Docente II<\/a><\/p>\n<p><a href=\"https:\/\/agrarias.ufpr.br\/pgapv\/agro-7044-deteccao-molecular-de-fitopatogenos\/\">AGRO 7044 \u2013 Detec\u00e7\u00e3o Molecular de Fitopat\u00f3genos<\/a><\/p>\n<p><strong>Laborat\u00f3rio\/Unidade de Apoio&nbsp;<\/strong><\/p>\n<p><a href=\"https:\/\/agrarias.ufpr.br\/fitotecnia\/laboratorio-de-fitopatologia\/\">Laborat\u00f3rio de Fitopatologia<\/a><\/p>\n<p><a href=\"https:\/\/agrarias.ufpr.br\/fitotecnia\/laboratorio-de-epidemiologia-molecular-laem\/\">Laborat\u00f3rio de Epidemiologia Molecular \u2013 LAEM<\/a><\/p>\n<p><a href=\"https:\/\/agrarias.ufpr.br\/fitotecnia\/area-experimental-doencas-em-grandes-culturas\/\">\u00c1rea Experimental Doen\u00e7as em Grandes Culturas<\/a><\/p>\n<p><strong>Publica\u00e7\u00f5es<\/strong><\/p>\n<p><a href=\"http:\/\/lattes.cnpq.br\/2827241409293980\"><img loading=\"lazy\" decoding=\"async\" class=\"alignnone\" src=\"https:\/\/agrarias.ufpr.br\/fitotecnia\/wp-content\/uploads\/sites\/26\/2016\/03\/icon_lattes.png\" alt=\"icon_lattes\" width=\"30\" height=\"29\"><\/a>&nbsp;<strong><a href=\"http:\/\/lattes.cnpq.br\/2827241409293980\">Lattes<\/a><\/strong>&nbsp;<strong><a href=\"https:\/\/www.researchgate.net\/profile\/Renata_Calegario\"><img loading=\"lazy\" decoding=\"async\" class=\"alignnone wp-image-1136 size-full\" src=\"https:\/\/agrarias.ufpr.br\/fitotecnia\/wp-content\/uploads\/sites\/26\/2016\/03\/apple-touch-icon-180x180-e1459453504744.png\" alt=\"apple-touch-icon-180x180\" width=\"29\" height=\"29\"><\/a>&nbsp;<a href=\"https:\/\/www.researchgate.net\/profile\/Renata_Calegario\">Research Gate<\/a>&nbsp;&nbsp;<a href=\"https:\/\/orcid.org\/0000-0002-9890-4977\"><img loading=\"lazy\" decoding=\"async\" class=\"alignnone wp-image-3185\" src=\"https:\/\/agrarias.ufpr.br\/pgapv\/wp-content\/uploads\/sites\/39\/2021\/02\/unnamed.jpg\" alt=\"\" width=\"93\" height=\"37\"><\/a><\/strong><\/p>\n<p><strong>Contatos<\/strong><\/p>\n<p><img loading=\"lazy\" decoding=\"async\" class=\"wp-image-758 alignnone\" src=\"https:\/\/agrarias.ufpr.br\/fitotecnia\/wp-content\/uploads\/sites\/26\/2016\/03\/telefone.png\" alt=\"telefone\" width=\"22\" height=\"22\" srcset=\"https:\/\/agrarias.ufpr.br\/fitotecnia\/wp-content\/uploads\/sites\/26\/2016\/03\/telefone.png 200w, https:\/\/agrarias.ufpr.br\/fitotecnia\/wp-content\/uploads\/sites\/26\/2016\/03\/telefone-150x150.png 150w\" sizes=\"auto, (max-width: 22px) 100vw, 22px\" \/>+55 (41) 3350-5715<\/p>\n<p><img loading=\"lazy\" decoding=\"async\" class=\"alignnone wp-image-757\" src=\"https:\/\/agrarias.ufpr.br\/fitotecnia\/wp-content\/uploads\/sites\/26\/2016\/03\/email-small-.jpg\" alt=\"email small\" width=\"22\" height=\"22\"> renata.faier@ufpr.br<\/p>\n","protected":false},"excerpt":{"rendered":"<p>Professor Adjunto Forma\u00e7\u00e3o acad\u00eamica P\u00f3s-Doutorado, ESALQ\/USP (2013 &#8211; 2014) P\u00f3s-Doutorado, ESALQ\/USP (2009-2011) Dra. em Fitopatologia, ESALQ\/USP (2009) M.Sc. em Fitopatologia, UFV (2004) Eng. Agr\u00f4noma, UFV (2002) \u00c1rea\/Sub-\u00e1rea\/Linha de pesquisa Fitossanidade\/Fitopatologia\/Virologia Vegetal Disciplinas Ministradas na Gradua\u00e7\u00e3o&nbsp; AF 029 \u2013 Fitopatologia Geral AF 050 \u2013 Introdu\u00e7\u00e3o \u00e0 Pesquisa em Fitopatologia AF 060 \u2013 Biotecnologia Vegetal AGRO 001 [&hellip;]<\/p>\n","protected":false},"author":3,"featured_media":0,"parent":0,"menu_order":0,"comment_status":"closed","ping_status":"closed","template":"","meta":{"footnotes":""},"class_list":["post-1599","page","type-page","status-publish","hentry"],"_links":{"self":[{"href":"https:\/\/agrarias.ufpr.br\/fitotecnia\/wp-json\/wp\/v2\/pages\/1599","targetHints":{"allow":["GET"]}}],"collection":[{"href":"https:\/\/agrarias.ufpr.br\/fitotecnia\/wp-json\/wp\/v2\/pages"}],"about":[{"href":"https:\/\/agrarias.ufpr.br\/fitotecnia\/wp-json\/wp\/v2\/types\/page"}],"author":[{"embeddable":true,"href":"https:\/\/agrarias.ufpr.br\/fitotecnia\/wp-json\/wp\/v2\/users\/3"}],"replies":[{"embeddable":true,"href":"https:\/\/agrarias.ufpr.br\/fitotecnia\/wp-json\/wp\/v2\/comments?post=1599"}],"version-history":[{"count":21,"href":"https:\/\/agrarias.ufpr.br\/fitotecnia\/wp-json\/wp\/v2\/pages\/1599\/revisions"}],"predecessor-version":[{"id":4815,"href":"https:\/\/agrarias.ufpr.br\/fitotecnia\/wp-json\/wp\/v2\/pages\/1599\/revisions\/4815"}],"wp:attachment":[{"href":"https:\/\/agrarias.ufpr.br\/fitotecnia\/wp-json\/wp\/v2\/media?parent=1599"}],"curies":[{"name":"wp","href":"https:\/\/api.w.org\/{rel}","templated":true}]}}