{"id":1527,"date":"2016-04-12T11:25:01","date_gmt":"2016-04-12T11:25:01","guid":{"rendered":"https:\/\/agrarias.ufpr.br\/fitotecnia\/?page_id=1527"},"modified":"2022-03-03T11:35:21","modified_gmt":"2022-03-03T11:35:21","slug":"nucleo-de-inovacao-tecnologica-em-agropecuaria-nita","status":"publish","type":"page","link":"https:\/\/agrarias.ufpr.br\/fitotecnia\/nucleo-de-inovacao-tecnologica-em-agropecuaria-nita\/","title":{"rendered":"N\u00facleo de Inova\u00e7\u00e3o Tecnol\u00f3gica em Agropecu\u00e1ria (NITA)"},"content":{"rendered":"<p><img loading=\"lazy\" decoding=\"async\" class=\"size-full wp-image-2459 aligncenter\" src=\"https:\/\/agrarias.ufpr.br\/fitotecnia\/wp-content\/uploads\/sites\/26\/2016\/04\/Logo-NITA.jpg\" alt=\"Logo NITA\" width=\"187\" height=\"148\" \/><\/p>\n<p><strong>Interesses<\/strong><\/p>\n<p>Desenvolver sistemas de produ\u00e7\u00e3o agropecu\u00e1rio sustent\u00e1veis tendo como conceito de base a utiliza\u00e7\u00e3o de Sistemas Integrados.<\/p>\n<p><strong> Coordenador<\/strong><\/p>\n<p><a href=\"https:\/\/agrarias.ufpr.br\/fitotecnia\/anibal-de-moraes\/\">Anibal de Moraes<\/a><\/p>\n<p><strong>Local\u00a0<\/strong><\/p>\n<p>Esta\u00e7\u00e3o Experimental do Canguiri (UFPR).\u00a0Rua Ivone Pimentel, n\u00ba 19 83327-000 Pinhais-PR<\/p>\n<p><strong>Boletim T\u00e9cnico<\/strong>:<\/p>\n<p><a href=\"https:\/\/www.aliancasipa.org\/wp-content\/uploads\/2018\/11\/Boletim-NITAAS.pdf\">1\u00ba Boletim T\u00e9cnico do N\u00facleo de Inova\u00e7\u00e3o Tecnol\u00f3gica em Agropecu\u00e1ria &#8211; NITA da UFPR.<\/a><\/p>\n<p><strong>Rela\u00e7\u00e3o dos participantes no NITA<\/strong><strong>\u00a0<\/strong><\/p>\n<table style=\"height: 4202px\" width=\"796\">\n<tbody>\n<tr>\n<td style=\"text-align: center\" width=\"123\"><strong>Nome<\/strong><\/td>\n<td style=\"text-align: center\" width=\"85\"><strong>Institui\u00e7\u00e3o<\/strong><\/td>\n<td style=\"text-align: center\" width=\"180\"><strong>Fun\u00e7\u00e3o\/ Qualifica\u00e7\u00e3o<\/strong><\/td>\n<td style=\"text-align: center\" width=\"138\"><strong>E-mail<\/strong><\/td>\n<\/tr>\n<tr>\n<td width=\"123\">Adelino Pelissari<\/td>\n<td width=\"85\">UFPR<\/td>\n<td width=\"180\">Prof. Associado do Depto. de Fitotecnia e Fitossanitarismo<\/td>\n<td width=\"138\">linopeli@hotmail.com<\/td>\n<\/tr>\n<tr>\n<td width=\"123\">Alda Lucia Gomes Monteiro<\/td>\n<td width=\"85\">UFPR<\/td>\n<td width=\"180\">Prof. Adjunto do Departamento de Zootecnia<\/td>\n<td width=\"138\">aldaufpr@gmail.br<\/td>\n<\/tr>\n<tr>\n<td width=\"123\">Alessandro \u00c2ngelo<\/td>\n<td width=\"85\">UFPR<\/td>\n<td width=\"180\">Prof. Adjunto do Departamento de Ci\u00eancias Florestais<\/td>\n<td width=\"138\">alessandro.angelo@ufpr.br<\/td>\n<\/tr>\n<tr>\n<td width=\"123\">Anibal de Moraes<\/td>\n<td width=\"85\">UFPR<\/td>\n<td width=\"180\">Prof. Associado do Depto. de Fitotecnia e Fitossanitarismo<\/td>\n<td width=\"138\">anibalm@ufpr.br<\/td>\n<\/tr>\n<tr>\n<td width=\"123\">Ant\u00f4nio Carlos Vargas Motta<\/td>\n<td width=\"85\">UFPR<\/td>\n<td width=\"180\">Prof. Adjunto do Depto. de Solos<\/td>\n<td width=\"138\">mottaacv@ufpr.br<\/td>\n<\/tr>\n<tr>\n<td width=\"123\">Breno M Campos<\/td>\n<td width=\"85\">UFPR<\/td>\n<td width=\"180\">Mestrando do Programa de P\u00f3s Gradua\u00e7\u00e3o em Agronomia-Produ\u00e7\u00e3o Vegetal<\/td>\n<td width=\"138\">b.camposs@hotmail.com<\/td>\n<\/tr>\n<tr>\n<td width=\"123\">Claudete Reisdorfer Lang<\/td>\n<td width=\"85\">UFPR<\/td>\n<td width=\"180\">Prof. Adjunto do Depto. de Fitotecnia e Fitossanitarismo<\/td>\n<td width=\"138\">langc@ufpr.br<\/td>\n<\/tr>\n<tr>\n<td width=\"123\">Cicero Dechamps<\/td>\n<td width=\"85\">UFPR<\/td>\n<td width=\"180\">Prof. Adjunto do Depto. de Fitotecnia e Fitossanitarismo<\/td>\n<td width=\"138\">cicero@ufpr.br<\/td>\n<\/tr>\n<tr>\n<td width=\"123\">Daniela Maria Martin<\/td>\n<td width=\"85\">UFPR<\/td>\n<td width=\"180\">Mestrando do Programa de P\u00f3s Gradua\u00e7\u00e3o em Agronomia-Produ\u00e7\u00e3o Vegetal<\/td>\n<td width=\"138\">danielammartin@gmail.com<\/td>\n<\/tr>\n<tr>\n<td width=\"123\">Delma Ferreira da Silva<\/td>\n<td width=\"85\">UFPR<\/td>\n<td width=\"180\">Doutoranda do Programa de P\u00f3s Gradua\u00e7\u00e3o em Agronomia &#8211; Produ\u00e7\u00e3o Vegetal<\/td>\n<td width=\"138\">delmafsilva@gmail.com<\/td>\n<\/tr>\n<tr>\n<td width=\"123\">Edilson Batista de Oliveira<\/td>\n<td width=\"85\">EMBRAPA<\/td>\n<td width=\"180\">Pesquisador\/ Eng. Agr. Dr. em Estat\u00edstica<\/td>\n<td width=\"138\">edilson@cnpf.embrapa.br<\/td>\n<\/tr>\n<tr>\n<td width=\"123\">Emanuel Maltempi de Souza<\/td>\n<td width=\"85\">UFPR<\/td>\n<td width=\"180\">Prof. Titular, Dpto. de Bioqu\u00edmica e Biologia Molecular<\/td>\n<td width=\"138\"><a href=\"mailto:souzaem@ufpr.br\">souzaem@ufpr.br<\/a><\/td>\n<\/tr>\n<tr>\n<td width=\"123\">Fabiani Machado Vezzani<\/td>\n<td width=\"85\">UFPR<\/td>\n<td width=\"180\">Prof. Adjunto do Depto. de Solos<\/td>\n<td width=\"138\">vezzani@ufpr.br<\/td>\n<\/tr>\n<tr>\n<td width=\"123\">F\u00e1bio de Oliveira Pedrosa<\/td>\n<td width=\"85\">UFPR<\/td>\n<td width=\"180\">Prof. Titular, Dpto. de Bioqu\u00edmica e Biologia Molecular<\/td>\n<td width=\"138\"><a href=\"mailto:fpedrosa@ufpr.br\">fpedrosa@ufpr.br<\/a><\/td>\n<\/tr>\n<tr>\n<td width=\"123\">Itacir Eloi Sandini<\/td>\n<td width=\"85\">UNICENTRO<\/td>\n<td width=\"180\">Prof. Adjunto do Departamento de Agronomia<\/td>\n<td width=\"138\">isandini@hotmail.com<\/td>\n<\/tr>\n<tr>\n<td width=\"123\">Georgia B. Kleina<\/td>\n<td width=\"85\">UFPR<\/td>\n<td width=\"180\">Mestrando do Programa de P\u00f3s Gradua\u00e7\u00e3o em Agronomia-Produ\u00e7\u00e3o Vegetal<\/td>\n<td width=\"138\">georgia_kleina@yahoo.com.br<\/td>\n<\/tr>\n<tr>\n<td width=\"123\">Gustavo Henrique Coradassi Buff<\/td>\n<td width=\"85\">UFPR<\/td>\n<td width=\"180\">Aluno bolsista de IC de gradua\u00e7\u00e3o em Agronomia<\/td>\n<td width=\"138\">gustavobuff@ufpr.br<\/td>\n<\/tr>\n<tr>\n<td width=\"123\">Jeferson Diekow<\/td>\n<td width=\"85\">UFPR<\/td>\n<td width=\"180\">Prof. Adjunto do Depto. de Solos<\/td>\n<td width=\"138\">jefersondieckow@ufpr.br<\/td>\n<\/tr>\n<tr>\n<td width=\"123\">Jonatas Thiago Piva<\/td>\n<td width=\"85\">UFSC<\/td>\n<td width=\"180\">Professor Adjunto &#8211; Campus Curitibanos-SC<\/td>\n<td width=\"138\">jonatas.piva@ufsc.br<\/td>\n<\/tr>\n<tr>\n<td width=\"123\">Jos\u00e9 Roberto Canziani<\/td>\n<td width=\"85\">UFPR<\/td>\n<td width=\"180\">Prof. Adjunto do Departamento de Economia Rural e Extens\u00e3o<\/td>\n<td width=\"138\">canziani@ufpr.br<\/td>\n<\/tr>\n<tr>\n<td width=\"123\">Hugo Von Linsingen Piazzetta<\/td>\n<td width=\"85\">UFFS<\/td>\n<td width=\"180\">Campus Erechin<\/td>\n<td width=\"138\">hugo.piazzetta@uffs.edu.br<\/td>\n<\/tr>\n<tr>\n<td width=\"123\">Karina Maria Vieira Cavalieri<\/td>\n<td width=\"85\">UFPR<\/td>\n<td width=\"180\">Prof. Adjunto do Depto. de Solos<\/td>\n<td width=\"138\">karina.cavalieri@ufpr.br<\/td>\n<\/tr>\n<tr>\n<td width=\"123\">La\u00edse da Silveira Pontes<\/td>\n<td width=\"85\">IAPAR<\/td>\n<td width=\"180\">Pesquisadora\/ Eng. Agr. Dra. em Ci\u00eancias<\/td>\n<td width=\"138\"><a href=\"mailto:laisepontes@iapar.br\">laisepontes@iapar.br<\/a><\/td>\n<\/tr>\n<tr>\n<td width=\"123\">Leonardo Deiss<\/td>\n<td width=\"85\">UFPR<\/td>\n<td width=\"180\">Doutorando do Programa de P\u00f3s Gradua\u00e7\u00e3o em Agronomia &#8211; Produ\u00e7\u00e3o Vegetal<\/td>\n<td width=\"138\">leonardodeiss@gmail.com<\/td>\n<\/tr>\n<tr>\n<td width=\"123\">Leonardo Magalh\u00e3es Cruz<\/td>\n<td width=\"85\">UFPR<\/td>\n<td width=\"180\">Prof. Adjunto, Departamento. de Bioqu\u00edmica e Biologia<\/td>\n<td width=\"138\"><a href=\"mailto:cruzmagalha@gmail.com\">cruzmagalha@gmail.com<\/a><\/td>\n<\/tr>\n<tr>\n<td width=\"123\">Leonardo Silvestri Szymczak<\/td>\n<td width=\"85\">UFPR<\/td>\n<td width=\"180\">Mestrando do Programa de P\u00f3s Gradua\u00e7\u00e3o em Agronomia &#8211; Produ\u00e7\u00e3o Vegetal<\/td>\n<td width=\"138\">sisz.leonardo@gmail.com<\/td>\n<\/tr>\n<tr>\n<td width=\"123\">Luiz Antonio Corr\u00eaa Lucchesi<\/td>\n<td width=\"85\">UFPR<\/td>\n<td width=\"180\">Prof. Adjunto do Depto. de Solos<\/td>\n<td width=\"138\"><a href=\"mailto:lclucche@ufpr.br\">lclucche@ufpr.br<\/a><\/td>\n<\/tr>\n<tr>\n<td width=\"123\">Mauricio Zanovello Schuster<\/td>\n<td width=\"85\">UFPR<\/td>\n<td width=\"180\">Mestrando do Programa de P\u00f3s Gradua\u00e7\u00e3o em Agronomia &#8211; Produ\u00e7\u00e3o Vegetal<\/td>\n<td width=\"138\">mauricioschus@gmail.com<\/td>\n<\/tr>\n<tr>\n<td width=\"123\">Nerilde Favaretto<\/td>\n<td width=\"85\">UFPR<\/td>\n<td width=\"180\">Prof. Adjunto do Depto. de Solos<\/td>\n<td width=\"138\">nfavaretto@ufpr.br<\/td>\n<\/tr>\n<tr>\n<td width=\"123\">Paulo C\u00e9sar de Faccio Carvalho<\/td>\n<td width=\"85\">UFRGS<\/td>\n<td width=\"180\">Prof. Adjunto do Depto. de Plantas Forrageiras e Agrometeorologia<\/td>\n<td width=\"138\"><a href=\"mailto:paulocfc@ufrgs.br\">paulocfc@ufrgs.br<\/a><\/td>\n<\/tr>\n<tr>\n<td width=\"123\"><\/td>\n<td width=\"85\"><\/td>\n<td width=\"180\"><\/td>\n<td width=\"138\"><\/td>\n<\/tr>\n<tr>\n<td width=\"123\">Rafel Bonatto<\/td>\n<td width=\"85\">UFPR<\/td>\n<td width=\"180\">Doutorando do Programa de P\u00f3s Gradua\u00e7\u00e3o em Agronomia &#8211; Produ\u00e7\u00e3o Vegetal<\/td>\n<td width=\"138\">rsk8bonatto@hotmail.com<\/td>\n<\/tr>\n<tr>\n<td width=\"123\">Regina do Rocio de Andrade<\/td>\n<td width=\"85\">UFPR<\/td>\n<td width=\"180\">Doutorando do Programa de P\u00f3s Gradua\u00e7\u00e3o em Agronomia &#8211; Produ\u00e7\u00e3o Vegetal<\/td>\n<td width=\"138\">reginarandrade@uol.com.br<\/td>\n<\/tr>\n<tr>\n<td width=\"123\">Ricardo Augusto de Oliveira<\/td>\n<td width=\"85\">UFPR<\/td>\n<td width=\"180\">Prof. Adjunto do Depto. de Fitotecnia e Fitossanitarismo<\/td>\n<td width=\"138\"><a href=\"mailto:rico@ufpr.br\">rico@ufpr.br<\/a><\/td>\n<\/tr>\n<tr>\n<td width=\"123\">Rubia Dominschek Lima<\/td>\n<td width=\"85\">UFPR<\/td>\n<td width=\"180\">Doutoranda do Programa de P\u00f3s Gradua\u00e7\u00e3o em Agronomia &#8211; Produ\u00e7\u00e3o Vegetal<\/td>\n<td width=\"138\">rubiadominschek@gmail.com<\/td>\n<\/tr>\n<tr>\n<td width=\"123\">Sebasti\u00e3o Brasil Campos Lustosa<\/td>\n<td width=\"85\">UNICENTRO<\/td>\n<td width=\"180\">Prof. Adjunto do Departamento de Agronomia<\/td>\n<td width=\"138\"><a href=\"mailto:slustosa@unicentro.br\">slustosa@unicentro.br<\/a><\/td>\n<\/tr>\n<tr>\n<td width=\"123\">Silvano Kruchelski<\/td>\n<td width=\"85\">UFPR<\/td>\n<td width=\"180\">Mestrando do Programa de P\u00f3s Gradua\u00e7\u00e3o em Agronomia &#8211; Produ\u00e7\u00e3o Vegetal<\/td>\n<td width=\"138\"><a href=\"mailto:silvanokr65@gmail.com\">silvanokr65@gmail.com<\/a><\/td>\n<\/tr>\n<tr>\n<td width=\"123\">Tangriani Simioni Assmann<\/td>\n<td width=\"85\">UTFPR<\/td>\n<td width=\"180\">Prof. Adjunto do Departamento de Agronomia<\/td>\n<td width=\"138\"><a href=\"mailto:tangriani@hotmail.com\">tangriani@hotmail.com<\/a><\/td>\n<\/tr>\n<tr>\n<td width=\"123\">Tiago Celso Baldissera<\/td>\n<td width=\"85\">EPAGRI<\/td>\n<td width=\"180\">Lages<\/td>\n<td width=\"138\">tiagobaldissera@agronomo.eng.br<\/td>\n<\/tr>\n<tr>\n<td width=\"123\">Vanderley Porfirio-da-Silva<\/td>\n<td width=\"85\">EMBRAPA<\/td>\n<td width=\"180\">Pesquisador Dr., EMBRAPA _ FLORESTAS<\/td>\n<td width=\"138\">porfirio.v@gmail.com<\/td>\n<\/tr>\n<tr>\n<td width=\"123\">Vitor Afonso Hoeflich<\/td>\n<td width=\"85\">UFPR<\/td>\n<td width=\"180\">Prof. Adjunto Departamento de Economia Rural<\/td>\n<td width=\"138\">vitor.ufpr@gmail.com<\/td>\n<\/tr>\n<\/tbody>\n<\/table>\n<p><strong>Contato<\/strong><\/p>\n<p><img loading=\"lazy\" decoding=\"async\" class=\"wp-image-758 alignnone\" src=\"https:\/\/agrarias.ufpr.br\/fitotecnia\/wp-content\/uploads\/sites\/26\/2016\/03\/telefone.png\" alt=\"telefone\" width=\"22\" height=\"22\" srcset=\"https:\/\/agrarias.ufpr.br\/fitotecnia\/wp-content\/uploads\/sites\/26\/2016\/03\/telefone.png 200w, https:\/\/agrarias.ufpr.br\/fitotecnia\/wp-content\/uploads\/sites\/26\/2016\/03\/telefone-150x150.png 150w\" sizes=\"auto, (max-width: 22px) 100vw, 22px\" \/>+55 (41)\u00a03350-5754<\/p>\n<p style=\"text-align: center\"><strong>Fotos<\/strong><\/p>\n<p>[Best_Wordpress_Gallery id=&#8221;12&#8243; gal_title=&#8221;nita&#8221;]<\/p>\n<p>[su_youtube url=&#8221;https:\/\/www.youtube.com\/watch?v=_UV8LoMH7rI&#8221; width=&#8221;480&#8243; height=&#8221;340&#8243;]<\/p>\n","protected":false},"excerpt":{"rendered":"<p>Interesses Desenvolver sistemas de produ\u00e7\u00e3o agropecu\u00e1rio sustent\u00e1veis tendo como conceito de base a utiliza\u00e7\u00e3o de Sistemas Integrados. Coordenador Anibal de Moraes Local\u00a0 Esta\u00e7\u00e3o Experimental do Canguiri (UFPR).\u00a0Rua Ivone Pimentel, n\u00ba 19 83327-000 Pinhais-PR Boletim T\u00e9cnico: 1\u00ba Boletim T\u00e9cnico do N\u00facleo de Inova\u00e7\u00e3o Tecnol\u00f3gica em Agropecu\u00e1ria &#8211; NITA da UFPR. Rela\u00e7\u00e3o dos participantes no NITA\u00a0 Nome [&hellip;]<\/p>\n","protected":false},"author":3,"featured_media":0,"parent":0,"menu_order":0,"comment_status":"closed","ping_status":"closed","template":"","meta":{"footnotes":""},"class_list":["post-1527","page","type-page","status-publish","hentry"],"_links":{"self":[{"href":"https:\/\/agrarias.ufpr.br\/fitotecnia\/wp-json\/wp\/v2\/pages\/1527","targetHints":{"allow":["GET"]}}],"collection":[{"href":"https:\/\/agrarias.ufpr.br\/fitotecnia\/wp-json\/wp\/v2\/pages"}],"about":[{"href":"https:\/\/agrarias.ufpr.br\/fitotecnia\/wp-json\/wp\/v2\/types\/page"}],"author":[{"embeddable":true,"href":"https:\/\/agrarias.ufpr.br\/fitotecnia\/wp-json\/wp\/v2\/users\/3"}],"replies":[{"embeddable":true,"href":"https:\/\/agrarias.ufpr.br\/fitotecnia\/wp-json\/wp\/v2\/comments?post=1527"}],"version-history":[{"count":27,"href":"https:\/\/agrarias.ufpr.br\/fitotecnia\/wp-json\/wp\/v2\/pages\/1527\/revisions"}],"predecessor-version":[{"id":5422,"href":"https:\/\/agrarias.ufpr.br\/fitotecnia\/wp-json\/wp\/v2\/pages\/1527\/revisions\/5422"}],"wp:attachment":[{"href":"https:\/\/agrarias.ufpr.br\/fitotecnia\/wp-json\/wp\/v2\/media?parent=1527"}],"curies":[{"name":"wp","href":"https:\/\/api.w.org\/{rel}","templated":true}]}}