{"id":1516,"date":"2016-04-12T11:12:07","date_gmt":"2016-04-12T11:12:07","guid":{"rendered":"https:\/\/agrarias.ufpr.br\/fitotecnia\/?page_id=1516"},"modified":"2016-05-11T12:30:44","modified_gmt":"2016-05-11T12:30:44","slug":"forragicultura-af-047","status":"publish","type":"page","link":"https:\/\/agrarias.ufpr.br\/fitotecnia\/forragicultura-af-047\/","title":{"rendered":"Forragicultura &#8211; AF 047"},"content":{"rendered":"<p><strong>Curso<\/strong><\/p>\n<p>Agronomia<\/p>\n<p><strong>Ementa<\/strong><\/p>\n<p style=\"text-align: justify\">Tomar consci\u00eancia dos problemas b\u00e1sicos da pecu\u00e1ria, relacionados ao n\u00edvel alimentar dos animais. Conhecer as esp\u00e9cies forrageiras que podem ser importantes alternativas como forragem dentro dos diversos ambientes de clima e de solo e tipo de explora\u00e7\u00e3o animal. Conhecer t\u00e9cnicas de manejo que visem a implanta\u00e7\u00e3o e persist\u00eancia de esp\u00e9cies forrageiras e Conhecer alternativas de sistemas integrados entre pastagens, lavouras e florestas.<\/p>\n<p><strong>Natureza<\/strong><\/p>\n<p>Obrigat\u00f3ria<\/p>\n<p><strong>Carga hor\u00e1ria <\/strong><\/p>\n<p>60 horas<\/p>\n<p><strong>Semestre<\/strong><\/p>\n<p>1\u00ba e 2\u00ba<\/p>\n<p><strong>Dia\/Hor\u00e1rio<\/strong><\/p>\n<p>Ter\u00e7a-feira \/ 7:30 \u2013 11:30 horas<\/p>\n<p>Quarta-feira \/ 7:30 \u2013 11:30 horas<\/p>\n<p><strong>Docente<\/strong><\/p>\n<p><a href=\"https:\/\/agrarias.ufpr.br\/fitotecnia\/anibal-de-moraes\/\">Anibal de Moraes<\/a><\/p>\n<p><strong>Home page<\/strong><\/p>\n<p><a href=\"https:\/\/www.facebook.com\/groups\/forragicultura\/\">https:\/\/www.facebook.com\/groups\/forragicultura\/<\/a><\/p>\n<p>&nbsp;<\/p>\n","protected":false},"excerpt":{"rendered":"<p>Curso Agronomia Ementa Tomar consci\u00eancia dos problemas b\u00e1sicos da pecu\u00e1ria, relacionados ao n\u00edvel alimentar dos animais. Conhecer as esp\u00e9cies forrageiras que podem ser importantes alternativas como forragem dentro dos diversos ambientes de clima e de solo e tipo de explora\u00e7\u00e3o animal. Conhecer t\u00e9cnicas de manejo que visem a implanta\u00e7\u00e3o e persist\u00eancia de esp\u00e9cies forrageiras e [&hellip;]<\/p>\n","protected":false},"author":3,"featured_media":0,"parent":0,"menu_order":0,"comment_status":"closed","ping_status":"closed","template":"","meta":{"footnotes":""},"class_list":["post-1516","page","type-page","status-publish","hentry"],"_links":{"self":[{"href":"https:\/\/agrarias.ufpr.br\/fitotecnia\/wp-json\/wp\/v2\/pages\/1516","targetHints":{"allow":["GET"]}}],"collection":[{"href":"https:\/\/agrarias.ufpr.br\/fitotecnia\/wp-json\/wp\/v2\/pages"}],"about":[{"href":"https:\/\/agrarias.ufpr.br\/fitotecnia\/wp-json\/wp\/v2\/types\/page"}],"author":[{"embeddable":true,"href":"https:\/\/agrarias.ufpr.br\/fitotecnia\/wp-json\/wp\/v2\/users\/3"}],"replies":[{"embeddable":true,"href":"https:\/\/agrarias.ufpr.br\/fitotecnia\/wp-json\/wp\/v2\/comments?post=1516"}],"version-history":[{"count":9,"href":"https:\/\/agrarias.ufpr.br\/fitotecnia\/wp-json\/wp\/v2\/pages\/1516\/revisions"}],"predecessor-version":[{"id":3104,"href":"https:\/\/agrarias.ufpr.br\/fitotecnia\/wp-json\/wp\/v2\/pages\/1516\/revisions\/3104"}],"wp:attachment":[{"href":"https:\/\/agrarias.ufpr.br\/fitotecnia\/wp-json\/wp\/v2\/media?parent=1516"}],"curies":[{"name":"wp","href":"https:\/\/api.w.org\/{rel}","templated":true}]}}