{"id":1475,"date":"2016-04-07T18:08:25","date_gmt":"2016-04-07T18:08:25","guid":{"rendered":"https:\/\/agrarias.ufpr.br\/fitotecnia\/?page_id=1475"},"modified":"2025-06-25T14:54:20","modified_gmt":"2025-06-25T14:54:20","slug":"laboratorio-de-fitopatologia","status":"publish","type":"page","link":"https:\/\/agrarias.ufpr.br\/fitotecnia\/laboratorio-de-fitopatologia\/","title":{"rendered":"Laborat\u00f3rio de Fitopatologia"},"content":{"rendered":"<p><img loading=\"lazy\" decoding=\"async\" class=\"size-medium wp-image-6145 alignnone\" src=\"https:\/\/agrarias.ufpr.br\/fitotecnia\/wp-content\/uploads\/sites\/26\/2025\/06\/Imagem-do-WhatsApp-de-2025-06-24-as-15.23.23_37c4ae11-300x300.jpg\" alt=\"\" width=\"300\" height=\"300\" srcset=\"https:\/\/agrarias.ufpr.br\/fitotecnia\/wp-content\/uploads\/sites\/26\/2025\/06\/Imagem-do-WhatsApp-de-2025-06-24-as-15.23.23_37c4ae11-300x300.jpg 300w, https:\/\/agrarias.ufpr.br\/fitotecnia\/wp-content\/uploads\/sites\/26\/2025\/06\/Imagem-do-WhatsApp-de-2025-06-24-as-15.23.23_37c4ae11-1024x1024.jpg 1024w, https:\/\/agrarias.ufpr.br\/fitotecnia\/wp-content\/uploads\/sites\/26\/2025\/06\/Imagem-do-WhatsApp-de-2025-06-24-as-15.23.23_37c4ae11-150x150.jpg 150w, https:\/\/agrarias.ufpr.br\/fitotecnia\/wp-content\/uploads\/sites\/26\/2025\/06\/Imagem-do-WhatsApp-de-2025-06-24-as-15.23.23_37c4ae11-768x768.jpg 768w, https:\/\/agrarias.ufpr.br\/fitotecnia\/wp-content\/uploads\/sites\/26\/2025\/06\/Imagem-do-WhatsApp-de-2025-06-24-as-15.23.23_37c4ae11-250x250.jpg 250w, https:\/\/agrarias.ufpr.br\/fitotecnia\/wp-content\/uploads\/sites\/26\/2025\/06\/Imagem-do-WhatsApp-de-2025-06-24-as-15.23.23_37c4ae11.jpg 1280w\" sizes=\"auto, (max-width: 300px) 100vw, 300px\" \/><\/p>\n<p><strong>Interesses de pesquisa<\/strong><\/p>\n<p style=\"text-align: justify;\">Laborat\u00f3rio fornece apoio \u00e0s disciplinas de gradua\u00e7\u00e3o e p\u00f3s-gradua\u00e7\u00e3o envolvendo o tema Fitopatologia, sendo utilizado por estudantes, professores e colaboradores.<\/p>\n<p style=\"text-align: justify;\">Disciplinas que utilizam o laborat\u00f3rio: Fitopatologia Geral, Fitopatologia Especial, Fitossanidade Florestal, Nematologia Agr\u00edcola e Introdu\u00e7\u00e3o \u00e0 Pesquisa em Fitopatologia (Gradua\u00e7\u00e3o). Controle Qu\u00edmico de\u00a0doen\u00e7as de plantas, Fungos Fitopatog\u00eanicos, Epidemiologia para o Manejo de Doen\u00e7as de Plantas, Diagnose de Doen\u00e7as de Plantas e Princ\u00edpios e M\u00e9todos em Fitopatologia (P\u00f3s-gradua\u00e7\u00e3o).<\/p>\n<p><strong>Coordenadora<\/strong><\/p>\n<p><a href=\"https:\/\/agrarias.ufpr.br\/fitotecnia\/renata-faier-calegario-2\/\">Renata Faier Calegario<\/a><\/p>\n<p><strong>Colaboradores<\/strong><\/p>\n<p><a href=\"https:\/\/agrarias.ufpr.br\/fitotecnia\/henrique-da-silva-silveira-duarte\/\">Henrique da Silva Silveira Duarte\u00a0<\/a><\/p>\n<p><a href=\"https:\/\/agrarias.ufpr.br\/fitotecnia\/louise-larissa-may-de-mio\/\">Louise Larissa May De Mio\u00a0<\/a><\/p>\n<p><a href=\"https:\/\/agrarias.ufpr.br\/fitotecnia\/lucimeris-ruaro\/\">Lucimeris Ruaro<\/a><\/p>\n<p><strong>T\u00e9cnica<\/strong><\/p>\n<p>Juliana Chiesse Da Silva Zatta<\/p>\n<p><strong>Contatos<\/strong><\/p>\n<p><strong><img loading=\"lazy\" decoding=\"async\" class=\"wp-image-758 alignnone\" src=\"https:\/\/agrarias.ufpr.br\/fitotecnia\/wp-content\/uploads\/sites\/26\/2016\/03\/telefone.png\" alt=\"telefone\" width=\"22\" height=\"22\" srcset=\"https:\/\/agrarias.ufpr.br\/fitotecnia\/wp-content\/uploads\/sites\/26\/2016\/03\/telefone.png 200w, https:\/\/agrarias.ufpr.br\/fitotecnia\/wp-content\/uploads\/sites\/26\/2016\/03\/telefone-150x150.png 150w\" sizes=\"auto, (max-width: 22px) 100vw, 22px\" \/>\u00a0<\/strong>+55 (41) 3350-5755<\/p>\n<p style=\"text-align: center;\"><strong>Fotos<\/strong><\/p>\n<p>[Best_Wordpress_Gallery id=&#8221;10&#8243; gal_title=&#8221;fitopatologia&#8221;]<\/p>\n","protected":false},"excerpt":{"rendered":"<p>Interesses de pesquisa Laborat\u00f3rio fornece apoio \u00e0s disciplinas de gradua\u00e7\u00e3o e p\u00f3s-gradua\u00e7\u00e3o envolvendo o tema Fitopatologia, sendo utilizado por estudantes, professores e colaboradores. Disciplinas que utilizam o laborat\u00f3rio: Fitopatologia Geral, Fitopatologia Especial, Fitossanidade Florestal, Nematologia Agr\u00edcola e Introdu\u00e7\u00e3o \u00e0 Pesquisa em Fitopatologia (Gradua\u00e7\u00e3o). Controle Qu\u00edmico de\u00a0doen\u00e7as de plantas, Fungos Fitopatog\u00eanicos, Epidemiologia para o Manejo de [&hellip;]<\/p>\n","protected":false},"author":3,"featured_media":0,"parent":0,"menu_order":0,"comment_status":"closed","ping_status":"closed","template":"","meta":{"footnotes":""},"class_list":["post-1475","page","type-page","status-publish","hentry"],"_links":{"self":[{"href":"https:\/\/agrarias.ufpr.br\/fitotecnia\/wp-json\/wp\/v2\/pages\/1475","targetHints":{"allow":["GET"]}}],"collection":[{"href":"https:\/\/agrarias.ufpr.br\/fitotecnia\/wp-json\/wp\/v2\/pages"}],"about":[{"href":"https:\/\/agrarias.ufpr.br\/fitotecnia\/wp-json\/wp\/v2\/types\/page"}],"author":[{"embeddable":true,"href":"https:\/\/agrarias.ufpr.br\/fitotecnia\/wp-json\/wp\/v2\/users\/3"}],"replies":[{"embeddable":true,"href":"https:\/\/agrarias.ufpr.br\/fitotecnia\/wp-json\/wp\/v2\/comments?post=1475"}],"version-history":[{"count":10,"href":"https:\/\/agrarias.ufpr.br\/fitotecnia\/wp-json\/wp\/v2\/pages\/1475\/revisions"}],"predecessor-version":[{"id":6152,"href":"https:\/\/agrarias.ufpr.br\/fitotecnia\/wp-json\/wp\/v2\/pages\/1475\/revisions\/6152"}],"wp:attachment":[{"href":"https:\/\/agrarias.ufpr.br\/fitotecnia\/wp-json\/wp\/v2\/media?parent=1475"}],"curies":[{"name":"wp","href":"https:\/\/api.w.org\/{rel}","templated":true}]}}