{"id":1470,"date":"2016-04-07T18:03:42","date_gmt":"2016-04-07T18:03:42","guid":{"rendered":"https:\/\/agrarias.ufpr.br\/fitotecnia\/?page_id=1470"},"modified":"2016-05-11T12:30:21","modified_gmt":"2016-05-11T12:30:21","slug":"fitopatologia-geral-af-029-2","status":"publish","type":"page","link":"https:\/\/agrarias.ufpr.br\/fitotecnia\/fitopatologia-geral-af-029-2\/","title":{"rendered":"Fitopatologia geral &#8211; AF 029"},"content":{"rendered":"<p><strong>Curso<\/strong><\/p>\n<p>Agronomia<\/p>\n<p><strong>Ementa<\/strong><\/p>\n<p style=\"text-align: justify\">Import\u00e2ncia das doen\u00e7as de plantas. Conceito de doen\u00e7a. Classifica\u00e7\u00e3o. Caracter\u00edsticas gerais dos microorganismos fitopatog\u00eanicos: Classifica\u00e7\u00e3o, morfologia, reprodu\u00e7\u00e3o e crescimento de fungos, bact\u00e9rias (t\u00edpicas, ricketzias e actinomicetos), v\u00edrus e vir\u00f3ides, micoplasmas. Antissepsia e esteriliza\u00e7\u00e3o. Meios de cultura. Sintomatologia. Diagnose. Transmiss\u00e3o experimental. Princ\u00edpios gerais de controle das doen\u00e7as de plantas. Conceito de prote\u00e7\u00e3o, imuniza\u00e7\u00e3o, suscetibilidade, toler\u00e2ncia e resist\u00eancia. Epidemiologia. Doen\u00e7as de plantas causadas por agentes n\u00e3o parasit\u00e1rios. T\u00e9cnicas de coleta de material para exame fitopatol\u00f3gico. Herb\u00e1rio e Museu Fitopatol\u00f3gico.<\/p>\n<p><strong>Natureza<\/strong><\/p>\n<p>Obrigat\u00f3ria<\/p>\n<p><strong>Carga hor\u00e1ria<\/strong><\/p>\n<p><strong>\u00a0<\/strong>75 horas<\/p>\n<p><strong>Semestre<\/strong><\/p>\n<p><strong>\u00a0<\/strong>1\u00ba e 2\u00ba<\/p>\n<p><strong>Dia\/Hor\u00e1rio<\/strong><\/p>\n<p>Ter\u00e7a-feira \/ 07:30 &#8211; 12:30 horas<\/p>\n<p>Ter\u00e7a-feira \/ 13:30 &#8211; 18:30 horas<\/p>\n<p><strong>Docentes<\/strong><\/p>\n<p><a href=\"https:\/\/agrarias.ufpr.br\/fitotecnia\/louise-larissa-may-de-mio\/\">Louise Larissa May De Mio <\/a><\/p>\n<p><a href=\"https:\/\/agrarias.ufpr.br\/fitotecnia\/renata-faier-calegario\/\">Renata Faier Calegario<\/a><\/p>\n<p><strong>Home page<\/strong><\/p>\n<p><a href=\"http:\/\/fitopatologia-ufpr-2016.blogspot.com.br\/\">http:\/\/fitopatologia-ufpr-2016.blogspot.com.br\/<\/a><\/p>\n","protected":false},"excerpt":{"rendered":"<p>Curso Agronomia Ementa Import\u00e2ncia das doen\u00e7as de plantas. Conceito de doen\u00e7a. Classifica\u00e7\u00e3o. Caracter\u00edsticas gerais dos microorganismos fitopatog\u00eanicos: Classifica\u00e7\u00e3o, morfologia, reprodu\u00e7\u00e3o e crescimento de fungos, bact\u00e9rias (t\u00edpicas, ricketzias e actinomicetos), v\u00edrus e vir\u00f3ides, micoplasmas. Antissepsia e esteriliza\u00e7\u00e3o. Meios de cultura. Sintomatologia. Diagnose. Transmiss\u00e3o experimental. Princ\u00edpios gerais de controle das doen\u00e7as de plantas. Conceito de prote\u00e7\u00e3o, imuniza\u00e7\u00e3o, [&hellip;]<\/p>\n","protected":false},"author":3,"featured_media":0,"parent":0,"menu_order":0,"comment_status":"closed","ping_status":"closed","template":"","meta":{"footnotes":""},"class_list":["post-1470","page","type-page","status-publish","hentry"],"_links":{"self":[{"href":"https:\/\/agrarias.ufpr.br\/fitotecnia\/wp-json\/wp\/v2\/pages\/1470","targetHints":{"allow":["GET"]}}],"collection":[{"href":"https:\/\/agrarias.ufpr.br\/fitotecnia\/wp-json\/wp\/v2\/pages"}],"about":[{"href":"https:\/\/agrarias.ufpr.br\/fitotecnia\/wp-json\/wp\/v2\/types\/page"}],"author":[{"embeddable":true,"href":"https:\/\/agrarias.ufpr.br\/fitotecnia\/wp-json\/wp\/v2\/users\/3"}],"replies":[{"embeddable":true,"href":"https:\/\/agrarias.ufpr.br\/fitotecnia\/wp-json\/wp\/v2\/comments?post=1470"}],"version-history":[{"count":9,"href":"https:\/\/agrarias.ufpr.br\/fitotecnia\/wp-json\/wp\/v2\/pages\/1470\/revisions"}],"predecessor-version":[{"id":3103,"href":"https:\/\/agrarias.ufpr.br\/fitotecnia\/wp-json\/wp\/v2\/pages\/1470\/revisions\/3103"}],"wp:attachment":[{"href":"https:\/\/agrarias.ufpr.br\/fitotecnia\/wp-json\/wp\/v2\/media?parent=1470"}],"curies":[{"name":"wp","href":"https:\/\/api.w.org\/{rel}","templated":true}]}}