{"id":1458,"date":"2016-04-07T17:53:13","date_gmt":"2016-04-07T17:53:13","guid":{"rendered":"https:\/\/agrarias.ufpr.br\/fitotecnia\/?page_id=1458"},"modified":"2016-04-07T18:05:55","modified_gmt":"2016-04-07T18:05:55","slug":"renata-faier-calegario","status":"publish","type":"page","link":"https:\/\/agrarias.ufpr.br\/fitotecnia\/renata-faier-calegario\/","title":{"rendered":"Renata Faier Calegario"},"content":{"rendered":"<p>Professor Adjunto<\/p>\n<p><strong>Forma\u00e7\u00e3o acad\u00eamica: <\/strong><\/p>\n<p>Dra. em Fitopatologia, ESALQ\/USP (2009)<\/p>\n<p>M.Sc. em Fitopatologia, UFV (2004)<\/p>\n<p>Eng. Agr\u00f4noma, UFV (2002)<\/p>\n<p><strong>\u00c1rea\/linha de pesquisa<\/strong><\/p>\n<p>Virologia Vegetal<\/p>\n<p><strong>Gradua\u00e7\u00e3o<\/strong><\/p>\n<p><a href=\"https:\/\/agrarias.ufpr.br\/fitotecnia\/fitopatologia-geral-af-029-2\/\">AF029 \u2013 Fitopatologia Geral<\/a><\/p>\n<p><a href=\"https:\/\/agrarias.ufpr.br\/fitotecnia\/introducao-a-pesquisa-em-fitopatologia-af050\/\">AF050 \u2013 Introdu\u00e7\u00e3o \u00e0 Pesquisa em Fitopatologia<\/a><\/p>\n<p>AF060 \u2013 Biotecnologia Vegetal<\/p>\n<p><a href=\"http:\/\/lattes.cnpq.br\/2827241409293980\"><img loading=\"lazy\" decoding=\"async\" class=\"alignnone\" src=\"https:\/\/agrarias.ufpr.br\/fitotecnia\/wp-content\/uploads\/sites\/26\/2016\/03\/icon_lattes.png\" alt=\"icon_lattes\" width=\"30\" height=\"29\" \/><\/a>\u00a0<a href=\"http:\/\/buscatextual.cnpq.br\/buscatextual\/visualizacv.do?id=K4790980Y2\">Lattes<\/a><\/p>\n<div class=\"t4p-reading-box-container reading-box-container-1\">\n<section class=\"reading-box element-bottomshadow\" style=\"background-color: #fdfafa; border-top-width: 3px; border-top-color: #73B819; border: 0px solid #f6f6f6;\">\n<h3>Contatos<\/h3>\n<p><img loading=\"lazy\" decoding=\"async\" class=\"wp-image-758 alignnone\" src=\"https:\/\/agrarias.ufpr.br\/fitotecnia\/wp-content\/uploads\/sites\/26\/2016\/03\/telefone.png\" alt=\"telefone\" width=\"22\" height=\"22\" srcset=\"https:\/\/agrarias.ufpr.br\/fitotecnia\/wp-content\/uploads\/sites\/26\/2016\/03\/telefone.png 200w, https:\/\/agrarias.ufpr.br\/fitotecnia\/wp-content\/uploads\/sites\/26\/2016\/03\/telefone-150x150.png 150w\" sizes=\"auto, (max-width: 22px) 100vw, 22px\" \/>+55(41)33505820<\/p>\n<p><img loading=\"lazy\" decoding=\"async\" class=\"alignnone wp-image-757\" src=\"https:\/\/agrarias.ufpr.br\/fitotecnia\/wp-content\/uploads\/sites\/26\/2016\/03\/email-small-.jpg\" alt=\"email small\" width=\"22\" height=\"22\" \/> renata.faier@ufpr.br<\/p>\n<\/section>\n<\/div>\n<p>&nbsp;<\/p>\n","protected":false},"excerpt":{"rendered":"<p>Professor Adjunto Forma\u00e7\u00e3o acad\u00eamica: Dra. em Fitopatologia, ESALQ\/USP (2009) M.Sc. em Fitopatologia, UFV (2004) Eng. Agr\u00f4noma, UFV (2002) \u00c1rea\/linha de pesquisa Virologia Vegetal Gradua\u00e7\u00e3o AF029 \u2013 Fitopatologia Geral AF050 \u2013 Introdu\u00e7\u00e3o \u00e0 Pesquisa em Fitopatologia AF060 \u2013 Biotecnologia Vegetal \u00a0Lattes Contatos +55(41)33505820 renata.faier@ufpr.br &nbsp;<\/p>\n","protected":false},"author":3,"featured_media":0,"parent":0,"menu_order":0,"comment_status":"closed","ping_status":"closed","template":"","meta":{"footnotes":""},"class_list":["post-1458","page","type-page","status-publish","hentry"],"_links":{"self":[{"href":"https:\/\/agrarias.ufpr.br\/fitotecnia\/wp-json\/wp\/v2\/pages\/1458","targetHints":{"allow":["GET"]}}],"collection":[{"href":"https:\/\/agrarias.ufpr.br\/fitotecnia\/wp-json\/wp\/v2\/pages"}],"about":[{"href":"https:\/\/agrarias.ufpr.br\/fitotecnia\/wp-json\/wp\/v2\/types\/page"}],"author":[{"embeddable":true,"href":"https:\/\/agrarias.ufpr.br\/fitotecnia\/wp-json\/wp\/v2\/users\/3"}],"replies":[{"embeddable":true,"href":"https:\/\/agrarias.ufpr.br\/fitotecnia\/wp-json\/wp\/v2\/comments?post=1458"}],"version-history":[{"count":6,"href":"https:\/\/agrarias.ufpr.br\/fitotecnia\/wp-json\/wp\/v2\/pages\/1458\/revisions"}],"predecessor-version":[{"id":1474,"href":"https:\/\/agrarias.ufpr.br\/fitotecnia\/wp-json\/wp\/v2\/pages\/1458\/revisions\/1474"}],"wp:attachment":[{"href":"https:\/\/agrarias.ufpr.br\/fitotecnia\/wp-json\/wp\/v2\/media?parent=1458"}],"curies":[{"name":"wp","href":"https:\/\/api.w.org\/{rel}","templated":true}]}}