{"id":1454,"date":"2016-04-07T17:24:11","date_gmt":"2016-04-07T17:24:11","guid":{"rendered":"https:\/\/agrarias.ufpr.br\/fitotecnia\/?page_id=1454"},"modified":"2016-05-11T16:51:43","modified_gmt":"2016-05-11T16:51:43","slug":"introducao-a-pesquisa-em-fitopatologia-af050","status":"publish","type":"page","link":"https:\/\/agrarias.ufpr.br\/fitotecnia\/introducao-a-pesquisa-em-fitopatologia-af050\/","title":{"rendered":"Introdu\u00e7\u00e3o \u00e0 Pesquisa em Fitopatologia &#8211; AF 050"},"content":{"rendered":"<p><strong>Curso<\/strong><\/p>\n<p>Agronomia<\/p>\n<p><strong>Ementa<\/strong><\/p>\n<p>A pesquisa cient\u00edfica. Projeto de Pesquisa: Estrutura principal; Introdu\u00e7\u00e3o; o problema de pesquisa e sua formula\u00e7\u00e3o, hip\u00f3teses e justificativas; objetivos; busca bibliogr\u00e1fica; revis\u00e3o de literatura; material e m\u00e9todos. An\u00e1lise e apresenta\u00e7\u00e3o dos Resultados. Reda\u00e7\u00e3o de Artigo cient\u00edfico. Normas para reda\u00e7\u00e3o de textos cient\u00edficos e tipos de publica\u00e7\u00f5es cient\u00edficas.<\/p>\n<p><strong>Natureza<\/strong><\/p>\n<p>Optativa<\/p>\n<p><strong>Carga hor\u00e1ria<\/strong><\/p>\n<p>120 horas<\/p>\n<p><strong>Semestre<\/strong><\/p>\n<p>2\u00ba<\/p>\n<p><strong>Dia\/Hor\u00e1rio<\/strong><\/p>\n<p>Segunda-feira \/ 07:30 &#8211;\u00a009:30 horas<\/p>\n<p>Aluno dever\u00e1 cumprir mais 6 horas\/semana para desenvolvimento do projeto sob orienta\u00e7\u00e3o do professor orientador<\/p>\n<p><strong>Docente<\/strong><\/p>\n<p><a href=\"https:\/\/agrarias.ufpr.br\/fitotecnia\/renata-faier-calegario-2\/\">Renata Faier Calegario<\/a><\/p>\n<p><strong>Orientadores<\/strong><\/p>\n<p><a href=\"https:\/\/agrarias.ufpr.br\/fitotecnia\/henrique-da-silva-silveira-duarte\/\">Henrique da Silva Silveira Duarte<\/a><\/p>\n<p><a href=\"https:\/\/agrarias.ufpr.br\/fitotecnia\/louise-larissa-may-de-mio\/\">Louise Larissa May De Mio<\/a><\/p>\n<p><a href=\"https:\/\/agrarias.ufpr.br\/fitotecnia\/lucimeris-ruaro\/\">Lucimeris Ruaro<\/a><\/p>\n<p><a href=\"https:\/\/agrarias.ufpr.br\/fitotecnia\/renata-faier-calegario-2\/\">Renata Faier Calegario<\/a><\/p>\n","protected":false},"excerpt":{"rendered":"<p>Curso Agronomia Ementa A pesquisa cient\u00edfica. Projeto de Pesquisa: Estrutura principal; Introdu\u00e7\u00e3o; o problema de pesquisa e sua formula\u00e7\u00e3o, hip\u00f3teses e justificativas; objetivos; busca bibliogr\u00e1fica; revis\u00e3o de literatura; material e m\u00e9todos. An\u00e1lise e apresenta\u00e7\u00e3o dos Resultados. Reda\u00e7\u00e3o de Artigo cient\u00edfico. Normas para reda\u00e7\u00e3o de textos cient\u00edficos e tipos de publica\u00e7\u00f5es cient\u00edficas. Natureza Optativa Carga hor\u00e1ria [&hellip;]<\/p>\n","protected":false},"author":3,"featured_media":0,"parent":0,"menu_order":0,"comment_status":"closed","ping_status":"closed","template":"","meta":{"footnotes":""},"class_list":["post-1454","page","type-page","status-publish","hentry"],"_links":{"self":[{"href":"https:\/\/agrarias.ufpr.br\/fitotecnia\/wp-json\/wp\/v2\/pages\/1454","targetHints":{"allow":["GET"]}}],"collection":[{"href":"https:\/\/agrarias.ufpr.br\/fitotecnia\/wp-json\/wp\/v2\/pages"}],"about":[{"href":"https:\/\/agrarias.ufpr.br\/fitotecnia\/wp-json\/wp\/v2\/types\/page"}],"author":[{"embeddable":true,"href":"https:\/\/agrarias.ufpr.br\/fitotecnia\/wp-json\/wp\/v2\/users\/3"}],"replies":[{"embeddable":true,"href":"https:\/\/agrarias.ufpr.br\/fitotecnia\/wp-json\/wp\/v2\/comments?post=1454"}],"version-history":[{"count":11,"href":"https:\/\/agrarias.ufpr.br\/fitotecnia\/wp-json\/wp\/v2\/pages\/1454\/revisions"}],"predecessor-version":[{"id":3187,"href":"https:\/\/agrarias.ufpr.br\/fitotecnia\/wp-json\/wp\/v2\/pages\/1454\/revisions\/3187"}],"wp:attachment":[{"href":"https:\/\/agrarias.ufpr.br\/fitotecnia\/wp-json\/wp\/v2\/media?parent=1454"}],"curies":[{"name":"wp","href":"https:\/\/api.w.org\/{rel}","templated":true}]}}