{"id":1429,"date":"2016-04-07T14:19:51","date_gmt":"2016-04-07T14:19:51","guid":{"rendered":"https:\/\/agrarias.ufpr.br\/fitotecnia\/?page_id=1429"},"modified":"2016-05-11T12:31:34","modified_gmt":"2016-05-11T12:31:34","slug":"fruticultura-ii-af031-2","status":"publish","type":"page","link":"https:\/\/agrarias.ufpr.br\/fitotecnia\/fruticultura-ii-af031-2\/","title":{"rendered":"Fruticultura II &#8211; AF 031"},"content":{"rendered":"<p><strong>Curso<\/strong><\/p>\n<p>Agronomia<\/p>\n<p><strong>Ementa<\/strong><\/p>\n<p>Manejo das fruteiras de clima temperado, subtropical e tropical, de interesse econ\u00f4mico para o Sul do Brasil, visando a produ\u00e7\u00e3o de frutas. Colheita e comercializa\u00e7\u00e3o.<\/p>\n<p><strong>Natureza<\/strong><\/p>\n<p>Obrigat\u00f3ria<\/p>\n<p><strong>Carga hor\u00e1ria<\/strong><\/p>\n<p>60 horas<\/p>\n<p><strong>Semestre<\/strong><\/p>\n<p>1\u00ba e 2\u00ba<\/p>\n<p><strong>Dia\/Hor\u00e1rio<\/strong><\/p>\n<p>Sexta-feira \/ 07:30 &#8211; 11:30 horas<\/p>\n<p>Sexta-feira \/ 13:30 &#8211; 17:30 horas<\/p>\n<p><strong>Docentes<\/strong><\/p>\n<p><a href=\"https:\/\/agrarias.ufpr.br\/fitotecnia\/luiz-antonio-biasi\/\">Luiz Antonio Biasi<\/a><\/p>\n<p><a href=\"https:\/\/agrarias.ufpr.br\/fitotecnia\/mauro-brasil-dias-tofanelli\/\">Mauro Brasil Dias Tofanelli<\/a><\/p>\n","protected":false},"excerpt":{"rendered":"<p>Curso Agronomia Ementa Manejo das fruteiras de clima temperado, subtropical e tropical, de interesse econ\u00f4mico para o Sul do Brasil, visando a produ\u00e7\u00e3o de frutas. Colheita e comercializa\u00e7\u00e3o. Natureza Obrigat\u00f3ria Carga hor\u00e1ria 60 horas Semestre 1\u00ba e 2\u00ba Dia\/Hor\u00e1rio Sexta-feira \/ 07:30 &#8211; 11:30 horas Sexta-feira \/ 13:30 &#8211; 17:30 horas Docentes Luiz Antonio Biasi [&hellip;]<\/p>\n","protected":false},"author":3,"featured_media":0,"parent":0,"menu_order":0,"comment_status":"closed","ping_status":"closed","template":"","meta":{"footnotes":""},"class_list":["post-1429","page","type-page","status-publish","hentry"],"_links":{"self":[{"href":"https:\/\/agrarias.ufpr.br\/fitotecnia\/wp-json\/wp\/v2\/pages\/1429","targetHints":{"allow":["GET"]}}],"collection":[{"href":"https:\/\/agrarias.ufpr.br\/fitotecnia\/wp-json\/wp\/v2\/pages"}],"about":[{"href":"https:\/\/agrarias.ufpr.br\/fitotecnia\/wp-json\/wp\/v2\/types\/page"}],"author":[{"embeddable":true,"href":"https:\/\/agrarias.ufpr.br\/fitotecnia\/wp-json\/wp\/v2\/users\/3"}],"replies":[{"embeddable":true,"href":"https:\/\/agrarias.ufpr.br\/fitotecnia\/wp-json\/wp\/v2\/comments?post=1429"}],"version-history":[{"count":7,"href":"https:\/\/agrarias.ufpr.br\/fitotecnia\/wp-json\/wp\/v2\/pages\/1429\/revisions"}],"predecessor-version":[{"id":3106,"href":"https:\/\/agrarias.ufpr.br\/fitotecnia\/wp-json\/wp\/v2\/pages\/1429\/revisions\/3106"}],"wp:attachment":[{"href":"https:\/\/agrarias.ufpr.br\/fitotecnia\/wp-json\/wp\/v2\/media?parent=1429"}],"curies":[{"name":"wp","href":"https:\/\/api.w.org\/{rel}","templated":true}]}}