{"id":1421,"date":"2016-04-07T14:14:34","date_gmt":"2016-04-07T14:14:34","guid":{"rendered":"https:\/\/agrarias.ufpr.br\/fitotecnia\/?page_id=1421"},"modified":"2021-03-19T16:01:42","modified_gmt":"2021-03-19T16:01:42","slug":"luiz-antonio-biasi","status":"publish","type":"page","link":"https:\/\/agrarias.ufpr.br\/fitotecnia\/luiz-antonio-biasi\/","title":{"rendered":"Luiz Antonio Biasi"},"content":{"rendered":"<p>Professor Titular<\/p>\n<p><strong>Forma\u00e7\u00e3o Acad\u00eamica&nbsp;<\/strong><\/p>\n<p>P\u00f3s-Doutorado, University of Georgia, UGA, Estados Unidos (2015-2015)<\/p>\n<p>Dr. em Agronomia, USP (1996)<\/p>\n<p>M.Sc. em Fitotecnia, UFRGS (1993)<\/p>\n<p>Eng. Agr\u00f4nomo, UFPR (1990)<\/p>\n<p><strong>\u00c1rea\/Sub-\u00e1rea\/Linha de pesquisa<\/strong><\/p>\n<p>Horticultura\/Fruticultura\/Biotecnologia e Manejo de Esp\u00e9cies Frut\u00edferas<\/p>\n<p><strong>Disciplinas Ministradas na&nbsp;<\/strong><strong>Gradua\u00e7\u00e3o<\/strong><\/p>\n<p><a href=\"https:\/\/agrarias.ufpr.br\/fitotecnia\/fruticultura-i-af030-2\/\">AF 030 \u2013 Fruticultura I<\/a><\/p>\n<p><a href=\"https:\/\/agrarias.ufpr.br\/fitotecnia\/fruticultura-ii-af031-2\/\">AF 031 \u2013 Fruticultura II<\/a><\/p>\n<p><a href=\"https:\/\/agrarias.ufpr.br\/fitotecnia\/biotecnologia-vegetal\/\">AF 060 \u2013 Biotecnologia Vegetal<\/a><\/p>\n<p><a href=\"https:\/\/agrarias.ufpr.br\/fitotecnia\/estagio-obrigatorio-supervisionado-em-agronomia-agro-001\/\">AGRO 001 &#8211; Est\u00e1gio Obrigat\u00f3rio Supervisionado em Agronomia<\/a><\/p>\n<p><a href=\"https:\/\/agrarias.ufpr.br\/fitotecnia\/introducao-a-pesquisa-em-fitotecnia-af048\/\">AF 048 \u2013 Introdu\u00e7\u00e3o \u00e0 Pesquisa em Fitotecnia&nbsp;(orienta\u00e7\u00e3o)<\/a><\/p>\n<p><a href=\"https:\/\/agrarias.ufpr.br\/fitotecnia\/horticultura-geral-af-063\/\">AF103 &#8211; Horticultura I<\/a><\/p>\n<p><strong>Disciplinas Ministradas na P\u00f3s-gradua\u00e7\u00e3o <\/strong><\/p>\n<p class=\"Normal tm5\"><a href=\"https:\/\/agrarias.ufpr.br\/pgapv\/agro-7016-manejo-de-especies-frutiferas-de-clima-temperado\/\"><span class=\"tm6\">AGRO 7016 \u2013 Manejo de Esp\u00e9cies Frut\u00edferas de Clima Temperado<\/span><\/a><\/p>\n<p><a href=\"https:\/\/agrarias.ufpr.br\/pgapv\/agro-7027-pratica-docente-i\/\">AGRO 7027 \u2013 Pr\u00e1tica Docente I<\/a><\/p>\n<p><a href=\"https:\/\/agrarias.ufpr.br\/pgapv\/agro7028-pratica-docente-ii\/\">AGRO 7028 \u2013 Pr\u00e1tica Docente II<\/a><\/p>\n<p><a href=\"https:\/\/agrarias.ufpr.br\/pgapv\/agro-7036-topicos-especiais-ii-cultivo-de-pequenas-frutas-e-frutas-nativas\/\"><span class=\"tm6\">AGRO 7<\/span><span class=\"tm6\">036 \u2013 T\u00f3picos Especiais II \u2013 Cultivo de Pequenas Frutas e Frutas Nativas<\/span><\/a><\/p>\n<p><a href=\"https:\/\/agrarias.ufpr.br\/pgapv\/agro-7036-topicos-especias-ii-viticultura\/\"><span class=\"tm6\">AGRO 7048 \u2013 Viticultura<\/span><\/a><\/p>\n<p><strong>Coordena\u00e7\u00e3o de Projetos<\/strong><\/p>\n<p style=\"text-align: justify\"><a href=\"https:\/\/agrarias.ufpr.br\/fitotecnia\/estudos-de-adaptabilidade-e-tecnicas-de-manejo-para-a-producao-de-especies-frutiferas-de-clima-temperado-em-condicoes-de-inverno-ameno\/\">Estudos de adaptabilidade e t\u00e9cnicas de manejo para a produ\u00e7\u00e3o de esp\u00e9cies frut\u00edferas de clima temperado em condi\u00e7\u00f5es de inverno ameno<\/a><\/p>\n<p style=\"text-align: justify\"><a href=\"https:\/\/agrarias.ufpr.br\/fitotecnia\/multiplicacao-e-desempenho-produtivo-de-pequenas-frutas-em-regiao-subtropical-de-altitude-no-estado-do-parana-2\/\">Multiplica\u00e7\u00e3o e desempenho produtivo de pequenas frutas em regi\u00e3o subtropical de altitude no estado do Paran\u00e1<\/a><\/p>\n<p style=\"text-align: justify\"><a href=\"https:\/\/agrarias.ufpr.br\/fitotecnia\/propagacao-vegetativa-de-especies-frutiferas-de-clima-temperado-por-meio-de-tecnicas-de-macro-e-micropropagacao\/\">Propaga\u00e7\u00e3o vegetativa de esp\u00e9cies frut\u00edferas de clima temperado por meio de t\u00e9cnicas de macro e micropropaga\u00e7\u00e3o<\/a><\/p>\n<p><strong>Laborat\u00f3rio\/Unidade de Apoio<\/strong><\/p>\n<p><a href=\"https:\/\/agrarias.ufpr.br\/fitotecnia\/1447-2\/\">Laborat\u00f3rio de Micropropaga\u00e7\u00e3o de Plantas<\/a><\/p>\n<p><a href=\"https:\/\/agrarias.ufpr.br\/fitotecnia\/1616-2\/\">Setor de Fruticultura (Pomar)<\/a><\/p>\n<p><strong>Publica\u00e7\u00f5es<\/strong><\/p>\n<p><strong><a href=\"http:\/\/lattes.cnpq.br\/8306355113101814\"><img loading=\"lazy\" decoding=\"async\" class=\"alignnone wp-image-742\" src=\"https:\/\/agrarias.ufpr.br\/fitotecnia\/wp-content\/uploads\/sites\/26\/2016\/03\/icon_lattes.png\" alt=\"icon_lattes\" width=\"30\" height=\"29\"><\/a>&nbsp;<a href=\"http:\/\/lattes.cnpq.br\/8306355113101814\">Lattes&nbsp;&nbsp;<\/a><a href=\"https:\/\/www.researchgate.net\/profile\/Luiz-Biasi\"><b><img loading=\"lazy\" decoding=\"async\" class=\"alignnone wp-image-1136 size-full\" src=\"https:\/\/agrarias.ufpr.br\/fitotecnia\/wp-content\/uploads\/sites\/26\/2016\/03\/apple-touch-icon-180x180-e1459453504744.png\" alt=\"apple-touch-icon-180x180\" width=\"29\" height=\"29\">&nbsp;<\/b><\/a><a href=\"https:\/\/www.researchgate.net\/profile\/Luiz-Biasi\"><b>Research Gate<\/b><\/a>&nbsp;&nbsp;<span style=\"color: #000080\"><a href=\"https:\/\/orcid.org\/0000-0002-3479-8925\"><img loading=\"lazy\" decoding=\"async\" class=\"alignnone wp-image-3185\" src=\"https:\/\/agrarias.ufpr.br\/pgapv\/wp-content\/uploads\/sites\/39\/2021\/02\/unnamed.jpg\" alt=\"\" width=\"93\" height=\"37\"><\/a><\/span><\/strong><\/p>\n<p><strong>Contatos<\/strong><\/p>\n<p><img loading=\"lazy\" decoding=\"async\" class=\"wp-image-758 alignnone\" src=\"https:\/\/agrarias.ufpr.br\/fitotecnia\/wp-content\/uploads\/sites\/26\/2016\/03\/telefone.png\" alt=\"telefone\" width=\"22\" height=\"22\" srcset=\"https:\/\/agrarias.ufpr.br\/fitotecnia\/wp-content\/uploads\/sites\/26\/2016\/03\/telefone.png 200w, https:\/\/agrarias.ufpr.br\/fitotecnia\/wp-content\/uploads\/sites\/26\/2016\/03\/telefone-150x150.png 150w\" sizes=\"auto, (max-width: 22px) 100vw, 22px\" \/>+55 (41) 3350-5682<\/p>\n<p><img loading=\"lazy\" decoding=\"async\" class=\"alignnone wp-image-757\" src=\"https:\/\/agrarias.ufpr.br\/fitotecnia\/wp-content\/uploads\/sites\/26\/2016\/03\/email-small-.jpg\" alt=\"email small\" width=\"22\" height=\"22\"> biasi@ufpr.br<\/p>\n<div class=\"t4p-reading-box-container reading-box-container-1\">&nbsp;<\/div>\n","protected":false},"excerpt":{"rendered":"<p>Professor Titular Forma\u00e7\u00e3o Acad\u00eamica&nbsp; P\u00f3s-Doutorado, University of Georgia, UGA, Estados Unidos (2015-2015) Dr. em Agronomia, USP (1996) M.Sc. em Fitotecnia, UFRGS (1993) Eng. Agr\u00f4nomo, UFPR (1990) \u00c1rea\/Sub-\u00e1rea\/Linha de pesquisa Horticultura\/Fruticultura\/Biotecnologia e Manejo de Esp\u00e9cies Frut\u00edferas Disciplinas Ministradas na&nbsp;Gradua\u00e7\u00e3o AF 030 \u2013 Fruticultura I AF 031 \u2013 Fruticultura II AF 060 \u2013 Biotecnologia Vegetal AGRO 001 [&hellip;]<\/p>\n","protected":false},"author":3,"featured_media":0,"parent":0,"menu_order":0,"comment_status":"closed","ping_status":"closed","template":"","meta":{"footnotes":""},"class_list":["post-1421","page","type-page","status-publish","hentry"],"_links":{"self":[{"href":"https:\/\/agrarias.ufpr.br\/fitotecnia\/wp-json\/wp\/v2\/pages\/1421","targetHints":{"allow":["GET"]}}],"collection":[{"href":"https:\/\/agrarias.ufpr.br\/fitotecnia\/wp-json\/wp\/v2\/pages"}],"about":[{"href":"https:\/\/agrarias.ufpr.br\/fitotecnia\/wp-json\/wp\/v2\/types\/page"}],"author":[{"embeddable":true,"href":"https:\/\/agrarias.ufpr.br\/fitotecnia\/wp-json\/wp\/v2\/users\/3"}],"replies":[{"embeddable":true,"href":"https:\/\/agrarias.ufpr.br\/fitotecnia\/wp-json\/wp\/v2\/comments?post=1421"}],"version-history":[{"count":28,"href":"https:\/\/agrarias.ufpr.br\/fitotecnia\/wp-json\/wp\/v2\/pages\/1421\/revisions"}],"predecessor-version":[{"id":5097,"href":"https:\/\/agrarias.ufpr.br\/fitotecnia\/wp-json\/wp\/v2\/pages\/1421\/revisions\/5097"}],"wp:attachment":[{"href":"https:\/\/agrarias.ufpr.br\/fitotecnia\/wp-json\/wp\/v2\/media?parent=1421"}],"curies":[{"name":"wp","href":"https:\/\/api.w.org\/{rel}","templated":true}]}}