{"id":1327,"date":"2016-04-05T12:01:24","date_gmt":"2016-04-05T12:01:24","guid":{"rendered":"https:\/\/agrarias.ufpr.br\/fitotecnia\/?page_id=1327"},"modified":"2021-02-19T17:24:21","modified_gmt":"2021-02-19T17:24:21","slug":"anibal-de-moraes","status":"publish","type":"page","link":"https:\/\/agrarias.ufpr.br\/fitotecnia\/anibal-de-moraes\/","title":{"rendered":"Anibal de Moraes"},"content":{"rendered":"<p>Prof. Titular<\/p>\n<p><strong>Forma\u00e7\u00e3o acad\u00eamica<\/strong><\/p>\n<p>P\u00f3s-Doutorado,&nbsp;Ohio State University, OSU, Estados Unidos (2014-2015)<\/p>\n<p>P\u00f3s-Doutorado, Institut National de La Recherche Agronomique, INRA, Fran\u00e7a&nbsp;(1995-1996)<\/p>\n<p>Dr. em Zootecnia, UFRGS (1991)<\/p>\n<p>M.Sc. em Agronomia, UFRGS (1984)<\/p>\n<p>Eng. Agr\u00f4nomo, UFRGS (1979)<\/p>\n<p><strong>\u00c1rea\/Sub-\u00e1rea\/Linha de pesquisa:<\/strong><\/p>\n<p>Agricultura\/Sistemas Integrados\/Sistemas Integrados na Produ\u00e7\u00e3o Agropecu\u00e1ria<\/p>\n<p><strong>Disciplinas Ministradas na Gradua\u00e7\u00e3o<\/strong><\/p>\n<p><a href=\"https:\/\/agrarias.ufpr.br\/fitotecnia\/forragicultura-af-047\/\">AF 047 &#8211; Forragicultura<\/a><\/p>\n<p><a href=\"https:\/\/agrarias.ufpr.br\/fitotecnia\/estagio-obrigatorio-supervisionado-em-agronomia-agro-001\/\">AGRO 001 &#8211; Est\u00e1gio Obrigat\u00f3rio Supervisionado em Agronomia<\/a><\/p>\n<p><a href=\"https:\/\/agrarias.ufpr.br\/fitotecnia\/introducao-a-pesquisa-em-fitotecnia-af048\/\">AF 048 &#8211; Introdu\u00e7\u00e3o \u00e0 Pesquisa em Fitotecnia&nbsp;(orienta\u00e7\u00e3o)<\/a><\/p>\n<p><strong>Disciplinas Ministradas na P\u00f3s-gradua\u00e7\u00e3o<\/strong><\/p>\n<p><a href=\"https:\/\/agrarias.ufpr.br\/pgapv\/agro-7027-pratica-docente-i\/\">AGRO 7027 \u2013 Pr\u00e1tica Docente I<\/a><\/p>\n<p><a href=\"https:\/\/agrarias.ufpr.br\/pgapv\/agro7028-pratica-docente-ii\/\">AGRO 7028 \u2013 Pr\u00e1tica Docente II<\/a><\/p>\n<p class=\"Normal tm5\"><a href=\"https:\/\/agrarias.ufpr.br\/pgapv\/apv-7034-sistemas-integrados-na-producao-agropecuaria\/\"><span class=\"tm8\">AGRO 7034 \u2013 Sistemas Integrados na Produ\u00e7\u00e3o Agropecu\u00e1ria<\/span><\/a><\/p>\n<p><strong>Unidade de Apoio<\/strong><\/p>\n<p><a href=\"https:\/\/agrarias.ufpr.br\/fitotecnia\/nucleo-de-inovacao-tecnologica-em-agropecuaria-nita\/\">N\u00facleo de Inova\u00e7\u00e3o Tecnol\u00f3gica em Agropecu\u00e1ria (NITA)<\/a><\/p>\n<p><strong>Publica\u00e7\u00f5es&nbsp;<\/strong><\/p>\n<p><a href=\"http:\/\/lattes.cnpq.br\/1400494059246572\"><img loading=\"lazy\" decoding=\"async\" class=\"alignnone\" src=\"https:\/\/agrarias.ufpr.br\/fitotecnia\/wp-content\/uploads\/sites\/26\/2016\/03\/icon_lattes.png\" alt=\"icon_lattes\" width=\"30\" height=\"29\"><\/a><a href=\"http:\/\/lattes.cnpq.br\/1400494059246572\">&nbsp;Lattes&nbsp;&nbsp;<\/a><strong class=\"alignnone\"><a href=\"https:\/\/orcid.org\/0000-0001-7981-3941\"><img loading=\"lazy\" decoding=\"async\" class=\"alignnone wp-image-4146\" src=\"https:\/\/agrarias.ufpr.br\/pgapven\/wp-content\/uploads\/sites\/45\/2021\/02\/unnamed.jpg\" alt=\"\" width=\"93\" height=\"37\"><\/a><\/strong><\/p>\n<p><strong>Contatos<\/strong><\/p>\n<p><img loading=\"lazy\" decoding=\"async\" class=\"wp-image-758 alignnone\" src=\"https:\/\/agrarias.ufpr.br\/fitotecnia\/wp-content\/uploads\/sites\/26\/2016\/03\/telefone.png\" alt=\"telefone\" width=\"22\" height=\"22\" srcset=\"https:\/\/agrarias.ufpr.br\/fitotecnia\/wp-content\/uploads\/sites\/26\/2016\/03\/telefone.png 200w, https:\/\/agrarias.ufpr.br\/fitotecnia\/wp-content\/uploads\/sites\/26\/2016\/03\/telefone-150x150.png 150w\" sizes=\"auto, (max-width: 22px) 100vw, 22px\" \/>+55 (41) 3350-5754\/9222-9881<\/p>\n<p><img loading=\"lazy\" decoding=\"async\" class=\"alignnone wp-image-757\" src=\"https:\/\/agrarias.ufpr.br\/fitotecnia\/wp-content\/uploads\/sites\/26\/2016\/03\/email-small-.jpg\" alt=\"email small\" width=\"22\" height=\"22\"> anibaldemoraes@gmail.com<\/p>\n<div class=\"t4p-reading-box-container reading-box-container-1\">&nbsp;<\/div>\n","protected":false},"excerpt":{"rendered":"<p>Prof. Titular Forma\u00e7\u00e3o acad\u00eamica P\u00f3s-Doutorado,&nbsp;Ohio State University, OSU, Estados Unidos (2014-2015) P\u00f3s-Doutorado, Institut National de La Recherche Agronomique, INRA, Fran\u00e7a&nbsp;(1995-1996) Dr. em Zootecnia, UFRGS (1991) M.Sc. em Agronomia, UFRGS (1984) Eng. Agr\u00f4nomo, UFRGS (1979) \u00c1rea\/Sub-\u00e1rea\/Linha de pesquisa: Agricultura\/Sistemas Integrados\/Sistemas Integrados na Produ\u00e7\u00e3o Agropecu\u00e1ria Disciplinas Ministradas na Gradua\u00e7\u00e3o AF 047 &#8211; Forragicultura AGRO 001 &#8211; Est\u00e1gio [&hellip;]<\/p>\n","protected":false},"author":3,"featured_media":0,"parent":0,"menu_order":0,"comment_status":"closed","ping_status":"closed","template":"","meta":{"footnotes":""},"class_list":["post-1327","page","type-page","status-publish","hentry"],"_links":{"self":[{"href":"https:\/\/agrarias.ufpr.br\/fitotecnia\/wp-json\/wp\/v2\/pages\/1327","targetHints":{"allow":["GET"]}}],"collection":[{"href":"https:\/\/agrarias.ufpr.br\/fitotecnia\/wp-json\/wp\/v2\/pages"}],"about":[{"href":"https:\/\/agrarias.ufpr.br\/fitotecnia\/wp-json\/wp\/v2\/types\/page"}],"author":[{"embeddable":true,"href":"https:\/\/agrarias.ufpr.br\/fitotecnia\/wp-json\/wp\/v2\/users\/3"}],"replies":[{"embeddable":true,"href":"https:\/\/agrarias.ufpr.br\/fitotecnia\/wp-json\/wp\/v2\/comments?post=1327"}],"version-history":[{"count":20,"href":"https:\/\/agrarias.ufpr.br\/fitotecnia\/wp-json\/wp\/v2\/pages\/1327\/revisions"}],"predecessor-version":[{"id":4806,"href":"https:\/\/agrarias.ufpr.br\/fitotecnia\/wp-json\/wp\/v2\/pages\/1327\/revisions\/4806"}],"wp:attachment":[{"href":"https:\/\/agrarias.ufpr.br\/fitotecnia\/wp-json\/wp\/v2\/media?parent=1327"}],"curies":[{"name":"wp","href":"https:\/\/api.w.org\/{rel}","templated":true}]}}