{"id":1303,"date":"2016-04-01T19:14:41","date_gmt":"2016-04-01T19:14:41","guid":{"rendered":"https:\/\/agrarias.ufpr.br\/fitotecnia\/?page_id=1303"},"modified":"2026-03-26T09:13:04","modified_gmt":"2026-03-26T12:13:04","slug":"laboratorio-de-epidemiologia-para-manejo-integrado-de-doenca-lemid-1","status":"publish","type":"page","link":"https:\/\/agrarias.ufpr.br\/fitotecnia\/laboratorio-de-epidemiologia-para-manejo-integrado-de-doenca-lemid-1\/","title":{"rendered":"Laborat\u00f3rio de epidemiologia para Manejo Integrado de Doen\u00e7a (LEMID 1)"},"content":{"rendered":"\n<div class=\"wp-block-group is-content-justification-center is-nowrap is-layout-flex wp-container-core-group-is-layout-94bc23d7 wp-block-group-is-layout-flex\"><div class=\"wp-block-image\">\n<figure class=\"aligncenter\"><img loading=\"lazy\" decoding=\"async\" width=\"300\" height=\"300\" src=\"https:\/\/agrarias.ufpr.br\/fitotecnia\/wp-content\/uploads\/sites\/26\/2025\/06\/Imagem-do-WhatsApp-de-2025-06-24-as-15.23.23_37c4ae11-300x300.jpg\" alt=\"\" class=\"wp-image-6145\" srcset=\"https:\/\/agrarias.ufpr.br\/fitotecnia\/wp-content\/uploads\/sites\/26\/2025\/06\/Imagem-do-WhatsApp-de-2025-06-24-as-15.23.23_37c4ae11-300x300.jpg 300w, https:\/\/agrarias.ufpr.br\/fitotecnia\/wp-content\/uploads\/sites\/26\/2025\/06\/Imagem-do-WhatsApp-de-2025-06-24-as-15.23.23_37c4ae11-1024x1024.jpg 1024w, https:\/\/agrarias.ufpr.br\/fitotecnia\/wp-content\/uploads\/sites\/26\/2025\/06\/Imagem-do-WhatsApp-de-2025-06-24-as-15.23.23_37c4ae11-150x150.jpg 150w, https:\/\/agrarias.ufpr.br\/fitotecnia\/wp-content\/uploads\/sites\/26\/2025\/06\/Imagem-do-WhatsApp-de-2025-06-24-as-15.23.23_37c4ae11-768x768.jpg 768w, https:\/\/agrarias.ufpr.br\/fitotecnia\/wp-content\/uploads\/sites\/26\/2025\/06\/Imagem-do-WhatsApp-de-2025-06-24-as-15.23.23_37c4ae11-250x250.jpg 250w, https:\/\/agrarias.ufpr.br\/fitotecnia\/wp-content\/uploads\/sites\/26\/2025\/06\/Imagem-do-WhatsApp-de-2025-06-24-as-15.23.23_37c4ae11.jpg 1280w\" sizes=\"auto, (max-width: 300px) 100vw, 300px\" \/><\/figure>\n<\/div>\n\n<div class=\"wp-block-image\">\n<figure class=\"aligncenter\"><img loading=\"lazy\" decoding=\"async\" width=\"300\" height=\"300\" src=\"https:\/\/agrarias.ufpr.br\/fitotecnia\/wp-content\/uploads\/sites\/26\/2025\/06\/Imagem-do-WhatsApp-de-2025-06-24-as-15.23.43_856b952f-300x300.jpg\" alt=\"\" class=\"wp-image-6146\" srcset=\"https:\/\/agrarias.ufpr.br\/fitotecnia\/wp-content\/uploads\/sites\/26\/2025\/06\/Imagem-do-WhatsApp-de-2025-06-24-as-15.23.43_856b952f-300x300.jpg 300w, https:\/\/agrarias.ufpr.br\/fitotecnia\/wp-content\/uploads\/sites\/26\/2025\/06\/Imagem-do-WhatsApp-de-2025-06-24-as-15.23.43_856b952f-1024x1024.jpg 1024w, https:\/\/agrarias.ufpr.br\/fitotecnia\/wp-content\/uploads\/sites\/26\/2025\/06\/Imagem-do-WhatsApp-de-2025-06-24-as-15.23.43_856b952f-150x150.jpg 150w, https:\/\/agrarias.ufpr.br\/fitotecnia\/wp-content\/uploads\/sites\/26\/2025\/06\/Imagem-do-WhatsApp-de-2025-06-24-as-15.23.43_856b952f-768x768.jpg 768w, https:\/\/agrarias.ufpr.br\/fitotecnia\/wp-content\/uploads\/sites\/26\/2025\/06\/Imagem-do-WhatsApp-de-2025-06-24-as-15.23.43_856b952f-250x250.jpg 250w, https:\/\/agrarias.ufpr.br\/fitotecnia\/wp-content\/uploads\/sites\/26\/2025\/06\/Imagem-do-WhatsApp-de-2025-06-24-as-15.23.43_856b952f.jpg 1200w\" sizes=\"auto, (max-width: 300px) 100vw, 300px\" \/><\/figure>\n<\/div><\/div>\n\n\n\n<p><strong>Interesses de pesquisa<\/strong><\/p>\n\n\n\n<p>Estudos epidemiol\u00f3gicos para direcionar o manejo integrado envolvendo controle biol\u00f3gico e estudo sobre resist\u00eancia a fungicidas para doen\u00e7as importantes.<\/p>\n\n\n\n<p>Os projetos do laborat\u00f3rio est\u00e3o direcionados para estudo epidemiol\u00f3gicos da podrid\u00e3o parda do pessegueiro com base em desenvolvimento de produtos para o controle alternativo aos fungicidas e, estudos de popula\u00e7\u00f5es relacionado a variabilidade e resist\u00eancia a fungicidas de todas regi\u00f5es produtoras do Brasil.<\/p>\n\n\n\n<p>Outros patossistemas de interesse do grupo relaciona-se com esp\u00e9cies de <em>Colletotrichum<\/em> em v\u00e1rias frut\u00edferas temperadas como pessegueiro, macieira e caquizeiro. Ainda estudos sobre desenvolvimento de epidemias e controle de pat\u00f3genos em videira e figueira.<\/p>\n\n\n\n<p>O laborat\u00f3rio tem tamb\u00e9m uma linha de pesquisa com doen\u00e7as na cultura da soja em rela\u00e7\u00e3o a resist\u00eancia de pat\u00f3genos a fungicidas e desenvolvimento de estrat\u00e9gias de controle para serem associadas aos fungicidas.<\/p>\n\n\n\n<p><strong>Coordenadora<\/strong><\/p>\n\n\n\n<p><a href=\"https:\/\/agrarias.ufpr.br\/fitotecnia\/louise-larissa-may-de-mio\/\">Louise Larissa May De Mio&nbsp;<\/a><\/p>\n\n\n\n<p><strong>Vice-coordenador<\/strong><\/p>\n\n\n\n<p><a href=\"https:\/\/agrarias.ufpr.br\/fitotecnia\/henrique-da-silva-silveira-duarte\/\">Henrique da Silva Silveira Duarte&nbsp;<\/a><\/p>\n\n\n\n<p><strong>T\u00e9cnicos<\/strong><\/p>\n\n\n\n<p>Renan Reisd\u00f6rfer Schorr<\/p>\n\n\n\n<p><strong>Contato<\/strong><\/p>\n\n\n\n<p><img loading=\"lazy\" decoding=\"async\" class=\"wp-image-758 alignnone\" src=\"https:\/\/agrarias.ufpr.br\/fitotecnia\/wp-content\/uploads\/sites\/26\/2016\/03\/telefone.png\" alt=\"telefone\" width=\"22\" height=\"22\" srcset=\"https:\/\/agrarias.ufpr.br\/fitotecnia\/wp-content\/uploads\/sites\/26\/2016\/03\/telefone.png 200w, https:\/\/agrarias.ufpr.br\/fitotecnia\/wp-content\/uploads\/sites\/26\/2016\/03\/telefone-150x150.png 150w\" sizes=\"auto, (max-width: 22px) 100vw, 22px\" \/>+55 (41)&nbsp;3350-5646<\/p>\n\n\n\n<p><strong><a href=\"https:\/\/agrarias.ufpr.br\/fitotecnia\/estudantes-de-graduacao-e-pos-graduacao\/\">Estudantes de gradua\u00e7\u00e3o e p\u00f3s-gradua\u00e7\u00e3o<\/a><\/strong><\/p>\n\n\n\n<p class=\"has-text-align-center\"><strong>Fotos<\/strong><\/p>\n\n\n\n\n\n<p>&nbsp;<\/p>\n","protected":false},"excerpt":{"rendered":"<p>Interesses de pesquisa Estudos epidemiol\u00f3gicos para direcionar o manejo integrado envolvendo controle biol\u00f3gico e estudo sobre resist\u00eancia a fungicidas para doen\u00e7as importantes. Os projetos do laborat\u00f3rio est\u00e3o direcionados para estudo epidemiol\u00f3gicos da podrid\u00e3o parda do pessegueiro com base em desenvolvimento de produtos para o controle alternativo aos fungicidas e, estudos de popula\u00e7\u00f5es relacionado a variabilidade [&hellip;]<\/p>\n","protected":false},"author":10255,"featured_media":0,"parent":0,"menu_order":0,"comment_status":"closed","ping_status":"closed","template":"","meta":{"footnotes":""},"class_list":["post-1303","page","type-page","status-publish","hentry"],"_links":{"self":[{"href":"https:\/\/agrarias.ufpr.br\/fitotecnia\/wp-json\/wp\/v2\/pages\/1303","targetHints":{"allow":["GET"]}}],"collection":[{"href":"https:\/\/agrarias.ufpr.br\/fitotecnia\/wp-json\/wp\/v2\/pages"}],"about":[{"href":"https:\/\/agrarias.ufpr.br\/fitotecnia\/wp-json\/wp\/v2\/types\/page"}],"author":[{"embeddable":true,"href":"https:\/\/agrarias.ufpr.br\/fitotecnia\/wp-json\/wp\/v2\/users\/10255"}],"replies":[{"embeddable":true,"href":"https:\/\/agrarias.ufpr.br\/fitotecnia\/wp-json\/wp\/v2\/comments?post=1303"}],"version-history":[{"count":31,"href":"https:\/\/agrarias.ufpr.br\/fitotecnia\/wp-json\/wp\/v2\/pages\/1303\/revisions"}],"predecessor-version":[{"id":6714,"href":"https:\/\/agrarias.ufpr.br\/fitotecnia\/wp-json\/wp\/v2\/pages\/1303\/revisions\/6714"}],"wp:attachment":[{"href":"https:\/\/agrarias.ufpr.br\/fitotecnia\/wp-json\/wp\/v2\/media?parent=1303"}],"curies":[{"name":"wp","href":"https:\/\/api.w.org\/{rel}","templated":true}]}}