{"id":1253,"date":"2016-04-01T17:51:57","date_gmt":"2016-04-01T17:51:57","guid":{"rendered":"https:\/\/agrarias.ufpr.br\/fitotecnia\/?page_id=1253"},"modified":"2021-03-10T13:12:45","modified_gmt":"2021-03-10T13:12:45","slug":"tecnologia-de-producao-de-plantas-ornamentais","status":"publish","type":"page","link":"https:\/\/agrarias.ufpr.br\/fitotecnia\/tecnologia-de-producao-de-plantas-ornamentais\/","title":{"rendered":"Tecnologia de Produ\u00e7\u00e3o de Plantas Ornamentais"},"content":{"rendered":"<p><strong>Resumo<\/strong><\/p>\n<p style=\"text-align: justify\">O objetivo deste projeto \u00e9 desenvolver tecnologias de produ\u00e7\u00e3o de plantas ornamentais durante toda a cadeia produtiva, desde de produ\u00e7\u00e3o de mudas at\u00e9 p\u00f3s-colheita e desenvolvimento de mercado.<\/p>\n<p style=\"text-align: justify\"><strong>Coordenadora<\/strong><\/p>\n<p style=\"text-align: justify\"><a href=\"https:\/\/agrarias.ufpr.br\/fitotecnia\/francine-lorena-cuquel\/\">Francine Lorena Cuquel<\/a><\/p>\n<p style=\"text-align: justify\"><strong>Colaboradores<\/strong><\/p>\n<p>Erica Costa Mielke<\/p>\n<p>Mariana Grassi Noya<\/p>\n<p>Maristela Panobianco<\/p>\n<p>Raquel Rejane Bonatto Negrelle<\/p>\n","protected":false},"excerpt":{"rendered":"<p>Resumo O objetivo deste projeto \u00e9 desenvolver tecnologias de produ\u00e7\u00e3o de plantas ornamentais durante toda a cadeia produtiva, desde de produ\u00e7\u00e3o de mudas at\u00e9 p\u00f3s-colheita e desenvolvimento de mercado. Coordenadora Francine Lorena Cuquel Colaboradores Erica Costa Mielke Mariana Grassi Noya Maristela Panobianco Raquel Rejane Bonatto Negrelle<\/p>\n","protected":false},"author":3,"featured_media":0,"parent":0,"menu_order":0,"comment_status":"closed","ping_status":"closed","template":"","meta":{"footnotes":""},"class_list":["post-1253","page","type-page","status-publish","hentry"],"_links":{"self":[{"href":"https:\/\/agrarias.ufpr.br\/fitotecnia\/wp-json\/wp\/v2\/pages\/1253","targetHints":{"allow":["GET"]}}],"collection":[{"href":"https:\/\/agrarias.ufpr.br\/fitotecnia\/wp-json\/wp\/v2\/pages"}],"about":[{"href":"https:\/\/agrarias.ufpr.br\/fitotecnia\/wp-json\/wp\/v2\/types\/page"}],"author":[{"embeddable":true,"href":"https:\/\/agrarias.ufpr.br\/fitotecnia\/wp-json\/wp\/v2\/users\/3"}],"replies":[{"embeddable":true,"href":"https:\/\/agrarias.ufpr.br\/fitotecnia\/wp-json\/wp\/v2\/comments?post=1253"}],"version-history":[{"count":6,"href":"https:\/\/agrarias.ufpr.br\/fitotecnia\/wp-json\/wp\/v2\/pages\/1253\/revisions"}],"predecessor-version":[{"id":4969,"href":"https:\/\/agrarias.ufpr.br\/fitotecnia\/wp-json\/wp\/v2\/pages\/1253\/revisions\/4969"}],"wp:attachment":[{"href":"https:\/\/agrarias.ufpr.br\/fitotecnia\/wp-json\/wp\/v2\/media?parent=1253"}],"curies":[{"name":"wp","href":"https:\/\/api.w.org\/{rel}","templated":true}]}}