{"id":1243,"date":"2016-04-01T17:42:55","date_gmt":"2016-04-01T17:42:55","guid":{"rendered":"https:\/\/agrarias.ufpr.br\/fitotecnia\/?page_id=1243"},"modified":"2016-05-11T16:54:52","modified_gmt":"2016-05-11T16:54:52","slug":"paisagismo-af-100","status":"publish","type":"page","link":"https:\/\/agrarias.ufpr.br\/fitotecnia\/paisagismo-af-100\/","title":{"rendered":"Paisagismo &#8211; AF 100"},"content":{"rendered":"<p><strong>Curso<\/strong><\/p>\n<p>Agronomia<\/p>\n<p><strong>Ementa<\/strong><\/p>\n<p style=\"text-align: justify\">Desenvolvimento de projetos de paisagismo e jardinagem. Estudo da paisagem em espa\u00e7os p\u00fablicos e privados. Planejamento e conceitua\u00e7\u00e3o do projeto, Identifica\u00e7\u00e3o das potencialidades e restri\u00e7\u00f5es da \u00e1rea de estudo. Cria\u00e7\u00e3o do plano de projeto. Defini\u00e7\u00e3o do escopo do projeto. Planejamento da vegeta\u00e7\u00e3o do projeto. M\u00e9todos e t\u00e9cnicas de representa\u00e7\u00e3o em planta e em eleva\u00e7\u00e3o. Parques e jardins.<\/p>\n<p><strong>Natureza<\/strong><\/p>\n<p>Optativa<\/p>\n<p><strong>Semestre<\/strong><\/p>\n<p>1\u00ba e 2\u00ba<\/p>\n<p><strong>Carga hor\u00e1ria<\/strong><\/p>\n<p>60 horas<\/p>\n<p><strong>Dia\/Hor\u00e1rio<\/strong><\/p>\n<p>Segunda-feira<strong>\u00a0\/\u00a0<\/strong>13:30 &#8211; 17:30 horas<\/p>\n<p><strong>Docente<\/strong><\/p>\n<p><a href=\"https:\/\/agrarias.ufpr.br\/fitotecnia\/francine-lorena-cuquel\/\">Francine Lorena Cuquel<\/a><\/p>\n","protected":false},"excerpt":{"rendered":"<p>Curso Agronomia Ementa Desenvolvimento de projetos de paisagismo e jardinagem. Estudo da paisagem em espa\u00e7os p\u00fablicos e privados. Planejamento e conceitua\u00e7\u00e3o do projeto, Identifica\u00e7\u00e3o das potencialidades e restri\u00e7\u00f5es da \u00e1rea de estudo. Cria\u00e7\u00e3o do plano de projeto. Defini\u00e7\u00e3o do escopo do projeto. Planejamento da vegeta\u00e7\u00e3o do projeto. M\u00e9todos e t\u00e9cnicas de representa\u00e7\u00e3o em planta e [&hellip;]<\/p>\n","protected":false},"author":3,"featured_media":0,"parent":0,"menu_order":0,"comment_status":"closed","ping_status":"closed","template":"","meta":{"footnotes":""},"class_list":["post-1243","page","type-page","status-publish","hentry"],"_links":{"self":[{"href":"https:\/\/agrarias.ufpr.br\/fitotecnia\/wp-json\/wp\/v2\/pages\/1243","targetHints":{"allow":["GET"]}}],"collection":[{"href":"https:\/\/agrarias.ufpr.br\/fitotecnia\/wp-json\/wp\/v2\/pages"}],"about":[{"href":"https:\/\/agrarias.ufpr.br\/fitotecnia\/wp-json\/wp\/v2\/types\/page"}],"author":[{"embeddable":true,"href":"https:\/\/agrarias.ufpr.br\/fitotecnia\/wp-json\/wp\/v2\/users\/3"}],"replies":[{"embeddable":true,"href":"https:\/\/agrarias.ufpr.br\/fitotecnia\/wp-json\/wp\/v2\/comments?post=1243"}],"version-history":[{"count":6,"href":"https:\/\/agrarias.ufpr.br\/fitotecnia\/wp-json\/wp\/v2\/pages\/1243\/revisions"}],"predecessor-version":[{"id":3195,"href":"https:\/\/agrarias.ufpr.br\/fitotecnia\/wp-json\/wp\/v2\/pages\/1243\/revisions\/3195"}],"wp:attachment":[{"href":"https:\/\/agrarias.ufpr.br\/fitotecnia\/wp-json\/wp\/v2\/media?parent=1243"}],"curies":[{"name":"wp","href":"https:\/\/api.w.org\/{rel}","templated":true}]}}