{"id":1220,"date":"2016-04-01T13:00:47","date_gmt":"2016-04-01T13:00:47","guid":{"rendered":"https:\/\/agrarias.ufpr.br\/fitotecnia\/?page_id=1220"},"modified":"2026-02-06T13:24:16","modified_gmt":"2026-02-06T13:24:16","slug":"1220-2","status":"publish","type":"page","link":"https:\/\/agrarias.ufpr.br\/fitotecnia\/1220-2\/","title":{"rendered":"Laborat\u00f3rio de Fitotecnia"},"content":{"rendered":"\n<p><strong>Interesses de pesquisa<\/strong><\/p>\n\n\n\n<p>Local para realiza\u00e7\u00e3o de aulas pr\u00e1ticas na \u00e1rea de Fitotecnia e est\u00e1gio para alunos da UFPR. O laborat\u00f3rio tem objetivo de dar suporte para pesquisas da \u00e1rea de manejo de lavouras conduzidas pelos docentes do DFF e por alunos do Programa de P\u00f3s-Gradua\u00e7\u00e3o em Agronomia-Produ\u00e7\u00e3o Vegetal e da Gradua\u00e7\u00e3o em Agronomia.<\/p>\n\n\n\n<p><strong>Coordenador <\/strong><\/p>\n\n\n\n<p><a href=\"https:\/\/agrarias.ufpr.br\/fitotecnia\/wp-content\/uploads\/sites\/26\/2019\/08\/Prof.-Luiz-Alberto-Kozlowski.pdf\">Prof. Luiz Alberto Kozlowski<\/a><\/p>\n\n\n\n<p>&nbsp;<\/p>\n\n\n\n<p><strong>T\u00e9cnica <\/strong><\/p>\n\n\n\n<p><a href=\"https:\/\/agrarias.ufpr.br\/fitotecnia\/servidores\/\">Maria Em\u00edlia Kudla<\/a><\/p>\n\n\n\n<p><strong>Contato<\/strong><\/p>\n\n\n\n<p><strong><img loading=\"lazy\" decoding=\"async\" class=\"wp-image-758 alignnone\" src=\"https:\/\/agrarias.ufpr.br\/fitotecnia\/wp-content\/uploads\/sites\/26\/2016\/03\/telefone.png\" alt=\"telefone\" width=\"22\" height=\"22\" srcset=\"https:\/\/agrarias.ufpr.br\/fitotecnia\/wp-content\/uploads\/sites\/26\/2016\/03\/telefone.png 200w, https:\/\/agrarias.ufpr.br\/fitotecnia\/wp-content\/uploads\/sites\/26\/2016\/03\/telefone-150x150.png 150w\" sizes=\"auto, (max-width: 22px) 100vw, 22px\" \/>&nbsp;<\/strong>+55 (41) 3350-5636<\/p>\n","protected":false},"excerpt":{"rendered":"<p>Interesses de pesquisa Local para realiza\u00e7\u00e3o de aulas pr\u00e1ticas na \u00e1rea de Fitotecnia e est\u00e1gio para alunos da UFPR. O laborat\u00f3rio tem objetivo de dar suporte para pesquisas da \u00e1rea de manejo de lavouras conduzidas pelos docentes do DFF e por alunos do Programa de P\u00f3s-Gradua\u00e7\u00e3o em Agronomia-Produ\u00e7\u00e3o Vegetal e da Gradua\u00e7\u00e3o em Agronomia. Coordenador [&hellip;]<\/p>\n","protected":false},"author":3,"featured_media":0,"parent":0,"menu_order":0,"comment_status":"closed","ping_status":"closed","template":"","meta":{"footnotes":""},"class_list":["post-1220","page","type-page","status-publish","hentry"],"_links":{"self":[{"href":"https:\/\/agrarias.ufpr.br\/fitotecnia\/wp-json\/wp\/v2\/pages\/1220","targetHints":{"allow":["GET"]}}],"collection":[{"href":"https:\/\/agrarias.ufpr.br\/fitotecnia\/wp-json\/wp\/v2\/pages"}],"about":[{"href":"https:\/\/agrarias.ufpr.br\/fitotecnia\/wp-json\/wp\/v2\/types\/page"}],"author":[{"embeddable":true,"href":"https:\/\/agrarias.ufpr.br\/fitotecnia\/wp-json\/wp\/v2\/users\/3"}],"replies":[{"embeddable":true,"href":"https:\/\/agrarias.ufpr.br\/fitotecnia\/wp-json\/wp\/v2\/comments?post=1220"}],"version-history":[{"count":10,"href":"https:\/\/agrarias.ufpr.br\/fitotecnia\/wp-json\/wp\/v2\/pages\/1220\/revisions"}],"predecessor-version":[{"id":6454,"href":"https:\/\/agrarias.ufpr.br\/fitotecnia\/wp-json\/wp\/v2\/pages\/1220\/revisions\/6454"}],"wp:attachment":[{"href":"https:\/\/agrarias.ufpr.br\/fitotecnia\/wp-json\/wp\/v2\/media?parent=1220"}],"curies":[{"name":"wp","href":"https:\/\/api.w.org\/{rel}","templated":true}]}}