{"id":1211,"date":"2016-04-01T12:51:29","date_gmt":"2016-04-01T12:51:29","guid":{"rendered":"https:\/\/agrarias.ufpr.br\/fitotecnia\/?page_id=1211"},"modified":"2016-05-11T16:52:09","modified_gmt":"2016-05-11T16:52:09","slug":"introducao-a-pesquisa-em-fitotecnia-af048","status":"publish","type":"page","link":"https:\/\/agrarias.ufpr.br\/fitotecnia\/introducao-a-pesquisa-em-fitotecnia-af048\/","title":{"rendered":"Introdu\u00e7\u00e3o \u00e0 Pesquisa em Fitotecnia &#8211; AF 048"},"content":{"rendered":"<p><strong>Curso<\/strong><\/p>\n<p>Agronomia<\/p>\n<p><strong>Ementa<\/strong><\/p>\n<p>Capacitar o aluno para elabora\u00e7\u00e3o de projeto de pesquisa, pesquisas bibliogr\u00e1ficas, uso da experimenta\u00e7\u00e3o em trabalhos cient\u00edficos e reda\u00e7\u00e3o cient\u00edfica relacionadas com a \u00e1rea de Fitotecnia.<\/p>\n<p><strong>Natureza<\/strong><\/p>\n<p>Optativa<\/p>\n<p><strong>Carga hor\u00e1ria<\/strong><\/p>\n<p>120 horas<\/p>\n<p><strong>Semestre<\/strong><\/p>\n<p>1\u00ba e 2\u00ba<\/p>\n<p><strong>Dia\/Hor\u00e1rio<\/strong><\/p>\n<p>Segunda-feira \/ 7:30 &#8211; 11:30 horas<\/p>\n<p>Aluno dever\u00e1 cumprir mais 4 horas\/semana para desenvolvimento do projeto sob orienta\u00e7\u00e3o do professor orientador<\/p>\n<p><strong>Docente<\/strong><\/p>\n<p><a href=\"https:\/\/agrarias.ufpr.br\/fitotecnia\/ricardo-augusto-de-oliveira\/\">Ricardo Augusto de Oliveira<\/a><\/p>\n<p><strong>Orientadores\u00a0<\/strong><\/p>\n<p><a href=\"https:\/\/agrarias.ufpr.br\/fitotecnia\/docentes\/\">Docentes do DFF<\/a><\/p>\n","protected":false},"excerpt":{"rendered":"<p>Curso Agronomia Ementa Capacitar o aluno para elabora\u00e7\u00e3o de projeto de pesquisa, pesquisas bibliogr\u00e1ficas, uso da experimenta\u00e7\u00e3o em trabalhos cient\u00edficos e reda\u00e7\u00e3o cient\u00edfica relacionadas com a \u00e1rea de Fitotecnia. Natureza Optativa Carga hor\u00e1ria 120 horas Semestre 1\u00ba e 2\u00ba Dia\/Hor\u00e1rio Segunda-feira \/ 7:30 &#8211; 11:30 horas Aluno dever\u00e1 cumprir mais 4 horas\/semana para desenvolvimento do [&hellip;]<\/p>\n","protected":false},"author":3,"featured_media":0,"parent":0,"menu_order":0,"comment_status":"closed","ping_status":"closed","template":"","meta":{"footnotes":""},"class_list":["post-1211","page","type-page","status-publish","hentry"],"_links":{"self":[{"href":"https:\/\/agrarias.ufpr.br\/fitotecnia\/wp-json\/wp\/v2\/pages\/1211","targetHints":{"allow":["GET"]}}],"collection":[{"href":"https:\/\/agrarias.ufpr.br\/fitotecnia\/wp-json\/wp\/v2\/pages"}],"about":[{"href":"https:\/\/agrarias.ufpr.br\/fitotecnia\/wp-json\/wp\/v2\/types\/page"}],"author":[{"embeddable":true,"href":"https:\/\/agrarias.ufpr.br\/fitotecnia\/wp-json\/wp\/v2\/users\/3"}],"replies":[{"embeddable":true,"href":"https:\/\/agrarias.ufpr.br\/fitotecnia\/wp-json\/wp\/v2\/comments?post=1211"}],"version-history":[{"count":13,"href":"https:\/\/agrarias.ufpr.br\/fitotecnia\/wp-json\/wp\/v2\/pages\/1211\/revisions"}],"predecessor-version":[{"id":3188,"href":"https:\/\/agrarias.ufpr.br\/fitotecnia\/wp-json\/wp\/v2\/pages\/1211\/revisions\/3188"}],"wp:attachment":[{"href":"https:\/\/agrarias.ufpr.br\/fitotecnia\/wp-json\/wp\/v2\/media?parent=1211"}],"curies":[{"name":"wp","href":"https:\/\/api.w.org\/{rel}","templated":true}]}}