{"id":1205,"date":"2016-04-01T12:45:29","date_gmt":"2016-04-01T12:45:29","guid":{"rendered":"https:\/\/agrarias.ufpr.br\/fitotecnia\/?page_id=1205"},"modified":"2026-04-07T16:08:04","modified_gmt":"2026-04-07T19:08:04","slug":"agricultura-geral-af001","status":"publish","type":"page","link":"https:\/\/agrarias.ufpr.br\/fitotecnia\/agricultura-geral-af001\/","title":{"rendered":"Agricultura Geral &#8211;  AF 001"},"content":{"rendered":"\n<p><strong>Curso<\/strong><\/p>\n\n\n\n<p>Agronomia e Zootecnia<\/p>\n\n\n\n<p><strong>Ementa<\/strong><\/p>\n\n\n\n<p>A propriedade agr\u00edcola: avalia\u00e7\u00e3o; defini\u00e7\u00e3o da explora\u00e7\u00e3o agr\u00edcola. Desbravamento e adapta\u00e7\u00e3o de terras \u00e0 explora\u00e7\u00e3o agr\u00edcola. Sistemas de cultivos: convencional, m\u00ednimo, plantio direto e sobressemeadura. Sistemas biol\u00f3gicos de produ\u00e7\u00e3o. Manejo de lavouras: propaga\u00e7\u00e3o de plantas assexuadamente e sexuadamente; estudos de \u00e9pocas de semeaduras; din\u00e2mica das popula\u00e7\u00f5es e tratos culturais. An\u00e1lise de sistemas de produ\u00e7\u00e3o diversificados em alta e baixa tecnologias. Rota\u00e7\u00f5es de culturas. Aduba\u00e7\u00f5es verdes. Colheita: t\u00e9cnicas e problemas de campo.<\/p>\n\n\n\n<p><strong>Natureza<\/strong><\/p>\n\n\n\n<p>Obrigat\u00f3ria<\/p>\n\n\n\n<p><strong>Carga hor\u00e1ria<\/strong><\/p>\n\n\n\n<p>60 horas<\/p>\n\n\n\n<p><strong>Semestre: <\/strong><\/p>\n\n\n\n<p>1\u00ba e 2\u00ba<\/p>\n\n\n\n<p><strong>Dia\/Hor\u00e1rio: <\/strong><\/p>\n\n\n\n<p>Segunda-feira \/ 07:30 \u00e0s&nbsp;11:30 horas<\/p>\n\n\n\n<p>Segunda-feira \/ 13:30 \u00e0s&nbsp;17:30 horas<\/p>\n\n\n\n<p>Ter\u00e7a-feira \/ 13:30 \u00e0s&nbsp;17:30 horas<\/p>\n\n\n\n<p><strong>Docentes<\/strong><\/p>\n\n\n\n<p><a href=\"https:\/\/agrarias.ufpr.br\/fitotecnia\/ricardo-augusto-de-oliveira\/\">Ricardo Augusto de Oliveira<\/a><\/p>\n\n\n\n<p><strong>Home page<\/strong><\/p>\n\n\n\n<p><a href=\"http:\/\/www.agriculturageral.ufpr.br\">www.agriculturageral.ufpr.br<\/a><\/p>\n","protected":false},"excerpt":{"rendered":"<p>Curso Agronomia e Zootecnia Ementa A propriedade agr\u00edcola: avalia\u00e7\u00e3o; defini\u00e7\u00e3o da explora\u00e7\u00e3o agr\u00edcola. Desbravamento e adapta\u00e7\u00e3o de terras \u00e0 explora\u00e7\u00e3o agr\u00edcola. Sistemas de cultivos: convencional, m\u00ednimo, plantio direto e sobressemeadura. Sistemas biol\u00f3gicos de produ\u00e7\u00e3o. Manejo de lavouras: propaga\u00e7\u00e3o de plantas assexuadamente e sexuadamente; estudos de \u00e9pocas de semeaduras; din\u00e2mica das popula\u00e7\u00f5es e tratos culturais. An\u00e1lise [&hellip;]<\/p>\n","protected":false},"author":3,"featured_media":0,"parent":0,"menu_order":0,"comment_status":"closed","ping_status":"closed","template":"","meta":{"footnotes":""},"class_list":["post-1205","page","type-page","status-publish","hentry"],"_links":{"self":[{"href":"https:\/\/agrarias.ufpr.br\/fitotecnia\/wp-json\/wp\/v2\/pages\/1205","targetHints":{"allow":["GET"]}}],"collection":[{"href":"https:\/\/agrarias.ufpr.br\/fitotecnia\/wp-json\/wp\/v2\/pages"}],"about":[{"href":"https:\/\/agrarias.ufpr.br\/fitotecnia\/wp-json\/wp\/v2\/types\/page"}],"author":[{"embeddable":true,"href":"https:\/\/agrarias.ufpr.br\/fitotecnia\/wp-json\/wp\/v2\/users\/3"}],"replies":[{"embeddable":true,"href":"https:\/\/agrarias.ufpr.br\/fitotecnia\/wp-json\/wp\/v2\/comments?post=1205"}],"version-history":[{"count":12,"href":"https:\/\/agrarias.ufpr.br\/fitotecnia\/wp-json\/wp\/v2\/pages\/1205\/revisions"}],"predecessor-version":[{"id":6722,"href":"https:\/\/agrarias.ufpr.br\/fitotecnia\/wp-json\/wp\/v2\/pages\/1205\/revisions\/6722"}],"wp:attachment":[{"href":"https:\/\/agrarias.ufpr.br\/fitotecnia\/wp-json\/wp\/v2\/media?parent=1205"}],"curies":[{"name":"wp","href":"https:\/\/api.w.org\/{rel}","templated":true}]}}