{"id":1195,"date":"2016-04-01T12:26:46","date_gmt":"2016-04-01T12:26:46","guid":{"rendered":"https:\/\/agrarias.ufpr.br\/fitotecnia\/?page_id=1195"},"modified":"2021-02-26T15:06:40","modified_gmt":"2021-02-26T15:06:40","slug":"ricardo-augusto-de-oliveira","status":"publish","type":"page","link":"https:\/\/agrarias.ufpr.br\/fitotecnia\/ricardo-augusto-de-oliveira\/","title":{"rendered":"Ricardo Augusto de Oliveira"},"content":{"rendered":"<p>Prof. Associado<\/p>\n<p><strong>Forma\u00e7\u00e3o acad\u00eamica<\/strong><\/p>\n<p>Dr. em Agronomia (Produ\u00e7\u00e3o Vegetal), UFPR (2007)<\/p>\n<p>M.Sc. em Agronomia (Produ\u00e7\u00e3o Vegetal), UFPR (2004)<\/p>\n<p>Eng. Agr\u00f4nomo, UFPR (2002)<\/p>\n<p><strong>\u00c1rea\/Sub-\u00e1rea\/Linha de pesquisa<\/strong><\/p>\n<p>Agricultura\/Grandes culturas\/Melhoramento gen\u00e9tico e Manejo de lavouras<\/p>\n<p><strong>Disciplinas Ministradas na Gradua\u00e7\u00e3o&nbsp;<\/strong><\/p>\n<p><a href=\"https:\/\/agrarias.ufpr.br\/fitotecnia\/agricultura-geral-af001\/\">AF 001 -Agricultura Geral<\/a><\/p>\n<p><a href=\"https:\/\/agrarias.ufpr.br\/fitotecnia\/estagio-obrigatorio-supervisionado-em-agronomia-agro-001\/\">AGRO 001 \u2013 Est\u00e1gio Obrigat\u00f3rio Supervisionado em Agronomia<\/a><\/p>\n<p><a href=\"https:\/\/agrarias.ufpr.br\/fitotecnia\/introducao-a-pesquisa-em-fitotecnia-af048\/\">AF 048 &#8211; Introdu\u00e7\u00e3o \u00e0 Pesquisa em Fitotecnia<\/a><\/p>\n<p><a href=\"https:\/\/agrarias.ufpr.br\/fitotecnia\/introducao-a-pesquisa-em-fitotecnia-af048\/\">AF 048 &#8211; Introdu\u00e7\u00e3o \u00e0 Pesquisa em Fitotecnia&nbsp;(orienta\u00e7\u00e3o)<\/a><\/p>\n<p><strong>Disciplinas Ministradas na P\u00f3s-Gradua\u00e7\u00e3o<\/strong><\/p>\n<p class=\"Normal tm5\"><a href=\"https:\/\/agrarias.ufpr.br\/pgapv\/agro-7014-fundamentos-para-o-manejo-de-plantas-cultivadas\/\"><span class=\"tm6\">AGRO 7014 \u2013 Fundamentos para o Manejo de Plantas Cultivadas<\/span><\/a><\/p>\n<p class=\"Normal tm5\"><a href=\"https:\/\/agrarias.ufpr.br\/pgapv\/agro-7027-pratica-docente-i\/\">AGRO 7027 \u2013 Pr\u00e1tica Docente I<\/a><\/p>\n<p class=\"Normal tm5\"><a href=\"https:\/\/agrarias.ufpr.br\/pgapv\/agro7028-pratica-docente-ii\/\">AGRO 7028 \u2013 Pr\u00e1tica Docente II<\/a><\/p>\n<p class=\"Normal tm5\"><a href=\"https:\/\/agrarias.ufpr.br\/pgapv\/agro-7034-topicos-especiais-iv-manejo-da-lavoura-de-cana-de-acucar\/\"><span class=\"tm6\">AGRO 7038 \u2013 T\u00f3picos Especiais IV: Manejo da Lavoura da Cana-de-A\u00e7\u00facar<\/span><\/a><\/p>\n<p><strong>Laborat\u00f3rio<\/strong><\/p>\n<p><a href=\"https:\/\/agrarias.ufpr.br\/fitotecnia\/1220-2\/\">Laborat\u00f3rio de Fitotecnia<\/a><\/p>\n<p><strong>Publica\u00e7\u00f5es<\/strong><\/p>\n<p><strong><a href=\"http:\/\/buscatextual.cnpq.br\/buscatextual\/visualizacv.do?metodo=apresentar&amp;id=K4167407P3\"><img loading=\"lazy\" decoding=\"async\" class=\"alignnone wp-image-742\" src=\"https:\/\/agrarias.ufpr.br\/fitotecnia\/wp-content\/uploads\/sites\/26\/2016\/03\/icon_lattes.png\" alt=\"icon_lattes\" width=\"30\" height=\"29\"><\/a><a href=\"http:\/\/buscatextual.cnpq.br\/buscatextual\/visualizacv.do?metodo=apresentar&amp;id=K4167407P3\">&nbsp;Lattes&nbsp;<\/a>&nbsp;&nbsp;<a href=\"https:\/\/www.researchgate.net\/profile\/Ricardo_De_Oliveira15\"><img loading=\"lazy\" decoding=\"async\" class=\"size-full wp-image-1136 alignnone\" src=\"https:\/\/agrarias.ufpr.br\/fitotecnia\/wp-content\/uploads\/sites\/26\/2016\/03\/apple-touch-icon-180x180-e1459453504744.png\" alt=\"apple-touch-icon-180x180\" width=\"29\" height=\"29\">&nbsp;Research Gate&nbsp;&nbsp;<\/a><a href=\"https:\/\/orcid.org\/0000-0002-7472-9238\"><span style=\"color: #000080\"><img loading=\"lazy\" decoding=\"async\" class=\"alignnone wp-image-4146\" src=\"https:\/\/agrarias.ufpr.br\/pgapven\/wp-content\/uploads\/sites\/45\/2021\/02\/unnamed.jpg\" alt=\"\" width=\"93\" height=\"37\"><\/span><\/a><\/strong><\/p>\n<p><strong>Contatos<\/strong><\/p>\n<p><img loading=\"lazy\" decoding=\"async\" class=\"wp-image-758 alignnone\" src=\"https:\/\/agrarias.ufpr.br\/fitotecnia\/wp-content\/uploads\/sites\/26\/2016\/03\/telefone.png\" alt=\"telefone\" width=\"22\" height=\"22\" srcset=\"https:\/\/agrarias.ufpr.br\/fitotecnia\/wp-content\/uploads\/sites\/26\/2016\/03\/telefone.png 200w, https:\/\/agrarias.ufpr.br\/fitotecnia\/wp-content\/uploads\/sites\/26\/2016\/03\/telefone-150x150.png 150w\" sizes=\"auto, (max-width: 22px) 100vw, 22px\" \/>+55 (41) 3350-5633<\/p>\n<p><img loading=\"lazy\" decoding=\"async\" class=\"alignnone wp-image-757\" src=\"https:\/\/agrarias.ufpr.br\/fitotecnia\/wp-content\/uploads\/sites\/26\/2016\/03\/email-small-.jpg\" alt=\"email small\" width=\"22\" height=\"22\"> rico@ufpr.br<\/p>\n<div class=\"t4p-reading-box-container reading-box-container-1\">&nbsp;<\/div>\n","protected":false},"excerpt":{"rendered":"<p>Prof. Associado Forma\u00e7\u00e3o acad\u00eamica Dr. em Agronomia (Produ\u00e7\u00e3o Vegetal), UFPR (2007) M.Sc. em Agronomia (Produ\u00e7\u00e3o Vegetal), UFPR (2004) Eng. Agr\u00f4nomo, UFPR (2002) \u00c1rea\/Sub-\u00e1rea\/Linha de pesquisa Agricultura\/Grandes culturas\/Melhoramento gen\u00e9tico e Manejo de lavouras Disciplinas Ministradas na Gradua\u00e7\u00e3o&nbsp; AF 001 -Agricultura Geral AGRO 001 \u2013 Est\u00e1gio Obrigat\u00f3rio Supervisionado em Agronomia AF 048 &#8211; Introdu\u00e7\u00e3o \u00e0 Pesquisa em [&hellip;]<\/p>\n","protected":false},"author":3,"featured_media":0,"parent":0,"menu_order":0,"comment_status":"closed","ping_status":"closed","template":"","meta":{"footnotes":""},"class_list":["post-1195","page","type-page","status-publish","hentry"],"_links":{"self":[{"href":"https:\/\/agrarias.ufpr.br\/fitotecnia\/wp-json\/wp\/v2\/pages\/1195","targetHints":{"allow":["GET"]}}],"collection":[{"href":"https:\/\/agrarias.ufpr.br\/fitotecnia\/wp-json\/wp\/v2\/pages"}],"about":[{"href":"https:\/\/agrarias.ufpr.br\/fitotecnia\/wp-json\/wp\/v2\/types\/page"}],"author":[{"embeddable":true,"href":"https:\/\/agrarias.ufpr.br\/fitotecnia\/wp-json\/wp\/v2\/users\/3"}],"replies":[{"embeddable":true,"href":"https:\/\/agrarias.ufpr.br\/fitotecnia\/wp-json\/wp\/v2\/comments?post=1195"}],"version-history":[{"count":34,"href":"https:\/\/agrarias.ufpr.br\/fitotecnia\/wp-json\/wp\/v2\/pages\/1195\/revisions"}],"predecessor-version":[{"id":4841,"href":"https:\/\/agrarias.ufpr.br\/fitotecnia\/wp-json\/wp\/v2\/pages\/1195\/revisions\/4841"}],"wp:attachment":[{"href":"https:\/\/agrarias.ufpr.br\/fitotecnia\/wp-json\/wp\/v2\/media?parent=1195"}],"curies":[{"name":"wp","href":"https:\/\/api.w.org\/{rel}","templated":true}]}}