{"id":1186,"date":"2016-04-01T12:09:19","date_gmt":"2016-04-01T12:09:19","guid":{"rendered":"https:\/\/agrarias.ufpr.br\/fitotecnia\/?page_id=1186"},"modified":"2016-04-26T18:43:58","modified_gmt":"2016-04-26T18:43:58","slug":"epidemiologia-molecular-no-estudo-da-variabilidade-de-patogenos","status":"publish","type":"page","link":"https:\/\/agrarias.ufpr.br\/fitotecnia\/epidemiologia-molecular-no-estudo-da-variabilidade-de-patogenos\/","title":{"rendered":"Epidemiologia Molecular no estudo da variabilidade de pat\u00f3genos"},"content":{"rendered":"<p><strong>Resumo <\/strong><\/p>\n<p style=\"text-align: justify\">Uso de t\u00e9cnicas moleculares para estudo de variabilidade de pat\u00f3genos e Resist\u00eancia de fungos a fungicidas. Desenvolvimento de t\u00e9cnicas para monitorar resist\u00eancia, epidemiologia comparativa entre isolados ou esp\u00e9cies de pat\u00f3genos com \u00eanfase em frut\u00edferas temperadas e na cultura da soja.<\/p>\n<p><strong>Coordenador<\/strong><\/p>\n<p><a href=\"https:\/\/agrarias.ufpr.br\/fitotecnia\/louise-larissa-may-de-mio\/\">Louise Larissa May De Mio<\/a><\/p>\n<p><strong>Colaboradores<\/strong><\/p>\n<p>Lilian Amorim \/ Luciene M Moreira \/ Walmes Marques Zeviani \/ Paulo Justiniano Ribeiro Junbior\/ Themis J. Michailides\/ Yong Luo\/ Chirlei Glienke\/ Natalia Peres\/ Claudia V.Godoy\/ Josiane Figueredo\/ Nelson Massola Junior \/ Luiz Eduardo de Aranha Camargo\/Wagner Vivente Pereira\/ Rafael Morales\/Paulo Lichtemberg\/ Ana Claudia Klosowski\/Juliana M. F. Meulman\/ Monica Anghinon\/ Isabela Primiano\/ Pamela Dutra<\/p>\n","protected":false},"excerpt":{"rendered":"<p>Resumo Uso de t\u00e9cnicas moleculares para estudo de variabilidade de pat\u00f3genos e Resist\u00eancia de fungos a fungicidas. Desenvolvimento de t\u00e9cnicas para monitorar resist\u00eancia, epidemiologia comparativa entre isolados ou esp\u00e9cies de pat\u00f3genos com \u00eanfase em frut\u00edferas temperadas e na cultura da soja. Coordenador Louise Larissa May De Mio Colaboradores Lilian Amorim \/ Luciene M Moreira \/ [&hellip;]<\/p>\n","protected":false},"author":3,"featured_media":0,"parent":0,"menu_order":0,"comment_status":"closed","ping_status":"closed","template":"","meta":{"footnotes":""},"class_list":["post-1186","page","type-page","status-publish","hentry"],"_links":{"self":[{"href":"https:\/\/agrarias.ufpr.br\/fitotecnia\/wp-json\/wp\/v2\/pages\/1186","targetHints":{"allow":["GET"]}}],"collection":[{"href":"https:\/\/agrarias.ufpr.br\/fitotecnia\/wp-json\/wp\/v2\/pages"}],"about":[{"href":"https:\/\/agrarias.ufpr.br\/fitotecnia\/wp-json\/wp\/v2\/types\/page"}],"author":[{"embeddable":true,"href":"https:\/\/agrarias.ufpr.br\/fitotecnia\/wp-json\/wp\/v2\/users\/3"}],"replies":[{"embeddable":true,"href":"https:\/\/agrarias.ufpr.br\/fitotecnia\/wp-json\/wp\/v2\/comments?post=1186"}],"version-history":[{"count":3,"href":"https:\/\/agrarias.ufpr.br\/fitotecnia\/wp-json\/wp\/v2\/pages\/1186\/revisions"}],"predecessor-version":[{"id":1736,"href":"https:\/\/agrarias.ufpr.br\/fitotecnia\/wp-json\/wp\/v2\/pages\/1186\/revisions\/1736"}],"wp:attachment":[{"href":"https:\/\/agrarias.ufpr.br\/fitotecnia\/wp-json\/wp\/v2\/media?parent=1186"}],"curies":[{"name":"wp","href":"https:\/\/api.w.org\/{rel}","templated":true}]}}