{"id":1182,"date":"2016-04-01T12:02:58","date_gmt":"2016-04-01T12:02:58","guid":{"rendered":"https:\/\/agrarias.ufpr.br\/fitotecnia\/?page_id=1182"},"modified":"2016-04-26T17:11:30","modified_gmt":"2016-04-26T17:11:30","slug":"manejo-de-doencas-em-producao-integrada-das-culturas-de-morangueiro-cana-e-em-sistemas-integrados-de-lavoura-e-pecuaria","status":"publish","type":"page","link":"https:\/\/agrarias.ufpr.br\/fitotecnia\/manejo-de-doencas-em-producao-integrada-das-culturas-de-morangueiro-cana-e-em-sistemas-integrados-de-lavoura-e-pecuaria\/","title":{"rendered":"Manejo de doen\u00e7as em produ\u00e7\u00e3o integrada das culturas de morangueiro, cana e em sistemas integrados de lavoura e pecu\u00e1ria"},"content":{"rendered":"<p><strong>Resumo<\/strong><\/p>\n<p style=\"text-align: justify\">Manejo de doen\u00e7as nas diferentes culturas listadas seguindo as normas da produ\u00e7\u00e3o integrada, buscando alternativas n\u00e3o agressivas ao ambiente juntamente com conceitos e desenvolvimento de estrat\u00e9gias de manejo considerando o conhecimento das epidemias no campo para a regi\u00e3o produtora do Paran\u00e1.<\/p>\n<p style=\"text-align: justify\"><strong>Cooordenadores<\/strong><\/p>\n<p><a href=\"https:\/\/agrarias.ufpr.br\/fitotecnia\/lucimeris-ruaro\/\">Lucimeris Ruaro<\/a> (Cana)<\/p>\n<p>Maria Aparecida Cassilha Zawadneak (Morango)<\/p>\n<p><a href=\"https:\/\/agrarias.ufpr.br\/fitotecnia\/anibal-de-moraes\/\">Anibal de Moraes<\/a> (Sistemas integrados)<\/p>\n<p><strong>Colaboradora<\/strong><\/p>\n<p><a href=\"https:\/\/agrarias.ufpr.br\/fitotecnia\/louise-larissa-may-de-mio\/\">Louise Larissa May De Mio<\/a><\/p>\n<p>Demais componentes de equipe em cada projeto<\/p>\n<p>&nbsp;<\/p>\n","protected":false},"excerpt":{"rendered":"<p>Resumo Manejo de doen\u00e7as nas diferentes culturas listadas seguindo as normas da produ\u00e7\u00e3o integrada, buscando alternativas n\u00e3o agressivas ao ambiente juntamente com conceitos e desenvolvimento de estrat\u00e9gias de manejo considerando o conhecimento das epidemias no campo para a regi\u00e3o produtora do Paran\u00e1. Cooordenadores Lucimeris Ruaro (Cana) Maria Aparecida Cassilha Zawadneak (Morango) Anibal de Moraes (Sistemas [&hellip;]<\/p>\n","protected":false},"author":3,"featured_media":0,"parent":0,"menu_order":0,"comment_status":"closed","ping_status":"closed","template":"","meta":{"footnotes":""},"class_list":["post-1182","page","type-page","status-publish","hentry"],"_links":{"self":[{"href":"https:\/\/agrarias.ufpr.br\/fitotecnia\/wp-json\/wp\/v2\/pages\/1182","targetHints":{"allow":["GET"]}}],"collection":[{"href":"https:\/\/agrarias.ufpr.br\/fitotecnia\/wp-json\/wp\/v2\/pages"}],"about":[{"href":"https:\/\/agrarias.ufpr.br\/fitotecnia\/wp-json\/wp\/v2\/types\/page"}],"author":[{"embeddable":true,"href":"https:\/\/agrarias.ufpr.br\/fitotecnia\/wp-json\/wp\/v2\/users\/3"}],"replies":[{"embeddable":true,"href":"https:\/\/agrarias.ufpr.br\/fitotecnia\/wp-json\/wp\/v2\/comments?post=1182"}],"version-history":[{"count":4,"href":"https:\/\/agrarias.ufpr.br\/fitotecnia\/wp-json\/wp\/v2\/pages\/1182\/revisions"}],"predecessor-version":[{"id":5598,"href":"https:\/\/agrarias.ufpr.br\/fitotecnia\/wp-json\/wp\/v2\/pages\/1182\/revisions\/5598"}],"wp:attachment":[{"href":"https:\/\/agrarias.ufpr.br\/fitotecnia\/wp-json\/wp\/v2\/media?parent=1182"}],"curies":[{"name":"wp","href":"https:\/\/api.w.org\/{rel}","templated":true}]}}