{"id":1172,"date":"2016-04-01T11:52:57","date_gmt":"2016-04-01T11:52:57","guid":{"rendered":"https:\/\/agrarias.ufpr.br\/fitotecnia\/?page_id=1172"},"modified":"2021-03-01T21:53:45","modified_gmt":"2021-03-01T21:53:45","slug":"louise-larissa-may-de-mio","status":"publish","type":"page","link":"https:\/\/agrarias.ufpr.br\/fitotecnia\/louise-larissa-may-de-mio\/","title":{"rendered":"Louise Larissa May De Mio"},"content":{"rendered":"<p>Prof\u00aa.&nbsp;<span style=\"color: #222222\"><span style=\"font-family: inherit, serif\">Titular<\/span><\/span><\/p>\n<p><strong>Forma\u00e7\u00e3o acad\u00eamica: <\/strong><\/p>\n<p>P\u00f3s-Doutorado,&nbsp;University of California, Davis, UCDAVIS, Estados Unidos (2008-2009)<\/p>\n<p>Dra. em Fitopatologia, ESALQ\/USP (2001)<\/p>\n<p>M.Sc. em Fitopatologia, ESALQ\/USP (1994)<\/p>\n<p>Eng. Agr\u00f4noma, UFPR (1989)<\/p>\n<p><strong>\u00c1rea\/Sub-\u00e1rea\/Linha de pesquisa<\/strong><\/p>\n<p>Fitossanidade\/Fitopatologia\/Epidemiologia e Manejo de Doen\u00e7as de Plantas<\/p>\n<p><strong>Disciplinas Ministradas na Gradua\u00e7\u00e3o<\/strong><\/p>\n<p><a href=\"https:\/\/agrarias.ufpr.br\/fitotecnia\/fitopatologia-geral-af-029-2\/\">AF 029 &#8211; Fitopatologia Geral<\/a><\/p>\n<p><a href=\"https:\/\/agrarias.ufpr.br\/fitotecnia\/fundamentos-de-fitopatologia-af-093\/\"><span style=\"color: #222222\"><span style=\"font-family: inherit, serif\">AF 093 \u2013 Fundamentos em Fitopatologia<\/span><\/span><\/a><\/p>\n<p><a href=\"https:\/\/agrarias.ufpr.br\/fitotecnia\/estagio-obrigatorio-supervisionado-em-agronomia-agro-001\/\">AGRO 001 &#8211; Est\u00e1gio Obrigat\u00f3rio Supervisionado em Agronomia<\/a><\/p>\n<p><a href=\"https:\/\/agrarias.ufpr.br\/fitotecnia\/introducao-a-pesquisa-em-fitopatologia-af050\/\">AF 050 \u2013 Introdu\u00e7\u00e3o \u00e0 Pesquisa em Fitopatologia&nbsp;(orienta\u00e7\u00e3o)<\/a><\/p>\n<p><strong>Disciplinas Ministradas na P\u00f3s-Gradua\u00e7\u00e3o<\/strong><\/p>\n<p><a href=\"https:\/\/agrarias.ufpr.br\/pgapv\/agro-7004-controle-de-doencas-de-plantas\/\">AGRO 7004 \u2013 Controle de Doen\u00e7as de Plantas&nbsp;<\/a><\/p>\n<p><a href=\"https:\/\/agrarias.ufpr.br\/pgapv\/agro-7009-epidemiologia-de-doencas-de-plantas\/\">AGRO 7009 \u2013 Epidemiologia para o Manejo de Doen\u00e7as de Plantas<\/a><\/p>\n<p class=\"Normal_Web_ tm6\"><a href=\"https:\/\/agrarias.ufpr.br\/pgapv\/agro-7027-pratica-docente-i\/\"><span class=\"tm7\">AGRO 7027 \u2013 Pr\u00e1tica Docente I&nbsp;<\/span><\/a><\/p>\n<p class=\"Normal_Web_ tm6\"><a href=\"https:\/\/agrarias.ufpr.br\/pgapv\/agro7028-pratica-docente-ii\/\"><span class=\"tm7\">AGRO 7028 \u2013 Pr\u00e1tica Docente II&nbsp;<\/span><\/a><\/p>\n<p><a href=\"https:\/\/agrarias.ufpr.br\/pgapv\/agro-7038-topicos-especiais-iv-analises-avancadas-em-epidemiologia-usando-o-r\/\">AGRO 7038 \u2013 T\u00f3picos Especiais IV \u2013 An\u00e1lises Avan\u00e7adas em Epidemiologia usando o R<\/a><\/p>\n<p><strong>Laborat\u00f3rios\/Unidades de Apoio&nbsp;<\/strong><\/p>\n<p><a href=\"https:\/\/agrarias.ufpr.br\/fitotecnia\/laboratorio-de-epidemiologia-para-manejo-integrado-de-doenca-lemid-1\/\">Laborat\u00f3rio de Epidemiologia para Manejo Integrado de Doen\u00e7a (LEMID 1)<\/a><\/p>\n<p><a href=\"https:\/\/agrarias.ufpr.br\/fitotecnia\/laboratorio-de-epidemiologia-para-manejo-integrado-de-doenca-lemid-2\/\">Laborat\u00f3rio de Epidemiologia para Manejo Integrado de Doen\u00e7a (LEMID 2)<\/a><\/p>\n<p><a href=\"https:\/\/agrarias.ufpr.br\/fitotecnia\/laboratorio-de-fitopatologia\/\">Laborat\u00f3rio de Fitopatologia<\/a><\/p>\n<p><a href=\"https:\/\/agrarias.ufpr.br\/fitotecnia\/laboratorio-de-epidemiologia-molecular-laem\/\">Laborat\u00f3rio de Epidemiologia Molecular \u2013 LAEM<\/a><\/p>\n<p><a href=\"https:\/\/agrarias.ufpr.br\/fitotecnia\/area-experimental-doencas-em-grandes-culturas\/\">\u00c1rea Experimental Doen\u00e7as em Grandes Culturas<\/a><\/p>\n<p><strong>Publica\u00e7\u00f5es<\/strong><\/p>\n<p><strong><a href=\"http:\/\/buscatextual.cnpq.br\/buscatextual\/visualizacv.do?id=K4784762Z1\"><img loading=\"lazy\" decoding=\"async\" class=\"alignnone wp-image-742\" src=\"https:\/\/agrarias.ufpr.br\/fitotecnia\/wp-content\/uploads\/sites\/26\/2016\/03\/icon_lattes.png\" alt=\"icon_lattes\" width=\"30\" height=\"29\"><\/a>&nbsp;<a href=\"http:\/\/buscatextual.cnpq.br\/buscatextual\/visualizacv.do?id=K4784762Z1\">Lattes<\/a>&nbsp;&nbsp;<a href=\"https:\/\/www.researchgate.net\/profile\/Mauro_Tofanelli\"><img loading=\"lazy\" decoding=\"async\" class=\"size-full wp-image-1136 alignnone\" src=\"https:\/\/agrarias.ufpr.br\/fitotecnia\/wp-content\/uploads\/sites\/26\/2016\/03\/apple-touch-icon-180x180-e1459453504744.png\" alt=\"apple-touch-icon-180x180\" width=\"29\" height=\"29\">&nbsp;<\/a><a href=\"https:\/\/www.researchgate.net\/profile\/Louise_May-De_Mio\">Research Gate&nbsp; &nbsp;<\/a><a href=\"https:\/\/orcid.org\/0000-0002-4202-4428\"><img loading=\"lazy\" decoding=\"async\" class=\"alignnone wp-image-3185\" src=\"https:\/\/agrarias.ufpr.br\/pgapv\/wp-content\/uploads\/sites\/39\/2021\/02\/unnamed.jpg\" alt=\"\" width=\"93\" height=\"37\"><\/a><\/strong><\/p>\n<p><strong>Contatos<\/strong><\/p>\n<p><img loading=\"lazy\" decoding=\"async\" class=\"wp-image-758 alignnone\" src=\"https:\/\/agrarias.ufpr.br\/fitotecnia\/wp-content\/uploads\/sites\/26\/2016\/03\/telefone.png\" alt=\"telefone\" width=\"22\" height=\"22\" srcset=\"https:\/\/agrarias.ufpr.br\/fitotecnia\/wp-content\/uploads\/sites\/26\/2016\/03\/telefone.png 200w, https:\/\/agrarias.ufpr.br\/fitotecnia\/wp-content\/uploads\/sites\/26\/2016\/03\/telefone-150x150.png 150w\" sizes=\"auto, (max-width: 22px) 100vw, 22px\" \/>+55 (41) 3350-5736<\/p>\n<p><img loading=\"lazy\" decoding=\"async\" class=\"alignnone wp-image-757\" src=\"https:\/\/agrarias.ufpr.br\/fitotecnia\/wp-content\/uploads\/sites\/26\/2016\/03\/email-small-.jpg\" alt=\"email small\" width=\"22\" height=\"22\"> maydemio@ufpr.br\/maydemio@gmail.com<\/p>\n","protected":false},"excerpt":{"rendered":"<p>Prof\u00aa.&nbsp;Titular Forma\u00e7\u00e3o acad\u00eamica: P\u00f3s-Doutorado,&nbsp;University of California, Davis, UCDAVIS, Estados Unidos (2008-2009) Dra. em Fitopatologia, ESALQ\/USP (2001) M.Sc. em Fitopatologia, ESALQ\/USP (1994) Eng. Agr\u00f4noma, UFPR (1989) \u00c1rea\/Sub-\u00e1rea\/Linha de pesquisa Fitossanidade\/Fitopatologia\/Epidemiologia e Manejo de Doen\u00e7as de Plantas Disciplinas Ministradas na Gradua\u00e7\u00e3o AF 029 &#8211; Fitopatologia Geral AF 093 \u2013 Fundamentos em Fitopatologia AGRO 001 &#8211; Est\u00e1gio Obrigat\u00f3rio [&hellip;]<\/p>\n","protected":false},"author":3,"featured_media":0,"parent":0,"menu_order":0,"comment_status":"closed","ping_status":"closed","template":"","meta":{"footnotes":""},"class_list":["post-1172","page","type-page","status-publish","hentry"],"_links":{"self":[{"href":"https:\/\/agrarias.ufpr.br\/fitotecnia\/wp-json\/wp\/v2\/pages\/1172","targetHints":{"allow":["GET"]}}],"collection":[{"href":"https:\/\/agrarias.ufpr.br\/fitotecnia\/wp-json\/wp\/v2\/pages"}],"about":[{"href":"https:\/\/agrarias.ufpr.br\/fitotecnia\/wp-json\/wp\/v2\/types\/page"}],"author":[{"embeddable":true,"href":"https:\/\/agrarias.ufpr.br\/fitotecnia\/wp-json\/wp\/v2\/users\/3"}],"replies":[{"embeddable":true,"href":"https:\/\/agrarias.ufpr.br\/fitotecnia\/wp-json\/wp\/v2\/comments?post=1172"}],"version-history":[{"count":28,"href":"https:\/\/agrarias.ufpr.br\/fitotecnia\/wp-json\/wp\/v2\/pages\/1172\/revisions"}],"predecessor-version":[{"id":4858,"href":"https:\/\/agrarias.ufpr.br\/fitotecnia\/wp-json\/wp\/v2\/pages\/1172\/revisions\/4858"}],"wp:attachment":[{"href":"https:\/\/agrarias.ufpr.br\/fitotecnia\/wp-json\/wp\/v2\/media?parent=1172"}],"curies":[{"name":"wp","href":"https:\/\/api.w.org\/{rel}","templated":true}]}}