{"id":1168,"date":"2016-04-01T11:39:37","date_gmt":"2016-04-01T11:39:37","guid":{"rendered":"https:\/\/agrarias.ufpr.br\/fitotecnia\/?page_id=1168"},"modified":"2025-06-26T17:49:50","modified_gmt":"2025-06-26T17:49:50","slug":"laboratorio-de-epidemiologia-para-manejo-integrado-de-doenca-lemid-2","status":"publish","type":"page","link":"https:\/\/agrarias.ufpr.br\/fitotecnia\/laboratorio-de-epidemiologia-para-manejo-integrado-de-doenca-lemid-2\/","title":{"rendered":"Laborat\u00f3rio de epidemiologia para Manejo Integrado de Doen\u00e7a (LEMID 2)"},"content":{"rendered":"<p><img loading=\"lazy\" decoding=\"async\" class=\"alignnone size-medium wp-image-6145\" src=\"https:\/\/agrarias.ufpr.br\/fitotecnia\/wp-content\/uploads\/sites\/26\/2025\/06\/Imagem-do-WhatsApp-de-2025-06-24-as-15.23.23_37c4ae11-300x300.jpg\" alt=\"\" width=\"300\" height=\"300\" srcset=\"https:\/\/agrarias.ufpr.br\/fitotecnia\/wp-content\/uploads\/sites\/26\/2025\/06\/Imagem-do-WhatsApp-de-2025-06-24-as-15.23.23_37c4ae11-300x300.jpg 300w, https:\/\/agrarias.ufpr.br\/fitotecnia\/wp-content\/uploads\/sites\/26\/2025\/06\/Imagem-do-WhatsApp-de-2025-06-24-as-15.23.23_37c4ae11-1024x1024.jpg 1024w, https:\/\/agrarias.ufpr.br\/fitotecnia\/wp-content\/uploads\/sites\/26\/2025\/06\/Imagem-do-WhatsApp-de-2025-06-24-as-15.23.23_37c4ae11-150x150.jpg 150w, https:\/\/agrarias.ufpr.br\/fitotecnia\/wp-content\/uploads\/sites\/26\/2025\/06\/Imagem-do-WhatsApp-de-2025-06-24-as-15.23.23_37c4ae11-768x768.jpg 768w, https:\/\/agrarias.ufpr.br\/fitotecnia\/wp-content\/uploads\/sites\/26\/2025\/06\/Imagem-do-WhatsApp-de-2025-06-24-as-15.23.23_37c4ae11-250x250.jpg 250w, https:\/\/agrarias.ufpr.br\/fitotecnia\/wp-content\/uploads\/sites\/26\/2025\/06\/Imagem-do-WhatsApp-de-2025-06-24-as-15.23.23_37c4ae11.jpg 1280w\" sizes=\"auto, (max-width: 300px) 100vw, 300px\" \/><img loading=\"lazy\" decoding=\"async\" class=\"alignnone size-medium wp-image-6146\" src=\"https:\/\/agrarias.ufpr.br\/fitotecnia\/wp-content\/uploads\/sites\/26\/2025\/06\/Imagem-do-WhatsApp-de-2025-06-24-as-15.23.43_856b952f-300x300.jpg\" alt=\"\" width=\"300\" height=\"300\" srcset=\"https:\/\/agrarias.ufpr.br\/fitotecnia\/wp-content\/uploads\/sites\/26\/2025\/06\/Imagem-do-WhatsApp-de-2025-06-24-as-15.23.43_856b952f-300x300.jpg 300w, https:\/\/agrarias.ufpr.br\/fitotecnia\/wp-content\/uploads\/sites\/26\/2025\/06\/Imagem-do-WhatsApp-de-2025-06-24-as-15.23.43_856b952f-1024x1024.jpg 1024w, https:\/\/agrarias.ufpr.br\/fitotecnia\/wp-content\/uploads\/sites\/26\/2025\/06\/Imagem-do-WhatsApp-de-2025-06-24-as-15.23.43_856b952f-150x150.jpg 150w, https:\/\/agrarias.ufpr.br\/fitotecnia\/wp-content\/uploads\/sites\/26\/2025\/06\/Imagem-do-WhatsApp-de-2025-06-24-as-15.23.43_856b952f-768x768.jpg 768w, https:\/\/agrarias.ufpr.br\/fitotecnia\/wp-content\/uploads\/sites\/26\/2025\/06\/Imagem-do-WhatsApp-de-2025-06-24-as-15.23.43_856b952f-250x250.jpg 250w, https:\/\/agrarias.ufpr.br\/fitotecnia\/wp-content\/uploads\/sites\/26\/2025\/06\/Imagem-do-WhatsApp-de-2025-06-24-as-15.23.43_856b952f.jpg 1200w\" sizes=\"auto, (max-width: 300px) 100vw, 300px\" \/><\/p>\n<p><strong>Interesses de pesquisa<\/strong><\/p>\n<p style=\"text-align: justify;\">Estudos sobre epidemiologia e controle de doen\u00e7as de plantas. Os projetos do laborat\u00f3rio est\u00e3o direcionados para estudos sobre quantifica\u00e7\u00e3o e estudos sobre o monociclo de doen\u00e7as de doen\u00e7as e uso de cogumelos no controle de fitonematoides.<\/p>\n<p><strong>Coordenador<\/strong><\/p>\n<p><a href=\"https:\/\/agrarias.ufpr.br\/fitotecnia\/henrique-da-silva-silveira-duarte\/\">Henrique da Silva Silveira Duarte\u00a0<\/a><\/p>\n<p><strong>Vice-coordenadora<\/strong><\/p>\n<p><a href=\"https:\/\/agrarias.ufpr.br\/fitotecnia\/louise-larissa-may-de-mio\/\">Louise Larissa May De Mio\u00a0<\/a><\/p>\n<p><strong>T\u00e9cnicos<\/strong><\/p>\n<p>Renan Reisd\u00f6rfer Schorr<\/p>\n<p><strong>Contatos <\/strong><\/p>\n<p><strong><img loading=\"lazy\" decoding=\"async\" class=\"wp-image-758 alignnone\" src=\"https:\/\/agrarias.ufpr.br\/fitotecnia\/wp-content\/uploads\/sites\/26\/2016\/03\/telefone.png\" alt=\"telefone\" width=\"22\" height=\"22\" srcset=\"https:\/\/agrarias.ufpr.br\/fitotecnia\/wp-content\/uploads\/sites\/26\/2016\/03\/telefone.png 200w, https:\/\/agrarias.ufpr.br\/fitotecnia\/wp-content\/uploads\/sites\/26\/2016\/03\/telefone-150x150.png 150w\" sizes=\"auto, (max-width: 22px) 100vw, 22px\" \/>\u00a0<\/strong>+55 (41) 3350-5646<\/p>\n<p><strong><a href=\"https:\/\/agrarias.ufpr.br\/fitotecnia\/estudantes-de-graduacao-e-pos-graduacao\/\">Estudantes de gradua\u00e7\u00e3o e p\u00f3s-gradua\u00e7\u00e3o<\/a><\/strong><\/p>\n<p style=\"text-align: center;\"><strong>Fotos<\/strong><\/p>\n<p>[Best_Wordpress_Gallery id=&#8221;6&#8243; gal_title=&#8221;Lemid2&#8243;]<\/p>\n","protected":false},"excerpt":{"rendered":"<p>Interesses de pesquisa Estudos sobre epidemiologia e controle de doen\u00e7as de plantas. Os projetos do laborat\u00f3rio est\u00e3o direcionados para estudos sobre quantifica\u00e7\u00e3o e estudos sobre o monociclo de doen\u00e7as de doen\u00e7as e uso de cogumelos no controle de fitonematoides. Coordenador Henrique da Silva Silveira Duarte\u00a0 Vice-coordenadora Louise Larissa May De Mio\u00a0 T\u00e9cnicos Renan Reisd\u00f6rfer Schorr [&hellip;]<\/p>\n","protected":false},"author":3,"featured_media":0,"parent":0,"menu_order":0,"comment_status":"closed","ping_status":"closed","template":"","meta":{"footnotes":""},"class_list":["post-1168","page","type-page","status-publish","hentry"],"_links":{"self":[{"href":"https:\/\/agrarias.ufpr.br\/fitotecnia\/wp-json\/wp\/v2\/pages\/1168","targetHints":{"allow":["GET"]}}],"collection":[{"href":"https:\/\/agrarias.ufpr.br\/fitotecnia\/wp-json\/wp\/v2\/pages"}],"about":[{"href":"https:\/\/agrarias.ufpr.br\/fitotecnia\/wp-json\/wp\/v2\/types\/page"}],"author":[{"embeddable":true,"href":"https:\/\/agrarias.ufpr.br\/fitotecnia\/wp-json\/wp\/v2\/users\/3"}],"replies":[{"embeddable":true,"href":"https:\/\/agrarias.ufpr.br\/fitotecnia\/wp-json\/wp\/v2\/comments?post=1168"}],"version-history":[{"count":15,"href":"https:\/\/agrarias.ufpr.br\/fitotecnia\/wp-json\/wp\/v2\/pages\/1168\/revisions"}],"predecessor-version":[{"id":6452,"href":"https:\/\/agrarias.ufpr.br\/fitotecnia\/wp-json\/wp\/v2\/pages\/1168\/revisions\/6452"}],"wp:attachment":[{"href":"https:\/\/agrarias.ufpr.br\/fitotecnia\/wp-json\/wp\/v2\/media?parent=1168"}],"curies":[{"name":"wp","href":"https:\/\/api.w.org\/{rel}","templated":true}]}}