{"id":1125,"date":"2016-03-31T19:34:40","date_gmt":"2016-03-31T19:34:40","guid":{"rendered":"https:\/\/agrarias.ufpr.br\/fitotecnia\/?page_id=1125"},"modified":"2018-09-04T17:09:46","modified_gmt":"2018-09-04T17:09:46","slug":"fruticultura-i-af030","status":"publish","type":"page","link":"https:\/\/agrarias.ufpr.br\/fitotecnia\/fruticultura-i-af030\/","title":{"rendered":"Fruticultura I &#8211; AF030"},"content":{"rendered":"<div class=\"titulo_pagina\">\n<p><strong>Curso<\/strong><\/p>\n<p>Agronomia<\/p>\n<p><strong>Ementa<\/strong><\/p>\n<p>A fruticultura na produ\u00e7\u00e3o de alimentos. Princ\u00edpios de morfog\u00eanese e ecofisiologia das fruteiras; frutifica\u00e7\u00e3o. Produ\u00e7\u00e3o de mudas frut\u00edferas, em laborat\u00f3rio e a campo. Instala\u00e7\u00e3o de um pomar. Transplante de fruteiras. Principais tratos culturais do pomar. Princ\u00edpios de poda.<\/p>\n<p><strong>Natureza<\/strong><\/p>\n<p>Obrigat\u00f3ria<\/p>\n<p><strong>Carga hor\u00e1ria<\/strong><\/p>\n<p>60 horas<\/p>\n<p><strong>Semestre<\/strong><\/p>\n<p>1\u00ba e 2\u00ba<\/p>\n<p><strong>Dia\/Hor\u00e1rio<\/strong><\/p>\n<p>Quinta-feira \/ 07:30 \u2013 11:30 horas<\/p>\n<p>Quinta-feira \/ 13:30 -17:30 horas<\/p>\n<\/div>\n<div>\n<p><strong>Docente<\/strong><\/p>\n<p><a href=\"https:\/\/agrarias.ufpr.br\/fitotecnia\/mauro-brasil-dias-tofanelli\/\">Mauro Brasil Dias Tofanelli<\/a><\/p>\n<p><a href=\"https:\/\/agrarias.ufpr.br\/fitotecnia\/luiz-antonio-biasi\/\">Luiz Antonio Biasi<\/a><\/p>\n<\/div>\n","protected":false},"excerpt":{"rendered":"<p>Curso Agronomia Ementa A fruticultura na produ\u00e7\u00e3o de alimentos. Princ\u00edpios de morfog\u00eanese e ecofisiologia das fruteiras; frutifica\u00e7\u00e3o. Produ\u00e7\u00e3o de mudas frut\u00edferas, em laborat\u00f3rio e a campo. Instala\u00e7\u00e3o de um pomar. Transplante de fruteiras. Principais tratos culturais do pomar. Princ\u00edpios de poda. Natureza Obrigat\u00f3ria Carga hor\u00e1ria 60 horas Semestre 1\u00ba e 2\u00ba Dia\/Hor\u00e1rio Quinta-feira \/ 07:30 [&hellip;]<\/p>\n","protected":false},"author":3,"featured_media":0,"parent":0,"menu_order":0,"comment_status":"closed","ping_status":"closed","template":"","meta":{"footnotes":""},"class_list":["post-1125","page","type-page","status-publish","hentry"],"_links":{"self":[{"href":"https:\/\/agrarias.ufpr.br\/fitotecnia\/wp-json\/wp\/v2\/pages\/1125","targetHints":{"allow":["GET"]}}],"collection":[{"href":"https:\/\/agrarias.ufpr.br\/fitotecnia\/wp-json\/wp\/v2\/pages"}],"about":[{"href":"https:\/\/agrarias.ufpr.br\/fitotecnia\/wp-json\/wp\/v2\/types\/page"}],"author":[{"embeddable":true,"href":"https:\/\/agrarias.ufpr.br\/fitotecnia\/wp-json\/wp\/v2\/users\/3"}],"replies":[{"embeddable":true,"href":"https:\/\/agrarias.ufpr.br\/fitotecnia\/wp-json\/wp\/v2\/comments?post=1125"}],"version-history":[{"count":3,"href":"https:\/\/agrarias.ufpr.br\/fitotecnia\/wp-json\/wp\/v2\/pages\/1125\/revisions"}],"predecessor-version":[{"id":3906,"href":"https:\/\/agrarias.ufpr.br\/fitotecnia\/wp-json\/wp\/v2\/pages\/1125\/revisions\/3906"}],"wp:attachment":[{"href":"https:\/\/agrarias.ufpr.br\/fitotecnia\/wp-json\/wp\/v2\/media?parent=1125"}],"curies":[{"name":"wp","href":"https:\/\/api.w.org\/{rel}","templated":true}]}}