{"id":1123,"date":"2016-03-31T19:33:59","date_gmt":"2016-03-31T19:33:59","guid":{"rendered":"https:\/\/agrarias.ufpr.br\/fitotecnia\/?page_id=1123"},"modified":"2021-03-24T12:39:40","modified_gmt":"2021-03-24T12:39:40","slug":"mauro-brasil-dias-tofanelli","status":"publish","type":"page","link":"https:\/\/agrarias.ufpr.br\/fitotecnia\/mauro-brasil-dias-tofanelli\/","title":{"rendered":"Mauro Brasil Dias Tofanelli"},"content":{"rendered":"<p>Prof. Associado<\/p>\n<p><strong>Forma\u00e7\u00e3o Acad\u00eamica&nbsp;<\/strong><\/p>\n<p>Dr. em Agronomia (Horticultura), UNESP (2002)<\/p>\n<p>M.Sc. em Agronomia (Fitotecnia), UFLA (1999)<\/p>\n<p>Eng. Agr\u00f4nomo, UFLA (1996)<\/p>\n<p><strong>\u00c1rea\/Sub-\u00e1rea\/Linha de pesquisa<\/strong><\/p>\n<p>Horticultura\/Fruticultura\/Produ\u00e7\u00e3o de frutas e propaga\u00e7\u00e3o de plantas frut\u00edferas<\/p>\n<p><strong>Disciplinas Ministradas na Gradua\u00e7\u00e3o&nbsp;<\/strong><\/p>\n<p><a href=\"https:\/\/agrarias.ufpr.br\/fitotecnia\/fruticultura-i-af030\/\">AF 030 &#8211; Fruticultura I<\/a><\/p>\n<p><a href=\"https:\/\/agrarias.ufpr.br\/fitotecnia\/fruticultura-ii-af031\/\">AF 031 &#8211; Fruticultura II<\/a><\/p>\n<p><a href=\"https:\/\/agrarias.ufpr.br\/fitotecnia\/introducao-a-pesquisa-em-fitotecnia-af048\/\">AF 048 \u2013 Introdu\u00e7\u00e3o \u00e0 Pesquisa em Fitotecnia&nbsp;(orienta\u00e7\u00e3o)<\/a><\/p>\n<p><a href=\"https:\/\/agrarias.ufpr.br\/fitotecnia\/horticultura-geral-af-063\/\">AF063 &#8211; Horticultura Geral<\/a><\/p>\n<p class=\"Normal tm5\"><strong><span class=\"tm7\">Disciplinas Ministradas na P\u00f3s-Gradua\u00e7\u00e3o<\/span><\/strong><\/p>\n<p class=\"Normal tm5\"><a href=\"https:\/\/agrarias.ufpr.br\/pgapv\/agro-7027-pratica-docente-i\/\">AGRO 7027 \u2013 Pr\u00e1tica Docente I<\/a><\/p>\n<p class=\"Normal tm5\"><a href=\"https:\/\/agrarias.ufpr.br\/pgapv\/agro7028-pratica-docente-ii\/\">AGRO 7028 \u2013 Pr\u00e1tica Docente II<\/a><\/p>\n<p class=\"Normal tm5\"><a href=\"https:\/\/agrarias.ufpr.br\/pgapv\/agro-7038-avancos-na-cadeia-produtiva-de-frutiferas-subtropicais-e-tropicais\/\">AGRO 7042 \u2013&nbsp;<\/a><a href=\"https:\/\/agrarias.ufpr.br\/pgapv\/agro-7038-avancos-na-cadeia-produtiva-de-frutiferas-subtropicais-e-tropicais\/\">Avan\u00e7os na Cadeia Produtiva de Frut\u00edferas Subtropicais e Tropicais<\/a><\/p>\n<p><strong>Coordena\u00e7\u00e3o de Projetos<\/strong><\/p>\n<p><a href=\"https:\/\/agrarias.ufpr.br\/fitotecnia\/adubacao-organica-na-producao-agroecologica-de-figos-maduros\/\">Aduba\u00e7\u00e3o org\u00e2nica na produ\u00e7\u00e3o agroecol\u00f3gica de figos maduros<\/a><\/p>\n<p><a href=\"https:\/\/agrarias.ufpr.br\/fitotecnia\/cultivo-do-ora-pro-nobis-em-sistema-de-producao-de-alta-densidade\/\">Cultivo do ora-pro-n\u00f3bis em sistema de produ\u00e7\u00e3o de alta densidade<\/a><\/p>\n<p><a href=\"https:\/\/agrarias.ufpr.br\/fitotecnia\/paclobutrazol-e-acido-indolbutirico-no-enraizamento-de-estacas-lenhosas-de-cultivares-de-amoreiras-preta\/\">Paclobutrazol e \u00e1cido indolbut\u00edrico no enraizamento de estacas de frut\u00edferas<\/a><\/p>\n<p><strong>Unidade de Apoio&nbsp;<\/strong><\/p>\n<p><a href=\"https:\/\/agrarias.ufpr.br\/fitotecnia\/1616-2\/\">Setor de Fruticultura (Pomar)<\/a><\/p>\n<p><strong>Publica\u00e7\u00f5es<\/strong><\/p>\n<p><strong><a href=\"http:\/\/lattes.cnpq.br\/7184656474912396\"><img loading=\"lazy\" decoding=\"async\" class=\"alignnone wp-image-742\" src=\"https:\/\/agrarias.ufpr.br\/fitotecnia\/wp-content\/uploads\/sites\/26\/2016\/03\/icon_lattes.png\" alt=\"icon_lattes\" width=\"30\" height=\"29\"><\/a>&nbsp;<a href=\"http:\/\/lattes.cnpq.br\/7184656474912396\">Lattes&nbsp;&nbsp;<\/a><a href=\"https:\/\/www.researchgate.net\/profile\/Mauro_Tofanelli\"><img loading=\"lazy\" decoding=\"async\" class=\"size-full wp-image-1136 alignnone\" src=\"https:\/\/agrarias.ufpr.br\/fitotecnia\/wp-content\/uploads\/sites\/26\/2016\/03\/apple-touch-icon-180x180-e1459453504744.png\" alt=\"apple-touch-icon-180x180\" width=\"29\" height=\"29\">&nbsp;<\/a><a href=\"https:\/\/www.researchgate.net\/profile\/Mauro_Tofanelli\">Research Gate<\/a><a href=\"http:\/\/lattes.cnpq.br\/7184656474912396\">&nbsp;<\/a><a href=\"https:\/\/orcid.org\/0000-0002-1831-3326\"><img loading=\"lazy\" decoding=\"async\" class=\"alignnone wp-image-4780\" src=\"https:\/\/agrarias.ufpr.br\/fitotecnia\/wp-content\/uploads\/sites\/26\/2021\/02\/unnamed-1.jpg\" alt=\"\" width=\"93\" height=\"37\" srcset=\"https:\/\/agrarias.ufpr.br\/fitotecnia\/wp-content\/uploads\/sites\/26\/2021\/02\/unnamed-1.jpg 347w, https:\/\/agrarias.ufpr.br\/fitotecnia\/wp-content\/uploads\/sites\/26\/2021\/02\/unnamed-1-300x119.jpg 300w, https:\/\/agrarias.ufpr.br\/fitotecnia\/wp-content\/uploads\/sites\/26\/2021\/02\/unnamed-1-250x99.jpg 250w\" sizes=\"auto, (max-width: 93px) 100vw, 93px\" \/><\/a><\/strong><\/p>\n<p><strong>Contatos<\/strong><\/p>\n<p><img loading=\"lazy\" decoding=\"async\" class=\"wp-image-758 alignnone\" src=\"https:\/\/agrarias.ufpr.br\/fitotecnia\/wp-content\/uploads\/sites\/26\/2016\/03\/telefone.png\" alt=\"telefone\" width=\"22\" height=\"22\" srcset=\"https:\/\/agrarias.ufpr.br\/fitotecnia\/wp-content\/uploads\/sites\/26\/2016\/03\/telefone.png 200w, https:\/\/agrarias.ufpr.br\/fitotecnia\/wp-content\/uploads\/sites\/26\/2016\/03\/telefone-150x150.png 150w\" sizes=\"auto, (max-width: 22px) 100vw, 22px\" \/>+55 (41) 3350-5745<\/p>\n<p><img loading=\"lazy\" decoding=\"async\" class=\"alignnone wp-image-757\" src=\"https:\/\/agrarias.ufpr.br\/fitotecnia\/wp-content\/uploads\/sites\/26\/2016\/03\/email-small-.jpg\" alt=\"email small\" width=\"22\" height=\"22\"> mbrasildt@ufpr.br<\/p>\n<div class=\"t4p-reading-box-container reading-box-container-1\">&nbsp;<\/div>\n","protected":false},"excerpt":{"rendered":"<p>Prof. Associado Forma\u00e7\u00e3o Acad\u00eamica&nbsp; Dr. em Agronomia (Horticultura), UNESP (2002) M.Sc. em Agronomia (Fitotecnia), UFLA (1999) Eng. Agr\u00f4nomo, UFLA (1996) \u00c1rea\/Sub-\u00e1rea\/Linha de pesquisa Horticultura\/Fruticultura\/Produ\u00e7\u00e3o de frutas e propaga\u00e7\u00e3o de plantas frut\u00edferas Disciplinas Ministradas na Gradua\u00e7\u00e3o&nbsp; AF 030 &#8211; Fruticultura I AF 031 &#8211; Fruticultura II AF 048 \u2013 Introdu\u00e7\u00e3o \u00e0 Pesquisa em Fitotecnia&nbsp;(orienta\u00e7\u00e3o) AF063 &#8211; [&hellip;]<\/p>\n","protected":false},"author":3,"featured_media":0,"parent":0,"menu_order":0,"comment_status":"closed","ping_status":"closed","template":"","meta":{"footnotes":""},"class_list":["post-1123","page","type-page","status-publish","hentry"],"_links":{"self":[{"href":"https:\/\/agrarias.ufpr.br\/fitotecnia\/wp-json\/wp\/v2\/pages\/1123","targetHints":{"allow":["GET"]}}],"collection":[{"href":"https:\/\/agrarias.ufpr.br\/fitotecnia\/wp-json\/wp\/v2\/pages"}],"about":[{"href":"https:\/\/agrarias.ufpr.br\/fitotecnia\/wp-json\/wp\/v2\/types\/page"}],"author":[{"embeddable":true,"href":"https:\/\/agrarias.ufpr.br\/fitotecnia\/wp-json\/wp\/v2\/users\/3"}],"replies":[{"embeddable":true,"href":"https:\/\/agrarias.ufpr.br\/fitotecnia\/wp-json\/wp\/v2\/comments?post=1123"}],"version-history":[{"count":28,"href":"https:\/\/agrarias.ufpr.br\/fitotecnia\/wp-json\/wp\/v2\/pages\/1123\/revisions"}],"predecessor-version":[{"id":5114,"href":"https:\/\/agrarias.ufpr.br\/fitotecnia\/wp-json\/wp\/v2\/pages\/1123\/revisions\/5114"}],"wp:attachment":[{"href":"https:\/\/agrarias.ufpr.br\/fitotecnia\/wp-json\/wp\/v2\/media?parent=1123"}],"curies":[{"name":"wp","href":"https:\/\/api.w.org\/{rel}","templated":true}]}}