{"id":1099,"date":"2016-03-31T17:13:07","date_gmt":"2016-03-31T17:13:07","guid":{"rendered":"https:\/\/agrarias.ufpr.br\/fitotecnia\/?page_id=1099"},"modified":"2021-03-01T21:48:02","modified_gmt":"2021-03-01T21:48:02","slug":"analise-e-tecnologia-de-sementes-af051","status":"publish","type":"page","link":"https:\/\/agrarias.ufpr.br\/fitotecnia\/analise-e-tecnologia-de-sementes-af051\/","title":{"rendered":"Produ\u00e7\u00e3o e Tecnologia de Sementes &#8211; AF 075"},"content":{"rendered":"<p><strong>Curso<\/strong><\/p>\n<p>Agronomia<\/p>\n<p><strong>Ementa<\/strong><\/p>\n<p style=\"text-align: justify\">Import\u00e2ncia da semente. Forma\u00e7\u00e3o e matura\u00e7\u00e3o de sementes. Sistemas de produ\u00e7\u00e3o de sementes e legisla\u00e7\u00e3o. Colheita de sementes. Secagem de sementes. Beneficiamento de sementes. Armazenamento de sementes. Germina\u00e7\u00e3o e dorm\u00eancia de sementes. An\u00e1lise de sementes.<\/p>\n<p><strong>Natureza<\/strong><\/p>\n<p>Obrigat\u00f3ria<\/p>\n<p><strong>Carga hor\u00e1ria<\/strong><\/p>\n<p>60 horas<\/p>\n<p><strong>Dia\/Hor\u00e1rio<\/strong><\/p>\n<p>Ter\u00e7a-feira \/ 07:30 &#8211; 11: 30 horas<\/p>\n<p>Quarta-feira \/ 07:30 &#8211; 11 :30 horas<\/p>\n<p><strong>Docente<\/strong><\/p>\n<p><a href=\"https:\/\/agrarias.ufpr.br\/fitotecnia\/maristela-panobianco\/\">Maristela Panobianco<\/a><\/p>\n","protected":false},"excerpt":{"rendered":"<p>Curso Agronomia Ementa Import\u00e2ncia da semente. Forma\u00e7\u00e3o e matura\u00e7\u00e3o de sementes. Sistemas de produ\u00e7\u00e3o de sementes e legisla\u00e7\u00e3o. Colheita de sementes. Secagem de sementes. Beneficiamento de sementes. Armazenamento de sementes. Germina\u00e7\u00e3o e dorm\u00eancia de sementes. An\u00e1lise de sementes. Natureza Obrigat\u00f3ria Carga hor\u00e1ria 60 horas Dia\/Hor\u00e1rio Ter\u00e7a-feira \/ 07:30 &#8211; 11: 30 horas Quarta-feira \/ 07:30 [&hellip;]<\/p>\n","protected":false},"author":3,"featured_media":0,"parent":0,"menu_order":0,"comment_status":"closed","ping_status":"closed","template":"","meta":{"footnotes":""},"class_list":["post-1099","page","type-page","status-publish","hentry"],"_links":{"self":[{"href":"https:\/\/agrarias.ufpr.br\/fitotecnia\/wp-json\/wp\/v2\/pages\/1099","targetHints":{"allow":["GET"]}}],"collection":[{"href":"https:\/\/agrarias.ufpr.br\/fitotecnia\/wp-json\/wp\/v2\/pages"}],"about":[{"href":"https:\/\/agrarias.ufpr.br\/fitotecnia\/wp-json\/wp\/v2\/types\/page"}],"author":[{"embeddable":true,"href":"https:\/\/agrarias.ufpr.br\/fitotecnia\/wp-json\/wp\/v2\/users\/3"}],"replies":[{"embeddable":true,"href":"https:\/\/agrarias.ufpr.br\/fitotecnia\/wp-json\/wp\/v2\/comments?post=1099"}],"version-history":[{"count":11,"href":"https:\/\/agrarias.ufpr.br\/fitotecnia\/wp-json\/wp\/v2\/pages\/1099\/revisions"}],"predecessor-version":[{"id":4855,"href":"https:\/\/agrarias.ufpr.br\/fitotecnia\/wp-json\/wp\/v2\/pages\/1099\/revisions\/4855"}],"wp:attachment":[{"href":"https:\/\/agrarias.ufpr.br\/fitotecnia\/wp-json\/wp\/v2\/media?parent=1099"}],"curies":[{"name":"wp","href":"https:\/\/api.w.org\/{rel}","templated":true}]}}