{"id":1091,"date":"2016-03-31T17:07:47","date_gmt":"2016-03-31T17:07:47","guid":{"rendered":"https:\/\/agrarias.ufpr.br\/fitotecnia\/?page_id=1091"},"modified":"2026-05-05T11:04:46","modified_gmt":"2026-05-05T14:04:46","slug":"maristela-panobianco","status":"publish","type":"page","link":"https:\/\/agrarias.ufpr.br\/fitotecnia\/maristela-panobianco\/","title":{"rendered":"Maristela Panobianco Vasconcellos"},"content":{"rendered":"<p>Prof\u00aa. Titular<\/p>\n<p><strong>Forma\u00e7\u00e3o Acad\u00eamica\u00a0<\/strong><\/p>\n<div data-olk-copy-source=\"MessageBody\">P\u00f3s-Doutorado em Agronomia (Produ\u00e7\u00e3o e Tecnologia de Sementes), UNESP (2003-2005)<\/div>\n<div data-olk-copy-source=\"MessageBody\"><\/div>\n<div>Doutorado em Agronomia (Fitotecnia), USP\/ESALQ (2000)<\/div>\n<div><\/div>\n<div>Mestrado em Agronomia (Produ\u00e7\u00e3o e Tecnologia de Sementes), \u00a0UNESP (1997)<\/div>\n<div><\/div>\n<div>Engenharia Agron\u00f4mica UNESP (1994)<\/div>\n<p>&nbsp;<\/p>\n<p><strong>\u00c1rea\/Sub-\u00e1rea e Linha de pesquisa<\/strong><\/p>\n<p>Agricultura\/Produ\u00e7\u00e3o e\u00a0Tecnologia de Sementes<\/p>\n<p><strong>Disciplinas Ministradas na Gradua\u00e7\u00e3o\u00a0<\/strong><\/p>\n<p><a href=\"https:\/\/agrarias.ufpr.br\/fitotecnia\/analise-e-tecnologia-de-sementes-af051\/\">AF 075 \u2013 Produ\u00e7\u00e3o e Tecnologia de Sementes<\/a><\/p>\n<p><a href=\"https:\/\/agrarias.ufpr.br\/fitotecnia\/estagio-obrigatorio-supervisionado-em-agronomia-agro-001\/\">AGRO 001 \u2013 Est\u00e1gio Obrigat\u00f3rio Supervisionado em Agronomia<\/a><\/p>\n<p><a href=\"https:\/\/agrarias.ufpr.br\/fitotecnia\/introducao-a-pesquisa-em-fitotecnia-af048\/\">AF 048 \u2013 Introdu\u00e7\u00e3o \u00e0 Pesquisa em Fitotecnia\u00a0(orienta\u00e7\u00e3o)<\/a><\/p>\n<p>&nbsp;<\/p>\n<p><strong>Coordena\u00e7\u00e3o de Projeto de Pesquisa<\/strong><\/p>\n<p><a id=\"OWA8abe7f35-f977-277d-1272-853d96c89ebd\" title=\"https:\/\/agrarias.ufpr.br\/fitotecnia\/avaliacao-da-qualidade-de-sementes\/\" href=\"https:\/\/agrarias.ufpr.br\/fitotecnia\/avaliacao-da-qualidade-de-sementes\/\" target=\"_blank\" rel=\"noopener noreferrer\" data-auth=\"NotApplicable\" data-linkindex=\"6\" data-olk-copy-source=\"MessageBody\">Avalia\u00e7\u00e3o da qualidade de sementes<\/a><\/p>\n<p>&nbsp;<\/p>\n<p><strong>Laborat\u00f3rio\u00a0<\/strong><\/p>\n<p><a href=\"https:\/\/agrarias.ufpr.br\/fitotecnia\/laboratorio-de-analise-de-sementes\/\">Laborat\u00f3rio de An\u00e1lise\u00a0 e Tecnologia de Sementes<\/a><\/p>\n<p>&nbsp;<\/p>\n<p><strong>Publica\u00e7\u00f5es<\/strong><\/p>\n<p><strong><a href=\"http:\/\/lattes.cnpq.br\/4827534710172698\"><img loading=\"lazy\" decoding=\"async\" class=\"alignnone wp-image-742\" src=\"https:\/\/agrarias.ufpr.br\/fitotecnia\/wp-content\/uploads\/sites\/26\/2016\/03\/icon_lattes.png\" alt=\"icon_lattes\" width=\"30\" height=\"29\" \/><\/a>\u00a0<a href=\"http:\/\/lattes.cnpq.br\/4827534710172698\">Lattes<\/a>\u00a0 <a href=\"https:\/\/www.researchgate.net\/profile\/Maristela_Panobianco\"><img loading=\"lazy\" decoding=\"async\" class=\"size-full wp-image-1136 alignnone\" src=\"https:\/\/agrarias.ufpr.br\/fitotecnia\/wp-content\/uploads\/sites\/26\/2016\/03\/apple-touch-icon-180x180-e1459453504744.png\" alt=\"apple-touch-icon-180x180\" width=\"29\" height=\"29\" \/>\u00a0Research Gate<\/a>\u00a0<a href=\"https:\/\/orcid.org\/0000-0002-9990-2172\"><img loading=\"lazy\" decoding=\"async\" class=\"alignnone wp-image-4780\" src=\"https:\/\/agrarias.ufpr.br\/fitotecnia\/wp-content\/uploads\/sites\/26\/2021\/02\/unnamed-1.jpg\" alt=\"\" width=\"93\" height=\"37\" srcset=\"https:\/\/agrarias.ufpr.br\/fitotecnia\/wp-content\/uploads\/sites\/26\/2021\/02\/unnamed-1.jpg 347w, https:\/\/agrarias.ufpr.br\/fitotecnia\/wp-content\/uploads\/sites\/26\/2021\/02\/unnamed-1-300x119.jpg 300w, https:\/\/agrarias.ufpr.br\/fitotecnia\/wp-content\/uploads\/sites\/26\/2021\/02\/unnamed-1-250x99.jpg 250w\" sizes=\"auto, (max-width: 93px) 100vw, 93px\" \/><\/a><\/strong><\/p>\n<p><strong>Contatos<\/strong><\/p>\n<p><img loading=\"lazy\" decoding=\"async\" class=\"alignnone wp-image-757\" src=\"https:\/\/agrarias.ufpr.br\/fitotecnia\/wp-content\/uploads\/sites\/26\/2016\/03\/email-small-.jpg\" alt=\"email small\" width=\"22\" height=\"22\" \/> maristela@ufpr.br<\/p>\n","protected":false},"excerpt":{"rendered":"<p>Prof\u00aa. Titular Forma\u00e7\u00e3o Acad\u00eamica\u00a0 P\u00f3s-Doutorado em Agronomia (Produ\u00e7\u00e3o e Tecnologia de Sementes), UNESP (2003-2005) Doutorado em Agronomia (Fitotecnia), USP\/ESALQ (2000) Mestrado em Agronomia (Produ\u00e7\u00e3o e Tecnologia de Sementes), \u00a0UNESP (1997) Engenharia Agron\u00f4mica UNESP (1994) &nbsp; \u00c1rea\/Sub-\u00e1rea e Linha de pesquisa Agricultura\/Produ\u00e7\u00e3o e\u00a0Tecnologia de Sementes Disciplinas Ministradas na Gradua\u00e7\u00e3o\u00a0 AF 075 \u2013 Produ\u00e7\u00e3o e Tecnologia de [&hellip;]<\/p>\n","protected":false},"author":3,"featured_media":0,"parent":0,"menu_order":0,"comment_status":"closed","ping_status":"closed","template":"","meta":{"footnotes":""},"class_list":["post-1091","page","type-page","status-publish","hentry"],"_links":{"self":[{"href":"https:\/\/agrarias.ufpr.br\/fitotecnia\/wp-json\/wp\/v2\/pages\/1091","targetHints":{"allow":["GET"]}}],"collection":[{"href":"https:\/\/agrarias.ufpr.br\/fitotecnia\/wp-json\/wp\/v2\/pages"}],"about":[{"href":"https:\/\/agrarias.ufpr.br\/fitotecnia\/wp-json\/wp\/v2\/types\/page"}],"author":[{"embeddable":true,"href":"https:\/\/agrarias.ufpr.br\/fitotecnia\/wp-json\/wp\/v2\/users\/3"}],"replies":[{"embeddable":true,"href":"https:\/\/agrarias.ufpr.br\/fitotecnia\/wp-json\/wp\/v2\/comments?post=1091"}],"version-history":[{"count":33,"href":"https:\/\/agrarias.ufpr.br\/fitotecnia\/wp-json\/wp\/v2\/pages\/1091\/revisions"}],"predecessor-version":[{"id":6798,"href":"https:\/\/agrarias.ufpr.br\/fitotecnia\/wp-json\/wp\/v2\/pages\/1091\/revisions\/6798"}],"wp:attachment":[{"href":"https:\/\/agrarias.ufpr.br\/fitotecnia\/wp-json\/wp\/v2\/media?parent=1091"}],"curies":[{"name":"wp","href":"https:\/\/api.w.org\/{rel}","templated":true}]}}