{"id":1083,"date":"2016-03-31T16:58:10","date_gmt":"2016-03-31T16:58:10","guid":{"rendered":"https:\/\/agrarias.ufpr.br\/fitotecnia\/?page_id=1083"},"modified":"2021-08-04T03:00:40","modified_gmt":"2021-08-04T03:00:40","slug":"joao-carlos-bespalhok-filho","status":"publish","type":"page","link":"https:\/\/agrarias.ufpr.br\/fitotecnia\/joao-carlos-bespalhok-filho\/","title":{"rendered":"Jo\u00e3o Carlos Bespalhok Filho"},"content":{"rendered":"<p>Prof. Titular<\/p>\n<p><strong>Forma\u00e7\u00e3o Acad\u00eamica&nbsp;<\/strong><\/p>\n<p>Ph.D. em Agricultura, Nagoya University (1999)<\/p>\n<p>M.Sc. em Gen\u00e9tica e Biologia Molecular, UEL (1993)<\/p>\n<p>Eng. Agr\u00f4nomo, UEL (1989)<\/p>\n<p><strong>\u00c1rea\/Sub-\u00e1rea\/Linha de pesquisa<\/strong><\/p>\n<p>Agricultura\/Melhoramento de Plantas\/Melhoramento de Plantas,&nbsp;Biotecnologia Vegetal, Cultura de Tecidos e Transforma\u00e7\u00e3o Gen\u00e9tica<\/p>\n<p><strong>Disciplinas Ministradas na Gradua\u00e7\u00e3o&nbsp;<\/strong><\/p>\n<p><a href=\"https:\/\/agrarias.ufpr.br\/fitotecnia\/melhoramento-de-plantas-af306\/\">AF 306 &#8211; Melhoramento de Plantas&nbsp;<\/a><\/p>\n<p><a href=\"https:\/\/agrarias.ufpr.br\/fitotecnia\/estagio-obrigatorio-supervisionado-em-agronomia-agro-001\/\">AGRO 001 &#8211; Est\u00e1gio Obrigat\u00f3rio Supervisionado em Agronomia<\/a><\/p>\n<p><a href=\"https:\/\/agrarias.ufpr.br\/fitotecnia\/introducao-a-pesquisa-em-fitotecnia-af048\/\">AF 048 \u2013 Introdu\u00e7\u00e3o \u00e0 Pesquisa em Fitotecnia&nbsp;(orienta\u00e7\u00e3o)<\/a><\/p>\n<p><strong>Disciplinas Ministradas na P\u00f3s-Gradua\u00e7\u00e3o<\/strong><\/p>\n<p><a href=\"https:\/\/agrarias.ufpr.br\/pgapv\/agro-7019-melhoramento-da-cultura-da-cana-de-acucar\/\">AGRO 7019 \u2013 Melhoramento da Cultura da Cana-de-a\u00e7\u00facar&nbsp;<\/a><\/p>\n<p><a href=\"https:\/\/agrarias.ufpr.br\/pgapv\/apv-7020-metodos-de-melhoramento-de-plantas\/\">AGRO 7021 \u2013 M\u00e9todos de Melhoramento de Plantas&nbsp;<\/a><\/p>\n<p><a href=\"https:\/\/agrarias.ufpr.br\/pgapv\/agro-7027-pratica-docente-i\/\">AGRO 7027 \u2013 Pr\u00e1tica Docente I<\/a><\/p>\n<p><a href=\"https:\/\/agrarias.ufpr.br\/pgapv\/agro7028-pratica-docente-ii\/\">AGRO 7028 \u2013 Pr\u00e1tica Docente II<\/a><\/p>\n<p><a href=\"https:\/\/agrarias.ufpr.br\/pgapv\/apv-7035-topicos-especiais-ii-hibridacao-da-cana-de-acucar\/\">AGRO 7036 \u2013 T\u00f3picos Especiais II \u2013 Hibrida\u00e7\u00e3o da Cana-de-A\u00e7\u00facar&nbsp;<\/a><\/p>\n<p><strong>Laborat\u00f3rios<\/strong><\/p>\n<p><a href=\"https:\/\/agrarias.ufpr.br\/fitotecnia\/laboratorio-de-epidemiologia-molecular-laem\/\">Laborat\u00f3rio de Epidemiologia Molecular \u2013 LAEM<\/a><\/p>\n<p><a href=\"https:\/\/agrarias.ufpr.br\/fitotecnia\/1447-2\/\">Laborat\u00f3rio de Micropropaga\u00e7\u00e3o de Plantas<\/a><\/p>\n<p><strong>Plano individual de Trabalho (PIT)<\/strong><\/p>\n<p><a href=\"https:\/\/agrarias.ufpr.br\/fitotecnia\/wp-content\/uploads\/sites\/26\/2016\/03\/plano_individual_trabalho-BESPALHOK-primeiro-semestre-2018.pdf\">1\u00ba semestre<\/a><\/p>\n<p>2\u00ba semestre<\/p>\n<p><strong>Publica\u00e7\u00f5es<\/strong><\/p>\n<p><strong><a href=\"http:\/\/lattes.cnpq.br\/7259294879683133\"><img loading=\"lazy\" decoding=\"async\" class=\"alignnone wp-image-742\" src=\"https:\/\/agrarias.ufpr.br\/fitotecnia\/wp-content\/uploads\/sites\/26\/2016\/03\/icon_lattes.png\" alt=\"icon_lattes\" width=\"30\" height=\"29\"><\/a>&nbsp;<a href=\"http:\/\/lattes.cnpq.br\/7259294879683133\">Lattes<\/a>&nbsp;&nbsp;<a href=\"https:\/\/www.researchgate.net\/profile\/Joao_Bespalhok\"><img loading=\"lazy\" decoding=\"async\" class=\"size-full wp-image-1136 alignnone\" src=\"https:\/\/agrarias.ufpr.br\/fitotecnia\/wp-content\/uploads\/sites\/26\/2016\/03\/apple-touch-icon-180x180-e1459453504744.png\" alt=\"apple-touch-icon-180x180\" width=\"29\" height=\"29\"><\/a>&nbsp;<a href=\"https:\/\/www.researchgate.net\/profile\/Joao_Bespalhok\">Research Gate&nbsp;&nbsp;<\/a><a href=\"https:\/\/orcid.org\/0000-0003-2705-9750\"><img loading=\"lazy\" decoding=\"async\" class=\"alignnone wp-image-4780\" src=\"https:\/\/agrarias.ufpr.br\/fitotecnia\/wp-content\/uploads\/sites\/26\/2021\/02\/unnamed-1.jpg\" alt=\"\" width=\"93\" height=\"37\" srcset=\"https:\/\/agrarias.ufpr.br\/fitotecnia\/wp-content\/uploads\/sites\/26\/2021\/02\/unnamed-1.jpg 347w, https:\/\/agrarias.ufpr.br\/fitotecnia\/wp-content\/uploads\/sites\/26\/2021\/02\/unnamed-1-300x119.jpg 300w, https:\/\/agrarias.ufpr.br\/fitotecnia\/wp-content\/uploads\/sites\/26\/2021\/02\/unnamed-1-250x99.jpg 250w\" sizes=\"auto, (max-width: 93px) 100vw, 93px\" \/><\/a><\/strong><\/p>\n<p><strong>Contatos<\/strong><\/p>\n<p><img loading=\"lazy\" decoding=\"async\" class=\"wp-image-758 alignnone\" src=\"https:\/\/agrarias.ufpr.br\/fitotecnia\/wp-content\/uploads\/sites\/26\/2016\/03\/telefone.png\" alt=\"telefone\" width=\"22\" height=\"22\" srcset=\"https:\/\/agrarias.ufpr.br\/fitotecnia\/wp-content\/uploads\/sites\/26\/2016\/03\/telefone.png 200w, https:\/\/agrarias.ufpr.br\/fitotecnia\/wp-content\/uploads\/sites\/26\/2016\/03\/telefone-150x150.png 150w\" sizes=\"auto, (max-width: 22px) 100vw, 22px\" \/>+55 (41) 3350-5716<\/p>\n<p><img loading=\"lazy\" decoding=\"async\" class=\"alignnone wp-image-757\" src=\"https:\/\/agrarias.ufpr.br\/fitotecnia\/wp-content\/uploads\/sites\/26\/2016\/03\/email-small-.jpg\" alt=\"email small\" width=\"22\" height=\"22\"> bespa@ufpr.br<\/p>\n<div class=\"t4p-reading-box-container reading-box-container-1\">&nbsp;<\/div>\n","protected":false},"excerpt":{"rendered":"<p>Prof. Titular Forma\u00e7\u00e3o Acad\u00eamica&nbsp; Ph.D. em Agricultura, Nagoya University (1999) M.Sc. em Gen\u00e9tica e Biologia Molecular, UEL (1993) Eng. Agr\u00f4nomo, UEL (1989) \u00c1rea\/Sub-\u00e1rea\/Linha de pesquisa Agricultura\/Melhoramento de Plantas\/Melhoramento de Plantas,&nbsp;Biotecnologia Vegetal, Cultura de Tecidos e Transforma\u00e7\u00e3o Gen\u00e9tica Disciplinas Ministradas na Gradua\u00e7\u00e3o&nbsp; AF 306 &#8211; Melhoramento de Plantas&nbsp; AGRO 001 &#8211; Est\u00e1gio Obrigat\u00f3rio Supervisionado em Agronomia [&hellip;]<\/p>\n","protected":false},"author":3,"featured_media":0,"parent":0,"menu_order":0,"comment_status":"closed","ping_status":"closed","template":"","meta":{"footnotes":""},"class_list":["post-1083","page","type-page","status-publish","hentry"],"_links":{"self":[{"href":"https:\/\/agrarias.ufpr.br\/fitotecnia\/wp-json\/wp\/v2\/pages\/1083","targetHints":{"allow":["GET"]}}],"collection":[{"href":"https:\/\/agrarias.ufpr.br\/fitotecnia\/wp-json\/wp\/v2\/pages"}],"about":[{"href":"https:\/\/agrarias.ufpr.br\/fitotecnia\/wp-json\/wp\/v2\/types\/page"}],"author":[{"embeddable":true,"href":"https:\/\/agrarias.ufpr.br\/fitotecnia\/wp-json\/wp\/v2\/users\/3"}],"replies":[{"embeddable":true,"href":"https:\/\/agrarias.ufpr.br\/fitotecnia\/wp-json\/wp\/v2\/comments?post=1083"}],"version-history":[{"count":25,"href":"https:\/\/agrarias.ufpr.br\/fitotecnia\/wp-json\/wp\/v2\/pages\/1083\/revisions"}],"predecessor-version":[{"id":5162,"href":"https:\/\/agrarias.ufpr.br\/fitotecnia\/wp-json\/wp\/v2\/pages\/1083\/revisions\/5162"}],"wp:attachment":[{"href":"https:\/\/agrarias.ufpr.br\/fitotecnia\/wp-json\/wp\/v2\/media?parent=1083"}],"curies":[{"name":"wp","href":"https:\/\/api.w.org\/{rel}","templated":true}]}}