{"id":1080,"date":"2016-03-31T16:51:08","date_gmt":"2016-03-31T16:51:08","guid":{"rendered":"https:\/\/agrarias.ufpr.br\/fitotecnia\/?page_id=1080"},"modified":"2016-05-11T12:32:59","modified_gmt":"2016-05-11T12:32:59","slug":"melhoramento-de-plantas-af306","status":"publish","type":"page","link":"https:\/\/agrarias.ufpr.br\/fitotecnia\/melhoramento-de-plantas-af306\/","title":{"rendered":"Melhoramento de Plantas &#8211; AF 306"},"content":{"rendered":"<p><strong>Curso<\/strong><\/p>\n<p>Agronomia<\/p>\n<p><strong>Ementa<\/strong><\/p>\n<p style=\"text-align: justify\">Natureza, perspectivas e objetivos do melhoramento. Evolu\u00e7\u00e3o das esp\u00e9cies cultivadas e reprodu\u00e7\u00e3o de plantas cultivadas. Variabilidade gen\u00e9tica e sua conserva\u00e7\u00e3o. No\u00e7\u00f5es de gen\u00e9tica quantitativa. Base gen\u00e9tica e m\u00e9todos de melhoramento de esp\u00e9cies aut\u00f3gamas e al\u00f3gamas. Melhoramento visando resist\u00eancia a doen\u00e7as, insetos e condi\u00e7\u00f5es adversas. Biotecnologia no melhoramento de plantas. Avalia\u00e7\u00e3o, registro, lan\u00e7amento e produ\u00e7\u00e3o de sementes de variedades melhoradas.<\/p>\n<p><strong>Natureza<\/strong><\/p>\n<p>Obrigat\u00f3ria<\/p>\n<p><strong>Carga hor\u00e1ria<\/strong><\/p>\n<p>60 horas<\/p>\n<p><strong>Semestre<\/strong><\/p>\n<p>1\u00ba e 2\u00ba<\/p>\n<p><strong>Dia\/Hor\u00e1rio<\/strong><\/p>\n<p>Ter\u00e7a-feira \/ 07:30 \u2013 11:30 horas<\/p>\n<p>Quarta-feira \/ 13:30 \u2013 17:30 horas<\/p>\n<p><strong>Docente<\/strong><\/p>\n<p><a href=\"https:\/\/agrarias.ufpr.br\/fitotecnia\/joao-carlos-bespalhok-filho\/\">Jo\u00e3o Carlos Bespalhok Filho<\/a><\/p>\n<p><strong>Home page<\/strong><\/p>\n<p>www.bespa.agrarias.ufpr.br<\/p>\n","protected":false},"excerpt":{"rendered":"<p>Curso Agronomia Ementa Natureza, perspectivas e objetivos do melhoramento. Evolu\u00e7\u00e3o das esp\u00e9cies cultivadas e reprodu\u00e7\u00e3o de plantas cultivadas. Variabilidade gen\u00e9tica e sua conserva\u00e7\u00e3o. No\u00e7\u00f5es de gen\u00e9tica quantitativa. Base gen\u00e9tica e m\u00e9todos de melhoramento de esp\u00e9cies aut\u00f3gamas e al\u00f3gamas. Melhoramento visando resist\u00eancia a doen\u00e7as, insetos e condi\u00e7\u00f5es adversas. Biotecnologia no melhoramento de plantas. Avalia\u00e7\u00e3o, registro, lan\u00e7amento [&hellip;]<\/p>\n","protected":false},"author":3,"featured_media":0,"parent":0,"menu_order":0,"comment_status":"closed","ping_status":"closed","template":"","meta":{"footnotes":""},"class_list":["post-1080","page","type-page","status-publish","hentry"],"_links":{"self":[{"href":"https:\/\/agrarias.ufpr.br\/fitotecnia\/wp-json\/wp\/v2\/pages\/1080","targetHints":{"allow":["GET"]}}],"collection":[{"href":"https:\/\/agrarias.ufpr.br\/fitotecnia\/wp-json\/wp\/v2\/pages"}],"about":[{"href":"https:\/\/agrarias.ufpr.br\/fitotecnia\/wp-json\/wp\/v2\/types\/page"}],"author":[{"embeddable":true,"href":"https:\/\/agrarias.ufpr.br\/fitotecnia\/wp-json\/wp\/v2\/users\/3"}],"replies":[{"embeddable":true,"href":"https:\/\/agrarias.ufpr.br\/fitotecnia\/wp-json\/wp\/v2\/comments?post=1080"}],"version-history":[{"count":8,"href":"https:\/\/agrarias.ufpr.br\/fitotecnia\/wp-json\/wp\/v2\/pages\/1080\/revisions"}],"predecessor-version":[{"id":3109,"href":"https:\/\/agrarias.ufpr.br\/fitotecnia\/wp-json\/wp\/v2\/pages\/1080\/revisions\/3109"}],"wp:attachment":[{"href":"https:\/\/agrarias.ufpr.br\/fitotecnia\/wp-json\/wp\/v2\/media?parent=1080"}],"curies":[{"name":"wp","href":"https:\/\/api.w.org\/{rel}","templated":true}]}}