{"id":39,"date":"2026-03-23T10:43:06","date_gmt":"2026-03-23T13:43:06","guid":{"rendered":"https:\/\/agrarias.ufpr.br\/engenhariaflorestal\/?page_id=39"},"modified":"2026-03-23T10:43:06","modified_gmt":"2026-03-23T13:43:06","slug":"departamentos","status":"publish","type":"page","link":"https:\/\/agrarias.ufpr.br\/engenhariaflorestal\/coordenacao\/departamentos\/","title":{"rendered":"Departamentos"},"content":{"rendered":"\n<p>Departamentos que atendem o curso:<\/p>\n\n\n\n<p><a href=\"http:\/\/www.floresta.ufpr.br\/departamentos\/ciencias_florestais\/historico.html\" rel=\"noreferrer noopener\" target=\"_blank\">Ci\u00eancias Florestais &#8211; DECIF<\/a><\/p>\n\n\n\n<p><a href=\"http:\/\/www.floresta.ufpr.br\/departamentos\/eng_tecno_florestal\/historico.html\" rel=\"noreferrer noopener\" target=\"_blank\">Engenharia e Tecnologia Florestal&nbsp;&#8211; DETF<\/a><\/p>\n\n\n\n<p><a href=\"http:\/\/www.floresta.ufpr.br\/departamentos\/economia_extensao\/indicadores.html\" rel=\"noreferrer noopener\" target=\"_blank\">Economia Rural e Extens\u00e3o&nbsp;&#8211; DERE<\/a><\/p>\n\n\n\n<p><a href=\"http:\/\/www.quimica.ufpr.br\/site\/dqui\/\" rel=\"noreferrer noopener\" target=\"_blank\">Qu\u00edmica&nbsp;&#8211; DQ<\/a><\/p>\n\n\n\n<p><a href=\"http:\/\/www.dsea.ufpr.br\/index.htm\" rel=\"noreferrer noopener\" target=\"_blank\">Solos e Engenharia Agr\u00edcola &#8211; DESEA<\/a><\/p>\n\n\n\n<p><a href=\"http:\/\/www.bio.ufpr.br\/portal\/dbot\/\" rel=\"noreferrer noopener\" target=\"_blank\">Bot\u00e2nica &#8211; DBOT<\/a><\/p>\n\n\n\n<p><a href=\"http:\/\/www.geomatica.ufpr.br\/\" rel=\"noreferrer noopener\" target=\"_blank\">Geom\u00e1tica<\/a><\/p>\n\n\n\n<p><a href=\"http:\/\/www.exatas.ufpr.br\/portal\/degraf\/\" rel=\"noreferrer noopener\" target=\"_blank\">Express\u00e3o Gr\u00e1fica &#8211; DEGRAF<\/a><\/p>\n\n\n\n<p><a href=\"http:\/\/www.bio.ufpr.br\/portal\/dzoo\/\" rel=\"noreferrer noopener\" target=\"_blank\">Zoologia &#8211; DEPTZOO<\/a><\/p>\n\n\n\n<p><a href=\"http:\/\/www.zootecnia.ufpr.br\/\" rel=\"noreferrer noopener\" target=\"_blank\">Zootecnia &#8211; DEPZOOT<\/a><\/p>\n\n\n\n<p><a href=\"http:\/\/www.agrarias.ufpr.br\/portal\/departamentos\/fitotecnia-e-fitossanitarismo\" rel=\"noreferrer noopener\" target=\"_blank\">Fitotecnica e Fitossanitarismo &#8211; DFF<\/a><\/p>\n\n\n\n<p>Departamento de Matem\u00e1tica<\/p>\n\n\n\n<p>Departamento de Patologia b\u00e1sica<\/p>\n","protected":false},"excerpt":{"rendered":"<p>Departamentos que atendem o curso: Ci\u00eancias Florestais &#8211; DECIF Engenharia e Tecnologia Florestal&nbsp;&#8211; DETF Economia Rural e Extens\u00e3o&nbsp;&#8211; DERE Qu\u00edmica&nbsp;&#8211; DQ Solos e Engenharia Agr\u00edcola &#8211; DESEA Bot\u00e2nica &#8211; DBOT Geom\u00e1tica Express\u00e3o Gr\u00e1fica &#8211; DEGRAF Zoologia &#8211; DEPTZOO Zootecnia &#8211; DEPZOOT Fitotecnica e Fitossanitarismo &#8211; DFF Departamento de Matem\u00e1tica Departamento de Patologia b\u00e1sica<\/p>\n","protected":false},"author":10297,"featured_media":0,"parent":35,"menu_order":0,"comment_status":"closed","ping_status":"closed","template":"","meta":{"footnotes":""},"class_list":["post-39","page","type-page","status-publish","hentry"],"_links":{"self":[{"href":"https:\/\/agrarias.ufpr.br\/engenhariaflorestal\/wp-json\/wp\/v2\/pages\/39","targetHints":{"allow":["GET"]}}],"collection":[{"href":"https:\/\/agrarias.ufpr.br\/engenhariaflorestal\/wp-json\/wp\/v2\/pages"}],"about":[{"href":"https:\/\/agrarias.ufpr.br\/engenhariaflorestal\/wp-json\/wp\/v2\/types\/page"}],"author":[{"embeddable":true,"href":"https:\/\/agrarias.ufpr.br\/engenhariaflorestal\/wp-json\/wp\/v2\/users\/10297"}],"replies":[{"embeddable":true,"href":"https:\/\/agrarias.ufpr.br\/engenhariaflorestal\/wp-json\/wp\/v2\/comments?post=39"}],"version-history":[{"count":1,"href":"https:\/\/agrarias.ufpr.br\/engenhariaflorestal\/wp-json\/wp\/v2\/pages\/39\/revisions"}],"predecessor-version":[{"id":40,"href":"https:\/\/agrarias.ufpr.br\/engenhariaflorestal\/wp-json\/wp\/v2\/pages\/39\/revisions\/40"}],"up":[{"embeddable":true,"href":"https:\/\/agrarias.ufpr.br\/engenhariaflorestal\/wp-json\/wp\/v2\/pages\/35"}],"wp:attachment":[{"href":"https:\/\/agrarias.ufpr.br\/engenhariaflorestal\/wp-json\/wp\/v2\/media?parent=39"}],"curies":[{"name":"wp","href":"https:\/\/api.w.org\/{rel}","templated":true}]}}