{"id":30,"date":"2026-03-23T10:38:35","date_gmt":"2026-03-23T13:38:35","guid":{"rendered":"https:\/\/agrarias.ufpr.br\/engenhariaflorestal\/?page_id=30"},"modified":"2026-04-16T16:45:26","modified_gmt":"2026-04-16T19:45:26","slug":"historia","status":"publish","type":"page","link":"https:\/\/agrarias.ufpr.br\/engenhariaflorestal\/sobre\/historia\/","title":{"rendered":"Hist\u00f3ria"},"content":{"rendered":"\n<p class=\"justicado\">O curso de Engenharia Florestal da Universidade Federal do Paran\u00e1 (UFPR) tem origem na Escola Nacional de Florestas (ENF), criada em 1960, sendo o primeiro curso da \u00e1rea no Brasil. Transferida para Curitiba em 1963, a ENF foi incorporada \u00e0 UFPR, dando in\u00edcio a uma trajet\u00f3ria marcada pelo pioneirismo e pela excel\u00eancia acad\u00eamica. <br>Ao longo das d\u00e9cadas, o curso consolidou-se como refer\u00eancia nacional e internacional no ensino e na pesquisa florestal. Foi respons\u00e1vel pela forma\u00e7\u00e3o de grande parte dos docentes que estruturaram outros cursos no pa\u00eds, al\u00e9m de manter coopera\u00e7\u00e3o com institui\u00e7\u00f5es da Am\u00e9rica Latina, Europa, \u00c1frica, \u00c1sia e Am\u00e9rica do Norte.<\/p>\n\n\n\n<p>Com forte tradi\u00e7\u00e3o em pesquisa, a Engenharia Florestal da UFPR implantou programas pioneiros de p\u00f3s-gradua\u00e7\u00e3o (mestrado, doutorado e p\u00f3s-doutorado), contribuindo diretamente para o desenvolvimento cient\u00edfico e tecnol\u00f3gico do Setor Florestal Brasileiro.<\/p>\n\n\n\n<p>Atualmente, o curso conta com infraestrutura moderna, corpo docente altamente qualificado e atua\u00e7\u00e3o em \u00e1reas como silvicultura, manejo florestal, tecnologia de produtos, log\u00edstica, gest\u00e3o e conserva\u00e7\u00e3o ambiental. Sua localiza\u00e7\u00e3o estrat\u00e9gica em Curitiba favorece a integra\u00e7\u00e3o com diferentes biomas, ind\u00fastrias e centros de pesquisa.<\/p>\n\n\n\n<p>Reconhecido pela qualidade de ensino e impacto na forma\u00e7\u00e3o profissional, o curso \u00e9 refer\u00eancia no Brasil e no exterior, contribuindo para o uso sustent\u00e1vel dos recursos florestais e para o desenvolvimento da sociedade.<\/p>\n\n\n\n<div class=\"wp-block-buttons is-content-justification-center is-layout-flex wp-container-core-buttons-is-layout-16018d1d wp-block-buttons-is-layout-flex\">\n<div class=\"wp-block-button\"><a class=\"wp-block-button__link has-background wp-element-button\" href=\"https:\/\/agrarias.ufpr.br\/engenhariaflorestal\/wp-content\/uploads\/sites\/65\/2026\/04\/RESOLUCAO-cepe9715.pdf\" style=\"background-color:#145a17\" target=\"_blank\" rel=\"noreferrer noopener\">ygyuguguygugyg<\/a><\/div>\n<\/div>\n\n\n\n<p><\/p>\n","protected":false},"excerpt":{"rendered":"<p>O curso de Engenharia Florestal da Universidade Federal do Paran\u00e1 (UFPR) tem origem na Escola Nacional de Florestas (ENF), criada em 1960, sendo o primeiro curso da \u00e1rea no Brasil. Transferida para Curitiba em 1963, a ENF foi incorporada \u00e0 UFPR, dando in\u00edcio a uma trajet\u00f3ria marcada pelo pioneirismo e pela excel\u00eancia acad\u00eamica. Ao longo [&hellip;]<\/p>\n","protected":false},"author":10297,"featured_media":0,"parent":27,"menu_order":0,"comment_status":"closed","ping_status":"closed","template":"","meta":{"footnotes":""},"class_list":["post-30","page","type-page","status-publish","hentry"],"_links":{"self":[{"href":"https:\/\/agrarias.ufpr.br\/engenhariaflorestal\/wp-json\/wp\/v2\/pages\/30","targetHints":{"allow":["GET"]}}],"collection":[{"href":"https:\/\/agrarias.ufpr.br\/engenhariaflorestal\/wp-json\/wp\/v2\/pages"}],"about":[{"href":"https:\/\/agrarias.ufpr.br\/engenhariaflorestal\/wp-json\/wp\/v2\/types\/page"}],"author":[{"embeddable":true,"href":"https:\/\/agrarias.ufpr.br\/engenhariaflorestal\/wp-json\/wp\/v2\/users\/10297"}],"replies":[{"embeddable":true,"href":"https:\/\/agrarias.ufpr.br\/engenhariaflorestal\/wp-json\/wp\/v2\/comments?post=30"}],"version-history":[{"count":7,"href":"https:\/\/agrarias.ufpr.br\/engenhariaflorestal\/wp-json\/wp\/v2\/pages\/30\/revisions"}],"predecessor-version":[{"id":311,"href":"https:\/\/agrarias.ufpr.br\/engenhariaflorestal\/wp-json\/wp\/v2\/pages\/30\/revisions\/311"}],"up":[{"embeddable":true,"href":"https:\/\/agrarias.ufpr.br\/engenhariaflorestal\/wp-json\/wp\/v2\/pages\/27"}],"wp:attachment":[{"href":"https:\/\/agrarias.ufpr.br\/engenhariaflorestal\/wp-json\/wp\/v2\/media?parent=30"}],"curies":[{"name":"wp","href":"https:\/\/api.w.org\/{rel}","templated":true}]}}