{"id":121,"date":"2026-03-02T13:41:37","date_gmt":"2026-03-02T13:41:37","guid":{"rendered":"https:\/\/agrarias.ufpr.br\/dz\/?page_id=121"},"modified":"2026-03-19T18:20:48","modified_gmt":"2026-03-19T18:20:48","slug":"concursos-e-testes-seletivos","status":"publish","type":"page","link":"https:\/\/agrarias.ufpr.br\/dz\/concursos-e-testes-seletivos\/","title":{"rendered":"Concursos e Testes Seletivos"},"content":{"rendered":"\n<p><strong>Teste Seletivo para Professor Substituto \u2013 Departamento de Zootecnia<\/strong><\/p>\n\n\n\n<p>\u00c1rea de Conhecimento: Zootecnia<\/p>\n\n\n\n<p>Mat\u00e9ria Espec\u00edfica:&nbsp; Etologia e bem-estar animal<\/p>\n\n\n\n<p><strong>Per\u00edodo das Inscri\u00e7\u00f5es: 01\/07\/2024 at\u00e9 05\/07\/2024<\/strong><\/p>\n\n\n\n<p>01\/07\/2024 \u2013<a href=\"https:\/\/agrarias.ufpr.br\/wp-content\/uploads\/2024\/07\/SEI_6775204_Edital_189-2.pdf\">&nbsp;Edital 189\/2024 \u2013 PROGEPE&nbsp;<\/a><\/p>\n\n\n\n<p>08\/07\/2024 \u2013&nbsp;<a href=\"https:\/\/agrarias.ufpr.br\/wp-content\/uploads\/2024\/07\/edital-Homologacao-assinado.pdf\">Edital de Homologa\u00e7\u00e3o das Inscri\u00e7\u00f5es<\/a><\/p>\n\n\n\n<p>11\/07\/2024 \u2013&nbsp;<a href=\"https:\/\/agrarias.ufpr.br\/wp-content\/uploads\/2024\/07\/Edital-dos-Pontos-assinado-pela-Chefe-do-Departamento-1-1.pdf\">Edital de Divulga\u00e7\u00e3o dos Pontos \u2013 Programa da Prova<\/a><\/p>\n\n\n\n<p>15\/07\/2024 \u2013&nbsp;<a href=\"https:\/\/agrarias.ufpr.br\/wp-content\/uploads\/2024\/07\/Edital-do-Cronograma.pdf\">&nbsp;Cronograma<\/a><\/p>\n\n\n\n<p>25\/07\/2024 \u2013<a href=\"https:\/\/agrarias.ufpr.br\/wp-content\/uploads\/2024\/07\/Edital-do-Cronograma-Complemento-1.pdf\">&nbsp;Complementa\u00e7\u00e3o do Cronograma publicado em 15\/07<\/a><\/p>\n\n\n\n<p>02\/08\/2024 \u2013&nbsp;<a href=\"https:\/\/agrarias.ufpr.br\/wp-content\/uploads\/2024\/08\/EDITAL_CRITERIOS-DE-AVALIACAO-DA-ANALISE-DE-CURRICULO_DZ-1.pdf\">Crit\u00e9rios da Avalia\u00e7\u00e3o da An\u00e1lise de Curr\u00edculo<\/a><\/p>\n\n\n\n<p>02\/08\/2024 \u2013&nbsp;<a href=\"https:\/\/agrarias.ufpr.br\/wp-content\/uploads\/2024\/08\/EDITAL_CRITERIOS-DE-AVALIACAO-DA-PROVA-DIDATICA_DZ.pdf\">Crit\u00e9rios de Avalia\u00e7\u00e3o da Prova Did\u00e1tica<\/a><\/p>\n\n\n\n<p>07\/08\/2024 \u2013&nbsp;<a href=\"https:\/\/agrarias.ufpr.br\/wp-content\/uploads\/2024\/08\/Edital-Resultado-da-Avaliacao-Curriculo-1.pdf\">Edital do resultado de an\u00e1lise de curr\u00edculo<\/a><\/p>\n\n\n\n<p>07\/08\/2024 \u2013&nbsp;<a href=\"https:\/\/agrarias.ufpr.br\/wp-content\/uploads\/2024\/08\/Edital-do-Sorteio-da-Prova-Didatica-1-1.pdf\">Hor\u00e1rio para sorteio do ponto para a prova did\u00e1tica<\/a><\/p>\n\n\n\n<p>08\/08\/2024 \u2013&nbsp;<a href=\"https:\/\/agrarias.ufpr.br\/wp-content\/uploads\/2024\/08\/Indeferimento-Pedido-de-revisao-Karolynn-2.pdf\">Resultado do recurso<\/a><\/p>\n\n\n\n<p>09\/08\/2024 \u2013&nbsp;<a href=\"https:\/\/agrarias.ufpr.br\/wp-content\/uploads\/2024\/08\/resultado-final-1.pdf\">Resultado final<\/a><\/p>\n\n\n\n<p><\/p>\n","protected":false},"excerpt":{"rendered":"<p>Teste Seletivo para Professor Substituto \u2013 Departamento de Zootecnia \u00c1rea de Conhecimento: Zootecnia Mat\u00e9ria Espec\u00edfica:&nbsp; Etologia e bem-estar animal Per\u00edodo das Inscri\u00e7\u00f5es: 01\/07\/2024 at\u00e9 05\/07\/2024 01\/07\/2024 \u2013&nbsp;Edital 189\/2024 \u2013 PROGEPE&nbsp; 08\/07\/2024 \u2013&nbsp;Edital de Homologa\u00e7\u00e3o das Inscri\u00e7\u00f5es 11\/07\/2024 \u2013&nbsp;Edital de Divulga\u00e7\u00e3o dos Pontos \u2013 Programa da Prova 15\/07\/2024 \u2013&nbsp;&nbsp;Cronograma 25\/07\/2024 \u2013&nbsp;Complementa\u00e7\u00e3o do Cronograma publicado em 15\/07 [&hellip;]<\/p>\n","protected":false},"author":3,"featured_media":0,"parent":0,"menu_order":0,"comment_status":"closed","ping_status":"closed","template":"","meta":{"footnotes":""},"class_list":["post-121","page","type-page","status-publish","hentry"],"_links":{"self":[{"href":"https:\/\/agrarias.ufpr.br\/dz\/wp-json\/wp\/v2\/pages\/121","targetHints":{"allow":["GET"]}}],"collection":[{"href":"https:\/\/agrarias.ufpr.br\/dz\/wp-json\/wp\/v2\/pages"}],"about":[{"href":"https:\/\/agrarias.ufpr.br\/dz\/wp-json\/wp\/v2\/types\/page"}],"author":[{"embeddable":true,"href":"https:\/\/agrarias.ufpr.br\/dz\/wp-json\/wp\/v2\/users\/3"}],"replies":[{"embeddable":true,"href":"https:\/\/agrarias.ufpr.br\/dz\/wp-json\/wp\/v2\/comments?post=121"}],"version-history":[{"count":2,"href":"https:\/\/agrarias.ufpr.br\/dz\/wp-json\/wp\/v2\/pages\/121\/revisions"}],"predecessor-version":[{"id":140,"href":"https:\/\/agrarias.ufpr.br\/dz\/wp-json\/wp\/v2\/pages\/121\/revisions\/140"}],"wp:attachment":[{"href":"https:\/\/agrarias.ufpr.br\/dz\/wp-json\/wp\/v2\/media?parent=121"}],"curies":[{"name":"wp","href":"https:\/\/api.w.org\/{rel}","templated":true}]}}