{"id":895,"date":"2021-04-15T18:37:56","date_gmt":"2021-04-15T18:37:56","guid":{"rendered":"https:\/\/agrarias.ufpr.br\/dsea\/?page_id=895"},"modified":"2026-04-11T22:11:15","modified_gmt":"2026-04-11T22:11:15","slug":"ensino","status":"publish","type":"page","link":"https:\/\/agrarias.ufpr.br\/dsea\/ensino\/","title":{"rendered":"Ensino"},"content":{"rendered":"\n<div style=\"height:42px\" aria-hidden=\"true\" class=\"wp-block-spacer\"><\/div>\n\n\n\n<p><a href=\"https:\/\/agrarias.ufpr.br\/dsea\/graduacao\/\"><strong><mark style=\"background-color:#ffffff\" class=\"has-inline-color has-luminous-vivid-orange-color\">Gradua\u00e7\u00e3o<\/mark><\/strong><\/a><\/p>\n\n\n\n<p><a href=\"https:\/\/agrarias.ufpr.br\/dsea\/mestrado-e-doutorado\/\"><strong><mark style=\"background-color:#ffffff\" class=\"has-inline-color has-luminous-vivid-orange-color\">Mestrado e Doutorado<\/mark><\/strong><\/a><\/p>\n\n\n\n<p><a href=\"https:\/\/agrarias.ufpr.br\/dsea\/especializacao\/\"><strong><mark style=\"background-color:#ffffff\" class=\"has-inline-color has-luminous-vivid-orange-color\">Especializa\u00e7\u00e3o<\/mark><\/strong><\/a><\/p>\n\n\n\n<p><a href=\"https:\/\/agrarias.ufpr.br\/dsea\/cursos-e-eventos\/\"><strong><mark style=\"background-color:#ffffff\" class=\"has-inline-color has-luminous-vivid-orange-color\">Cursos e Eventos<\/mark><\/strong><\/a><\/p>\n\n\n\n<p>\u00a0<\/p>\n","protected":false},"excerpt":{"rendered":"<p>Gradua\u00e7\u00e3o Mestrado e Doutorado Especializa\u00e7\u00e3o Cursos e Eventos \u00a0<\/p>\n","protected":false},"author":3,"featured_media":0,"parent":0,"menu_order":0,"comment_status":"closed","ping_status":"closed","template":"","meta":{"footnotes":""},"class_list":["post-895","page","type-page","status-publish","hentry"],"_links":{"self":[{"href":"https:\/\/agrarias.ufpr.br\/dsea\/wp-json\/wp\/v2\/pages\/895","targetHints":{"allow":["GET"]}}],"collection":[{"href":"https:\/\/agrarias.ufpr.br\/dsea\/wp-json\/wp\/v2\/pages"}],"about":[{"href":"https:\/\/agrarias.ufpr.br\/dsea\/wp-json\/wp\/v2\/types\/page"}],"author":[{"embeddable":true,"href":"https:\/\/agrarias.ufpr.br\/dsea\/wp-json\/wp\/v2\/users\/3"}],"replies":[{"embeddable":true,"href":"https:\/\/agrarias.ufpr.br\/dsea\/wp-json\/wp\/v2\/comments?post=895"}],"version-history":[{"count":6,"href":"https:\/\/agrarias.ufpr.br\/dsea\/wp-json\/wp\/v2\/pages\/895\/revisions"}],"predecessor-version":[{"id":1376,"href":"https:\/\/agrarias.ufpr.br\/dsea\/wp-json\/wp\/v2\/pages\/895\/revisions\/1376"}],"wp:attachment":[{"href":"https:\/\/agrarias.ufpr.br\/dsea\/wp-json\/wp\/v2\/media?parent=895"}],"curies":[{"name":"wp","href":"https:\/\/api.w.org\/{rel}","templated":true}]}}