{"id":874,"date":"2021-04-13T13:15:09","date_gmt":"2021-04-13T13:15:09","guid":{"rendered":"https:\/\/agrarias.ufpr.br\/dsea\/?page_id=874"},"modified":"2021-04-13T13:15:09","modified_gmt":"2021-04-13T13:15:09","slug":"estudo-avancado-em-fertilidade-do-solo-e-nutricao-de-plantas","status":"publish","type":"page","link":"https:\/\/agrarias.ufpr.br\/dsea\/estudo-avancado-em-fertilidade-do-solo-e-nutricao-de-plantas\/","title":{"rendered":"Estudo Avan\u00e7ado em Fertilidade do Solo e Nutri\u00e7\u00e3o de Plantas\u00a0"},"content":{"rendered":"","protected":false},"excerpt":{"rendered":"","protected":false},"author":10275,"featured_media":0,"parent":0,"menu_order":0,"comment_status":"closed","ping_status":"closed","template":"","meta":{"footnotes":""},"class_list":["post-874","page","type-page","status-publish","hentry"],"_links":{"self":[{"href":"https:\/\/agrarias.ufpr.br\/dsea\/wp-json\/wp\/v2\/pages\/874","targetHints":{"allow":["GET"]}}],"collection":[{"href":"https:\/\/agrarias.ufpr.br\/dsea\/wp-json\/wp\/v2\/pages"}],"about":[{"href":"https:\/\/agrarias.ufpr.br\/dsea\/wp-json\/wp\/v2\/types\/page"}],"author":[{"embeddable":true,"href":"https:\/\/agrarias.ufpr.br\/dsea\/wp-json\/wp\/v2\/users\/10275"}],"replies":[{"embeddable":true,"href":"https:\/\/agrarias.ufpr.br\/dsea\/wp-json\/wp\/v2\/comments?post=874"}],"version-history":[{"count":1,"href":"https:\/\/agrarias.ufpr.br\/dsea\/wp-json\/wp\/v2\/pages\/874\/revisions"}],"predecessor-version":[{"id":875,"href":"https:\/\/agrarias.ufpr.br\/dsea\/wp-json\/wp\/v2\/pages\/874\/revisions\/875"}],"wp:attachment":[{"href":"https:\/\/agrarias.ufpr.br\/dsea\/wp-json\/wp\/v2\/media?parent=874"}],"curies":[{"name":"wp","href":"https:\/\/api.w.org\/{rel}","templated":true}]}}