{"id":861,"date":"2021-04-13T13:07:28","date_gmt":"2021-04-13T13:07:28","guid":{"rendered":"https:\/\/agrarias.ufpr.br\/dsea\/?page_id=861"},"modified":"2026-04-23T18:49:27","modified_gmt":"2026-04-23T18:49:27","slug":"cursos-de-extensao","status":"publish","type":"page","link":"https:\/\/agrarias.ufpr.br\/dsea\/cursos-de-extensao\/","title":{"rendered":"Projetos de Extens\u00e3o"},"content":{"rendered":"\n<h2 class=\"wp-block-heading\"><span style=\"font-family: Arial\"><strong><mark style=\"background-color:#ffffff\" class=\"has-inline-color has-luminous-vivid-orange-color\">Projetos em Andamento<\/mark><\/strong><\/span><\/h2>\n\n\n\n<div style=\"height:27px\" aria-hidden=\"true\" class=\"wp-block-spacer\"><\/div>\n\n\n\n<p><span style=\"font-family: Arial\"><strong>Caf\u00e9 com Ci\u00eancia do Solo<\/strong><\/span><\/p>\n\n\n\n<ul class=\"wp-block-list\">\n<li><span style=\"font-family: Arial\">Coordenador: Prof. Daniel Hanke<\/span><\/li>\n\n\n\n<li><span style=\"font-family: Arial\">Vig\u00eancia: 08\/2025<strong>&nbsp;<\/strong>a 08\/2030<\/span><\/li>\n<\/ul>\n\n\n\n<p><span style=\"font-family: Arial\"><strong>Exposi\u00e7\u00e3o Did\u00e1tica de Solos 2024-2028<\/strong><\/span><\/p>\n\n\n\n<ul class=\"wp-block-list\">\n<li><span style=\"font-family: Arial\">Coordenador: Prof. Marcelo Ricardo de Lima<\/span><\/li>\n\n\n\n<li><span style=\"font-family: Arial\">Vig\u00eancia: 01\/2024<strong>&nbsp;<\/strong>a 12\/2028<\/span><\/li>\n<\/ul>\n\n\n\n<p><span style=\"font-family: Arial\"><strong>Forma\u00e7\u00e3o Inicial e Continuada em Solos para Professores (2024-2028)<\/strong><\/span><\/p>\n\n\n\n<ul class=\"wp-block-list\">\n<li><span style=\"font-family: Arial\">Coordenadora: Profa. Shirley Grazieli da Silva Nascimento<\/span><\/li>\n\n\n\n<li><span style=\"font-family: Arial\">Vig\u00eancia: 01\/2024<strong>&nbsp;<\/strong>a 12\/2028<\/span><\/li>\n<\/ul>\n\n\n\n<p><span style=\"font-family: Arial\"><strong>Guia Pr\u00e1tico de Constru\u00e7\u00f5es Rurais e Ambi\u00eancia Animal<\/strong><\/span><\/p>\n\n\n\n<ul class=\"wp-block-list\">\n<li><span style=\"font-family: Arial\">Coordenador: Prof. Eduardo Teixeira da Silva<\/span><\/li>\n\n\n\n<li><span style=\"font-family: Arial\">Vig\u00eancia: 03\/2026<strong>&nbsp;<\/strong>a 12\/2026<\/span><\/li>\n<\/ul>\n\n\n\n<p><span style=\"font-family: Arial\"><strong>PARAN\u00c1 CHUVA: Monitoramento dos extremos de precipita\u00e7\u00e3o pluvial e desastres naturais no estado do Paran\u00e1<\/strong><\/span><\/p>\n\n\n\n<ul class=\"wp-block-list\">\n<li><span style=\"font-family: Arial\">Coordenadora: Profa. Camila Bertoletti Carpenedo<\/span><\/li>\n\n\n\n<li><span style=\"font-family: Arial\">Vig\u00eancia: 01\/2024<strong>&nbsp;<\/strong>a 12\/2028<\/span><\/li>\n<\/ul>\n\n\n\n<p><span style=\"font-family: Arial\"><strong>Projeto tecnologia social: Difus\u00e3o de tecnologias para a utiliza\u00e7\u00e3o sustent\u00e1vel da \u00e1gua e energia em \u00e1reas rurais e urbanas (Etapa 2023-2027)<\/strong><\/span><\/p>\n\n\n\n<ul class=\"wp-block-list\">\n<li><span style=\"font-family: Arial\">Coordenador: Prof. Jorge Luiz Moretti de Souza<\/span><\/li>\n\n\n\n<li><span style=\"font-family: Arial\">Vig\u00eancia: 11\/2017<strong>&nbsp;<\/strong>a 02\/2028<\/span><\/li>\n<\/ul>\n\n\n\n<p><span style=\"font-family: Arial\"><strong>Solos e Desenvolvimento Rural Sustent\u00e1vel: Saberes e Pr\u00e1ticas Integradas em territ\u00f3rios do Paran\u00e1<\/strong><\/span><\/p>\n\n\n\n<ul class=\"wp-block-list\">\n<li><span style=\"font-family: Arial\">Coordenadora: Profa. Shirley Grazieli da Silva Nascimento<\/span><\/li>\n\n\n\n<li><span style=\"font-family: Arial\">Vig\u00eancia: 01\/2024<strong>&nbsp;<\/strong>a 12\/2028<\/span><\/li>\n<\/ul>\n\n\n\n<p><span style=\"font-family: Arial\"><strong>Solos, Geotecnologias e Educa\u00e7\u00e3o Ambiental<\/strong><\/span><\/p>\n\n\n\n<ul class=\"wp-block-list\">\n<li><span style=\"font-family: Arial\">Coordenador: Prof. \u00c2ngelo Evaristo Sirtoli<\/span><\/li>\n\n\n\n<li><span style=\"font-family: Arial\">Vig\u00eancia: 01\/2024<strong>&nbsp;<\/strong>a 12\/2028<\/span><\/li>\n<\/ul>\n","protected":false},"excerpt":{"rendered":"<p>Projetos em Andamento Caf\u00e9 com Ci\u00eancia do Solo Exposi\u00e7\u00e3o Did\u00e1tica de Solos 2024-2028 Forma\u00e7\u00e3o Inicial e Continuada em Solos para Professores (2024-2028) Guia Pr\u00e1tico de Constru\u00e7\u00f5es Rurais e Ambi\u00eancia Animal PARAN\u00c1 CHUVA: Monitoramento dos extremos de precipita\u00e7\u00e3o pluvial e desastres naturais no estado do Paran\u00e1 Projeto tecnologia social: Difus\u00e3o de tecnologias para a utiliza\u00e7\u00e3o sustent\u00e1vel [&hellip;]<\/p>\n","protected":false},"author":10275,"featured_media":0,"parent":0,"menu_order":0,"comment_status":"closed","ping_status":"closed","template":"","meta":{"footnotes":""},"class_list":["post-861","page","type-page","status-publish","hentry"],"_links":{"self":[{"href":"https:\/\/agrarias.ufpr.br\/dsea\/wp-json\/wp\/v2\/pages\/861","targetHints":{"allow":["GET"]}}],"collection":[{"href":"https:\/\/agrarias.ufpr.br\/dsea\/wp-json\/wp\/v2\/pages"}],"about":[{"href":"https:\/\/agrarias.ufpr.br\/dsea\/wp-json\/wp\/v2\/types\/page"}],"author":[{"embeddable":true,"href":"https:\/\/agrarias.ufpr.br\/dsea\/wp-json\/wp\/v2\/users\/10275"}],"replies":[{"embeddable":true,"href":"https:\/\/agrarias.ufpr.br\/dsea\/wp-json\/wp\/v2\/comments?post=861"}],"version-history":[{"count":14,"href":"https:\/\/agrarias.ufpr.br\/dsea\/wp-json\/wp\/v2\/pages\/861\/revisions"}],"predecessor-version":[{"id":1496,"href":"https:\/\/agrarias.ufpr.br\/dsea\/wp-json\/wp\/v2\/pages\/861\/revisions\/1496"}],"wp:attachment":[{"href":"https:\/\/agrarias.ufpr.br\/dsea\/wp-json\/wp\/v2\/media?parent=861"}],"curies":[{"name":"wp","href":"https:\/\/api.w.org\/{rel}","templated":true}]}}