{"id":857,"date":"2021-04-13T13:06:35","date_gmt":"2021-04-13T13:06:35","guid":{"rendered":"https:\/\/agrarias.ufpr.br\/dsea\/?page_id=857"},"modified":"2026-04-23T18:49:58","modified_gmt":"2026-04-23T18:49:58","slug":"programas-de-extensao","status":"publish","type":"page","link":"https:\/\/agrarias.ufpr.br\/dsea\/programas-de-extensao\/","title":{"rendered":"Programas de Extens\u00e3o"},"content":{"rendered":"\n<h2 class=\"wp-block-heading\"><span style=\"font-family: Arial\"><strong><mark style=\"background-color:#ffffff\" class=\"has-inline-color has-luminous-vivid-orange-color\">Programas em Andamento<\/mark><\/strong><\/span><\/h2>\n\n\n\n<div style=\"height:27px\" aria-hidden=\"true\" class=\"wp-block-spacer\"><\/div>\n\n\n\n<p><span style=\"font-family: Arial\"><strong>Agronomia &amp; Sustentabilidade &#8211; Fase III<\/strong><\/span><\/p>\n\n\n\n<ul class=\"wp-block-list\">\n<li><span style=\"font-family: Arial\">Coordenador: Prof. Luiz Antonio Corr\u00eaa Lucchesi<\/span><\/li>\n\n\n\n<li><span style=\"font-family: Arial\">Vig\u00eancia: 06\/2024<strong>&nbsp;<\/strong>a 02\/2029<\/span><\/li>\n<\/ul>\n\n\n\n<p><span style=\"font-family: Arial\"><strong>Extens\u00e3o Universit\u00e1ria em Agronomia 2024-2029<\/strong><\/span><\/p>\n\n\n\n<ul class=\"wp-block-list\">\n<li><span style=\"font-family: Arial\">Coordenadora: Profa. Glaciela Kaschuk<\/span><\/li>\n\n\n\n<li><span style=\"font-family: Arial\">Vig\u00eancia: 01\/2024<strong>&nbsp;<\/strong>a 12\/2029<\/span><\/li>\n<\/ul>\n\n\n\n<p><span style=\"font-family: Arial\"><strong>Forma\u00e7\u00e3o Continuada em Mecaniza\u00e7\u00e3o Agr\u00edcola Aplicada \u00e0 Produ\u00e7\u00e3o Agropecu\u00e1ria<\/strong><\/span><\/p>\n\n\n\n<ul class=\"wp-block-list\">\n<li><span style=\"font-family: Arial\">Coordenador: Prof. Samir Paulo Jasper<\/span><\/li>\n\n\n\n<li><span style=\"font-family: Arial\">Vig\u00eancia: 04\/2026<strong>&nbsp;<\/strong>a 12\/2029<\/span><\/li>\n<\/ul>\n\n\n\n<p><span style=\"font-family: Arial\"><strong>Guia Pr\u00e1tico de Constru\u00e7\u00f5es Rurais e Ambi\u00eancia Animal<\/strong><\/span><\/p>\n\n\n\n<ul class=\"wp-block-list\">\n<li><span style=\"font-family: Arial\">Coordenador: Prof. Eduardo Teixeira da Silva<\/span><\/li>\n\n\n\n<li><span style=\"font-family: Arial\">Vig\u00eancia: 03\/2026<strong>&nbsp;<\/strong>a 12\/2026<\/span><\/li>\n<\/ul>\n\n\n\n<p><span style=\"font-family: Arial\"><strong>Projeto tecnologia social: Difus\u00e3o de tecnologias para a utiliza\u00e7\u00e3o sustent\u00e1vel da \u00e1gua e energia em \u00e1reas rurais e urbanas (Etapa 2023-2027)<\/strong><\/span><\/p>\n\n\n\n<ul class=\"wp-block-list\">\n<li><span style=\"font-family: Arial\">Coordenador: Prof. Jorge Luiz Moretti de Souza<\/span><\/li>\n\n\n\n<li><span style=\"font-family: Arial\">Vig\u00eancia: 11\/2017 a 02\/2028<\/span><\/li>\n<\/ul>\n\n\n\n<p><span style=\"font-family: Arial\"><strong>Solo na Escola\/UFPR 2024-2033<\/strong><\/span><\/p>\n\n\n\n<ul class=\"wp-block-list\">\n<li><span style=\"font-family: Arial\">Coordenador: Prof. Marcelo Ricardo de Lima<\/span><\/li>\n\n\n\n<li><span style=\"font-family: Arial\">Vig\u00eancia: 01\/2024<strong>&nbsp;<\/strong>a 12\/2033<\/span><\/li>\n<\/ul>\n\n\n\n<p><\/p>\n","protected":false},"excerpt":{"rendered":"<p>Programas em Andamento Agronomia &amp; Sustentabilidade &#8211; Fase III Extens\u00e3o Universit\u00e1ria em Agronomia 2024-2029 Forma\u00e7\u00e3o Continuada em Mecaniza\u00e7\u00e3o Agr\u00edcola Aplicada \u00e0 Produ\u00e7\u00e3o Agropecu\u00e1ria Guia Pr\u00e1tico de Constru\u00e7\u00f5es Rurais e Ambi\u00eancia Animal Projeto tecnologia social: Difus\u00e3o de tecnologias para a utiliza\u00e7\u00e3o sustent\u00e1vel da \u00e1gua e energia em \u00e1reas rurais e urbanas (Etapa 2023-2027) Solo na Escola\/UFPR [&hellip;]<\/p>\n","protected":false},"author":10275,"featured_media":0,"parent":0,"menu_order":0,"comment_status":"closed","ping_status":"closed","template":"","meta":{"footnotes":""},"class_list":["post-857","page","type-page","status-publish","hentry"],"_links":{"self":[{"href":"https:\/\/agrarias.ufpr.br\/dsea\/wp-json\/wp\/v2\/pages\/857","targetHints":{"allow":["GET"]}}],"collection":[{"href":"https:\/\/agrarias.ufpr.br\/dsea\/wp-json\/wp\/v2\/pages"}],"about":[{"href":"https:\/\/agrarias.ufpr.br\/dsea\/wp-json\/wp\/v2\/types\/page"}],"author":[{"embeddable":true,"href":"https:\/\/agrarias.ufpr.br\/dsea\/wp-json\/wp\/v2\/users\/10275"}],"replies":[{"embeddable":true,"href":"https:\/\/agrarias.ufpr.br\/dsea\/wp-json\/wp\/v2\/comments?post=857"}],"version-history":[{"count":4,"href":"https:\/\/agrarias.ufpr.br\/dsea\/wp-json\/wp\/v2\/pages\/857\/revisions"}],"predecessor-version":[{"id":1497,"href":"https:\/\/agrarias.ufpr.br\/dsea\/wp-json\/wp\/v2\/pages\/857\/revisions\/1497"}],"wp:attachment":[{"href":"https:\/\/agrarias.ufpr.br\/dsea\/wp-json\/wp\/v2\/media?parent=857"}],"curies":[{"name":"wp","href":"https:\/\/api.w.org\/{rel}","templated":true}]}}