{"id":503,"date":"2016-10-11T20:05:24","date_gmt":"2016-10-11T20:05:24","guid":{"rendered":"https:\/\/agrarias.ufpr.br\/solos\/?page_id=503"},"modified":"2026-04-16T18:49:56","modified_gmt":"2026-04-16T18:49:56","slug":"contato-2","status":"publish","type":"page","link":"https:\/\/agrarias.ufpr.br\/dsea\/contato-2\/","title":{"rendered":"Contato"},"content":{"rendered":"\n<div style=\"height:42px\" aria-hidden=\"true\" class=\"wp-block-spacer\"><\/div>\n\n\n\n<p class=\"has-text-align-left\">Universidade Federal do Paran\u00e1, Setor de Ci\u00eancias Agr\u00e1rias<\/p>\n\n\n\n<p class=\"has-text-align-left\">Departamento de Solos e Engenharia Agr\u00edcola<\/p>\n\n\n\n<p class=\"has-text-align-left\">Rua dos Funcion\u00e1rios, 1540 &#8211; Bairro Cabral <\/p>\n\n\n\n<p class=\"has-text-align-left\">CEP. 80.035-050, Curitiba &#8211; Paran\u00e1 &#8211; Brasil<\/p>\n\n\n\n<p class=\"has-text-align-left\">Telefone: (41) 3350 5658<\/p>\n\n\n\n<p class=\"has-text-align-left\">E-mail: dseasecretaria@ufpr.br<\/p>\n","protected":false},"excerpt":{"rendered":"<p>Universidade Federal do Paran\u00e1, Setor de Ci\u00eancias Agr\u00e1rias Departamento de Solos e Engenharia Agr\u00edcola Rua dos Funcion\u00e1rios, 1540 &#8211; Bairro Cabral CEP. 80.035-050, Curitiba &#8211; Paran\u00e1 &#8211; Brasil Telefone: (41) 3350 5658 E-mail: dseasecretaria@ufpr.br<\/p>\n","protected":false},"author":3,"featured_media":0,"parent":0,"menu_order":0,"comment_status":"closed","ping_status":"closed","template":"","meta":{"footnotes":""},"class_list":["post-503","page","type-page","status-publish","hentry"],"_links":{"self":[{"href":"https:\/\/agrarias.ufpr.br\/dsea\/wp-json\/wp\/v2\/pages\/503","targetHints":{"allow":["GET"]}}],"collection":[{"href":"https:\/\/agrarias.ufpr.br\/dsea\/wp-json\/wp\/v2\/pages"}],"about":[{"href":"https:\/\/agrarias.ufpr.br\/dsea\/wp-json\/wp\/v2\/types\/page"}],"author":[{"embeddable":true,"href":"https:\/\/agrarias.ufpr.br\/dsea\/wp-json\/wp\/v2\/users\/3"}],"replies":[{"embeddable":true,"href":"https:\/\/agrarias.ufpr.br\/dsea\/wp-json\/wp\/v2\/comments?post=503"}],"version-history":[{"count":12,"href":"https:\/\/agrarias.ufpr.br\/dsea\/wp-json\/wp\/v2\/pages\/503\/revisions"}],"predecessor-version":[{"id":1489,"href":"https:\/\/agrarias.ufpr.br\/dsea\/wp-json\/wp\/v2\/pages\/503\/revisions\/1489"}],"wp:attachment":[{"href":"https:\/\/agrarias.ufpr.br\/dsea\/wp-json\/wp\/v2\/media?parent=503"}],"curies":[{"name":"wp","href":"https:\/\/api.w.org\/{rel}","templated":true}]}}