{"id":494,"date":"2016-10-11T19:58:48","date_gmt":"2016-10-11T19:58:48","guid":{"rendered":"https:\/\/agrarias.ufpr.br\/solos\/?page_id=494"},"modified":"2016-10-11T20:03:14","modified_gmt":"2016-10-11T20:03:14","slug":"disciplinas","status":"publish","type":"page","link":"https:\/\/agrarias.ufpr.br\/dsea\/disciplinas\/","title":{"rendered":"Disciplinas"},"content":{"rendered":"<p><a href=\"https:\/\/agrarias.ufpr.br\/solos\/graduacao\/\">Gradua\u00e7\u00e3o<\/a><\/p>\n<p><a href=\"http:\/\/www.pgcisolo.agrarias.ufpr.br\/\">P\u00f3s-Gradua\u00e7\u00e3o Ci\u00eancia do Solo<\/a><\/p>\n","protected":false},"excerpt":{"rendered":"<p>Gradua\u00e7\u00e3o P\u00f3s-Gradua\u00e7\u00e3o Ci\u00eancia do Solo<\/p>\n","protected":false},"author":3,"featured_media":0,"parent":0,"menu_order":0,"comment_status":"closed","ping_status":"closed","template":"","meta":{"footnotes":""},"class_list":["post-494","page","type-page","status-publish","hentry"],"_links":{"self":[{"href":"https:\/\/agrarias.ufpr.br\/dsea\/wp-json\/wp\/v2\/pages\/494","targetHints":{"allow":["GET"]}}],"collection":[{"href":"https:\/\/agrarias.ufpr.br\/dsea\/wp-json\/wp\/v2\/pages"}],"about":[{"href":"https:\/\/agrarias.ufpr.br\/dsea\/wp-json\/wp\/v2\/types\/page"}],"author":[{"embeddable":true,"href":"https:\/\/agrarias.ufpr.br\/dsea\/wp-json\/wp\/v2\/users\/3"}],"replies":[{"embeddable":true,"href":"https:\/\/agrarias.ufpr.br\/dsea\/wp-json\/wp\/v2\/comments?post=494"}],"version-history":[{"count":3,"href":"https:\/\/agrarias.ufpr.br\/dsea\/wp-json\/wp\/v2\/pages\/494\/revisions"}],"predecessor-version":[{"id":501,"href":"https:\/\/agrarias.ufpr.br\/dsea\/wp-json\/wp\/v2\/pages\/494\/revisions\/501"}],"wp:attachment":[{"href":"https:\/\/agrarias.ufpr.br\/dsea\/wp-json\/wp\/v2\/media?parent=494"}],"curies":[{"name":"wp","href":"https:\/\/api.w.org\/{rel}","templated":true}]}}