{"id":488,"date":"2016-10-11T19:35:55","date_gmt":"2016-10-11T19:35:55","guid":{"rendered":"https:\/\/agrarias.ufpr.br\/solos\/?page_id=488"},"modified":"2026-04-16T18:50:55","modified_gmt":"2026-04-16T18:50:55","slug":"tecnicos","status":"publish","type":"page","link":"https:\/\/agrarias.ufpr.br\/dsea\/tecnicos\/","title":{"rendered":"T\u00e9cnicos"},"content":{"rendered":"\n<ul class=\"wp-block-list\"><\/ul>\n\n\n\n<div style=\"height:42px\" aria-hidden=\"true\" class=\"wp-block-spacer\"><\/div>\n\n\n\n<div class=\"wp-block-columns is-layout-flex wp-container-core-columns-is-layout-46a96d09 wp-block-columns-is-layout-flex\" style=\"padding-top:var(--wp--preset--spacing--20);padding-right:var(--wp--preset--spacing--60);padding-bottom:var(--wp--preset--spacing--20);padding-left:var(--wp--preset--spacing--60)\">\n<div class=\"wp-block-column is-layout-flow wp-block-column-is-layout-flow\"><div class=\"wp-block-image is-style-default\">\n<figure class=\"aligncenter size-medium has-custom-border\" style=\"margin-right:0;margin-left:0\"><img loading=\"lazy\" decoding=\"async\" width=\"300\" height=\"300\" src=\"https:\/\/agrarias.ufpr.br\/dsea\/wp-content\/uploads\/sites\/30\/2026\/04\/Copia-de-Design-sem-nome-2-300x300.png\" alt=\"\" class=\"wp-image-1407\" style=\"border-radius:100px;box-shadow:var(--wp--preset--shadow--natural);aspect-ratio:1;object-fit:contain\" srcset=\"https:\/\/agrarias.ufpr.br\/dsea\/wp-content\/uploads\/sites\/30\/2026\/04\/Copia-de-Design-sem-nome-2-300x300.png 300w, https:\/\/agrarias.ufpr.br\/dsea\/wp-content\/uploads\/sites\/30\/2026\/04\/Copia-de-Design-sem-nome-2-150x150.png 150w, https:\/\/agrarias.ufpr.br\/dsea\/wp-content\/uploads\/sites\/30\/2026\/04\/Copia-de-Design-sem-nome-2-768x768.png 768w, https:\/\/agrarias.ufpr.br\/dsea\/wp-content\/uploads\/sites\/30\/2026\/04\/Copia-de-Design-sem-nome-2-98x98.png 98w, https:\/\/agrarias.ufpr.br\/dsea\/wp-content\/uploads\/sites\/30\/2026\/04\/Copia-de-Design-sem-nome-2-57x57.png 57w, https:\/\/agrarias.ufpr.br\/dsea\/wp-content\/uploads\/sites\/30\/2026\/04\/Copia-de-Design-sem-nome-2.png 1000w\" sizes=\"auto, (max-width: 300px) 100vw, 300px\" \/><\/figure>\n<\/div>\n\n\n<h4 class=\"wp-block-heading has-text-align-center\" style=\"margin-top:var(--wp--preset--spacing--20);margin-bottom:var(--wp--preset--spacing--20)\">Eduardo Mariano Iwaya<\/h4>\n\n\n\n<p class=\"has-text-align-center has-text-color has-link-color wp-elements-cefc872700dc923ecefc3b6a6460ca04\" style=\"color:#737373;margin-top:var(--wp--preset--spacing--20);margin-bottom:var(--wp--preset--spacing--20);font-size:13px\"><span style=\"font-family: Arial;font-size: small\">T\u00e9cnico de <span style=\"font-family: Arial;font-size: small\">Laborat\u00f3rio<\/span><\/span><\/p>\n\n\n\n<p class=\"has-text-align-center has-text-color has-link-color wp-elements-6adae1148cdc20e7de9c2a4abda9638e\" style=\"color:#737373;margin-top:var(--wp--preset--spacing--20);margin-bottom:var(--wp--preset--spacing--20);font-size:13px\"><span style=\"font-family: Arial;font-size: small\">Laborat\u00f3rio de Mineralogia do Solo<\/span><\/p>\n\n\n\n<p class=\"has-text-align-center has-text-color has-link-color wp-elements-3f8e5dfe21520f1e5507b01c25993202\" style=\"color:#737373;margin-top:var(--wp--preset--spacing--20);margin-bottom:var(--wp--preset--spacing--20);font-size:13px\"><span style=\"font-family: Arial;font-size: small\">Telefone:(41) 3350-5660<\/span><\/p>\n\n\n\n<p class=\"has-text-align-center has-text-color has-link-color wp-elements-3a9b660de3cdf407ff53094ae2dac12a\" style=\"color:#737373;margin-top:var(--wp--preset--spacing--20);margin-bottom:var(--wp--preset--spacing--20);font-size:13px\"><span style=\"font-family: Arial;font-size: small\">E-mail:<\/span> <span style=\"font-family: Arial;font-size: small\">eduardoiwaya@ufpr.br<\/span><\/p>\n\n\n\n<p class=\"has-text-align-center has-text-color has-link-color wp-elements-e541cce9e3d28cd1c9a8c0880fb91896\" style=\"color:#737373;margin-top:var(--wp--preset--spacing--20);margin-bottom:var(--wp--preset--spacing--20);font-size:13px\"><\/p>\n\n\n\n<p class=\"has-text-align-center has-text-color has-link-color wp-elements-e541cce9e3d28cd1c9a8c0880fb91896\" style=\"color:#737373;margin-top:var(--wp--preset--spacing--20);margin-bottom:var(--wp--preset--spacing--20);font-size:13px\"><\/p>\n<\/div>\n\n\n\n<div class=\"wp-block-column is-layout-flow wp-block-column-is-layout-flow\"><div class=\"wp-block-image is-style-default\">\n<figure class=\"aligncenter size-medium has-custom-border\" style=\"margin-right:0;margin-left:0\"><img loading=\"lazy\" decoding=\"async\" width=\"300\" height=\"300\" src=\"https:\/\/agrarias.ufpr.br\/dsea\/wp-content\/uploads\/sites\/30\/2026\/04\/29-300x300.png\" alt=\"\" class=\"wp-image-1404\" style=\"border-radius:100px;box-shadow:var(--wp--preset--shadow--natural);aspect-ratio:1;object-fit:contain\" srcset=\"https:\/\/agrarias.ufpr.br\/dsea\/wp-content\/uploads\/sites\/30\/2026\/04\/29-300x300.png 300w, https:\/\/agrarias.ufpr.br\/dsea\/wp-content\/uploads\/sites\/30\/2026\/04\/29-150x150.png 150w, https:\/\/agrarias.ufpr.br\/dsea\/wp-content\/uploads\/sites\/30\/2026\/04\/29-768x768.png 768w, https:\/\/agrarias.ufpr.br\/dsea\/wp-content\/uploads\/sites\/30\/2026\/04\/29-98x98.png 98w, https:\/\/agrarias.ufpr.br\/dsea\/wp-content\/uploads\/sites\/30\/2026\/04\/29-57x57.png 57w, https:\/\/agrarias.ufpr.br\/dsea\/wp-content\/uploads\/sites\/30\/2026\/04\/29.png 1000w\" sizes=\"auto, (max-width: 300px) 100vw, 300px\" \/><\/figure>\n<\/div>\n\n\n<h4 class=\"wp-block-heading has-text-align-center\" style=\"margin-top:var(--wp--preset--spacing--20);margin-bottom:var(--wp--preset--spacing--20)\">Gisele Silva de Santana<\/h4>\n\n\n\n<p class=\"has-text-align-center has-text-color has-link-color wp-elements-b1af2d01e7498550edeba4ab45208c52\" style=\"color:#737373;margin-top:var(--wp--preset--spacing--20);margin-bottom:var(--wp--preset--spacing--20);font-size:13px\"><span style=\"font-family: Arial;font-size: small\">T\u00e9cnica de Laborat\u00f3rio <\/span><\/p>\n\n\n\n<p class=\"has-text-align-center has-text-color has-link-color wp-elements-58ce29954b4f42544d9f3b310314dbbc\" style=\"color:#737373;margin-top:var(--wp--preset--spacing--20);margin-bottom:var(--wp--preset--spacing--20);font-size:13px\"><span style=\"font-family: Arial;font-size: small\"><span style=\"font-family: Arial;font-size: small\">Laborat\u00f3rio<\/span><\/span> <span style=\"font-family: Arial;font-size: small\">de Biogeoqu\u00edmica e Laborat\u00f3rio de Nutri\u00e7\u00e3o Mineral de Plantas<\/span><\/p>\n\n\n\n<p class=\"has-text-align-center has-text-color has-link-color wp-elements-69160312f93d5348fdf4969b688fc827\" style=\"color:#737373;margin-top:var(--wp--preset--spacing--20);margin-bottom:var(--wp--preset--spacing--20);font-size:13px\"><span style=\"font-family: Arial;font-size: small\">Telefone: (41) 3350-5679<\/span><\/p>\n\n\n\n<p class=\"has-text-align-center has-text-color has-link-color wp-elements-20d03fb3b973bd02e6d5db94c10a9680\" style=\"color:#737373;margin-top:var(--wp--preset--spacing--20);margin-bottom:var(--wp--preset--spacing--20);font-size:13px\"><span style=\"font-family: Arial;font-size: small\">E-mail:<\/span> <span style=\"font-family: Arial;font-size: small\">gisele.santana@ufpr.br<\/span><\/p>\n\n\n\n<p class=\"has-text-align-center has-text-color has-link-color wp-elements-e541cce9e3d28cd1c9a8c0880fb91896\" style=\"color:#737373;margin-top:var(--wp--preset--spacing--20);margin-bottom:var(--wp--preset--spacing--20);font-size:13px\"><\/p>\n\n\n\n<p class=\"has-text-align-center has-text-color has-link-color wp-elements-e541cce9e3d28cd1c9a8c0880fb91896\" style=\"color:#737373;margin-top:var(--wp--preset--spacing--20);margin-bottom:var(--wp--preset--spacing--20);font-size:13px\"><\/p>\n<\/div>\n\n\n\n<div class=\"wp-block-column is-layout-flow wp-block-column-is-layout-flow\"><div class=\"wp-block-image is-style-default\">\n<figure class=\"aligncenter size-medium has-custom-border\" style=\"margin-right:0;margin-left:0\"><img loading=\"lazy\" decoding=\"async\" width=\"300\" height=\"300\" src=\"https:\/\/agrarias.ufpr.br\/dsea\/wp-content\/uploads\/sites\/30\/2026\/04\/30-300x300.png\" alt=\"\" class=\"wp-image-1405\" style=\"border-radius:100px;box-shadow:var(--wp--preset--shadow--natural);aspect-ratio:1;object-fit:contain\" srcset=\"https:\/\/agrarias.ufpr.br\/dsea\/wp-content\/uploads\/sites\/30\/2026\/04\/30-300x300.png 300w, https:\/\/agrarias.ufpr.br\/dsea\/wp-content\/uploads\/sites\/30\/2026\/04\/30-150x150.png 150w, https:\/\/agrarias.ufpr.br\/dsea\/wp-content\/uploads\/sites\/30\/2026\/04\/30-768x768.png 768w, https:\/\/agrarias.ufpr.br\/dsea\/wp-content\/uploads\/sites\/30\/2026\/04\/30-98x98.png 98w, https:\/\/agrarias.ufpr.br\/dsea\/wp-content\/uploads\/sites\/30\/2026\/04\/30-57x57.png 57w, https:\/\/agrarias.ufpr.br\/dsea\/wp-content\/uploads\/sites\/30\/2026\/04\/30.png 1000w\" sizes=\"auto, (max-width: 300px) 100vw, 300px\" \/><\/figure>\n<\/div>\n\n\n<h4 class=\"wp-block-heading has-text-align-center\" style=\"margin-top:var(--wp--preset--spacing--20);margin-bottom:var(--wp--preset--spacing--20)\">Josianne Meyer<\/h4>\n\n\n\n<p class=\"has-text-align-center has-text-color has-link-color wp-elements-a4cfd0d54647544b5489142b42e00d48\" style=\"color:#737373;margin-top:var(--wp--preset--spacing--20);margin-bottom:var(--wp--preset--spacing--20);font-size:13px\"><span style=\"font-family: Arial;font-size: small\">T\u00e9cnica <span style=\"font-family: Arial;font-size: small\">de Laborat\u00f3rio<\/span><\/span><\/p>\n\n\n\n<p class=\"has-text-align-center has-text-color has-link-color wp-elements-7441447dc09ba43005349fdca789a5d5\" style=\"color:#737373;margin-top:var(--wp--preset--spacing--20);margin-bottom:var(--wp--preset--spacing--20);font-size:13px\"><span style=\"font-family: Arial;font-size: small\"><span style=\"font-family: Arial;font-size: small\">Laborat\u00f3rio de Fertilidade do Solo<\/span><\/span><\/p>\n\n\n\n<p class=\"has-text-align-center has-text-color has-link-color wp-elements-76b78926f4c10c1166660295593c04f1\" style=\"color:#737373;margin-top:var(--wp--preset--spacing--20);margin-bottom:var(--wp--preset--spacing--20);font-size:13px\"><span style=\"font-family: Arial;font-size: small\">Telefone:(41) 3350-5658<\/span><\/p>\n\n\n\n<p class=\"has-text-align-center has-text-color has-link-color wp-elements-9c332b0eff409623b6c8ef21979a9e58\" style=\"color:#737373;margin-top:var(--wp--preset--spacing--20);margin-bottom:var(--wp--preset--spacing--20);font-size:13px\"><span style=\"font-family: Arial;font-size: small\">E-mail:<\/span> <span style=\"font-family: Arial;font-size: small\"><span style=\"font-family: Arial;font-size: small\">josiannemeyer@ufpr.br<\/span><\/span><\/p>\n\n\n\n<p class=\"has-text-align-center has-text-color has-link-color wp-elements-e541cce9e3d28cd1c9a8c0880fb91896\" style=\"color:#737373;margin-top:var(--wp--preset--spacing--20);margin-bottom:var(--wp--preset--spacing--20);font-size:13px\"><\/p>\n\n\n\n<p class=\"has-text-align-center has-text-color has-link-color wp-elements-e541cce9e3d28cd1c9a8c0880fb91896\" style=\"color:#737373;margin-top:var(--wp--preset--spacing--20);margin-bottom:var(--wp--preset--spacing--20);font-size:13px\"><\/p>\n<\/div>\n\n\n\n<div class=\"wp-block-column is-layout-flow wp-block-column-is-layout-flow\"><div class=\"wp-block-image is-style-default\">\n<figure class=\"aligncenter size-full has-custom-border\" style=\"margin-right:0;margin-left:0\"><img loading=\"lazy\" decoding=\"async\" width=\"1000\" height=\"1000\" src=\"https:\/\/agrarias.ufpr.br\/dsea\/wp-content\/uploads\/sites\/30\/2026\/04\/31.png\" alt=\"\" class=\"wp-image-1406\" style=\"border-radius:100px;box-shadow:var(--wp--preset--shadow--natural);aspect-ratio:1;object-fit:contain\" srcset=\"https:\/\/agrarias.ufpr.br\/dsea\/wp-content\/uploads\/sites\/30\/2026\/04\/31.png 1000w, https:\/\/agrarias.ufpr.br\/dsea\/wp-content\/uploads\/sites\/30\/2026\/04\/31-300x300.png 300w, https:\/\/agrarias.ufpr.br\/dsea\/wp-content\/uploads\/sites\/30\/2026\/04\/31-150x150.png 150w, https:\/\/agrarias.ufpr.br\/dsea\/wp-content\/uploads\/sites\/30\/2026\/04\/31-768x768.png 768w, https:\/\/agrarias.ufpr.br\/dsea\/wp-content\/uploads\/sites\/30\/2026\/04\/31-98x98.png 98w, https:\/\/agrarias.ufpr.br\/dsea\/wp-content\/uploads\/sites\/30\/2026\/04\/31-57x57.png 57w\" sizes=\"auto, (max-width: 1000px) 100vw, 1000px\" \/><\/figure>\n<\/div>\n\n\n<h4 class=\"wp-block-heading has-text-align-center\" style=\"margin-top:var(--wp--preset--spacing--20);margin-bottom:var(--wp--preset--spacing--20)\">Heila Silva de Ara\u00fajo<\/h4>\n\n\n\n<p class=\"has-text-align-center has-text-color has-link-color wp-elements-a4cfd0d54647544b5489142b42e00d48\" style=\"color:#737373;margin-top:var(--wp--preset--spacing--20);margin-bottom:var(--wp--preset--spacing--20);font-size:13px\"><span style=\"font-family: Arial;font-size: small\">T\u00e9cnica <span style=\"font-family: Arial;font-size: small\">de Laborat\u00f3rio<\/span><\/span><\/p>\n\n\n\n<p class=\"has-text-align-center has-text-color has-link-color wp-elements-d226b54db5a0a6cd8c75cfba4fae8234\" style=\"color:#737373;margin-top:var(--wp--preset--spacing--20);margin-bottom:var(--wp--preset--spacing--20);font-size:13px\"><span style=\"font-family: Arial;font-size: small\"><span style=\"font-family: Arial;font-size: small\">Laborat\u00f3rio de&nbsp;Biologia do Solo<\/span><\/span><\/p>\n\n\n\n<p class=\"has-text-align-center has-text-color has-link-color wp-elements-cc17f4c8b069db667b3fe0d455bf9bd4\" style=\"color:#737373;margin-top:var(--wp--preset--spacing--20);margin-bottom:var(--wp--preset--spacing--20);font-size:13px\"><span style=\"font-family: Arial;font-size: small\">Telefone:(41) 3350-5677<\/span><\/p>\n\n\n\n<p class=\"has-text-align-center has-text-color has-link-color wp-elements-5fe069d195f869f6a71db76ddba4b3e8\" style=\"color:#737373;margin-top:var(--wp--preset--spacing--20);margin-bottom:var(--wp--preset--spacing--20);font-size:13px\"><span style=\"font-family: Arial;font-size: small\">E-mail:<\/span> heila@ufpr.br <\/p>\n\n\n\n<p class=\"has-text-align-center has-text-color has-link-color wp-elements-e541cce9e3d28cd1c9a8c0880fb91896\" style=\"color:#737373;margin-top:var(--wp--preset--spacing--20);margin-bottom:var(--wp--preset--spacing--20);font-size:13px\"><\/p>\n\n\n\n<p class=\"has-text-align-center has-text-color has-link-color wp-elements-e541cce9e3d28cd1c9a8c0880fb91896\" style=\"color:#737373;margin-top:var(--wp--preset--spacing--20);margin-bottom:var(--wp--preset--spacing--20);font-size:13px\"><\/p>\n<\/div>\n<\/div>\n\n\n\n<div class=\"wp-block-columns is-layout-flex wp-container-core-columns-is-layout-46a96d09 wp-block-columns-is-layout-flex\" style=\"padding-top:var(--wp--preset--spacing--20);padding-right:var(--wp--preset--spacing--60);padding-bottom:var(--wp--preset--spacing--20);padding-left:var(--wp--preset--spacing--60)\">\n<div class=\"wp-block-column is-layout-flow wp-block-column-is-layout-flow\"><div class=\"wp-block-image is-style-default\">\n<figure class=\"aligncenter size-medium has-custom-border\" style=\"margin-right:0;margin-left:0\"><img loading=\"lazy\" decoding=\"async\" width=\"300\" height=\"300\" src=\"https:\/\/agrarias.ufpr.br\/dsea\/wp-content\/uploads\/sites\/30\/2026\/04\/Copia-de-Design-sem-nome-4-300x300.png\" alt=\"\" class=\"wp-image-1409\" style=\"border-radius:100px;box-shadow:var(--wp--preset--shadow--natural);aspect-ratio:1;object-fit:contain\" srcset=\"https:\/\/agrarias.ufpr.br\/dsea\/wp-content\/uploads\/sites\/30\/2026\/04\/Copia-de-Design-sem-nome-4-300x300.png 300w, https:\/\/agrarias.ufpr.br\/dsea\/wp-content\/uploads\/sites\/30\/2026\/04\/Copia-de-Design-sem-nome-4-150x150.png 150w, https:\/\/agrarias.ufpr.br\/dsea\/wp-content\/uploads\/sites\/30\/2026\/04\/Copia-de-Design-sem-nome-4-768x768.png 768w, https:\/\/agrarias.ufpr.br\/dsea\/wp-content\/uploads\/sites\/30\/2026\/04\/Copia-de-Design-sem-nome-4-98x98.png 98w, https:\/\/agrarias.ufpr.br\/dsea\/wp-content\/uploads\/sites\/30\/2026\/04\/Copia-de-Design-sem-nome-4-57x57.png 57w, https:\/\/agrarias.ufpr.br\/dsea\/wp-content\/uploads\/sites\/30\/2026\/04\/Copia-de-Design-sem-nome-4.png 1000w\" sizes=\"auto, (max-width: 300px) 100vw, 300px\" \/><\/figure>\n<\/div>\n\n\n<h4 class=\"wp-block-heading has-text-align-center\" style=\"margin-top:var(--wp--preset--spacing--20);margin-bottom:var(--wp--preset--spacing--20)\">Maria Aparecida de Carvalho Santos<\/h4>\n\n\n\n<p class=\"has-text-align-center has-text-color has-link-color wp-elements-5cdbe1e43f1f3c3007172d9f0708c2dc\" style=\"color:#737373;margin-top:var(--wp--preset--spacing--20);margin-bottom:var(--wp--preset--spacing--20);font-size:13px\"><span style=\"font-family: Arial;font-size: small\"><span style=\"font-family: Arial;font-size: small\">Laboratorista<\/span><\/span><\/p>\n\n\n\n<p class=\"has-text-align-center has-text-color has-link-color wp-elements-c13b4700073cb894917e8b3fd6fad8a5\" style=\"color:#737373;margin-top:var(--wp--preset--spacing--20);margin-bottom:var(--wp--preset--spacing--20);font-size:13px\"><span style=\"font-family: Arial;font-size: small\"><span style=\"font-family: Arial;font-size: small\">Laborat\u00f3rio de Mineralogia do Solo<\/span><\/span><\/p>\n\n\n\n<p class=\"has-text-align-center has-text-color has-link-color wp-elements-6e57e83aa19d13126d5e7f887fc0c6d6\" style=\"color:#737373;margin-top:var(--wp--preset--spacing--20);margin-bottom:var(--wp--preset--spacing--20);font-size:13px\"><span style=\"font-family: Arial;font-size: small\">Telefone:<span style=\"font-family: Arial;font-size: small\">(41) 3350-5660<\/span><\/span><\/p>\n\n\n\n<p class=\"has-text-align-center has-text-color has-link-color wp-elements-14aadf70cbe05f7ac53fb6d1967efec3\" style=\"color:#737373;margin-top:var(--wp--preset--spacing--20);margin-bottom:var(--wp--preset--spacing--20);font-size:13px\"><span style=\"font-family: Arial;font-size: small\">E-mail:<\/span> <span style=\"font-family: Arial;font-size: small\"><span style=\"font-family: Arial;font-size: small\">m.carvalho@ufpr.br<\/span><\/span><\/p>\n\n\n\n<p class=\"has-text-align-center has-text-color has-link-color wp-elements-e541cce9e3d28cd1c9a8c0880fb91896\" style=\"color:#737373;margin-top:var(--wp--preset--spacing--20);margin-bottom:var(--wp--preset--spacing--20);font-size:13px\"><\/p>\n\n\n\n<p class=\"has-text-align-center has-text-color has-link-color wp-elements-e541cce9e3d28cd1c9a8c0880fb91896\" style=\"color:#737373;margin-top:var(--wp--preset--spacing--20);margin-bottom:var(--wp--preset--spacing--20);font-size:13px\"><\/p>\n<\/div>\n\n\n\n<div class=\"wp-block-column is-layout-flow wp-block-column-is-layout-flow\"><div class=\"wp-block-image is-style-default\">\n<figure class=\"aligncenter size-medium has-custom-border\" style=\"margin-right:0;margin-left:0\"><img loading=\"lazy\" decoding=\"async\" width=\"300\" height=\"300\" src=\"https:\/\/agrarias.ufpr.br\/dsea\/wp-content\/uploads\/sites\/30\/2026\/04\/Copia-de-Design-sem-nome-3-300x300.png\" alt=\"\" class=\"wp-image-1408\" style=\"border-radius:100px;box-shadow:var(--wp--preset--shadow--natural);aspect-ratio:1;object-fit:contain\" srcset=\"https:\/\/agrarias.ufpr.br\/dsea\/wp-content\/uploads\/sites\/30\/2026\/04\/Copia-de-Design-sem-nome-3-300x300.png 300w, https:\/\/agrarias.ufpr.br\/dsea\/wp-content\/uploads\/sites\/30\/2026\/04\/Copia-de-Design-sem-nome-3-150x150.png 150w, https:\/\/agrarias.ufpr.br\/dsea\/wp-content\/uploads\/sites\/30\/2026\/04\/Copia-de-Design-sem-nome-3-768x768.png 768w, https:\/\/agrarias.ufpr.br\/dsea\/wp-content\/uploads\/sites\/30\/2026\/04\/Copia-de-Design-sem-nome-3-98x98.png 98w, https:\/\/agrarias.ufpr.br\/dsea\/wp-content\/uploads\/sites\/30\/2026\/04\/Copia-de-Design-sem-nome-3-57x57.png 57w, https:\/\/agrarias.ufpr.br\/dsea\/wp-content\/uploads\/sites\/30\/2026\/04\/Copia-de-Design-sem-nome-3.png 1000w\" sizes=\"auto, (max-width: 300px) 100vw, 300px\" \/><\/figure>\n<\/div>\n\n\n<h4 class=\"wp-block-heading has-text-align-center\" style=\"margin-top:var(--wp--preset--spacing--20);margin-bottom:var(--wp--preset--spacing--20)\">Marla Cristina Becker Motta<\/h4>\n\n\n\n<p class=\"has-text-align-center has-text-color has-link-color wp-elements-410274c3d3fc9bd3ed3b5a717301b5c2\" style=\"color:#737373;margin-top:var(--wp--preset--spacing--20);margin-bottom:var(--wp--preset--spacing--20);font-size:13px\"><span style=\"font-family: Arial;font-size: small\"><span style=\"font-family: Arial;font-size: small\"><span style=\"font-family: Arial;font-size: small\"><span style=\"font-family: Arial;font-size: small\">Secret\u00e1ria<\/span><\/span> do DSEA<\/span><\/span><\/p>\n\n\n\n<p class=\"has-text-align-center has-text-color has-link-color wp-elements-dd91aa6cd836e6f064904286b95b03d1\" style=\"color:#737373;margin-top:var(--wp--preset--spacing--20);margin-bottom:var(--wp--preset--spacing--20);font-size:13px\"><span style=\"font-family: Arial;font-size: small\">Telefone: <span style=\"font-family: Arial;font-size: small\">(41) 3350-5658<\/span><\/span><\/p>\n\n\n\n<p class=\"has-text-align-center has-text-color has-link-color wp-elements-2e388927d0a70c84c4cc50230925c7e1\" style=\"color:#737373;margin-top:var(--wp--preset--spacing--20);margin-bottom:var(--wp--preset--spacing--20);font-size:13px\"><span style=\"font-family: Arial;font-size: small\">E-mail:<\/span> <span style=\"font-family: Arial;font-size: small\"><span style=\"font-family: Arial;font-size: small\">marla.motta@ufpr.br<\/span><\/span> <\/p>\n\n\n\n<p class=\"has-text-align-center has-text-color has-link-color wp-elements-e541cce9e3d28cd1c9a8c0880fb91896\" style=\"color:#737373;margin-top:var(--wp--preset--spacing--20);margin-bottom:var(--wp--preset--spacing--20);font-size:13px\"><\/p>\n<\/div>\n\n\n\n<div class=\"wp-block-column is-layout-flow wp-block-column-is-layout-flow\">\n<p class=\"has-text-align-center has-text-color has-link-color wp-elements-e541cce9e3d28cd1c9a8c0880fb91896\" style=\"color:#737373;margin-top:var(--wp--preset--spacing--20);margin-bottom:var(--wp--preset--spacing--20);font-size:13px\"><\/p>\n<\/div>\n\n\n\n<div class=\"wp-block-column is-layout-flow wp-block-column-is-layout-flow\">\n<p class=\"has-text-align-center has-text-color has-link-color wp-elements-e541cce9e3d28cd1c9a8c0880fb91896\" style=\"color:#737373;margin-top:var(--wp--preset--spacing--20);margin-bottom:var(--wp--preset--spacing--20);font-size:13px\"><\/p>\n<\/div>\n<\/div>\n\n\n\n<p><\/p>\n","protected":false},"excerpt":{"rendered":"<p>Eduardo Mariano Iwaya T\u00e9cnico de Laborat\u00f3rio Laborat\u00f3rio de Mineralogia do Solo Telefone:(41) 3350-5660 E-mail: eduardoiwaya@ufpr.br Gisele Silva de Santana T\u00e9cnica de Laborat\u00f3rio Laborat\u00f3rio de Biogeoqu\u00edmica e Laborat\u00f3rio de Nutri\u00e7\u00e3o Mineral de Plantas Telefone: (41) 3350-5679 E-mail: gisele.santana@ufpr.br Josianne Meyer T\u00e9cnica de Laborat\u00f3rio Laborat\u00f3rio de Fertilidade do Solo Telefone:(41) 3350-5658 E-mail: josiannemeyer@ufpr.br Heila Silva de Ara\u00fajo [&hellip;]<\/p>\n","protected":false},"author":3,"featured_media":0,"parent":0,"menu_order":0,"comment_status":"closed","ping_status":"closed","template":"","meta":{"footnotes":""},"class_list":["post-488","page","type-page","status-publish","hentry"],"_links":{"self":[{"href":"https:\/\/agrarias.ufpr.br\/dsea\/wp-json\/wp\/v2\/pages\/488","targetHints":{"allow":["GET"]}}],"collection":[{"href":"https:\/\/agrarias.ufpr.br\/dsea\/wp-json\/wp\/v2\/pages"}],"about":[{"href":"https:\/\/agrarias.ufpr.br\/dsea\/wp-json\/wp\/v2\/types\/page"}],"author":[{"embeddable":true,"href":"https:\/\/agrarias.ufpr.br\/dsea\/wp-json\/wp\/v2\/users\/3"}],"replies":[{"embeddable":true,"href":"https:\/\/agrarias.ufpr.br\/dsea\/wp-json\/wp\/v2\/comments?post=488"}],"version-history":[{"count":18,"href":"https:\/\/agrarias.ufpr.br\/dsea\/wp-json\/wp\/v2\/pages\/488\/revisions"}],"predecessor-version":[{"id":1490,"href":"https:\/\/agrarias.ufpr.br\/dsea\/wp-json\/wp\/v2\/pages\/488\/revisions\/1490"}],"wp:attachment":[{"href":"https:\/\/agrarias.ufpr.br\/dsea\/wp-json\/wp\/v2\/media?parent=488"}],"curies":[{"name":"wp","href":"https:\/\/api.w.org\/{rel}","templated":true}]}}