{"id":480,"date":"2016-10-11T19:31:30","date_gmt":"2016-10-11T19:31:30","guid":{"rendered":"https:\/\/agrarias.ufpr.br\/solos\/?page_id=480"},"modified":"2026-04-16T18:46:08","modified_gmt":"2026-04-16T18:46:08","slug":"apresentacao","status":"publish","type":"page","link":"https:\/\/agrarias.ufpr.br\/dsea\/apresentacao\/","title":{"rendered":"Apresenta\u00e7\u00e3o"},"content":{"rendered":"\n<div style=\"height:42px\" aria-hidden=\"true\" class=\"wp-block-spacer\"><\/div>\n\n\n\n<p>O Departamento de Solos e Engenharia Agr\u00edcola (DSEA) \u00e9 vinculado ao Setor de Ci\u00eancias Agr\u00e1rias (SCA) da Universidade Federal do Paran\u00e1 (UFPR). Sua origem remonta a 16 de junho de 1985, quando ocorreu a divis\u00e3o do ent\u00e3o Departamento de Agronomia nos Departamentos de Solos e de Fitotecnia. A denomina\u00e7\u00e3o Departamento de Solos permaneceu at\u00e9 12 de dezembro de 2000, data em que o departamento passou a incorporar parte do antigo Departamento de Engenharia e Tecnologia Rural, dando origem ao atual DSEA.<\/p>\n\n\n\n<p>O DSEA destaca-se no \u00e2mbito da UFPR, inicialmente pela qualifica\u00e7\u00e3o de seu corpo docente, composto por 24 professores, todos com titula\u00e7\u00e3o de doutorado. O Departamento oferta cerca de 40 disciplinas para cursos de gradua\u00e7\u00e3o, ministradas em regimes semestral e anual, atendendo principalmente aos cursos do Setor de Ci\u00eancias Agr\u00e1rias, como Agronomia, Engenharia Florestal e Zootecnia. Al\u00e9m disso, o DSEA oferta disciplinas para cursos de outros setores da UFPR, com destaque para Ci\u00eancias Biol\u00f3gicas, Engenharia Ambiental, Geografia e Geologia.<\/p>\n\n\n\n<p>Para o desenvolvimento das atividades did\u00e1ticas, o Departamento disp\u00f5e de cinco salas de aula, com capacidade total para aproximadamente 400 acad\u00eamicos, al\u00e9m de um anfiteatro climatizado com capacidade para 50 lugares. As atividades pr\u00e1ticas e experimentais s\u00e3o realizadas em 14 laborat\u00f3rios e em duas casas de vegeta\u00e7\u00e3o, garantindo suporte adequado ao ensino, \u00e0 pesquisa e \u00e0 extens\u00e3o.<\/p>\n\n\n\n<p>Nas instala\u00e7\u00f5es do DSEA encontra-se sediado o Programa de P\u00f3s-Gradua\u00e7\u00e3o em Ci\u00eancia do Solo (PPGCS), que conta com a participa\u00e7\u00e3o de docentes do Departamento, al\u00e9m de infraestrutura pr\u00f3pria, incluindo secretaria, laborat\u00f3rios e salas de aula. <\/p>\n\n\n\n<p>Nos \u00faltimos anos, o DSEA tem alcan\u00e7ado expressivo reconhecimento interno, no \u00e2mbito da UFPR, bem como externo, nos cen\u00e1rios nacional e internacional, especialmente em fun\u00e7\u00e3o dos Programas e Projetos de Extens\u00e3o desenvolvidos, com destaque para aqueles vinculados ao Programa Solo na Escola.<\/p>\n\n\n\n<div style=\"height:42px\" aria-hidden=\"true\" class=\"wp-block-spacer\"><\/div>\n\n\n\n<div class=\"wp-block-columns is-layout-flex wp-container-core-columns-is-layout-9d6595d7 wp-block-columns-is-layout-flex\">\n<div class=\"wp-block-column is-layout-flow wp-block-column-is-layout-flow\"><div class=\"wp-block-image is-style-rounded\">\n<figure class=\"aligncenter size-full has-custom-border\" style=\"margin-right:0;margin-left:0\"><img loading=\"lazy\" decoding=\"async\" width=\"1000\" height=\"1000\" src=\"https:\/\/agrarias.ufpr.br\/dsea\/wp-content\/uploads\/sites\/30\/2026\/04\/28.png\" alt=\"\" class=\"wp-image-1360\" style=\"border-radius:100px;box-shadow:var(--wp--preset--shadow--natural)\" srcset=\"https:\/\/agrarias.ufpr.br\/dsea\/wp-content\/uploads\/sites\/30\/2026\/04\/28.png 1000w, https:\/\/agrarias.ufpr.br\/dsea\/wp-content\/uploads\/sites\/30\/2026\/04\/28-300x300.png 300w, https:\/\/agrarias.ufpr.br\/dsea\/wp-content\/uploads\/sites\/30\/2026\/04\/28-150x150.png 150w, https:\/\/agrarias.ufpr.br\/dsea\/wp-content\/uploads\/sites\/30\/2026\/04\/28-768x768.png 768w, https:\/\/agrarias.ufpr.br\/dsea\/wp-content\/uploads\/sites\/30\/2026\/04\/28-98x98.png 98w, https:\/\/agrarias.ufpr.br\/dsea\/wp-content\/uploads\/sites\/30\/2026\/04\/28-57x57.png 57w\" sizes=\"auto, (max-width: 1000px) 100vw, 1000px\" \/><\/figure>\n<\/div><\/div>\n\n\n\n<div class=\"wp-block-column is-layout-flow wp-block-column-is-layout-flow\"><div class=\"wp-block-image is-style-default\">\n<figure class=\"aligncenter size-full has-custom-border\" style=\"margin-right:0;margin-left:0\"><img loading=\"lazy\" decoding=\"async\" width=\"1000\" height=\"1000\" src=\"https:\/\/agrarias.ufpr.br\/dsea\/wp-content\/uploads\/sites\/30\/2026\/04\/Copia-de-Design-sem-nome-1-1.png\" alt=\"\" class=\"wp-image-1483\" style=\"border-radius:100px;box-shadow:var(--wp--preset--shadow--natural)\" srcset=\"https:\/\/agrarias.ufpr.br\/dsea\/wp-content\/uploads\/sites\/30\/2026\/04\/Copia-de-Design-sem-nome-1-1.png 1000w, https:\/\/agrarias.ufpr.br\/dsea\/wp-content\/uploads\/sites\/30\/2026\/04\/Copia-de-Design-sem-nome-1-1-300x300.png 300w, https:\/\/agrarias.ufpr.br\/dsea\/wp-content\/uploads\/sites\/30\/2026\/04\/Copia-de-Design-sem-nome-1-1-150x150.png 150w, https:\/\/agrarias.ufpr.br\/dsea\/wp-content\/uploads\/sites\/30\/2026\/04\/Copia-de-Design-sem-nome-1-1-768x768.png 768w, https:\/\/agrarias.ufpr.br\/dsea\/wp-content\/uploads\/sites\/30\/2026\/04\/Copia-de-Design-sem-nome-1-1-98x98.png 98w, https:\/\/agrarias.ufpr.br\/dsea\/wp-content\/uploads\/sites\/30\/2026\/04\/Copia-de-Design-sem-nome-1-1-57x57.png 57w\" sizes=\"auto, (max-width: 1000px) 100vw, 1000px\" \/><\/figure>\n<\/div><\/div>\n\n\n\n<div class=\"wp-block-column is-layout-flow wp-block-column-is-layout-flow\"><div class=\"wp-block-image is-style-default\">\n<figure class=\"aligncenter size-full has-custom-border\" style=\"margin-right:0;margin-left:0\"><img loading=\"lazy\" decoding=\"async\" width=\"1000\" height=\"1000\" src=\"https:\/\/agrarias.ufpr.br\/dsea\/wp-content\/uploads\/sites\/30\/2026\/04\/27.png\" alt=\"\" class=\"wp-image-1362\" style=\"border-radius:100px;box-shadow:var(--wp--preset--shadow--natural)\" srcset=\"https:\/\/agrarias.ufpr.br\/dsea\/wp-content\/uploads\/sites\/30\/2026\/04\/27.png 1000w, https:\/\/agrarias.ufpr.br\/dsea\/wp-content\/uploads\/sites\/30\/2026\/04\/27-300x300.png 300w, https:\/\/agrarias.ufpr.br\/dsea\/wp-content\/uploads\/sites\/30\/2026\/04\/27-150x150.png 150w, https:\/\/agrarias.ufpr.br\/dsea\/wp-content\/uploads\/sites\/30\/2026\/04\/27-768x768.png 768w, https:\/\/agrarias.ufpr.br\/dsea\/wp-content\/uploads\/sites\/30\/2026\/04\/27-98x98.png 98w, https:\/\/agrarias.ufpr.br\/dsea\/wp-content\/uploads\/sites\/30\/2026\/04\/27-57x57.png 57w\" sizes=\"auto, (max-width: 1000px) 100vw, 1000px\" \/><\/figure>\n<\/div><\/div>\n<\/div>\n\n\n\n<p><\/p>\n","protected":false},"excerpt":{"rendered":"<p>O Departamento de Solos e Engenharia Agr\u00edcola (DSEA) \u00e9 vinculado ao Setor de Ci\u00eancias Agr\u00e1rias (SCA) da Universidade Federal do Paran\u00e1 (UFPR). Sua origem remonta a 16 de junho de 1985, quando ocorreu a divis\u00e3o do ent\u00e3o Departamento de Agronomia nos Departamentos de Solos e de Fitotecnia. A denomina\u00e7\u00e3o Departamento de Solos permaneceu at\u00e9 12 [&hellip;]<\/p>\n","protected":false},"author":3,"featured_media":0,"parent":0,"menu_order":0,"comment_status":"closed","ping_status":"closed","template":"","meta":{"footnotes":""},"class_list":["post-480","page","type-page","status-publish","hentry"],"_links":{"self":[{"href":"https:\/\/agrarias.ufpr.br\/dsea\/wp-json\/wp\/v2\/pages\/480","targetHints":{"allow":["GET"]}}],"collection":[{"href":"https:\/\/agrarias.ufpr.br\/dsea\/wp-json\/wp\/v2\/pages"}],"about":[{"href":"https:\/\/agrarias.ufpr.br\/dsea\/wp-json\/wp\/v2\/types\/page"}],"author":[{"embeddable":true,"href":"https:\/\/agrarias.ufpr.br\/dsea\/wp-json\/wp\/v2\/users\/3"}],"replies":[{"embeddable":true,"href":"https:\/\/agrarias.ufpr.br\/dsea\/wp-json\/wp\/v2\/comments?post=480"}],"version-history":[{"count":22,"href":"https:\/\/agrarias.ufpr.br\/dsea\/wp-json\/wp\/v2\/pages\/480\/revisions"}],"predecessor-version":[{"id":1484,"href":"https:\/\/agrarias.ufpr.br\/dsea\/wp-json\/wp\/v2\/pages\/480\/revisions\/1484"}],"wp:attachment":[{"href":"https:\/\/agrarias.ufpr.br\/dsea\/wp-json\/wp\/v2\/media?parent=480"}],"curies":[{"name":"wp","href":"https:\/\/api.w.org\/{rel}","templated":true}]}}