{"id":477,"date":"2016-10-11T15:02:22","date_gmt":"2016-10-11T15:02:22","guid":{"rendered":"https:\/\/agrarias.ufpr.br\/solos\/?page_id=477"},"modified":"2026-04-23T19:01:52","modified_gmt":"2026-04-23T19:01:52","slug":"administracao","status":"publish","type":"page","link":"https:\/\/agrarias.ufpr.br\/dsea\/administracao\/","title":{"rendered":"Administra\u00e7\u00e3o"},"content":{"rendered":"\n<div style=\"height:20px\" aria-hidden=\"true\" class=\"wp-block-spacer\"><\/div>\n\n\n\n<h2 class=\"wp-block-heading\"><span style=\"font-family: Arial\"><strong><mark style=\"background-color:#ffffff\" class=\"has-inline-color has-luminous-vivid-orange-color\">Chefia do DSEA<\/mark><\/strong><\/span><\/h2>\n\n\n\n<div style=\"height:27px\" aria-hidden=\"true\" class=\"wp-block-spacer\"><\/div>\n\n\n\n<ul class=\"wp-block-list\">\n<li><span style=\"font-family: Arial\">Prof. Samir Paulo Jasper<\/span> <span style=\"font-family: Arial\">(Chefe<span style=\"font-family: Arial\">)<\/span><\/span><\/li>\n\n\n\n<li><span style=\"font-family: Arial\">Profa. Eloana Janice Bonfleur<\/span> <span style=\"font-family: Arial\">(Suplente)<\/span><\/li>\n\n\n\n<li><span style=\"font-family: Arial\">Marla Cristina Becker Motta<\/span> <span style=\"font-family: Arial\">(Secret\u00e1ria)<\/span><\/li>\n<\/ul>\n\n\n\n<h2 class=\"wp-block-heading\"><span style=\"font-family: Arial\"><strong><span style=\"font-family: Arial\"><strong><mark style=\"background-color:#ffffff\" class=\"has-inline-color has-luminous-vivid-orange-color\">Comiss\u00f5es Internas do DSEA<\/mark><\/strong><\/span><\/strong><\/span><\/h2>\n\n\n\n<div style=\"height:27px\" aria-hidden=\"true\" class=\"wp-block-spacer\"><\/div>\n\n\n\n<p><span style=\"font-family: Arial\"><strong>Comiss\u00e3o de Ensino<\/strong><\/span><\/p>\n\n\n\n<ul class=\"wp-block-list\">\n<li><span style=\"font-family: Arial\">Prof. Marcelo Ricardo de Lima (Presidente)<\/span><\/li>\n\n\n\n<li><span style=\"font-family: Arial\">Prof. Daniel Hanke (Membro) <\/span><\/li>\n\n\n\n<li><span style=\"font-family: Arial\">Prof. Jefferson Dieckow<\/span> <span style=\"font-family: Arial\">(Membro) <\/span><\/li>\n\n\n\n<li><span style=\"font-family: Arial\"><span style=\"font-family: Arial\">Profa. Shirley Grazieli da Silva Nascimento (Membro)<\/span><\/span><\/li>\n<\/ul>\n\n\n\n<p><span style=\"font-family: Arial\"><strong>Comiss\u00e3o de Pesquisa<\/strong><\/span><\/p>\n\n\n\n<ul class=\"wp-block-list\">\n<li><span style=\"font-family: Arial\">Prof. <span style=\"font-family: Arial\">Felipe Bonini da Luz<\/span><\/span> <span style=\"font-family: Arial\">(Presidente)<\/span><\/li>\n\n\n\n<li><span style=\"font-family: Arial\">Prof. <span style=\"font-family: Arial\">Jorge Luiz Moretti de Souza<\/span> (Membro)<\/span><\/li>\n\n\n\n<li><span style=\"font-family: arial, helvetica, sans-serif\">Profa. Karina Maria Vieira Cavalieri Polizeli (Membro)<\/span><\/li>\n\n\n\n<li><span style=\"font-family: Arial\">Prof. Renato Marques (Membro)<\/span><\/li>\n<\/ul>\n\n\n\n<p><span style=\"font-family: Arial\"><strong>Comiss\u00e3o de Extens\u00e3o<\/strong><\/span><\/p>\n\n\n\n<ul class=\"wp-block-list\">\n<li><span style=\"font-family: Arial\">Prof. Jorge Luiz Moretti de Souza (Presidente)<\/span><\/li>\n\n\n\n<li><span style=\"font-family: Arial\">Prof.&nbsp;\u00c2ngelo Evaristo Sirtoli (Membro)<\/span><\/li>\n\n\n\n<li><span style=\"font-family: Arial\">Profa. Camila Bertoletti Carpenedo (Membro)<\/span><\/li>\n\n\n\n<li><span style=\"font-family: Arial\">Profa. Shirley Grazieli da Silva Nascimento (Membro)<\/span><\/li>\n<\/ul>\n\n\n\n<p><span style=\"font-family: Arial\"><strong>Comiss\u00e3o de Planejamento, Finan\u00e7as e&nbsp; Recursos Humanos<\/strong><\/span><\/p>\n\n\n\n<ul class=\"wp-block-list\">\n<li><span style=\"font-family: Arial\">Profa.&nbsp;Eloana Janice Bonfleur (Presidente) &nbsp;&nbsp;<\/span><\/li>\n\n\n\n<li><span style=\"font-family: Arial\">Prof. Antonio Carlos Vargas Motta (Membro)<\/span><\/li>\n\n\n\n<li><span style=\"font-family: Arial\">Prof. Francisco Jos\u00e9 Pereira de Campos Carvalho (Membro)<\/span><\/li>\n\n\n\n<li><span style=\"font-family: Arial\">Prof. <span style=\"font-family: Arial\">Marcelo Ricardo de Lima (Membro)<\/span><\/span><\/li>\n\n\n\n<li><span style=\"font-family: Arial\">Prof. Samir Paulo Jasper (Membro)<\/span><\/li>\n<\/ul>\n\n\n\n<p><span style=\"font-family: arial, helvetica, sans-serif\"><strong>Comiss\u00e3o para Distribui\u00e7\u00e3o das Vagas de Docentes<\/strong><\/span><\/p>\n\n\n\n<ul class=\"wp-block-list\">\n<li><span style=\"font-family: Arial\">Prof. Samir Paulo Jasper (Presidente)<\/span><\/li>\n\n\n\n<li><span style=\"font-family: Arial\">Profa.&nbsp;Eloana Janice Bonfluer&nbsp;(Membro)<\/span><\/li>\n\n\n\n<li><span style=\"font-family: Arial\">Profa. Glaciela Kaschuk (Membro)<\/span><\/li>\n\n\n\n<li><span style=\"font-family: Arial\">Prof. Jairo Calderari de Oliveira Junior (Membro)<\/span><\/li>\n\n\n\n<li><span style=\"font-family: arial, helvetica, sans-serif\">Profa. Karina Maria Vieira Cavalieri Polizeli (Membro)<\/span><\/li>\n\n\n\n<li><span style=\"font-family: Arial\">Prof. Marcelo Ricardo de Lima (Membro)<\/span><\/li>\n<\/ul>\n\n\n\n<p><span style=\"font-family: arial, helvetica, sans-serif\"><strong>Comiss\u00e3o de Monitoria<\/strong><\/span><\/p>\n\n\n\n<ul class=\"wp-block-list\">\n<li><span style=\"font-family: Arial\"><span style=\"font-family: Arial\">Prof. Daniel Hanke<\/span> (Presidente)<\/span><\/li>\n\n\n\n<li><span style=\"font-family: Arial\"><span style=\"font-family: Arial\">Prof. <span style=\"font-family: Arial\">Felipe Bonini da Luz<\/span><\/span> (Membro)<\/span><\/li>\n\n\n\n<li><span style=\"font-family: Arial\"><span style=\"font-family: Arial\"><span style=\"color: #000000\"><span style=\"color: #000000\">Profa. Helayne Aparecida Maieves<\/span><\/span><\/span><\/span> <span style=\"font-family: Arial\">(Membro)<\/span><\/li>\n\n\n\n<li><span style=\"font-family: Arial\">Profa. Nerilde Favaretto (Membro)<\/span><\/li>\n<\/ul>\n\n\n\n<p><span style=\"font-family: arial, helvetica, sans-serif\"><strong>Comiss\u00e3o de Comunica\u00e7\u00e3o<\/strong><\/span><\/p>\n\n\n\n<ul class=\"wp-block-list\">\n<li><span style=\"font-family: Arial\"><span style=\"font-family: Arial\">Prof. Daniel Hanke<\/span> (Presidente)<\/span><\/li>\n\n\n\n<li><span style=\"font-family: Arial\">Profa. Camila Bertoletti Carpenedo (Membro)<\/span><\/li>\n\n\n\n<li><span style=\"font-family: Arial\"><span style=\"font-family: Arial\">Prof. <span style=\"font-family: Arial\">Felipe Bonini da Luz<\/span><\/span> (Membro)<\/span><\/li>\n\n\n\n<li><span style=\"font-family: Arial\">Profa. Shirley Grazieli da Silva Nascimento (Membro)<\/span><\/li>\n<\/ul>\n\n\n\n<h2 class=\"wp-block-heading\"><span style=\"font-family: Arial\"><span style=\"font-family: Arial\"><span style=\"font-family: Arial\"><strong><mark style=\"background-color:#ffffff\" class=\"has-inline-color has-luminous-vivid-orange-color\">Representantes do DSEA em \u00d3rg\u00e3os Colegiados<\/mark><\/strong><\/span><\/span><\/span><\/h2>\n\n\n\n<div style=\"height:27px\" aria-hidden=\"true\" class=\"wp-block-spacer\"><\/div>\n\n\n\n<p><span style=\"font-family: Arial\"><strong>Curso de Agronomia<\/strong><\/span><\/p>\n\n\n\n<ul class=\"wp-block-list\">\n<li><span style=\"font-family: Arial\">Prof. Andr\u00e9 Carlos Auler<\/span> <span style=\"font-family: Arial\">(Titular)<\/span><\/li>\n\n\n\n<li><span style=\"font-family: Arial\">Prof. Felipe Bonini da Luz<\/span> <span style=\"font-family: Arial\">(Titular)<\/span><\/li>\n\n\n\n<li><span style=\"font-family: Arial\">Profa. Helayne Aparecida Maieves (Titular)<\/span><\/li>\n\n\n\n<li><span style=\"font-family: Arial\">Prof. Jorge Luiz Moretti de Souza (Titular)<\/span><\/li>\n\n\n\n<li><span style=\"font-family: Arial\">Prof. Luiz Antonio Corr\u00eaa Lucchesi (Titular)<\/span><\/li>\n\n\n\n<li><span style=\"font-family: Arial\">Prof. \u00c2ngelo Evaristo Sirtoli&nbsp;(Suplente)<\/span><\/li>\n\n\n\n<li><span style=\"font-family: Arial\"><span style=\"font-family: Arial\">Prof. Daniel Hanke<\/span><\/span> <span style=\"font-family: Arial\">(Suplente)<\/span><\/li>\n\n\n\n<li><span style=\"font-family: arial, helvetica, sans-serif\">Profa. M\u00e1rcia Marzag\u00e3o Ribeiro (Suplente)<\/span><\/li>\n\n\n\n<li><span style=\"font-family: Arial\">Profa. <span style=\"font-family: Arial\">Nerilde Favaretto<\/span> (Suplente)<\/span><\/li>\n<\/ul>\n\n\n\n<p><span style=\"font-family: Arial\"><strong>C<span style=\"font-family: Arial\">urso de <\/span>Engenharia Ambiental<\/strong><\/span><\/p>\n\n\n\n<ul class=\"wp-block-list\">\n<li><span style=\"font-family: Arial\"><span style=\"font-family: Arial\">Prof. Marco Aur\u00e9lio de Mello Machado (Titular)<\/span><\/span><\/li>\n\n\n\n<li><span style=\"font-family: arial, helvetica, sans-serif\"><span style=\"font-family: Arial\">Profa. Camila Bertoletti Carpenedo (Suplente)<\/span><\/span><\/li>\n<\/ul>\n\n\n\n<p><span style=\"font-family: Arial\"><strong>C<span style=\"font-family: Arial\">urso de <\/span>Engenharia Florestal<\/strong><\/span><\/p>\n\n\n\n<ul class=\"wp-block-list\">\n<li><span style=\"font-family: Arial\">Prof. <span style=\"font-family: Arial\"><span style=\"font-family: Arial\">Daniel Hanke<\/span><\/span> (Titular)<\/span><\/li>\n\n\n\n<li><span style=\"font-family: Arial\">Prof.&nbsp;Renato Marques (Suplente)<\/span><\/li>\n\n\n\n<li><span style=\"font-family: arial, helvetica, sans-serif\">Profa. Marcia Marzag\u00e3o Ribeiro (Suplente)<\/span><\/li>\n<\/ul>\n\n\n\n<p><span style=\"font-family: Arial\"><strong>C<span style=\"font-family: Arial\">urso de <\/span>Zootecnia<\/strong><\/span><\/p>\n\n\n\n<ul class=\"wp-block-list\">\n<li><span style=\"font-family: Arial\">Prof. <span style=\"font-family: Arial\"><span style=\"font-family: Arial\">Daniel Hanke<\/span><\/span> (Titular)<\/span><\/li>\n\n\n\n<li><span style=\"font-family: Arial\">Prof. Marco Aur\u00e9lio de Mello Machado (Titular)<\/span><\/li>\n\n\n\n<li><span style=\"font-family: Arial\">Prof. Luiz Antonio Corr\u00eaa Lucchesi<span style=\"font-family: Arial\"> (Suplente)<\/span><\/span><\/li>\n\n\n\n<li><span style=\"font-family: Arial\">Prof. Samir Paulo Jasper (Suplente)<\/span><\/li>\n<\/ul>\n\n\n\n<h2 class=\"wp-block-heading\"><span style=\"font-family: Arial\"><span style=\"font-family: Arial\"><span style=\"font-family: Arial\"><mark style=\"background-color:#ffffff\" class=\"has-inline-color has-luminous-vivid-orange-color\"><strong>Representantes do DSEA em<\/strong><\/mark><\/span><mark style=\"background-color:#ffffff\" class=\"has-inline-color has-luminous-vivid-orange-color\"><span style=\"font-family: Arial\"><strong><span style=\"font-family: Arial\">Comit\u00eas do Setor de Ci\u00eancias Agr\u00e1rias<\/span><\/strong><\/span><\/mark><\/span><\/span><\/h2>\n\n\n\n<div style=\"height:27px\" aria-hidden=\"true\" class=\"wp-block-spacer\"><\/div>\n\n\n\n<p><span style=\"font-family: arial, helvetica, sans-serif\"><strong>Comit\u00ea Setorial de&nbsp;Pesquisa<\/strong><\/span><\/p>\n\n\n\n<ul class=\"wp-block-list\">\n<li><span style=\"font-family: Arial\"><span style=\"font-family: Arial\"><span style=\"font-family: Arial\">Prof. <span style=\"font-family: Arial\">Felipe Bonini da Luz<\/span><\/span><\/span> (Titular)<\/span><\/li>\n\n\n\n<li><span style=\"font-family: Arial\"><span style=\"font-family: Arial\">Prof. Jefferson Dieckow<\/span> (Suplente)<\/span><\/li>\n<\/ul>\n\n\n\n<p><span style=\"font-family: Arial\"><strong>Comit\u00ea Setorial de Extens\u00e3o<\/strong><\/span><\/p>\n\n\n\n<ul class=\"wp-block-list\">\n<li><span style=\"font-family: Arial\">Prof. \u00c2ngelo Evaristo Sirtoli (Titular)<\/span><\/li>\n\n\n\n<li><span style=\"font-family: Arial\">Prof. Marcelo Ricardo de Lima (Suplente)<\/span><\/li>\n<\/ul>\n\n\n\n<p><strong>Comit\u00ea Setorial do Monitoria<\/strong><\/p>\n\n\n\n<ul class=\"wp-block-list\">\n<li><span style=\"font-family: Arial\"><span style=\"font-family: Arial\"><span style=\"font-family: Arial\"><span style=\"font-family: Arial\">Prof. Daniel Hanke<\/span><\/span> (Titular)<\/span><\/span><\/li>\n\n\n\n<li><span style=\"font-family: arial, helvetica, sans-serif\">Prof. Samir Paulo Jasper (Suplente)<\/span><\/li>\n<\/ul>\n\n\n\n<p><strong>Comit\u00ea Setorial do Meio Ambiente<\/strong><\/p>\n\n\n\n<ul class=\"wp-block-list\">\n<li><span style=\"font-family: Arial\">Profa. <span style=\"font-family: Arial\"><span style=\"font-family: Arial\"><span style=\"font-family: Arial\"><span style=\"font-family: Arial\"><span style=\"font-family: Arial\">\u00c2ngelo Evaristo Sirtoli<\/span><\/span><\/span><\/span><\/span> (Titular)<\/span><\/li>\n\n\n\n<li><span style=\"font-family: Arial\"><span style=\"font-family: Arial\">Profa. <span style=\"font-family: Arial\"><span style=\"font-family: Arial\"><span style=\"font-family: Arial\"><span style=\"font-family: Arial\"><span style=\"font-family: Arial\">Marco Aur\u00e9lio de Mello Machado<\/span><\/span><\/span><\/span><\/span> (Suplente)<\/span><\/span><\/li>\n<\/ul>\n\n\n\n<h2 class=\"wp-block-heading\"><span style=\"font-family: Arial\"><strong><span style=\"font-family: Arial\"><strong><span style=\"font-family: Arial\"><span style=\"font-family: Arial\"><mark style=\"background-color:#ffffff\" class=\"has-inline-color has-luminous-vivid-orange-color\">Coordenadores de N\u00facleos e Laborat\u00f3rios do DSEA<\/mark><\/span><\/span><\/strong><\/span><\/strong><\/span><\/h2>\n\n\n\n<div style=\"height:27px\" aria-hidden=\"true\" class=\"wp-block-spacer\"><\/div>\n\n\n\n<p><strong>N\u00facleo de Estudos sobre Variabilidade e Mudan\u00e7as Clim\u00e1ticas (NUVEM)<\/strong><\/p>\n\n\n\n<ul class=\"wp-block-list\">\n<li><span style=\"font-family: Arial\"><span style=\"color: #000000\">Profa. Camila Bertoletti Carpenedo<\/span><\/span><\/li>\n<\/ul>\n\n\n\n<p><strong>Laborat\u00f3rio de&nbsp;Adequa\u00e7\u00e3o de Tratores Agr\u00edcola (LATA)<\/strong><\/p>\n\n\n\n<ul class=\"wp-block-list\">\n<li><span style=\"font-family: Arial\"><span style=\"color: #000000\">Prof. Samir Paulo Jasper<\/span><\/span><\/li>\n<\/ul>\n\n\n\n<p><strong>Laborat\u00f3rio de Biogeoqu\u00edmica (LAB)<\/strong><\/p>\n\n\n\n<ul class=\"wp-block-list\">\n<li><span style=\"font-family: Arial\"><span style=\"color: #000000\">Prof. Renato Marques<\/span><\/span><\/li>\n<\/ul>\n\n\n\n<p><strong>Laborat\u00f3rio de Biologia do Solo<\/strong><\/p>\n\n\n\n<ul class=\"wp-block-list\">\n<li><span style=\"font-family: Arial\"><span style=\"color: #000000\"><span style=\"color: #000000\">Profa. Glaciela Kaschuk<\/span><\/span><\/span><\/li>\n<\/ul>\n\n\n\n<p><strong>Laborat\u00f3rio de Energia na Agricultura<\/strong><\/p>\n\n\n\n<ul class=\"wp-block-list\">\n<li><span style=\"font-family: Arial\"><span style=\"color: #000000\"><span style=\"color: #000000\">Prof. Jorge Luiz Moretti de Souza<\/span><\/span><\/span><\/li>\n<\/ul>\n\n\n\n<p><strong>Laborat\u00f3rio de Exposi\u00e7\u00e3o Did\u00e1tica de Solos<\/strong><\/p>\n\n\n\n<ul class=\"wp-block-list\">\n<li><span style=\"font-family: Arial\"><span style=\"color: #000000\"><span style=\"color: #000000\">Prof. <span style=\"font-family: Arial\">Marcelo Ricardo de Lima<\/span><\/span><\/span><\/span><\/li>\n<\/ul>\n\n\n\n<p><strong>Laborat\u00f3rio de&nbsp;Fertilidade do Solo<\/strong><\/p>\n\n\n\n<ul class=\"wp-block-list\">\n<li><span style=\"font-family: Arial\"><span style=\"color: #000000\"><span style=\"color: #000000\">Prof.&nbsp;Ant\u00f4nio Carlos Vargas Motta<\/span><\/span><\/span><\/li>\n<\/ul>\n\n\n\n<p><strong>Laborat\u00f3rio de F\u00edsica do Solo (LabFS)<\/strong><\/p>\n\n\n\n<ul class=\"wp-block-list\">\n<li><span style=\"font-family: Arial\"><span style=\"color: #000000\"><span style=\"color: #000000\">Profa. Karina Maria Vieira Cavalieri Polizeli<\/span><\/span><\/span><\/li>\n<\/ul>\n\n\n\n<p><strong>Laborat\u00f3rio de Geoprocessamento<\/strong><\/p>\n\n\n\n<ul class=\"wp-block-list\">\n<li><span style=\"font-family: Arial\"><span style=\"color: #000000\"><span style=\"color: #000000\">Prof. \u00c2ngelo Evaristo Sirtoli<\/span><\/span><\/span><\/li>\n<\/ul>\n\n\n\n<p><strong>Laborat\u00f3rio de Hidr\u00e1ulica para Irriga\u00e7\u00e3o<\/strong><\/p>\n\n\n\n<ul class=\"wp-block-list\">\n<li><span style=\"font-family: Arial\"><span style=\"color: #000000\"><span style=\"color: #000000\">Prof. Andr\u00e9 Carlos Auler<\/span><\/span><\/span><\/li>\n<\/ul>\n\n\n\n<p><strong>Laborat\u00f3rio de Modelagem de Sistemas Agr\u00edcolas (LAMOSA)<\/strong><\/p>\n\n\n\n<ul class=\"wp-block-list\">\n<li><span style=\"font-family: Arial\"><span style=\"color: #000000\"><span style=\"color: #000000\">Prof. Jorge Luiz Moretti de Souza<\/span><\/span><\/span><\/li>\n<\/ul>\n\n\n\n<p><strong>Laborat\u00f3rio de Nutri\u00e7\u00e3o Mineral de Plantas Prof. Dr. Ernst Hildebrand<\/strong><\/p>\n\n\n\n<ul class=\"wp-block-list\">\n<li><span style=\"font-family: Arial\"><span style=\"color: #000000\"><span style=\"color: #000000\">Prof. Daniel Hanke<\/span><\/span><\/span><\/li>\n<\/ul>\n\n\n\n<p><strong>Laborat\u00f3rio de Qu\u00edmica e&nbsp;Mineralogia do Solo<\/strong><\/p>\n\n\n\n<ul class=\"wp-block-list\">\n<li><span style=\"font-family: Arial\"><span style=\"color: #000000\"><span style=\"color: #000000\">Profa. Eloana Janice Bonfleur<\/span><\/span><\/span><\/li>\n<\/ul>\n\n\n\n<p><strong>Laborat\u00f3rio de Tecnologia de Alimentos<\/strong><\/p>\n\n\n\n<ul class=\"wp-block-list\">\n<li><span style=\"font-family: Arial\"><span style=\"color: #000000\"><span style=\"color: #000000\">Profa. Helayne Aparecida Maieves<\/span><\/span><\/span><\/li>\n<\/ul>\n\n\n\n<p><strong>Laborat\u00f3rio Did\u00e1tico de Solos Prof. Dr. Arthur Santos Filho<\/strong><\/p>\n\n\n\n<ul class=\"wp-block-list\">\n<li><span style=\"font-family: Arial\"><span style=\"font-family: Arial\"><span style=\"color: #000000\"><span style=\"color: #000000\">Prof. Daniel Hanke<\/span><\/span><\/span><\/span><\/li>\n<\/ul>\n\n\n\n<h2 class=\"wp-block-heading\"><span style=\"font-family: Arial\"><strong><span style=\"font-family: Arial\"><strong><span style=\"font-family: Arial\"><span style=\"font-family: Arial\"><strong><span style=\"font-family: Arial\"><mark style=\"background-color:#ffffff\" class=\"has-inline-color has-luminous-vivid-orange-color\">Outras Representa\u00e7\u00f5es do DSEA<\/mark><\/span><\/strong><\/span><\/span><\/strong><\/span><\/strong><\/span><\/h2>\n\n\n\n<div style=\"height:27px\" aria-hidden=\"true\" class=\"wp-block-spacer\"><\/div>\n\n\n\n<p><strong>N\u00facleo Estadual Paran\u00e1 da Sociedade Brasileira de Ci\u00eancia do Solo<\/strong><\/p>\n\n\n\n<ul class=\"wp-block-list\">\n<li><span style=\"font-family: Arial\"><span style=\"color: #000000\">Profa. Nerilde Favaretto (Segunda Vice-Diretora)<\/span><\/span><\/li>\n\n\n\n<li><span style=\"font-family: Arial\"><span style=\"color: #000000\"><span style=\"color: #000000\">Prof. Andr\u00e9 Carlos Auler (Secret\u00e1rio)<\/span><\/span><\/span><\/li>\n\n\n\n<li><span style=\"font-family: Arial\"><span style=\"color: #000000\"><span style=\"color: #000000\">Profa. Karina Maria Vieira Cavalieri Polizeli (Conselho Fiscal &#8211; Suplente)<\/span><\/span><\/span><\/li>\n\n\n\n<li><span style=\"font-family: Arial\"><span style=\"color: #000000\"><span style=\"color: #000000\">Prof. <span style=\"font-family: Arial\">Marcelo Ricardo de Lima (Conselho Editorial &#8211; Membro)<\/span><\/span><\/span><\/span> <\/li>\n<\/ul>\n\n\n\n<p><\/p>\n","protected":false},"excerpt":{"rendered":"<p>Chefia do DSEA Comiss\u00f5es Internas do DSEA Comiss\u00e3o de Ensino Comiss\u00e3o de Pesquisa Comiss\u00e3o de Extens\u00e3o Comiss\u00e3o de Planejamento, Finan\u00e7as e&nbsp; Recursos Humanos Comiss\u00e3o para Distribui\u00e7\u00e3o das Vagas de Docentes Comiss\u00e3o de Monitoria Comiss\u00e3o de Comunica\u00e7\u00e3o Representantes do DSEA em \u00d3rg\u00e3os Colegiados Curso de Agronomia Curso de Engenharia Ambiental Curso de Engenharia Florestal Curso de [&hellip;]<\/p>\n","protected":false},"author":3,"featured_media":0,"parent":0,"menu_order":0,"comment_status":"closed","ping_status":"closed","template":"","meta":{"footnotes":""},"class_list":["post-477","page","type-page","status-publish","hentry"],"_links":{"self":[{"href":"https:\/\/agrarias.ufpr.br\/dsea\/wp-json\/wp\/v2\/pages\/477","targetHints":{"allow":["GET"]}}],"collection":[{"href":"https:\/\/agrarias.ufpr.br\/dsea\/wp-json\/wp\/v2\/pages"}],"about":[{"href":"https:\/\/agrarias.ufpr.br\/dsea\/wp-json\/wp\/v2\/types\/page"}],"author":[{"embeddable":true,"href":"https:\/\/agrarias.ufpr.br\/dsea\/wp-json\/wp\/v2\/users\/3"}],"replies":[{"embeddable":true,"href":"https:\/\/agrarias.ufpr.br\/dsea\/wp-json\/wp\/v2\/comments?post=477"}],"version-history":[{"count":49,"href":"https:\/\/agrarias.ufpr.br\/dsea\/wp-json\/wp\/v2\/pages\/477\/revisions"}],"predecessor-version":[{"id":1499,"href":"https:\/\/agrarias.ufpr.br\/dsea\/wp-json\/wp\/v2\/pages\/477\/revisions\/1499"}],"wp:attachment":[{"href":"https:\/\/agrarias.ufpr.br\/dsea\/wp-json\/wp\/v2\/media?parent=477"}],"curies":[{"name":"wp","href":"https:\/\/api.w.org\/{rel}","templated":true}]}}