{"id":1169,"date":"2026-03-18T17:18:25","date_gmt":"2026-03-18T17:18:25","guid":{"rendered":"https:\/\/agrarias.ufpr.br\/dsea\/?page_id=1169"},"modified":"2026-03-18T17:18:25","modified_gmt":"2026-03-18T17:18:25","slug":"concursos-e-testes-seletivos","status":"publish","type":"page","link":"https:\/\/agrarias.ufpr.br\/dsea\/concursos-e-testes-seletivos\/","title":{"rendered":"concursos-e-testes-seletivos"},"content":{"rendered":"\n<p><strong>Teste Seletivo para Professor Substituto \u2013 Departamento de Solos e Engenharia Agr\u00edcola<\/strong><\/p>\n\n\n\n<p>\u00c1rea de Conhecimento: Ci\u00eancia do Solo<\/p>\n\n\n\n<p>Mat\u00e9ria Espec\u00edfica: Nutri\u00e7\u00e3o Mineral de Plantas<\/p>\n\n\n\n<p><strong>Per\u00edodo das Inscri\u00e7\u00f5es: 30\/09\/2024 at\u00e9 11\/10\/2024<\/strong><\/p>\n\n\n\n<p>Regime de Trabalho \u2013 40 (quarenta) horas semanais<\/p>\n\n\n\n<p>27\/09\/2024 \u2013&nbsp;<a href=\"https:\/\/agrarias.ufpr.br\/wp-content\/uploads\/2024\/09\/SEI_7091550_Edital_321-3.pdf\">Edital n\u00ba 321\/2024-PROGEPE<\/a><\/p>\n\n\n\n<p>27\/09\/2024 \u2013&nbsp;<a href=\"https:\/\/agrarias.ufpr.br\/wp-content\/uploads\/2024\/09\/SEI_7099885_Informacao_23.pdf\">Lista de Pontos da Prova Did\u00e1tica<\/a><\/p>\n\n\n\n<p>14\/10\/2024 \u2013&nbsp;<a href=\"https:\/\/agrarias.ufpr.br\/wp-content\/uploads\/2024\/10\/PORTARIA-No01_SOLOS_NUTRICAO_DE_PLANTAS.pdf\">Portaria N\u00ba 01- DSEA \u2013 Comiss\u00e3o Avaliadora das Inscri\u00e7\u00f5es<\/a><\/p>\n\n\n\n<p>14\/10\/2024 \u2013&nbsp;<a href=\"https:\/\/agrarias.ufpr.br\/wp-content\/uploads\/2024\/10\/EDITAL_No01_2024_DSEA_HOMOLOGACAO_DAS_INSCRICOES_NUTRICAO_DE_PLANTAS.pdf\">Edital N\u00ba 01 \u2013 DSEA \u2013 Homologa\u00e7\u00e3o das Inscri\u00e7\u00f5es<\/a><\/p>\n\n\n\n<p>18\/10\/2024 \u2013&nbsp;<a href=\"https:\/\/agrarias.ufpr.br\/wp-content\/uploads\/2024\/10\/SEI_7179470_Edital_17_2024_AG-1.pdf\">Edital n\u00ba 17\/2024 \u2013 Resposta ao pedido de recurso (Conselho Setorial)<\/a><\/p>\n\n\n\n<p>22\/10\/2024 \u2013&nbsp;<a href=\"https:\/\/agrarias.ufpr.br\/wp-content\/uploads\/2024\/10\/SEI_7187338_Portaria_02.pdf\">Portaria N\u00ba02 \u2013 DSEA \u2013 Designa\u00e7\u00e3o da Comiss\u00e3o Julgadora<\/a><\/p>\n\n\n\n<p>24\/10\/2024 \u2013&nbsp;<a href=\"https:\/\/agrarias.ufpr.br\/wp-content\/uploads\/2024\/10\/SEI_7198447_Edital_02_2024-1.pdf\">Edital N\u00ba 02\/2024-DSEA \u2013 Cronograma dos Trabalhos<\/a><\/p>\n\n\n\n<p>25\/10\/2024 \u2013&nbsp;<a href=\"https:\/\/agrarias.ufpr.br\/wp-content\/uploads\/2024\/10\/SEI_7206374_Edital_03_2024.pdf\">Edital n\u00ba 03\/2024 \u2013 Resultado prova an\u00e1lise curr\u00edculo&nbsp;<\/a><\/p>\n\n\n\n<p>01\/11\/2024 \u2013&nbsp;<a href=\"https:\/\/agrarias.ufpr.br\/wp-content\/uploads\/2024\/11\/EDITAL-No-04.2024-DSEA.AG_.UFPR-RESULTADO-PROVA-DIDATICA_nutricao-de-plantas.pdf\">Edital N\u00ba 04\/2024 \u2013 DSEA \u2013 Resultado Prova did\u00e1tica&nbsp;<\/a><\/p>\n\n\n\n<p>01\/11\/2024 \u2013&nbsp;<a href=\"https:\/\/agrarias.ufpr.br\/wp-content\/uploads\/2024\/11\/EDITAL-No-05.2024-DSEA.AG_.UFPR-RESULTADO-FINAL-DO-PROCESSO_nutricao-de-plantas.pdf\">Edital N\u00ba 05\/2024 \u2013 DSEA \u2013 Resultado Final do Processo Seletivo<\/a><\/p>\n","protected":false},"excerpt":{"rendered":"<p>Teste Seletivo para Professor Substituto \u2013 Departamento de Solos e Engenharia Agr\u00edcola \u00c1rea de Conhecimento: Ci\u00eancia do Solo Mat\u00e9ria Espec\u00edfica: Nutri\u00e7\u00e3o Mineral de Plantas Per\u00edodo das Inscri\u00e7\u00f5es: 30\/09\/2024 at\u00e9 11\/10\/2024 Regime de Trabalho \u2013 40 (quarenta) horas semanais 27\/09\/2024 \u2013&nbsp;Edital n\u00ba 321\/2024-PROGEPE 27\/09\/2024 \u2013&nbsp;Lista de Pontos da Prova Did\u00e1tica 14\/10\/2024 \u2013&nbsp;Portaria N\u00ba 01- DSEA \u2013 [&hellip;]<\/p>\n","protected":false},"author":10297,"featured_media":0,"parent":0,"menu_order":0,"comment_status":"closed","ping_status":"closed","template":"","meta":{"footnotes":""},"class_list":["post-1169","page","type-page","status-publish","hentry"],"_links":{"self":[{"href":"https:\/\/agrarias.ufpr.br\/dsea\/wp-json\/wp\/v2\/pages\/1169","targetHints":{"allow":["GET"]}}],"collection":[{"href":"https:\/\/agrarias.ufpr.br\/dsea\/wp-json\/wp\/v2\/pages"}],"about":[{"href":"https:\/\/agrarias.ufpr.br\/dsea\/wp-json\/wp\/v2\/types\/page"}],"author":[{"embeddable":true,"href":"https:\/\/agrarias.ufpr.br\/dsea\/wp-json\/wp\/v2\/users\/10297"}],"replies":[{"embeddable":true,"href":"https:\/\/agrarias.ufpr.br\/dsea\/wp-json\/wp\/v2\/comments?post=1169"}],"version-history":[{"count":1,"href":"https:\/\/agrarias.ufpr.br\/dsea\/wp-json\/wp\/v2\/pages\/1169\/revisions"}],"predecessor-version":[{"id":1170,"href":"https:\/\/agrarias.ufpr.br\/dsea\/wp-json\/wp\/v2\/pages\/1169\/revisions\/1170"}],"wp:attachment":[{"href":"https:\/\/agrarias.ufpr.br\/dsea\/wp-json\/wp\/v2\/media?parent=1169"}],"curies":[{"name":"wp","href":"https:\/\/api.w.org\/{rel}","templated":true}]}}