{"id":8,"date":"2024-10-15T15:27:55","date_gmt":"2024-10-15T18:27:55","guid":{"rendered":"https:\/\/agrarias.ufpr.br\/dmv\/?page_id=8"},"modified":"2025-02-06T16:14:40","modified_gmt":"2025-02-06T19:14:40","slug":"objetivos-2","status":"publish","type":"page","link":"https:\/\/agrarias.ufpr.br\/dmv\/objetivos-2\/","title":{"rendered":"OBJETIVOS"},"content":{"rendered":"\n<ol start=\"1\" class=\"wp-block-list\">\n<li><strong>Forma\u00e7\u00e3o acad\u00eamica de excel\u00eancia<\/strong><br>Proporcionar ensino de qualidade que capacite os estudantes a exercerem a medicina veterin\u00e1ria com s\u00f3lida forma\u00e7\u00e3o \u00e9tica, cient\u00edfica e t\u00e9cnica.<\/li>\n\n\n\n<li><strong>Desenvolvimento cient\u00edfico<\/strong><br>Subsidiar a realiza\u00e7\u00e3o de pesquisas cient\u00edficas de relev\u00e2ncia nacional e internacional que contribuam para o avan\u00e7o do conhecimento em sa\u00fade animal, produ\u00e7\u00e3o animal, sa\u00fade p\u00fablica e bem-estar animal.<\/li>\n\n\n\n<li><strong>Atua\u00e7\u00e3o em sa\u00fade p\u00fablica e bem-estar animal<\/strong><br>Promover atividades que contribuam para a sa\u00fade p\u00fablica por meio do controle de zoonoses, seguran\u00e7a de alimentos e assist\u00eancia veterin\u00e1ria \u00e0 comunidade.<\/li>\n\n\n\n<li><strong>Inova\u00e7\u00e3o e tecnol\u00f3gica<\/strong><br>Estimular a inova\u00e7\u00e3o e o uso de tecnologias modernas para a preven\u00e7\u00e3o, diagn\u00f3stico, e tratamento de doen\u00e7as nos animais, al\u00e9m de buscar otimizar as pr\u00e1ticas de manejo animal, visando maior efici\u00eancia e sustentabilidade.<\/li>\n\n\n\n<li><strong>Extens\u00e3o universit\u00e1ria<\/strong><br>Desenvolver projetos de extens\u00e3o que integrem a comunidade acad\u00eamica e a sociedade, oferecendo servi\u00e7os como atendimento veterin\u00e1rio e sa\u00fade \u00fanica.<\/li>\n\n\n\n<li><strong>Capacita\u00e7\u00e3o profissional cont\u00ednua<\/strong><br>Oferecer oportunidades de capacita\u00e7\u00e3o, especializa\u00e7\u00e3o e aprimoramento profissional por meio de programas de p\u00f3s-gradua\u00e7\u00e3o, cursos de extens\u00e3o e eventos t\u00e9cnicos. <\/li>\n\n\n\n<li><strong>Integra\u00e7\u00e3o multidisciplinar<\/strong><br>Fomentar a integra\u00e7\u00e3o com outras \u00e1reas do conhecimento, como agronomia, zootecnia, biologia, bioengenharia e medicina, dentre outras, para abordagens hol\u00edsticas nas quest\u00f5es relacionadas \u00e0 sa\u00fade \u00fanica e \u00e0 produ\u00e7\u00e3o sustent\u00e1vel.<\/li>\n<\/ol>\n\n\n\n<p><\/p>\n","protected":false},"excerpt":{"rendered":"","protected":false},"author":3,"featured_media":0,"parent":0,"menu_order":0,"comment_status":"closed","ping_status":"closed","template":"","meta":{"footnotes":""},"class_list":["post-8","page","type-page","status-publish","hentry"],"_links":{"self":[{"href":"https:\/\/agrarias.ufpr.br\/dmv\/wp-json\/wp\/v2\/pages\/8","targetHints":{"allow":["GET"]}}],"collection":[{"href":"https:\/\/agrarias.ufpr.br\/dmv\/wp-json\/wp\/v2\/pages"}],"about":[{"href":"https:\/\/agrarias.ufpr.br\/dmv\/wp-json\/wp\/v2\/types\/page"}],"author":[{"embeddable":true,"href":"https:\/\/agrarias.ufpr.br\/dmv\/wp-json\/wp\/v2\/users\/3"}],"replies":[{"embeddable":true,"href":"https:\/\/agrarias.ufpr.br\/dmv\/wp-json\/wp\/v2\/comments?post=8"}],"version-history":[{"count":2,"href":"https:\/\/agrarias.ufpr.br\/dmv\/wp-json\/wp\/v2\/pages\/8\/revisions"}],"predecessor-version":[{"id":91,"href":"https:\/\/agrarias.ufpr.br\/dmv\/wp-json\/wp\/v2\/pages\/8\/revisions\/91"}],"wp:attachment":[{"href":"https:\/\/agrarias.ufpr.br\/dmv\/wp-json\/wp\/v2\/media?parent=8"}],"curies":[{"name":"wp","href":"https:\/\/api.w.org\/{rel}","templated":true}]}}